{"id":2632,"date":"2016-11-21T13:18:21","date_gmt":"2016-11-21T12:18:21","guid":{"rendered":"http:\/\/147.91.120.121\/?page_id=2632"},"modified":"2022-04-04T13:08:02","modified_gmt":"2022-04-04T11:08:02","slug":"naslovna","status":"publish","type":"page","link":"http:\/\/www.medicinasporta.med.bg.ac.rs\/?page_id=2632&lang=sr","title":{"rendered":"Medicina sporta"},"content":{"rendered":"<p><a href=\"http:\/\/www.medicinasporta.med.bg.ac.rs\/?page_id=5580&amp;lang=sr\"><img loading=\"lazy\" class=\"alignleft size-full wp-image-5882\" src=\"http:\/\/www.medicinasporta.med.bg.ac.rs\/wp-content\/uploads\/2020\/06\/bsmef-logo-color300.fw_.png\" alt=\"bsmef-logo-color300-fw\" width=\"300\" height=\"130\" \/><\/a><\/p>\n<div align=\"justify\">\n<p>Pandemija oboljenja COVID-19 uspela je da privremeno zaustavi sve sportske aktivnosti u celom svetu, ali ne i stru\u010dnjake u oblasti medicine sporta. Iz potrebe da pomognemo i objasnimo probleme sportista i u\u010desnika u sportu u vezi sa infekcijom SARS-CoV-2, Katedra za medicinu sporta Medicinskog fakulteta u Beogradu, uz pomo\u0107 Visiting Profesora na\u0161e Katedre, dr Neboj\u0161e Popovi\u0107a i dr Cristiana Eirale, organizovala je\u00a0<strong>Belgrade Sports Medicine E Forum (BSMEF)<\/strong>.\u00a0<a href=\"http:\/\/www.medicinasporta.med.bg.ac.rs\/?page_id=5580&amp;lang=sr\"> Pridru\u017eite nam se!<\/a><\/p>\n<p>&nbsp;<\/p>\n<h2>Dobro do\u0161li na sajt Katedre Medicine sporta, Medicinskog Fakulteta Univerziteta u Beogradu<\/h2>\n<p style=\"text-align: justify;\">Katedra Medicine sporta na <a href=\"http:\/\/www.mfub.bg.ac.rs\/\" target=\"_blank\" rel=\"noopener\">Medicinskom fakultetu<\/a>, <a href=\"http:\/\/www.bg.ac.rs\/index.php\" target=\"_blank\" rel=\"noopener\">Univerziteta u Beogradu<\/a> osnovana je 15. oktobra 1970. godine na inicijativu nastavnika i asistenata koji su se bavili istra\u017eivanjima iz ove oblasti. Osniva\u010di katedre su bili prof. dr Dragan Jovi\u0107 (prvi \u0161ef katedre, profesor fizikalne medicine i rehabilitacije i medicine sporta), prof. dr O. Nedeljkovi\u0107, doc. dr Obren Popovi\u0107 (profesor Interne medicine) i asistenti dr Vladimir Jorga (profesor higijene i medicinske ekologije, specijalista medicine sporta), dr Ilija Jorga (profesor Medicinske fiziologije, specijalista medicine sporta), dr Vujadin Mujovi\u0107 (profesor Medicinske fiziologije) i dr Bogomira Mr\u0161ulja (profesor Biohemije).<\/p>\n<p style=\"text-align: justify;\">Od osnivanja, Katedra Medicine sporta je organizovala razli\u010dite vidove poslediplomske nastave, kurseve kontinuirane medicinske edukacije, u\u010destvovala u radu i bila \u010dlan u brojnim nau\u010dnim i stru\u010dnim projektima i me\u0111unarodnim udru\u017eenjima. Tokom svog postojanja, Katedra se razvijala u posebnoj oblasti u okviru medicinskih nauka, koja pru\u010dava pozitivne i negativne uticaje fizi\u010dkih optere\u0107enja razli\u010ditog stepena na organizam zdravog i bolesnog \u010doveka, sa ciljem odre\u0111ivanja optimalnih fizi\u010dkih optere\u0107enja za podizanje nivoa funkcionalnog stanja organizma, o\u010duvanje zdravlja (prevenciju), ali i le\u010denje i rehabilitaciju razli\u010ditih oboljenja. U tom smislu, danas se isti\u010de fizi\u010dka aktivnost kao mera prevencije kod zdravih osoba, oba pola i svih starosnih struktura. S druge strane, savremena medicina fizi\u010dku aktivnost prepoznaje kao \u201cpolipilulu\u201d koja, ne samo da le\u010di razli\u010dite bolesti, ve\u0107 je zna\u010dajno efikasnija od bilo kog leka. Kao i svaki \u00a0lek, fizi\u010dka aktivnost mora biti pravilno osmi\u0161ljena i individualno dozirana. U tom pravcu \u0107e se Katedra Medicine sporta razvijati u budu\u0107nosti.<\/p>\n<p style=\"text-align: justify;\">Danas, Katedra Medicine sporta organizuje sve oblike poslediplomske nastave. Tako se organizuje nastava na:<\/p>\n<ol style=\"text-align: justify;\">\n<li><a href=\"http:\/\/www.medicinasporta.med.bg.ac.rs\/?page_id=3159&amp;lang=sr\">Specijalizaciji iz Medicine sporta<\/a><\/li>\n<li><a href=\"http:\/\/www.medicinasporta.med.bg.ac.rs\/?page_id=2965&amp;lang=sr\">Specijalisti\u010dkim akademskim studijama iz Medicine sporta<\/a><\/li>\n<li><a href=\"http:\/\/www.medicinasporta.med.bg.ac.rs\/?page_id=3164&amp;lang=sr\">Doktorskim akademskim studije, modul Primenjena istra\u017eivanja u medicini sport i motornim ve\u0161tinama<\/a><\/li>\n<li><a href=\"http:\/\/www.medicinasporta.med.bg.ac.rs\/?page_id=2660&amp;lang=sr\">Master akademskim studijama fizi\u010dka aktivnost, zdravlje i terapija ve\u017ebanjem<\/a><\/li>\n<li><a href=\"http:\/\/www.medicinasporta.med.bg.ac.rs\/?page_id=4119&amp;lang=sr\">Integrisane akademske studije &#8211; Izborna nastava<\/a><\/li>\n<li><a href=\"http:\/\/www.medicinasporta.med.bg.ac.rs\/?page_id=4410&amp;lang=sr\">Zdravstvena delatnost &#8211; Laboratorija za medicinu sporta i terapiju ve\u017ebanjem<\/a><\/li>\n<\/ol>\n<p style=\"text-align: justify;\">Posebno isti\u010demo u\u010de\u0161\u0107e Katedre Medicine sporta i Medicinskog Fakulteta, Univerziteta u Beogradu u Tempus IV projektu pod nazivom &#8220;<a href=\"http:\/\/tempus-speed.eu\/\" target=\"_blank\" rel=\"noopener\">Sport Professions: Education, Employment, Development in the Balkan Region &#8211; SPEED<\/a> &#8220;. U ovom projektu akreditovan je Master program pod nazivom: Fizi\u010dka aktivnost, zdravlje i terapija ve\u017ebanjem. U oktobru 2016.god upisana je prva generacija polaznika ovog studijskog programa.<\/p>\n<p style=\"text-align: justify;\">\n<div class=\"su-document su-u-responsive-media-yes\"><iframe src=\"\/\/docs.google.com\/viewer?embedded=true&url=http:\/\/www.medicinasporta.med.bg.ac.rs\/wp-content\/uploads\/2019\/04\/Laboratorija-za-fizi\u010dku-aktivnost-i-terapiju-vezbanjem.pdf\" width=\"600\" height=\"400\" class=\"su-document\" title=\"\"><\/iframe><\/div>\n<\/div>\n","protected":false},"excerpt":{"rendered":"<p>Pandemija oboljenja COVID-19 uspela je da privremeno zaustavi sve sportske aktivnosti u celom svetu, ali ne i stru\u010dnjake u oblasti medicine sporta. Iz potrebe da pomognemo i objasnimo probleme sportista i u\u010desnika u sportu u vezi sa infekcijom SARS-CoV-2, Katedra za medicinu sporta Medicinskog fakulteta u Beogradu, uz pomo\u0107 Visiting Profesora na\u0161e Katedre, dr Neboj\u0161eContinue reading &rarr;<\/p>\n","protected":false},"author":1,"featured_media":0,"parent":0,"menu_order":0,"comment_status":"closed","ping_status":"closed","template":"","meta":[],"_links":{"self":[{"href":"http:\/\/www.medicinasporta.med.bg.ac.rs\/index.php?rest_route=\/wp\/v2\/pages\/2632"}],"collection":[{"href":"http:\/\/www.medicinasporta.med.bg.ac.rs\/index.php?rest_route=\/wp\/v2\/pages"}],"about":[{"href":"http:\/\/www.medicinasporta.med.bg.ac.rs\/index.php?rest_route=\/wp\/v2\/types\/page"}],"author":[{"embeddable":true,"href":"http:\/\/www.medicinasporta.med.bg.ac.rs\/index.php?rest_route=\/wp\/v2\/users\/1"}],"replies":[{"embeddable":true,"href":"http:\/\/www.medicinasporta.med.bg.ac.rs\/index.php?rest_route=%2Fwp%2Fv2%2Fcomments&post=2632"}],"version-history":[{"count":28,"href":"http:\/\/www.medicinasporta.med.bg.ac.rs\/index.php?rest_route=\/wp\/v2\/pages\/2632\/revisions"}],"predecessor-version":[{"id":6724,"href":"http:\/\/www.medicinasporta.med.bg.ac.rs\/index.php?rest_route=\/wp\/v2\/pages\/2632\/revisions\/6724"}],"wp:attachment":[{"href":"http:\/\/www.medicinasporta.med.bg.ac.rs\/index.php?rest_route=%2Fwp%2Fv2%2Fmedia&parent=2632"}],"curies":[{"name":"wp","href":"https:\/\/api.w.org\/{rel}","templated":true}]}}