{"id":2635,"date":"2016-11-21T13:12:09","date_gmt":"2016-11-21T12:12:09","guid":{"rendered":"http:\/\/147.91.120.121\/?page_id=2635"},"modified":"2017-03-17T12:25:34","modified_gmt":"2017-03-17T11:25:34","slug":"o-projektu","status":"publish","type":"page","link":"http:\/\/www.medicinasporta.med.bg.ac.rs\/?page_id=2635&lang=sr","title":{"rendered":"Speed tempus"},"content":{"rendered":"<h2 style=\"text-align: justify;\">(Sport Professions \u2013 Education, Employment, Development)<\/h2>\n<p style=\"text-align: justify;\">TEMPUS je program Evropske unije koji podr\u017eava reformu i modernizaciju visokog obrazovanja u okolnim zemljama Evropske unije, kroz institucionalnu saradnju. Cilj TEMPUS-a je i podsticanje partnerskih zemalja da dobrovoljno usklade svoj sistem visokog obrazovanja sa dostignu\u0107ima EU u ovoj oblasti. Kada je re\u010d o Zapadnom Balkanu, Tempus doprinosi pripremi zemalja kandidata za \u010dlastvo u EU i potencijalnih kandidata za u\u010de\u0161\u0107e u integrisanaom Programu celo\u017eivotnog u\u010denja.<\/p>\n<p style=\"text-align: justify;\">Trogodi\u0161nji projekat SPEED (decembar 2013. &#8211; novembar\u00a0 \u00a02016.) nastao je saradnjom Univerziteta u Rimu &#8221; Foro Italico&#8221;, tri univerziteta u Albaniji (Sportski univerzitet u Tirani, Univerzitet u Skadru i Univerzitet u Elbasanu), Univerziteta u Pri\u0161tini (Kosovo po rezoluciji SB UN 1244\/99), tri univerziteta u Srbiji (Univerzitet u Beogradu, Univerzitet u Ni\u0161u i Univerzitet u Novom Sadu) i jo\u0161 tri univerziteta\u00a0 \u00a0u\u00a0 \u00a0E vropi\u00a0 \u00a0(Nacionalni\u00a0 \u00a0i Kapodistranski\u00a0 \u00a0univerzitet\u00a0 \u00a0u\u00a0 \u00a0A tini, Univerzitet Ju\u017ene Danske, Univerzitet u Be\u010du). Osnovni ciljevi ovog me\u0111unarodnog projekta su: nastavljanje\u00a0 \u00a0reforme\u00a0 \u00a0sistema\u00a0 \u00a0visokog obrazovanja\u00a0 \u00a0u\u00a0 \u00a0oblasti\u00a0 \u00a0sportskih\u00a0 \u00a0nauka, uklju\u010divanjem \u00a0drugih \u00a0zemalja \u00a0i \u00a0univerziteta Zapadnog \u00a0Balkana, \u00a0uskla\u0111ivanjem \u00a0nastavnih planova i programa zemalja Zapadnog Balkana sa Evropskom unijom u skladu sa politikom pristupanja, uvo\u0111enjem novih nastavnih metoda i sistema za za\u0161titu kvaliteta, kao i razmenu iskustava\u00a0 \u00a0kroz\u00a0 \u00a0programe\u00a0 \u00a0mobilnosti\u00a0 \u00a0i informacione tehnologije;<\/p>\n<p style=\"text-align: justify;\">razvoj regionalnog pristupa nauci u sportu po evropskim\u00a0 \u00a0s tandardima,\u00a0 \u00a0koji\u00a0 \u00a0imaju mogu\u0107nosti osposobljavanja u sportu u smislu obrazovanja, zapo\u0161ljavanja i razvoja (sportski centri, doga\u0111aji, turizam, zdravstvo, socijalna integracija, itd), pomo\u0107u zajedni\u010dkog stru\u010dno orijentisanog programa masterskih studija i celo\u017eivotnog u\u010denja, koji mo\u017ee da zadovolji razli\u010dite potrebe tr\u017ei\u0161ta u skladu sa lokalnim specifi\u010dnostima i li\u010dnim sklonostima.<\/p>\n","protected":false},"excerpt":{"rendered":"<p>(Sport Professions \u2013 Education, Employment, Development) TEMPUS je program Evropske unije koji podr\u017eava reformu i modernizaciju visokog obrazovanja u okolnim zemljama Evropske unije, kroz institucionalnu saradnju. Cilj TEMPUS-a je i podsticanje partnerskih zemalja da dobrovoljno usklade svoj sistem visokog obrazovanja sa dostignu\u0107ima EU u ovoj oblasti. Kada je re\u010d o Zapadnom Balkanu, Tempus doprinosi pripremiContinue reading &rarr;<\/p>\n","protected":false},"author":1,"featured_media":0,"parent":0,"menu_order":0,"comment_status":"closed","ping_status":"closed","template":"","meta":[],"_links":{"self":[{"href":"http:\/\/www.medicinasporta.med.bg.ac.rs\/index.php?rest_route=\/wp\/v2\/pages\/2635"}],"collection":[{"href":"http:\/\/www.medicinasporta.med.bg.ac.rs\/index.php?rest_route=\/wp\/v2\/pages"}],"about":[{"href":"http:\/\/www.medicinasporta.med.bg.ac.rs\/index.php?rest_route=\/wp\/v2\/types\/page"}],"author":[{"embeddable":true,"href":"http:\/\/www.medicinasporta.med.bg.ac.rs\/index.php?rest_route=\/wp\/v2\/users\/1"}],"replies":[{"embeddable":true,"href":"http:\/\/www.medicinasporta.med.bg.ac.rs\/index.php?rest_route=%2Fwp%2Fv2%2Fcomments&post=2635"}],"version-history":[{"count":36,"href":"http:\/\/www.medicinasporta.med.bg.ac.rs\/index.php?rest_route=\/wp\/v2\/pages\/2635\/revisions"}],"predecessor-version":[{"id":3466,"href":"http:\/\/www.medicinasporta.med.bg.ac.rs\/index.php?rest_route=\/wp\/v2\/pages\/2635\/revisions\/3466"}],"wp:attachment":[{"href":"http:\/\/www.medicinasporta.med.bg.ac.rs\/index.php?rest_route=%2Fwp%2Fv2%2Fmedia&parent=2635"}],"curies":[{"name":"wp","href":"https:\/\/api.w.org\/{rel}","templated":true}]}}