{"id":2963,"date":"2016-12-07T11:44:32","date_gmt":"2016-12-07T10:44:32","guid":{"rendered":"http:\/\/147.91.120.121\/?page_id=2963"},"modified":"2020-12-22T13:43:41","modified_gmt":"2020-12-22T12:43:41","slug":"studijski-programi","status":"publish","type":"page","link":"http:\/\/www.medicinasporta.med.bg.ac.rs\/?page_id=2963&lang=sr","title":{"rendered":"Studijski programi"},"content":{"rendered":"<div align=\"justify\">\n<h3><strong>Modul doktorskih akademskih studija &#8211; Primenjena istra\u017eivanja u medicini sporta i motornim ve\u0161tinama<\/strong><\/h3>\n<p>Katedra Medicine sporta je u \u0161kolskoj 2015\/16. god., akreditovala novi Modul doktorskih akademskih studija na Medicinskom fakultetu, Univerziteta u Beogradu. Doktorske akademske studije Medicinskog fakulteta Univerziteta u Beogradu se organizuju kao trogodi\u0161nje studije, Ukupan broj ESPB bodova je 180. Struktura ovih studija sadr\u017ei listu obaveznih i izbornih predmeta \u010dija se nastava odvija u prva tri semestra studija. U prvom semestru, u okviru svih modula doktorskih akademskih studija nalaze se dva obavezna predmeta i dve obavezne aktivnosti (30 ESPB ukupno). <a href=\"http:\/\/www.medicinasporta.med.bg.ac.rs\/index.php\/doktorske\/\">Detaljnije<\/a><\/p>\n<h3><strong>Specijalizacija &#8211; Medicina sporta<\/strong><\/h3>\n<p>Katedra Medicine sporta od 1970. godine organizuje nastavu za zdravstvenu specijalizaciju Medicina sporta. Upis na specijalisti\u010dke studije vr\u0161i se putem javnog konkursa Ministarstva zdravlja Republike Srbije dva puta godi\u0161nje (mart i septembar). Za upis studenata neophodna je saglasnost Ministarstva zdravlja Republike Srbije. Specijalizacija Medicine sporta je deficitarna grana medicine, \u0161to zna\u010di da je mogu\u0107e upisati ovu specijalizaciju kao volontersku. <a href=\"http:\/\/www.medicinasporta.med.bg.ac.rs\/index.php\/studijski-programi\/specijalizacija\/\">Detaljnije<\/a><\/p>\n<h3><strong>Specijalisti\u010dke akademske studije iz Medicine sporta<\/strong><\/h3>\n<p>Katedra Medicine sporta organizuje nastavu za Specijalisti\u010dke akademske studije iz Medicine sporta na Medicinskom fakultetu, Univerziteta u Beogradu.Specijalisti\u010dke akademske studije Medicinskog fakulteta Univerziteta u Beogradu se organizuju kao jednogodi\u0161nje studije. Ukupan broj ESPB bodova je 60.\u00a0 Konkurs za upis Specijalisti\u010dkih akademskih studija se raspisuje svake godine u krajem septembra. Uslovi Konkursa su: zavr\u0161en Medicinski fakultet; poznavanje engleskog jezika do nivoa mogu\u0107nosti komunikacije i pra\u0107enja nau\u010dne literature; osnovna znanja u kori\u0161\u0107enju ra\u010dunara. <a href=\"http:\/\/www.medicinasporta.med.bg.ac.rs\/index.php\/studijski-programi\/specijalisticke-akademske-studije\/\">Detaljnije<\/a><\/p>\n<h3>Master akademske studije &#8211; Fizi\u010dka aktivnost, zdravlje i terapija ve\u017ebanjem<\/h3>\n<p>Master akademske studije se organizuju iz grani\u010dnih oblasti medicine i osposobljavaju studente koji inicijalno imaju razli\u010dite akademske profile da efikasno komuniciraju i rade u interdisciplinarnom i multidisciplinarnom okru\u017eenju. Master akademske studije fizi\u010dka aktivnost, zdravlje i terapija ve\u017ebanjem \u010dine obavezni i izborni predmeti sa ukupno 60 ESPB. Skup obaveznih predmeta je isti za sve polaznike, a sastoji se od 7 predmeta sa ukupno 25 bodova ESPB. Posle odslu\u0161anih obaveznih predmeta studenti se opredeljuju za 3 izborna predmeta (ukupno 15 bodova) od ponu\u0111enih 22 predmeta. Napisani zavr\u0161ni rad nosi 20 ESPB, \u0161to zajedno \u010dini 60 ESPB. Na\u010din zavr\u0161etka master akademskih studija fizi\u010dka aktivnost, zdravlje i terapija ve\u017ebanjem je javna odbrana rada. <a href=\"http:\/\/www.medicinasporta.med.bg.ac.rs\/index.php\/studijski-programi\/master-program\/\">Detaljnije<\/a><\/div>\n","protected":false},"excerpt":{"rendered":"<p>Modul doktorskih akademskih studija &#8211; Primenjena istra\u017eivanja u medicini sporta i motornim ve\u0161tinama Katedra Medicine sporta je u \u0161kolskoj 2015\/16. god., akreditovala novi Modul doktorskih akademskih studija na Medicinskom fakultetu, Univerziteta u Beogradu. Doktorske akademske studije Medicinskog fakulteta Univerziteta u Beogradu se organizuju kao trogodi\u0161nje studije, Ukupan broj ESPB bodova je 180. Struktura ovih studijaContinue reading &rarr;<\/p>\n","protected":false},"author":1,"featured_media":0,"parent":0,"menu_order":0,"comment_status":"closed","ping_status":"closed","template":"","meta":[],"_links":{"self":[{"href":"http:\/\/www.medicinasporta.med.bg.ac.rs\/index.php?rest_route=\/wp\/v2\/pages\/2963"}],"collection":[{"href":"http:\/\/www.medicinasporta.med.bg.ac.rs\/index.php?rest_route=\/wp\/v2\/pages"}],"about":[{"href":"http:\/\/www.medicinasporta.med.bg.ac.rs\/index.php?rest_route=\/wp\/v2\/types\/page"}],"author":[{"embeddable":true,"href":"http:\/\/www.medicinasporta.med.bg.ac.rs\/index.php?rest_route=\/wp\/v2\/users\/1"}],"replies":[{"embeddable":true,"href":"http:\/\/www.medicinasporta.med.bg.ac.rs\/index.php?rest_route=%2Fwp%2Fv2%2Fcomments&post=2963"}],"version-history":[{"count":22,"href":"http:\/\/www.medicinasporta.med.bg.ac.rs\/index.php?rest_route=\/wp\/v2\/pages\/2963\/revisions"}],"predecessor-version":[{"id":5994,"href":"http:\/\/www.medicinasporta.med.bg.ac.rs\/index.php?rest_route=\/wp\/v2\/pages\/2963\/revisions\/5994"}],"wp:attachment":[{"href":"http:\/\/www.medicinasporta.med.bg.ac.rs\/index.php?rest_route=%2Fwp%2Fv2%2Fmedia&parent=2963"}],"curies":[{"name":"wp","href":"https:\/\/api.w.org\/{rel}","templated":true}]}}