{"id":2965,"date":"2016-12-07T11:45:24","date_gmt":"2016-12-07T10:45:24","guid":{"rendered":"http:\/\/147.91.120.121\/?page_id=2965"},"modified":"2018-02-12T14:07:58","modified_gmt":"2018-02-12T13:07:58","slug":"specijalisticke-akademske-studije","status":"publish","type":"page","link":"http:\/\/www.medicinasporta.med.bg.ac.rs\/?page_id=2965&lang=sr","title":{"rendered":"Specijalisti\u010dke akademske"},"content":{"rendered":"<h2 style=\"text-align: justify;\"><strong>Specijalisti\u010dke akademske studije iz Medicine sporta<\/strong><\/h2>\n<p style=\"text-align: justify;\"><div class=\"su-row\">\n<div class=\"su-column su-column-size-3-4\"><div class=\"su-column-inner su-u-clearfix su-u-trim\">Katedra Medicine sporta organizuje nastavu za Specijalisti\u010dke akademske studije iz Medicine sporta na Medicinskom fakultetu, Univerziteta u Beogradu.Specijalisti\u010dke akademske studije Medicinskog fakulteta Univerziteta u Beogradu se organizuju kao jednogodi\u0161nje studije. Ukupan broj ESPB bodova je 60.\u00a0 Konkurs za upis Specijalisti\u010dkih akademskih studija se raspisuje svake godine u krajem septembra. Uslovi Konkursa su: zavr\u0161en Medicinski fakultet; poznavanje engleskog jezika do nivoa mogu\u0107nosti komunikacije i pra\u0107enja nau\u010dne literature; osnovna znanja u kori\u0161\u0107enju ra\u010dunara.<\/div><\/div>\n<div class=\"su-column su-column-size-1-4\"><div class=\"su-column-inner su-u-clearfix su-u-trim\"> <div class=\"su-list\" style=\"margin-left:0px\">\n<ul>\n<li><i class=\"sui sui-file-word-o\" style=\"color:#234692\"><\/i> <a href=\"\/wp-content\/uploads\/2016\/12\/Upitnik-za-temu-SAS.doc\">Upitnik za temu<\/a><\/li>\n<li><i class=\"sui sui-file-word-o\" style=\"color:#234692\"><\/i> <a href=\"http:\/\/147.91.120.121\/wp-content\/uploads\/2016\/12\/Procedura-za-predaju-rada-SAS.doc\">Procedura za predaju rada<\/a><\/li>\n<li><i class=\"sui sui-file-word-o\" style=\"color:#234692\"><\/i> <a href=\"\/wp-content\/uploads\/2016\/12\/Molba-za-odredjivanje-Komisije-za-ocenu-rada-SAS.doc\">Molba za odre\u0111. komisije<\/a><\/li>\n<\/ul>\n<\/div> <\/div><\/div>\n<\/div>\n<p style=\"text-align: justify;\">Konkurs za upis Specijalisti\u010dkih akademskih studija se raspisuje svake godine u krajem septembra. Uslovi Konkursa su: zavr\u0161en Medicinski fakultet; poznavanje engleskog jezika do nivoa mogu\u0107nosti komunikacije i pra\u0107enja nau\u010dne literature; osnovna znanja u kori\u0161\u0107enju ra\u010dunara.<\/p>\n<p style=\"text-align: justify;\">Struktura nastave:<\/p>\n<p style=\"text-align: justify;\">\u00a0U prvom semestru, svi moduli specijalisti\u010dkih akademskih studija koji se organizuju na Medicinskom fakultetu imaju \u010detiri obavezna predmeta (18 ESPB ukupno):<\/p>\n<ol style=\"text-align: justify;\">\n<li>Uvod u nau\u010dni rad (3 ESPB),<\/li>\n<li>Informatika za istra\u017eiva\u010de u oblasti medicinskih nauka (3 ESPB),<\/li>\n<li>Statistika za istra\u017eiva\u010de u oblasti medicinskih nauka (9 ESPB),<\/li>\n<li>Napisati, objaviti, prezentovati i vrednovati nau\u010dno delo (3 ESPB).<\/li>\n<\/ol>\n<p style=\"text-align: justify;\">\u00a0 U okviru predmeta prvog semestra, za modul Medicine sporta specijalisti\u010dkih akademskih studija prilikom akreditacije, izabrana su slede\u0107a \u010detri od osam ponu\u0111enih predmeta (ukupno 12 ESPB):<\/p>\n<ol style=\"text-align: justify;\">\n<li>Klini\u010dka istra\u017eivanja u medicini (3 ESPB).<\/li>\n<li>Fiziologija nervnog i endokrinog sistema (3 ESPB),<\/li>\n<li>Fiziologija kardiovaskularnog sistema (3 ESPB),<\/li>\n<li>Osnovi imunologije (3 ESPB)<\/li>\n<\/ol>\n<p style=\"text-align: justify;\">U drugom semestru, u okviru modula Medicina sporta nalaze se dva obavezna predmeta (20 ESPB ukupno):<\/p>\n<ol style=\"text-align: justify;\">\n<li>Adaptacija organskih sistema na fizi\u010dku aktivnost (10 ESPB),<\/li>\n<li>Funkcionalna testiranja u oblasti medicine sporta (10 ESPB)<\/li>\n<\/ol>\n<p style=\"text-align: justify;\">U drugom semestru, studenti biraju jedan od tri ponu\u0111ena izborna predmeta:<\/p>\n<ol style=\"text-align: justify;\" start=\"3\">\n<li>Ishrana i suplementacija sportista (5 ESPB),<\/li>\n<li>Sportska kardiologija (5 ESPB),<\/li>\n<li>Sportska ortopedija (5 ESPB).<\/li>\n<\/ol>\n<p style=\"text-align: justify;\">\u00a0U okviru svakog predmeta (i u prvom i u drugom semestru) nastava se izvodi kroz predavanja, ve\u017ebe i seminare. Svaki predmet zavr\u0161ava se polaganjem ispita, \u010dime student sti\u010de bodove predvi\u0111ene za taj predmet. Ispiti se pola\u017eu u ispitnim rokovima koji se utvr\u0111uju na po\u010detku \u0161kolske godine. Ispiti se prijavljuju elektronskim putem za svaki ispitni rok posebno. Student ima pravo da ispit iz istog predmeta pola\u017ee najvi\u0161e tri puta, a najkasnije do po\u010detka naredne \u0161kolske godine. Ukoliko student ne polo\u017ei ispit obavezan je da ponovo odslu\u0161a nastavu tog predmeta.<\/p>\n<p style=\"text-align: justify;\">Nakon odslu\u0161anih i polo\u017eenih obaveznih predmeta u prvom semestru, student pristupa prijavi zavr\u0161enog akademskog specijalisti\u010dkog rada. Preporuka Katedre za Medicinu sporta je da zavr\u0161ni rad bude u formi originalnog nau\u010dnog rada. Prijava teme zavr\u0161nog rada se predaje Ve\u0107u za specijalisti\u010dku nastavu na posebnom formularu po\u010detkom drugog semestra (upitnik za prijavljivanje teme zavr\u0161nog akademskog specijalisti\u010dkog rada).<\/p>\n<p style=\"text-align: justify;\">\u00a0Posle overenog drugog semestra nastave, \u0161to podrazumeva polo\u017eene sve ispite predvi\u0111ene programom studija, a nakon odobrenja prijavljene teme, student sti\u010de pravo da Ve\u0107u za specijalisti\u010dku nastavu preda na ocenu zavr\u0161ni akademski specijalisti\u010dki rad. Zavr\u0161ni akademski rad se predaje Ve\u0107u za specijalisti\u010dku nastavu u roku od godinu dana od datuma odobrenja teme. Zavr\u0161ni akademski specijalisti\u010dki rad se javno brani pred Komisijom od tri \u010dlana koju imenuje Ve\u0107e za specijalisti\u010dku nastavu (formular u prilogu). Nakon odbranjenog rada, student sti\u010de zvanje Akademski specijalista &#8211; Medicina sporta.<\/p>\n<p style=\"text-align: justify;\">\u00a0Specijalisti\u010dke akademske studije \u2013 medicinske nauke se moraju zavr\u0161iti najdu\u017ee u dvostrukom broju \u0161kolskih godina potrebnih za njegovu realizaciju (dve \u0161kolske godine).<\/p>\n","protected":false},"excerpt":{"rendered":"<p>Specijalisti\u010dke akademske studije iz Medicine sporta Konkurs za upis Specijalisti\u010dkih akademskih studija se raspisuje svake godine u krajem septembra. Uslovi Konkursa su: zavr\u0161en Medicinski fakultet; poznavanje engleskog jezika do nivoa mogu\u0107nosti komunikacije i pra\u0107enja nau\u010dne literature; osnovna znanja u kori\u0161\u0107enju ra\u010dunara. Struktura nastave: \u00a0U prvom semestru, svi moduli specijalisti\u010dkih akademskih studija koji se organizuju naContinue reading &rarr;<\/p>\n","protected":false},"author":1,"featured_media":0,"parent":2963,"menu_order":0,"comment_status":"closed","ping_status":"closed","template":"","meta":[],"_links":{"self":[{"href":"http:\/\/www.medicinasporta.med.bg.ac.rs\/index.php?rest_route=\/wp\/v2\/pages\/2965"}],"collection":[{"href":"http:\/\/www.medicinasporta.med.bg.ac.rs\/index.php?rest_route=\/wp\/v2\/pages"}],"about":[{"href":"http:\/\/www.medicinasporta.med.bg.ac.rs\/index.php?rest_route=\/wp\/v2\/types\/page"}],"author":[{"embeddable":true,"href":"http:\/\/www.medicinasporta.med.bg.ac.rs\/index.php?rest_route=\/wp\/v2\/users\/1"}],"replies":[{"embeddable":true,"href":"http:\/\/www.medicinasporta.med.bg.ac.rs\/index.php?rest_route=%2Fwp%2Fv2%2Fcomments&post=2965"}],"version-history":[{"count":13,"href":"http:\/\/www.medicinasporta.med.bg.ac.rs\/index.php?rest_route=\/wp\/v2\/pages\/2965\/revisions"}],"predecessor-version":[{"id":4194,"href":"http:\/\/www.medicinasporta.med.bg.ac.rs\/index.php?rest_route=\/wp\/v2\/pages\/2965\/revisions\/4194"}],"up":[{"embeddable":true,"href":"http:\/\/www.medicinasporta.med.bg.ac.rs\/index.php?rest_route=\/wp\/v2\/pages\/2963"}],"wp:attachment":[{"href":"http:\/\/www.medicinasporta.med.bg.ac.rs\/index.php?rest_route=%2Fwp%2Fv2%2Fmedia&parent=2965"}],"curies":[{"name":"wp","href":"https:\/\/api.w.org\/{rel}","templated":true}]}}