{"id":3338,"date":"2017-03-02T15:11:11","date_gmt":"2017-03-02T14:11:11","guid":{"rendered":"http:\/\/www.medicinasporta.med.bg.ac.rs\/?page_id=3338"},"modified":"2018-02-14T09:11:34","modified_gmt":"2018-02-14T08:11:34","slug":"edukativni-materijal","status":"publish","type":"page","link":"http:\/\/www.medicinasporta.med.bg.ac.rs\/?page_id=3338&lang=sr","title":{"rendered":"Edukativni materijal"},"content":{"rendered":"<div class=\"su-table su-table-alternate\">\n<table style=\"height: 562px;\" width=\"1020\">\n<tbody>\n<tr>\n<td colspan=\"2\">\n<h4>Medicinski podmladak, jun 2016<\/h4>\n<\/td>\n<\/tr>\n<tr>\n<td><a href=\"http:\/\/www.medicinasporta.med.bg.ac.rs\/wp-content\/uploads\/2017\/03\/Vezbanje-je-lek.pdf\">Ve\u017ebanje je lek<\/a><\/td>\n<td>Sanja Mazi\u0107<\/td>\n<\/tr>\n<tr>\n<td><a href=\"http:\/\/www.medicinasporta.med.bg.ac.rs\/wp-content\/uploads\/2017\/03\/The-role-of-physical-activity-in-counteracting.pdf\">The role of physical activity in counteracting age-related sarcopenia and cancer cachexia. A brief literature review<\/a><\/td>\n<td>Mattia Scalabrin , Daniela Caporossi<\/td>\n<\/tr>\n<tr>\n<td><a href=\"http:\/\/www.medicinasporta.med.bg.ac.rs\/wp-content\/uploads\/2017\/03\/Ishrana-sportista.pdf\">Ishrana sportista<\/a><\/td>\n<td>Milena Tomani\u0107<\/td>\n<\/tr>\n<tr>\n<td><a href=\"http:\/\/www.medicinasporta.med.bg.ac.rs\/wp-content\/uploads\/2017\/03\/Kontrola-dopinga-kao-mera-prevencije.pdf\">Kontrola dopinga kao mera prevencije<\/a><\/td>\n<td>Nenad Diki\u0107<\/td>\n<\/tr>\n<tr>\n<td><a href=\"http:\/\/www.medicinasporta.med.bg.ac.rs\/wp-content\/uploads\/2017\/03\/Sindrom-sportskog-srca-prijatelj-ili-neprijatelj.pdf\">Sindrom sportskog srca &#8211; prijatelj ili neprijatelj<\/a><\/td>\n<td>Marina \u0110eli\u0107<\/td>\n<\/tr>\n<tr>\n<td><a href=\"http:\/\/www.medicinasporta.med.bg.ac.rs\/wp-content\/uploads\/2017\/03\/Sportska-kineziologija-\u2013-dijagnostika-i-terapijski.pdf\">Sportska kineziologija \u2013 dijagnostika i terapijski zna\u010daj miruju\u0107eg mi\u0161i\u0107nog tonusa<\/a><\/td>\n<td>Du\u0161ko Spasovski<\/td>\n<\/tr>\n<tr>\n<td><a href=\"http:\/\/www.medicinasporta.med.bg.ac.rs\/wp-content\/uploads\/2017\/03\/Oporavak-sr\u010dane-frekvencije-\u2013-kratak-pregled.pdf\">Oporavak sr\u010dane frekvencije \u2013 kratak pregled<\/a><\/td>\n<td>Biljana \u0110uri\u0107, Slavica Suzi\u0107<\/td>\n<\/tr>\n<tr>\n<td><a href=\"http:\/\/www.medicinasporta.med.bg.ac.rs\/wp-content\/uploads\/2017\/03\/The-most-common-cause-of-sudden-cardiac.pdf\">The most common cause of sudden cardiac<\/a><\/td>\n<td>Nikola Topalovi\u0107, Sanja Mazi\u0107<\/td>\n<\/tr>\n<tr>\n<td><a href=\"http:\/\/www.medicinasporta.med.bg.ac.rs\/wp-content\/uploads\/2017\/03\/Effects-of-exercise-on-plasma-adiponectin.pdf\">Effects of exercise on plasma adiponectin<\/a><\/td>\n<td>Mirjana Popovi\u0107, Dejan Ne\u0161i\u0107<\/td>\n<\/tr>\n<tr>\n<td><a href=\"http:\/\/www.medicinasporta.med.bg.ac.rs\/wp-content\/uploads\/2017\/03\/Eritropoetin-izme\u0111u-terapije-i-dopinga.pdf\">Eritropoetin izme\u0111u terapije i dopinga<\/a><\/td>\n<td>Ana Ostoji\u0107, Jasna Trbojevi\u0107 Stankovi\u0107, Dejan Ne\u0161i\u0107<\/td>\n<\/tr>\n<tr>\n<td><a href=\"http:\/\/www.medicinasporta.med.bg.ac.rs\/wp-content\/uploads\/2017\/03\/Congenital-long.pdf\">Congenital long<\/a><\/td>\n<td>Ivana Cerovi\u0107, Jovan Ko\u0161uti\u0107<\/td>\n<\/tr>\n<tr>\n<td colspan=\"2\">\n<h4>Glasnik Lekarske komore Srbije, decembar 2012-januar 2013<\/h4>\n<\/td>\n<\/tr>\n<tr>\n<td><a href=\"http:\/\/www.medicinasporta.med.bg.ac.rs\/wp-content\/uploads\/2017\/03\/Istorijat-medicine-sporta.pdf\">Istorijat medicine sporta<\/a><\/td>\n<td>Slobodan \u017divani\u0107<\/td>\n<\/tr>\n<tr>\n<td><a href=\"http:\/\/www.medicinasporta.med.bg.ac.rs\/wp-content\/uploads\/2017\/03\/Zdravlje-sportista-pod-lupom.pdf\">Zdravlje sportista pod lupom<\/a><\/td>\n<td>Sanja Mazi\u0107<\/td>\n<\/tr>\n<tr>\n<td><a href=\"http:\/\/www.medicinasporta.med.bg.ac.rs\/wp-content\/uploads\/2017\/03\/Pregledi-sportista.pdf\">Pregledi sportista<\/a><\/td>\n<td>Neboj\u0161a Kolarov<\/td>\n<\/tr>\n<tr>\n<td><a href=\"http:\/\/www.medicinasporta.med.bg.ac.rs\/wp-content\/uploads\/2017\/03\/Specijalizacija-u-cetri-grada.pdf\">Specijalizacija u \u010detiri grada<\/a><\/td>\n<td><\/td>\n<\/tr>\n<\/tbody>\n<\/table>\n<\/div>\n","protected":false},"excerpt":{"rendered":"","protected":false},"author":1,"featured_media":0,"parent":0,"menu_order":0,"comment_status":"closed","ping_status":"closed","template":"","meta":[],"_links":{"self":[{"href":"http:\/\/www.medicinasporta.med.bg.ac.rs\/index.php?rest_route=\/wp\/v2\/pages\/3338"}],"collection":[{"href":"http:\/\/www.medicinasporta.med.bg.ac.rs\/index.php?rest_route=\/wp\/v2\/pages"}],"about":[{"href":"http:\/\/www.medicinasporta.med.bg.ac.rs\/index.php?rest_route=\/wp\/v2\/types\/page"}],"author":[{"embeddable":true,"href":"http:\/\/www.medicinasporta.med.bg.ac.rs\/index.php?rest_route=\/wp\/v2\/users\/1"}],"replies":[{"embeddable":true,"href":"http:\/\/www.medicinasporta.med.bg.ac.rs\/index.php?rest_route=%2Fwp%2Fv2%2Fcomments&post=3338"}],"version-history":[{"count":19,"href":"http:\/\/www.medicinasporta.med.bg.ac.rs\/index.php?rest_route=\/wp\/v2\/pages\/3338\/revisions"}],"predecessor-version":[{"id":4233,"href":"http:\/\/www.medicinasporta.med.bg.ac.rs\/index.php?rest_route=\/wp\/v2\/pages\/3338\/revisions\/4233"}],"wp:attachment":[{"href":"http:\/\/www.medicinasporta.med.bg.ac.rs\/index.php?rest_route=%2Fwp%2Fv2%2Fmedia&parent=3338"}],"curies":[{"name":"wp","href":"https:\/\/api.w.org\/{rel}","templated":true}]}}