{"id":3440,"date":"2017-03-17T11:18:51","date_gmt":"2017-03-17T10:18:51","guid":{"rendered":"http:\/\/www.medicinasporta.med.bg.ac.rs\/?page_id=3440"},"modified":"2017-05-26T11:58:14","modified_gmt":"2017-05-26T09:58:14","slug":"lana-u-krzman","status":"publish","type":"page","link":"http:\/\/www.medicinasporta.med.bg.ac.rs\/?page_id=3440&lang=sr","title":{"rendered":"Lana U. Krzman"},"content":{"rendered":"<div class=\"su-row\">\n<div class=\"su-column su-column-size-1-5\"><div class=\"su-column-inner su-u-clearfix su-u-trim\"> <img src=\"http:\/\/www.medicinasporta.med.bg.ac.rs\/wp-content\/uploads\/2017\/02\/Lana-Krzman.jpg\" alt=\"Lana Krzman\" \/> <\/div><\/div>\n<div class=\"su-column su-column-size-4-5\"><div class=\"su-column-inner su-u-clearfix su-u-trim\"><strong>Lana\u00a0 Krzman<br \/>\n<\/strong><\/p>\n<p><strong>Razlog upisa na Master studije PAHET<\/strong><\/p>\n<p>Kao specijalizant sportske medicine, master studije su bile odli\u010dna prilika za sticanje novih znanj a u oblasti sportske medicine. Posebno sticanje prakti\u010dnih znanja u prevenciji i le\u010denju raznih bol esti fizi\u010dkom aktivno\u0161\u0107u, \u010dinile su ove studije veoma zanimljivim.<\/p>\n<p style=\"text-align: justify;\"><\/div><\/div>\n<\/div>\n<p style=\"text-align: justify;\"><div class=\"su-column su-column-size-1-1\"><div class=\"su-column-inner su-u-clearfix su-u-trim\"><\/div><\/div>\n<p style=\"text-align: justify;\"><strong>Biografija:<\/strong><\/p>\n<p>Ro\u0111ena je 02.10.1980.godine. Medicinski fakultet, Univeziteta u Beogradu zavr\u0161ila \u00a0je 2014.god., sa prose\u010dnom ocenom 7.94 i ocenom 10 sa zavr\u0161nog ispita. Od januara 2017.godine je zaposlena kao timski lekar u Ko\u0161arka\u0161kom klubu Crvena Zvezda. Osnovnu specijalizaciju iz Medicine sporta upisala je oktobra 2015.god. Godine 2016., zavr\u0161ila je kurs za timskog doktora ( Team physician development course--FIMS2016, Ljubljana Slovenija).<\/p>\n<p>&nbsp;<br \/>\n<div class=\"su-custom-gallery su-custom-gallery-title-never su-lightbox-gallery\"><div class=\"su-custom-gallery-slide\"><a href=\"http:\/\/www.medicinasporta.med.bg.ac.rs\/wp-content\/uploads\/2017\/04\/lana3.jpg\" target=\"_blank\" title=\"lana3\"><img src=\"http:\/\/www.medicinasporta.med.bg.ac.rs\/wp-content\/uploads\/2017\/04\/lana3-200x100.jpg\" alt=\"lana3\" width=\"200\" height=\"100\" \/><span class=\"su-custom-gallery-title\">lana3<\/span><\/a><\/div><div class=\"su-custom-gallery-slide\"><a href=\"http:\/\/www.medicinasporta.med.bg.ac.rs\/wp-content\/uploads\/2017\/04\/lana2.jpg\" target=\"_blank\" title=\"lana2\"><img src=\"http:\/\/www.medicinasporta.med.bg.ac.rs\/wp-content\/uploads\/2017\/04\/lana2-200x100.jpg\" alt=\"lana2\" width=\"200\" height=\"100\" \/><span class=\"su-custom-gallery-title\">lana2<\/span><\/a><\/div><div class=\"su-custom-gallery-slide\"><a href=\"http:\/\/www.medicinasporta.med.bg.ac.rs\/wp-content\/uploads\/2017\/04\/lana1.jpg\" target=\"_blank\" title=\"lana1\"><img src=\"http:\/\/www.medicinasporta.med.bg.ac.rs\/wp-content\/uploads\/2017\/04\/lana1-200x100.jpg\" alt=\"lana1\" width=\"200\" height=\"100\" \/><span class=\"su-custom-gallery-title\">lana1<\/span><\/a><\/div><div class=\"su-clear\"><\/div><\/div>\n","protected":false},"excerpt":{"rendered":"<p>Biografija: Ro\u0111ena je 02.10.1980.godine. Medicinski fakultet, Univeziteta u Beogradu zavr\u0161ila \u00a0je 2014.god., sa prose\u010dnom ocenom 7.94 i ocenom 10 sa zavr\u0161nog ispita. Od januara 2017.godine je zaposlena kao timski lekar u Ko\u0161arka\u0161kom klubu Crvena Zvezda. Osnovnu specijalizaciju iz Medicine sporta upisala je oktobra 2015.god. Godine 2016., zavr\u0161ila je kurs za timskog doktora ( Team physicianContinue reading &rarr;<\/p>\n","protected":false},"author":1,"featured_media":0,"parent":0,"menu_order":0,"comment_status":"closed","ping_status":"closed","template":"","meta":[],"_links":{"self":[{"href":"http:\/\/www.medicinasporta.med.bg.ac.rs\/index.php?rest_route=\/wp\/v2\/pages\/3440"}],"collection":[{"href":"http:\/\/www.medicinasporta.med.bg.ac.rs\/index.php?rest_route=\/wp\/v2\/pages"}],"about":[{"href":"http:\/\/www.medicinasporta.med.bg.ac.rs\/index.php?rest_route=\/wp\/v2\/types\/page"}],"author":[{"embeddable":true,"href":"http:\/\/www.medicinasporta.med.bg.ac.rs\/index.php?rest_route=\/wp\/v2\/users\/1"}],"replies":[{"embeddable":true,"href":"http:\/\/www.medicinasporta.med.bg.ac.rs\/index.php?rest_route=%2Fwp%2Fv2%2Fcomments&post=3440"}],"version-history":[{"count":5,"href":"http:\/\/www.medicinasporta.med.bg.ac.rs\/index.php?rest_route=\/wp\/v2\/pages\/3440\/revisions"}],"predecessor-version":[{"id":3802,"href":"http:\/\/www.medicinasporta.med.bg.ac.rs\/index.php?rest_route=\/wp\/v2\/pages\/3440\/revisions\/3802"}],"wp:attachment":[{"href":"http:\/\/www.medicinasporta.med.bg.ac.rs\/index.php?rest_route=%2Fwp%2Fv2%2Fmedia&parent=3440"}],"curies":[{"name":"wp","href":"https:\/\/api.w.org\/{rel}","templated":true}]}}