{"id":3502,"date":"2017-03-31T15:18:04","date_gmt":"2017-03-31T13:18:04","guid":{"rendered":"http:\/\/www.medicinasporta.med.bg.ac.rs\/?page_id=3502"},"modified":"2019-11-01T13:11:20","modified_gmt":"2019-11-01T12:11:20","slug":"zorana-bukvic-2","status":"publish","type":"page","link":"http:\/\/www.medicinasporta.med.bg.ac.rs\/?page_id=3502&lang=sr","title":{"rendered":"Zorana  Bukvi\u0107"},"content":{"rendered":"<div class=\"su-row\">\n<div class=\"su-column su-column-size-1-5\"><div class=\"su-column-inner su-u-clearfix su-u-trim\"> <img src=\"http:\/\/www.medicinasporta.med.bg.ac.rs\/wp-content\/uploads\/2017\/02\/Zorana-Bukvic.jpg\" alt=\"Zorana Bukvi\u0107\" \/> <\/div><\/div>\n<div class=\"su-column su-column-size-4-5\"><div class=\"su-column-inner su-u-clearfix su-u-trim\"><strong>Zorana Bukvi\u0107<br \/>\n<\/strong><\/p>\n<p><strong>Razlog upisa na Master studije PAHET<\/strong><\/p>\n<p style=\"text-align: justify;\">\u017delja za pro\u0161irivanjem znanja i za li\u010dnim usavr\u0161avanjem. Mogu\u0107nost upisa na doktorske studije nakon zavr\u0161enog mastera.\u00a0 Sve pohvale! Posebno profesorima, za anga\u017eovanje, entuzijazam i \u017eelju da udovolje na\u0161im svestranim interesovanjima iz razli\u010ditih nau\u010dnih oblasti.<\/p>\n<p style=\"text-align: justify;\"><\/div><\/div>\n<\/div>\n<p style=\"text-align: justify;\"><div class=\"su-column su-column-size-1-1\"><div class=\"su-column-inner su-u-clearfix su-u-trim\">\n<p style=\"text-align: justify;\"><strong>Biografija:<\/strong><\/p>\n<p style=\"text-align: justify;\">Ro\u0111ena je 10.03.1993. godine u Priboju. Osnovnu \u0161kolu i gimnaziju (prirodno-matemati\u010dki smer) zavr\u0161ila je u rodnom gradu. Fakultet sporta i fizi\u010dkog vaspitanja, Univerzitet u Beogradu, upisala je 2012, a zavr\u0161ila 2016. godine, kao student generacije, sa prose\u010dnom ocenom 9,33 i ocenom 10 sa zavr\u0161nog ispita. Trenira atletiku punih 11 godina. Od 2008. godine nastupa za reprezentaciju Srbije u disciplini skoku u vis. Vi\u0161estruka je prvakinja dr\u017eave u ovoj disciplini (od pionirskih, pa do seniorskih dana). Kao mladja juniorka u\u010destvovala je na Evropskom olimpijskom festivalu mladih (EYOF-u) u Tampereu 2009. godine.Nastupala je na brojnim internacionalnim takmi\u010denjiama, mitinizima, kupovima Evrope, Balkanijadama\u2026 2011. godine osvojila je srebro na Prvenstvu Balkana za juniore. Od..septembra 2016. \u00a0je zaposlena honorarno u Atletskom klubu \u201cVo\u017edovac\u201d Beograd, kao trener mla\u0111ih uzrasnih kategorija.<\/p>\n<p style=\"text-align: justify;\">U okviru pedago\u0161ke prakse (iz predmeta Teorija i tehnologija rekreacije na FSFV) provela je u avgustu 2015. god. u RH centru \u201c\u010cigota\u201d na Zlatiboru 14 dana, rade\u0107i sa decom uzrasta od 12-18 godina, koja imaju problem sa gojazno\u0161\u0107u. Ova praksa pru\u017eila joj je dragoceno iskustvo i jo\u0161 jednom je uverila da je u re\u0161avanju ovakvih problema neodvojiva saradnja lekarske i trenerske struke. Iskustvo ste\u010deno kroz ovaj program bilo je motiv vi\u0161e za upis na ovaj master.<\/p>\n<p style=\"text-align: justify;\">Oblasti interesovanju su joj sport, medicina sporta, rekreacija, atletika, fizi\u010dko ve\u017ebanje i pravilna ishrana u slu\u017ebi zdravlja, ve\u017eba kao preventiva i ve\u017eba kao lek.<\/p>\n<p style=\"text-align: justify;\"><strong>Odbranjen Master rad pod nazivom:\u00a0<\/strong>Efekti programiranog ve\u017ebanja na formiranje svoda stopala kod dece pred\u0161kolskog uzrasta<\/p>\n<p style=\"text-align: justify;\">\n<\/div><\/div>\n<div class=\"su-custom-gallery su-custom-gallery-title-never su-lightbox-gallery\"><div class=\"su-custom-gallery-slide\"><a href=\"http:\/\/www.medicinasporta.med.bg.ac.rs\/wp-content\/uploads\/2017\/03\/zorana6.jpg\" target=\"_blank\" title=\"zorana6\"><img src=\"http:\/\/www.medicinasporta.med.bg.ac.rs\/wp-content\/uploads\/2017\/03\/zorana6-200x100.jpg\" alt=\"zorana6\" width=\"200\" height=\"100\" \/><span class=\"su-custom-gallery-title\">zorana6<\/span><\/a><\/div><div class=\"su-custom-gallery-slide\"><a href=\"http:\/\/www.medicinasporta.med.bg.ac.rs\/wp-content\/uploads\/2017\/03\/zorana5.jpg\" target=\"_blank\" title=\"zorana5\"><img src=\"http:\/\/www.medicinasporta.med.bg.ac.rs\/wp-content\/uploads\/2017\/03\/zorana5-200x100.jpg\" alt=\"zorana5\" width=\"200\" height=\"100\" \/><span class=\"su-custom-gallery-title\">zorana5<\/span><\/a><\/div><div class=\"su-custom-gallery-slide\"><a href=\"http:\/\/www.medicinasporta.med.bg.ac.rs\/wp-content\/uploads\/2017\/03\/zorana3.jpg\" target=\"_blank\" title=\"zorana3\"><img src=\"http:\/\/www.medicinasporta.med.bg.ac.rs\/wp-content\/uploads\/2017\/03\/zorana3-200x100.jpg\" alt=\"zorana3\" width=\"200\" height=\"100\" \/><span class=\"su-custom-gallery-title\">zorana3<\/span><\/a><\/div><div class=\"su-custom-gallery-slide\"><a href=\"http:\/\/www.medicinasporta.med.bg.ac.rs\/wp-content\/uploads\/2017\/03\/zorana1.jpg\" target=\"_blank\" title=\"zorana1\"><img src=\"http:\/\/www.medicinasporta.med.bg.ac.rs\/wp-content\/uploads\/2017\/03\/zorana1-200x100.jpg\" alt=\"zorana1\" width=\"200\" height=\"100\" \/><span class=\"su-custom-gallery-title\">zorana1<\/span><\/a><\/div><div class=\"su-custom-gallery-slide\"><a href=\"http:\/\/www.medicinasporta.med.bg.ac.rs\/wp-content\/uploads\/2017\/03\/zorana2.jpg\" target=\"_blank\" title=\"zorana2\"><img src=\"http:\/\/www.medicinasporta.med.bg.ac.rs\/wp-content\/uploads\/2017\/03\/zorana2-200x100.jpg\" alt=\"zorana2\" width=\"200\" height=\"100\" \/><span class=\"su-custom-gallery-title\">zorana2<\/span><\/a><\/div><div class=\"su-custom-gallery-slide\"><a href=\"http:\/\/www.medicinasporta.med.bg.ac.rs\/wp-content\/uploads\/2017\/03\/zorana4.jpg\" target=\"_blank\" title=\"zorana4\"><img src=\"http:\/\/www.medicinasporta.med.bg.ac.rs\/wp-content\/uploads\/2017\/03\/zorana4-200x100.jpg\" alt=\"zorana4\" width=\"200\" height=\"100\" \/><span class=\"su-custom-gallery-title\">zorana4<\/span><\/a><\/div><div class=\"su-clear\"><\/div><\/div>\n","protected":false},"excerpt":{"rendered":"","protected":false},"author":1,"featured_media":0,"parent":2660,"menu_order":0,"comment_status":"closed","ping_status":"closed","template":"","meta":[],"_links":{"self":[{"href":"http:\/\/www.medicinasporta.med.bg.ac.rs\/index.php?rest_route=\/wp\/v2\/pages\/3502"}],"collection":[{"href":"http:\/\/www.medicinasporta.med.bg.ac.rs\/index.php?rest_route=\/wp\/v2\/pages"}],"about":[{"href":"http:\/\/www.medicinasporta.med.bg.ac.rs\/index.php?rest_route=\/wp\/v2\/types\/page"}],"author":[{"embeddable":true,"href":"http:\/\/www.medicinasporta.med.bg.ac.rs\/index.php?rest_route=\/wp\/v2\/users\/1"}],"replies":[{"embeddable":true,"href":"http:\/\/www.medicinasporta.med.bg.ac.rs\/index.php?rest_route=%2Fwp%2Fv2%2Fcomments&post=3502"}],"version-history":[{"count":11,"href":"http:\/\/www.medicinasporta.med.bg.ac.rs\/index.php?rest_route=\/wp\/v2\/pages\/3502\/revisions"}],"predecessor-version":[{"id":5356,"href":"http:\/\/www.medicinasporta.med.bg.ac.rs\/index.php?rest_route=\/wp\/v2\/pages\/3502\/revisions\/5356"}],"up":[{"embeddable":true,"href":"http:\/\/www.medicinasporta.med.bg.ac.rs\/index.php?rest_route=\/wp\/v2\/pages\/2660"}],"wp:attachment":[{"href":"http:\/\/www.medicinasporta.med.bg.ac.rs\/index.php?rest_route=%2Fwp%2Fv2%2Fmedia&parent=3502"}],"curies":[{"name":"wp","href":"https:\/\/api.w.org\/{rel}","templated":true}]}}