{"id":3523,"date":"2017-04-03T10:34:29","date_gmt":"2017-04-03T08:34:29","guid":{"rendered":"http:\/\/www.medicinasporta.med.bg.ac.rs\/?page_id=3523"},"modified":"2017-04-03T10:39:32","modified_gmt":"2017-04-03T08:39:32","slug":"milos-radovanovic-2","status":"publish","type":"page","link":"http:\/\/www.medicinasporta.med.bg.ac.rs\/?page_id=3523&lang=sr","title":{"rendered":"Milo\u0161 Radovanovi\u0107"},"content":{"rendered":"<div class=\"su-row\">\n<div class=\"su-column su-column-size-1-5\"><div class=\"su-column-inner su-u-clearfix su-u-trim\"> <img src=\"http:\/\/www.medicinasporta.med.bg.ac.rs\/wp-content\/uploads\/2017\/04\/Milos-Radovanovic.jpg\" alt=\"Milo\u0161 Radovanovi\u0107\" \/> <\/div><\/div>\n<div class=\"su-column su-column-size-4-5\"><div class=\"su-column-inner su-u-clearfix su-u-trim\"><strong>Milo\u0161 Radovanovi\u0107<br \/>\n<\/strong><\/p>\n<p><strong>Razlog upisa na Master studije PAHET<\/strong><\/p>\n<p>Idealan spoj ljubavi prema sportu i medicini, \u0161to su i master studije PAHET maestralno objedinile.<\/p>\n<p style=\"text-align: justify;\"><\/div><\/div>\n<\/div>\n<p style=\"text-align: justify;\"><div class=\"su-column su-column-size-1-1\"><div class=\"su-column-inner su-u-clearfix su-u-trim\"><\/div><\/div>\n<p style=\"text-align: justify;\"><strong>Biografija:<\/strong><\/p>\n<p>Ro\u0111en je 06.10.1989. godine, u Beogradu. Medicinski fakultet Univerziteta u Beogradu upisao je 2008. godine, a zavr\u0161io 2016. godine, sa prose\u010dnom ocenom 7.71. Od je zaposlen kao trener indivualnih i grupnih treninga u Sportskom centru ,,NBG GYM\u201c Beograd. Oblast interesovanja: medicina sporta. Vi\u0161estruki je \u0161ampion Beograda i vice\u0161ampion Srbije u kick box-u.<\/p>\n<p>&nbsp;<br \/>\n<div class=\"su-custom-gallery su-custom-gallery-title-never su-lightbox-gallery\"><div class=\"su-custom-gallery-slide\"><a href=\"http:\/\/www.medicinasporta.med.bg.ac.rs\/wp-content\/uploads\/2017\/04\/Milos10.jpg\" target=\"_blank\" title=\"milos10\"><img src=\"http:\/\/www.medicinasporta.med.bg.ac.rs\/wp-content\/uploads\/2017\/04\/Milos10-200x100.jpg\" alt=\"milos10\" width=\"200\" height=\"100\" \/><span class=\"su-custom-gallery-title\">milos10<\/span><\/a><\/div><div class=\"su-custom-gallery-slide\"><a href=\"http:\/\/www.medicinasporta.med.bg.ac.rs\/wp-content\/uploads\/2017\/04\/Milos9.jpg\" target=\"_blank\" title=\"milos9\"><img src=\"http:\/\/www.medicinasporta.med.bg.ac.rs\/wp-content\/uploads\/2017\/04\/Milos9-200x100.jpg\" alt=\"milos9\" width=\"200\" height=\"100\" \/><span class=\"su-custom-gallery-title\">milos9<\/span><\/a><\/div><div class=\"su-custom-gallery-slide\"><a href=\"http:\/\/www.medicinasporta.med.bg.ac.rs\/wp-content\/uploads\/2017\/04\/Milos8.jpg\" target=\"_blank\" title=\"milos8\"><img src=\"http:\/\/www.medicinasporta.med.bg.ac.rs\/wp-content\/uploads\/2017\/04\/Milos8-200x100.jpg\" alt=\"milos8\" width=\"200\" height=\"100\" \/><span class=\"su-custom-gallery-title\">milos8<\/span><\/a><\/div><div class=\"su-custom-gallery-slide\"><a href=\"http:\/\/www.medicinasporta.med.bg.ac.rs\/wp-content\/uploads\/2017\/04\/Milos7.jpg\" target=\"_blank\" title=\"milos7\"><img src=\"http:\/\/www.medicinasporta.med.bg.ac.rs\/wp-content\/uploads\/2017\/04\/Milos7-200x100.jpg\" alt=\"milos7\" width=\"200\" height=\"100\" \/><span class=\"su-custom-gallery-title\">milos7<\/span><\/a><\/div><div class=\"su-custom-gallery-slide\"><a href=\"http:\/\/www.medicinasporta.med.bg.ac.rs\/wp-content\/uploads\/2017\/04\/Milos6.jpg\" target=\"_blank\" title=\"milos6\"><img src=\"http:\/\/www.medicinasporta.med.bg.ac.rs\/wp-content\/uploads\/2017\/04\/Milos6-200x100.jpg\" alt=\"milos6\" width=\"200\" height=\"100\" \/><span class=\"su-custom-gallery-title\">milos6<\/span><\/a><\/div><div class=\"su-custom-gallery-slide\"><a href=\"http:\/\/www.medicinasporta.med.bg.ac.rs\/wp-content\/uploads\/2017\/04\/Milos5.jpg\" target=\"_blank\" title=\"milos5\"><img src=\"http:\/\/www.medicinasporta.med.bg.ac.rs\/wp-content\/uploads\/2017\/04\/Milos5-200x100.jpg\" alt=\"milos5\" width=\"200\" height=\"100\" \/><span class=\"su-custom-gallery-title\">milos5<\/span><\/a><\/div><div class=\"su-custom-gallery-slide\"><a href=\"http:\/\/www.medicinasporta.med.bg.ac.rs\/wp-content\/uploads\/2017\/04\/Milos4.jpg\" target=\"_blank\" title=\"milos4\"><img src=\"http:\/\/www.medicinasporta.med.bg.ac.rs\/wp-content\/uploads\/2017\/04\/Milos4-200x100.jpg\" alt=\"milos4\" width=\"200\" height=\"100\" \/><span class=\"su-custom-gallery-title\">milos4<\/span><\/a><\/div><div class=\"su-custom-gallery-slide\"><a href=\"http:\/\/www.medicinasporta.med.bg.ac.rs\/wp-content\/uploads\/2017\/04\/Milos3.jpg\" target=\"_blank\" title=\"milos3\"><img src=\"http:\/\/www.medicinasporta.med.bg.ac.rs\/wp-content\/uploads\/2017\/04\/Milos3-200x100.jpg\" alt=\"milos3\" width=\"200\" height=\"100\" \/><span class=\"su-custom-gallery-title\">milos3<\/span><\/a><\/div><div class=\"su-custom-gallery-slide\"><a href=\"http:\/\/www.medicinasporta.med.bg.ac.rs\/wp-content\/uploads\/2017\/04\/Milos1.jpg\" target=\"_blank\" title=\"milos1\"><img src=\"http:\/\/www.medicinasporta.med.bg.ac.rs\/wp-content\/uploads\/2017\/04\/Milos1-200x100.jpg\" alt=\"milos1\" width=\"200\" height=\"100\" \/><span class=\"su-custom-gallery-title\">milos1<\/span><\/a><\/div><div class=\"su-custom-gallery-slide\"><a href=\"http:\/\/www.medicinasporta.med.bg.ac.rs\/wp-content\/uploads\/2017\/04\/Milos2.jpg\" target=\"_blank\" title=\"milos2\"><img src=\"http:\/\/www.medicinasporta.med.bg.ac.rs\/wp-content\/uploads\/2017\/04\/Milos2-200x100.jpg\" alt=\"milos2\" width=\"200\" height=\"100\" \/><span class=\"su-custom-gallery-title\">milos2<\/span><\/a><\/div><div class=\"su-clear\"><\/div><\/div>\n","protected":false},"excerpt":{"rendered":"<p>Biografija: Ro\u0111en je 06.10.1989. godine, u Beogradu. Medicinski fakultet Univerziteta u Beogradu upisao je 2008. godine, a zavr\u0161io 2016. godine, sa prose\u010dnom ocenom 7.71. Od je zaposlen kao trener indivualnih i grupnih treninga u Sportskom centru ,,NBG GYM\u201c Beograd. Oblast interesovanja: medicina sporta. Vi\u0161estruki je \u0161ampion Beograda i vice\u0161ampion Srbije u kick box-u. &nbsp;<\/p>\n","protected":false},"author":1,"featured_media":0,"parent":0,"menu_order":0,"comment_status":"closed","ping_status":"closed","template":"","meta":[],"_links":{"self":[{"href":"http:\/\/www.medicinasporta.med.bg.ac.rs\/index.php?rest_route=\/wp\/v2\/pages\/3523"}],"collection":[{"href":"http:\/\/www.medicinasporta.med.bg.ac.rs\/index.php?rest_route=\/wp\/v2\/pages"}],"about":[{"href":"http:\/\/www.medicinasporta.med.bg.ac.rs\/index.php?rest_route=\/wp\/v2\/types\/page"}],"author":[{"embeddable":true,"href":"http:\/\/www.medicinasporta.med.bg.ac.rs\/index.php?rest_route=\/wp\/v2\/users\/1"}],"replies":[{"embeddable":true,"href":"http:\/\/www.medicinasporta.med.bg.ac.rs\/index.php?rest_route=%2Fwp%2Fv2%2Fcomments&post=3523"}],"version-history":[{"count":2,"href":"http:\/\/www.medicinasporta.med.bg.ac.rs\/index.php?rest_route=\/wp\/v2\/pages\/3523\/revisions"}],"predecessor-version":[{"id":3537,"href":"http:\/\/www.medicinasporta.med.bg.ac.rs\/index.php?rest_route=\/wp\/v2\/pages\/3523\/revisions\/3537"}],"wp:attachment":[{"href":"http:\/\/www.medicinasporta.med.bg.ac.rs\/index.php?rest_route=%2Fwp%2Fv2%2Fmedia&parent=3523"}],"curies":[{"name":"wp","href":"https:\/\/api.w.org\/{rel}","templated":true}]}}