{"id":3782,"date":"2017-05-26T11:49:57","date_gmt":"2017-05-26T09:49:57","guid":{"rendered":"http:\/\/www.medicinasporta.med.bg.ac.rs\/?page_id=3782"},"modified":"2018-02-12T14:17:56","modified_gmt":"2018-02-12T13:17:56","slug":"biljana-duric","status":"publish","type":"page","link":"http:\/\/www.medicinasporta.med.bg.ac.rs\/?page_id=3782&lang=en","title":{"rendered":"Biljana \u0110uri\u0107"},"content":{"rendered":"<div class=\"su-row\">\n<div class=\"su-column su-column-size-1-5\"><div class=\"su-column-inner su-u-clearfix su-u-trim\"> <img src=\"http:\/\/www.medicinasporta.med.bg.ac.rs\/wp-content\/uploads\/2017\/02\/Biljana-Djuric.jpg\" alt=\"Biljana \u0110uri\u0107\" \/> <\/div><\/div>\n<div class=\"su-column su-column-size-4-5\"><div class=\"su-column-inner su-u-clearfix su-u-trim\"><strong>Biljana \u0110uri\u0107<br \/>\n<\/strong><\/p>\n<p><strong>Razlog upisa na Master studije PAHET<\/strong><\/p>\n<p>Unapre\u0111enje prethodno ste\u010denih znanja i ve\u0161tina iz oblasti Fiziologije fizi\u010dke aktivnosti, interakcija sa stru\u010dnjacima iz oblasti Sportske Medicine, prakti\u010dna primena ste\u010denih ve\u0161tina, saradnja sa stru\u010dnjacima razli\u010ditih profila koji imaju jedan zajedni\u010dki cilj \u2013 promovisanje fizi\u010dke aktivnosti. Mi\u0161ljenja sam da je Master program zanimljivo osmi\u0161ljen i uspeva da pove\u017ee ljude razli\u010ditih profila i svima pru\u017ei potrebna znanja, prilago\u0111avaju\u0107i se razli\u010ditim interesovanjima.<\/p>\n<p style=\"text-align: justify;\"><\/div><\/div>\n<\/div>\n<p style=\"text-align: justify;\"><div class=\"su-column su-column-size-1-1\"><div class=\"su-column-inner su-u-clearfix su-u-trim\">\n<p style=\"text-align: justify;\"><strong>Biografija:<\/strong><\/p>\n<p>Ro\u0111ena je 08. 11. 1988. god. u Smederevu. Medicinski fakultet, Univeziteta u Beogradu upisala 2007. god., a zavr\u0161ila 2013.god., sa prose\u010dnom ocenom 9,89. Od 2014. god. je zaposlena na Institutu za Medicinsku fiziologiju, Medicinski fakultet, Univerzitet u Beogradu. Doktorske akademske studije, modul Fiziolo\u0161ke nauke upisala je 2013. god. Specijalizaciju iz Medicine sporta upisala je aprila 2016. god. Oblasti interesovanja: Medicinska Fiziologija, Sportska Medicina.<\/p>\n<p style=\"text-align: justify;\"><strong>Spisak radova:<\/strong><\/p>\n<ol>\n<li>Suzic Lazic J, Dekleva M, Soldatovic I, Leischik R, Suzic S, Radovanovic D, <strong>Djuric B<\/strong>, Nesic D, Lazic M, Mazic S. Heart rate recovery in elite athletes: the impact of age and exercise capacity. Clin Physiol Funct Imaging. 2015 Jul 4, in press.<\/li>\n<li>Stojadinovi\u0107 B, Nestorovi\u0107 Z, <strong>Djuri\u0107 B<\/strong>, Tenne T, Zikich D, \u017diki\u0107 D. Laboratory model of the cardiovascular system for experimental demonstration of pulse wave propagation. Phys Educ 2017; 52: 025001.<\/li>\n<li><strong>\u0110uri\u0107 B<\/strong>, Suzi\u0107 S. Oporavak sr\u010dane frekvencije \u2013 kratak pregled metodologije\/. Heart rate recovery \u2013 short review of methodology. Medicinski podmladak 2016; 48-50.<\/li>\n<li>An\u0111i\u0107 R, <strong>\u0110uri\u0107 B<\/strong>, Suzi\u0107 S. Uticaj razli\u010ditih karakterisitka treninga na oporavak sr\u010dane frekvencije kod vrhunskih sportista\/ Influence of different characteristics of sport on heart rate recovery in elite athletes. Medicinski podmladak 2016; 96-101.<\/li>\n<li>Nesic D , Suzic-lazic J, <strong>Djuric B<\/strong>, Topalovic N, Mutavdzin S, Suzic S, Mazic S. 1199 Nutritional status better correlates with aminotransferase levels in female athletes. FIMS 2016 &#8211; 34th World Congress of Sports Medicine, Ljubljana, Slovenia, September 29th \u2013 October 02nd, 2016. Abstract book.<\/li>\n<li><strong>Djuric B<\/strong>, Mazic S, Suzic-Lazic J, Djelic M, Acimovic T, Antic M, Suzic S. P7 The impact of different training regimes on autonomic balance in elite athletes. The Sixth International Symposium on Neurocardiology and The Fifth International Symposium on Noninvasive Electrocardiology, Belgrade, Serbia, 16-17 Oktober 2014, Neurocard 2014: p109.<\/li>\n<li><strong>Djuric B<\/strong>, Mazic S, Suzic-Lazic J, Djelic M,Acimovic T, Antic M, Suzic S. P9Influence of exercise capacity on autonomic balance and glucose profile in elite athletes. The Sixth International Symposium on Neurocardiology and The Fifth International Symposium on Noninvasive Electrocardiology, Belgrade, Serbia, 16-17 Oktober 2014, Neurocard 2014:p111.<\/li>\n<li><strong>\u0110uri\u0107 B<\/strong>, \u0110uki\u0107 A, A\u0107imovi\u0107 T. Odgovor hormona rasta na test fizi\u010dkog optere\u0107enja kod fizi\u010dki aktivnih ispitanika. 54. kongres studenata biomedicinskih nauka Srbije sa internacionalnim u\u010de\u0161\u0107em, Kopaonik, 28. april \u2013 02. maj 2013., Zbornik radova:406.<\/li>\n<li><strong>\u0110uri\u0107 B<\/strong>, Parli\u0107 V, Bauman S. Uticaj istovremene HCV infekcije na uspeh HAART kod pacijenata sa HIV infekcijom u Srbiji. 53. kongres studenata biomedicinskih nauka Srbije sa internacionalnim u\u010de\u0161\u0107em, Kopaonik, 26. april \u2013 30. april 2012., Zbornik radova: 217.<\/li>\n<li>Parli\u0107 V, <strong>\u0110uri\u0107 B<\/strong>. Povezanost istovremene HCV infekcije sa mortalitetom pacijenata sa HIV infekcijom u Srbiji. 53. kongres studenata biomedicinskih nauka Srbije sa internacionalnim u\u010de\u0161\u0107em, Kopaonik, 26. april \u2013 30. april 2012., Zbornik radova:220.<\/li>\n<li><strong>\u0110uri\u0107 B<\/strong>, Skorupan N, Dunji\u0107 M. Povezanost bezmasne telesne mase i hematolo\u0161kih parametara kod fizi\u010dki aktivnih ispitanika razli\u010ditog aerobno\/anaerobnog kapaciteta. 52. kongres studenata biomedicinskih nauka Srbije sa internacionalnim u\u010de\u0161\u0107em, Budva, 28. april \u2013 3. maj 2011., Zbornik radova:16.<\/li>\n<li>Dunji\u0107 M, \u0110uki\u0107 T, <strong>\u0110uri\u0107 B<\/strong>. Uticaj individualno dozirane i programirane fizi\u010dke aktivnosti na antropometrijske i kardiovaskularne parametre kod starijih osoba. 52. kongres studenata biomedicinskih nauka Srbije sa internacionalnim u\u010de\u0161\u0107em, Budva, 28. april \u2013 3. maj 2011., Zbornik radova:33.<\/li>\n<li><strong>\u0110uri\u0107 B<\/strong>, \u0110uki\u0107 T. Povezanost hematolo\u0161kih i antropometrijskih parametara kod fizi\u010dki aktivnih ispitanika oba pola. 51. kongres studenata biomedicinskih nauka Srbije sa internacionalnim u\u010de\u0161\u0107em, Ohrid, 23 &#8211; 27. april 2010, Zbornik radova:63.<\/li>\n<li>\u0110uki\u0107 T, <strong>\u0110uri\u0107 B.<\/strong> Korelacija vrednosti sr\u010dane frekvence na po\u010detku ergospirometrijskog testa sa stepenom anksioznosti kod fizi\u010dki aktivnih ispitanika. 51. kongres studenata biomedicinskih nauka Srbije sa internacionalnim u\u010de\u0161\u0107em, Ohrid, 23 &#8211; 27. april 2010, Zbornik radova:63.<\/li>\n<\/ol>\n<p><strong>U\u010de\u0161\u0107e na simpozijumima i nau\u010dnim konferencijama:<\/strong><\/p>\n<ol>\n<li>IOC course on sport cardiology: current concepts in the evaluation of athlete&#8217;s heart November 28th and 29th, 2016 Zira Hotel, Belgrade, Serbia<\/li>\n<li>1st Serbian International Sports Medicine Conference of Aspetar and Serbian Institute of Sport and Sports Medicine<\/li>\n<li>Kontinuirana medicinska edukacija: \u201eBubreg i metabolizma kalijuma \u2013 savremene smernice\u201c<\/li>\n<li>Kurs prve kategorije u organizaciji KBCa \u201eDr Dragi\u0161a Mi\u0161ovi\u0107\u201c, Beograd: \u201eHipertenzija 2014 \u2013 Vodi\u010d za vodi\u010de\u201c<\/li>\n<li>Kontinuirana medicinska edukacija: \u201ePrimena pneumokokne vakcine: farmakodinamski aspekti, dileme i preporuke\u201c<\/li>\n<li>Jednomese\u010dno klini\u010dko usavr\u0161avanje na Univerzitetskoj klinici Ependorf u Hamburgu, Institut za tropske bolesti Bernard \u2013 Nocht, oblast infektologije i tropskih bolesti<\/li>\n<li>Kurs nema\u010dkog jezika<\/li>\n<li>Vi\u0161i kurs fotografije (osposobljena za samostalni rad i podu\u010davanje na ni\u017eem kursu)<\/li>\n<\/ol>\n<\/div><\/div>\n<div class=\"su-custom-gallery su-custom-gallery-title-never su-lightbox-gallery\"><div class=\"su-custom-gallery-slide\"><a href=\"http:\/\/www.medicinasporta.med.bg.ac.rs\/wp-content\/uploads\/2017\/05\/biljana-djuric1.jpg\" target=\"_blank\" title=\"biljana-djuric1\"><img src=\"http:\/\/www.medicinasporta.med.bg.ac.rs\/wp-content\/uploads\/2017\/05\/biljana-djuric1-230x130.jpg\" alt=\"biljana-djuric1\" width=\"230\" height=\"130\" \/><span class=\"su-custom-gallery-title\">biljana-djuric1<\/span><\/a><\/div><div class=\"su-custom-gallery-slide\"><a href=\"http:\/\/www.medicinasporta.med.bg.ac.rs\/wp-content\/uploads\/2017\/05\/biljana-djuric3.jpg\" target=\"_blank\" title=\"biljana-djuric3\"><img src=\"http:\/\/www.medicinasporta.med.bg.ac.rs\/wp-content\/uploads\/2017\/05\/biljana-djuric3-230x130.jpg\" alt=\"biljana-djuric3\" width=\"230\" height=\"130\" \/><span class=\"su-custom-gallery-title\">biljana-djuric3<\/span><\/a><\/div><div class=\"su-custom-gallery-slide\"><a href=\"http:\/\/www.medicinasporta.med.bg.ac.rs\/wp-content\/uploads\/2017\/05\/biljana-djuric2.jpg\" target=\"_blank\" title=\"biljana-djuric2\"><img src=\"http:\/\/www.medicinasporta.med.bg.ac.rs\/wp-content\/uploads\/2017\/05\/biljana-djuric2-230x130.jpg\" alt=\"biljana-djuric2\" width=\"230\" height=\"130\" \/><span class=\"su-custom-gallery-title\">biljana-djuric2<\/span><\/a><\/div><div class=\"su-clear\"><\/div><\/div>\n","protected":false},"excerpt":{"rendered":"","protected":false},"author":1,"featured_media":0,"parent":3734,"menu_order":0,"comment_status":"closed","ping_status":"closed","template":"","meta":[],"_links":{"self":[{"href":"http:\/\/www.medicinasporta.med.bg.ac.rs\/index.php?rest_route=\/wp\/v2\/pages\/3782"}],"collection":[{"href":"http:\/\/www.medicinasporta.med.bg.ac.rs\/index.php?rest_route=\/wp\/v2\/pages"}],"about":[{"href":"http:\/\/www.medicinasporta.med.bg.ac.rs\/index.php?rest_route=\/wp\/v2\/types\/page"}],"author":[{"embeddable":true,"href":"http:\/\/www.medicinasporta.med.bg.ac.rs\/index.php?rest_route=\/wp\/v2\/users\/1"}],"replies":[{"embeddable":true,"href":"http:\/\/www.medicinasporta.med.bg.ac.rs\/index.php?rest_route=%2Fwp%2Fv2%2Fcomments&post=3782"}],"version-history":[{"count":3,"href":"http:\/\/www.medicinasporta.med.bg.ac.rs\/index.php?rest_route=\/wp\/v2\/pages\/3782\/revisions"}],"predecessor-version":[{"id":3869,"href":"http:\/\/www.medicinasporta.med.bg.ac.rs\/index.php?rest_route=\/wp\/v2\/pages\/3782\/revisions\/3869"}],"up":[{"embeddable":true,"href":"http:\/\/www.medicinasporta.med.bg.ac.rs\/index.php?rest_route=\/wp\/v2\/pages\/3734"}],"wp:attachment":[{"href":"http:\/\/www.medicinasporta.med.bg.ac.rs\/index.php?rest_route=%2Fwp%2Fv2%2Fmedia&parent=3782"}],"curies":[{"name":"wp","href":"https:\/\/api.w.org\/{rel}","templated":true}]}}