{"id":3784,"date":"2017-05-26T11:50:33","date_gmt":"2017-05-26T09:50:33","guid":{"rendered":"http:\/\/www.medicinasporta.med.bg.ac.rs\/?page_id=3784"},"modified":"2018-02-12T14:20:16","modified_gmt":"2018-02-12T13:20:16","slug":"dorde-batinic","status":"publish","type":"page","link":"http:\/\/www.medicinasporta.med.bg.ac.rs\/?page_id=3784&lang=en","title":{"rendered":"\u0110or\u0111e Batini\u0107"},"content":{"rendered":"<div class=\"su-row\">\n<div class=\"su-column su-column-size-1-5\"><div class=\"su-column-inner su-u-clearfix su-u-trim\"> <img src=\"http:\/\/www.medicinasporta.med.bg.ac.rs\/wp-content\/uploads\/2017\/02\/Djordje-Batinic.jpg\" alt=\"\u0110or\u0111e Batini\u0107\" \/> <\/div><\/div>\n<div class=\"su-column su-column-size-4-5\"><div class=\"su-column-inner su-u-clearfix su-u-trim\"><strong>\u0110or\u0111e Batini\u0107<br \/>\n<\/strong><\/p>\n<p><strong>Razlog upisa na Master studije PAHET<\/strong><\/p>\n<p>Dozirana fizi\u010dka aktivnost kao vode\u0107i terapijski modalitet savremene medicine i prevencije.<\/p>\n<p style=\"text-align: justify;\"><\/div><\/div>\n<\/div>\n<p style=\"text-align: justify;\"><div class=\"su-column su-column-size-1-1\"><div class=\"su-column-inner su-u-clearfix su-u-trim\"><\/div><\/div>\n<p style=\"text-align: justify;\"><strong>Biografija:<\/strong><\/p>\n<p>Ro\u0111en je u Sarajevu 25.02.1987. godine. Medicinski fakultet, Univeziteta u Beogradu upisao je 2005. godine, a zavr\u0161io 2012.godine, sa prose\u010dnom ocenom 8.30 i odli\u010dnom ocenom sa zavr\u0161nog ispita. Od 2013. godine je zaposlen u Zavodu za sport i medicinu sporta Republike Srbije, Beograd. Osnovnu specijalizaciju iz Medicine sporta upisao je 2014. godine.<\/p>\n<p>Zavr\u0161io je slede\u0107e kurseve: ultrazvu\u010dna dijagnostika zglobova i mekih tkiva, FIMS- razvojni kurs klupskog lekara, kurs za predava\u010da prve pomo\u0107i u okviru Crvenog krsta Srbije. Oblasti interesovanja su: funkcionalna testiranja (ergometrije i ergospirometrije) vrhunskih sportista, dece i rekreativaca kao i sportske povrede.<\/p>\n<p><strong>Spisak radova:<\/strong><\/p>\n<ol>\n<li>Tomovic M, <strong>Batinic Dj<\/strong>, Djordjevic Saranovic S, Antic M. Anthropometric features of elite male basketball players regarding their playing position. Can a high BMI be a health risk for this group of athletes? Br J Sports Med 2016;50:A82.<\/li>\n<\/ol>\n","protected":false},"excerpt":{"rendered":"<p>Biografija: Ro\u0111en je u Sarajevu 25.02.1987. godine. Medicinski fakultet, Univeziteta u Beogradu upisao je 2005. godine, a zavr\u0161io 2012.godine, sa prose\u010dnom ocenom 8.30 i odli\u010dnom ocenom sa zavr\u0161nog ispita. Od 2013. godine je zaposlen u Zavodu za sport i medicinu sporta Republike Srbije, Beograd. Osnovnu specijalizaciju iz Medicine sporta upisao je 2014. godine. Zavr\u0161io jeContinue reading &rarr;<\/p>\n","protected":false},"author":1,"featured_media":0,"parent":3734,"menu_order":0,"comment_status":"closed","ping_status":"closed","template":"","meta":[],"_links":{"self":[{"href":"http:\/\/www.medicinasporta.med.bg.ac.rs\/index.php?rest_route=\/wp\/v2\/pages\/3784"}],"collection":[{"href":"http:\/\/www.medicinasporta.med.bg.ac.rs\/index.php?rest_route=\/wp\/v2\/pages"}],"about":[{"href":"http:\/\/www.medicinasporta.med.bg.ac.rs\/index.php?rest_route=\/wp\/v2\/types\/page"}],"author":[{"embeddable":true,"href":"http:\/\/www.medicinasporta.med.bg.ac.rs\/index.php?rest_route=\/wp\/v2\/users\/1"}],"replies":[{"embeddable":true,"href":"http:\/\/www.medicinasporta.med.bg.ac.rs\/index.php?rest_route=%2Fwp%2Fv2%2Fcomments&post=3784"}],"version-history":[{"count":1,"href":"http:\/\/www.medicinasporta.med.bg.ac.rs\/index.php?rest_route=\/wp\/v2\/pages\/3784\/revisions"}],"predecessor-version":[{"id":3785,"href":"http:\/\/www.medicinasporta.med.bg.ac.rs\/index.php?rest_route=\/wp\/v2\/pages\/3784\/revisions\/3785"}],"up":[{"embeddable":true,"href":"http:\/\/www.medicinasporta.med.bg.ac.rs\/index.php?rest_route=\/wp\/v2\/pages\/3734"}],"wp:attachment":[{"href":"http:\/\/www.medicinasporta.med.bg.ac.rs\/index.php?rest_route=%2Fwp%2Fv2%2Fmedia&parent=3784"}],"curies":[{"name":"wp","href":"https:\/\/api.w.org\/{rel}","templated":true}]}}