{"id":3786,"date":"2017-05-26T11:51:18","date_gmt":"2017-05-26T09:51:18","guid":{"rendered":"http:\/\/www.medicinasporta.med.bg.ac.rs\/?page_id=3786"},"modified":"2018-02-12T14:20:34","modified_gmt":"2018-02-12T13:20:34","slug":"dragan-durdevic","status":"publish","type":"page","link":"http:\/\/www.medicinasporta.med.bg.ac.rs\/?page_id=3786&lang=en","title":{"rendered":"Dragan \u0110ur\u0111evi\u0107"},"content":{"rendered":"<div class=\"su-row\">\n<div class=\"su-column su-column-size-1-5\"><div class=\"su-column-inner su-u-clearfix su-u-trim\"> <img src=\"http:\/\/www.medicinasporta.med.bg.ac.rs\/wp-content\/uploads\/2017\/03\/Dragan-Djurdjevic.jpg\" alt=\"Dragan \u0110ur\u0111evi\u0107\" \/> <\/div><\/div>\n<div class=\"su-column su-column-size-4-5\"><div class=\"su-column-inner su-u-clearfix su-u-trim\"><strong>Dragan \u0110ur\u0111evi\u0107<br \/>\n<\/strong><\/p>\n<p><strong>Razlog upisa na Master studije PAHET<\/strong><\/p>\n<p>\u017delja za pro\u0161irivanjem znanja u oblasti sportske medicine i primenu kod dece, trudnica, rekreativaca i sportista. Nakon osam odslu\u0161anih modula, kroz metode interaktivne nastave i obrade savremenih tema iz oblasti sportske medicine, master program Fizi\u010dka, aktivnost, zdravlje i terapija ve\u017ebanjem ispunjava o\u010dekivanja koja sam imao prilikom upisa.<\/p>\n<p style=\"text-align: justify;\"><\/div><\/div>\n<\/div>\n<p style=\"text-align: justify;\"><div class=\"su-column su-column-size-1-1\"><div class=\"su-column-inner su-u-clearfix su-u-trim\"><\/div><\/div>\n<p style=\"text-align: justify;\"><strong>Biografija:<\/strong><\/p>\n<p style=\"text-align: justify;\">Ro\u0111en je 09.07.1973.godine u Valjevu. Osnovnu i srednju \u0161kolu \u2013 Valjevska gimnazija (prirodno-matemati\u010dki smer) je zavr\u0161io u Valjevu. Fakultet fizi\u010dke kulture, Univerzitet u Beogradu, upisao je 1992\/93., a zavr\u0161io 2001.godine, sa prose\u010dnom ocenom 8,29 i ocenom 10 sa zavr\u0161nog ispita. Tokom studija nekoliko godina je proveo u USA rade\u0107i kao li\u010dni trener, pored toga i kao koordinator aktivnosti i instruktor u najve\u0107oj nevladinoj organizaciji u tom delu Amerike - After School Matters u \u010cikagu, sprovode\u0107i programe za srednjo\u0161kolce iz vulnerabilnih populacionih grupa, gde je godi\u0161nje bilo uklju\u010deno blizu 30.000 u\u010denika. Pored toga na Harry S. Truman College-u je zavr\u0161io najvi\u0161i nivo engleskog jezika, kao nematernjeg jezika. U toku studija, a i nakon toga, je u\u010destvovao u realizaciji vi\u0161egodi\u0161njeg nau\u010dnog projekta na Fakultetu fizi\u010dke kulture, kojim je rukovodio prof. dr Vladimir Koprivica. U me\u0111uvremenu po\u010dinje da radi kao organizator programa kori\u0161\u0107enja i odr\u017eavanja sportskih objekata u UFK Valis u Valjevu (Hala sportova i SRC Petnica), nakon \u010dega odlazi na mesto generalnog sekretara Sportskog saveza Valjeva. Od septembra 2005-2009. god. je bio na mestu sportskog direktora PK Valis, period kada su postizani najve\u0107i rezultati kluba (oboreno je vi\u0161e dr\u017eavnih rekorda i osvojeno vi\u0161e prvih mesta na republi\u010dkim prvenstvima). Tako\u0111e, od septembra 2005.godine je zaposlen u Valjevskoj gimnaziji, gde i danas radi kao profesor i pomo\u0107nik direktora. Od februara 2017. god. je \u010dlan Upravnog odbora Biciklisti\u010dkog saveza Srbije. Dugo godina radi na promociji zdravih stilova \u017eivota.<\/p>\n<p style=\"text-align: justify;\">Do sada se usavr\u0161avao u oblasti strategije razvoja fizi\u010dkog vaspitanja i njegove uloge u promociji i unapre\u0111enju fizi\u010dke aktivnosti u o\u010duvanju i unapre\u0111enju kvaliteta \u017eivota, povezanog sa zdravljem (fizi\u010dko, psiholo\u0161ko i socijalno funkcionisanje), kao i individualnog planiranja, doziranja i kontrole programa ve\u017ebanja i ishrane, kroz redovno ve\u017ebanje, prevenciju i terapiju bolesti, kao i prevenciju nasilja.<\/p>\n<p style=\"text-align: justify;\">Pored znanja engleskog jezika, slu\u017ei se nema\u010dkim i francuskim jezikom.<\/p>\n<p style=\"text-align: justify;\">Bio je reprezentativac Jugoslavije i vi\u0161estruki prvak Srbije u biciklizmu.<\/p>\n","protected":false},"excerpt":{"rendered":"<p>Biografija: Ro\u0111en je 09.07.1973.godine u Valjevu. Osnovnu i srednju \u0161kolu \u2013 Valjevska gimnazija (prirodno-matemati\u010dki smer) je zavr\u0161io u Valjevu. Fakultet fizi\u010dke kulture, Univerzitet u Beogradu, upisao je 1992\/93., a zavr\u0161io 2001.godine, sa prose\u010dnom ocenom 8,29 i ocenom 10 sa zavr\u0161nog ispita. Tokom studija nekoliko godina je proveo u USA rade\u0107i kao li\u010dni trener, pored togaContinue reading &rarr;<\/p>\n","protected":false},"author":1,"featured_media":0,"parent":3734,"menu_order":0,"comment_status":"closed","ping_status":"closed","template":"","meta":[],"_links":{"self":[{"href":"http:\/\/www.medicinasporta.med.bg.ac.rs\/index.php?rest_route=\/wp\/v2\/pages\/3786"}],"collection":[{"href":"http:\/\/www.medicinasporta.med.bg.ac.rs\/index.php?rest_route=\/wp\/v2\/pages"}],"about":[{"href":"http:\/\/www.medicinasporta.med.bg.ac.rs\/index.php?rest_route=\/wp\/v2\/types\/page"}],"author":[{"embeddable":true,"href":"http:\/\/www.medicinasporta.med.bg.ac.rs\/index.php?rest_route=\/wp\/v2\/users\/1"}],"replies":[{"embeddable":true,"href":"http:\/\/www.medicinasporta.med.bg.ac.rs\/index.php?rest_route=%2Fwp%2Fv2%2Fcomments&post=3786"}],"version-history":[{"count":1,"href":"http:\/\/www.medicinasporta.med.bg.ac.rs\/index.php?rest_route=\/wp\/v2\/pages\/3786\/revisions"}],"predecessor-version":[{"id":3787,"href":"http:\/\/www.medicinasporta.med.bg.ac.rs\/index.php?rest_route=\/wp\/v2\/pages\/3786\/revisions\/3787"}],"up":[{"embeddable":true,"href":"http:\/\/www.medicinasporta.med.bg.ac.rs\/index.php?rest_route=\/wp\/v2\/pages\/3734"}],"wp:attachment":[{"href":"http:\/\/www.medicinasporta.med.bg.ac.rs\/index.php?rest_route=%2Fwp%2Fv2%2Fmedia&parent=3786"}],"curies":[{"name":"wp","href":"https:\/\/api.w.org\/{rel}","templated":true}]}}