{"id":3794,"date":"2017-05-26T11:53:59","date_gmt":"2017-05-26T09:53:59","guid":{"rendered":"http:\/\/www.medicinasporta.med.bg.ac.rs\/?page_id=3794"},"modified":"2018-02-12T14:21:27","modified_gmt":"2018-02-12T13:21:27","slug":"jelena-matijasevic-3","status":"publish","type":"page","link":"http:\/\/www.medicinasporta.med.bg.ac.rs\/?page_id=3794&lang=en","title":{"rendered":"Jelena Matija\u0161evi\u0107"},"content":{"rendered":"<div class=\"su-row\">\n<div class=\"su-column su-column-size-1-5\"><div class=\"su-column-inner su-u-clearfix su-u-trim\"> <img src=\"http:\/\/www.medicinasporta.med.bg.ac.rs\/wp-content\/uploads\/2017\/04\/jelena-Matijasevic.jpg\" alt=\"Jelena Matija\u0161evi\u0107\" \/> <\/div><\/div>\n<div class=\"su-column su-column-size-4-5\"><div class=\"su-column-inner su-u-clearfix su-u-trim\"><strong>Jelena Matija\u0161evi\u0107<br \/>\n<\/strong><\/p>\n<p style=\"text-align: justify;\"><strong>Razlog upisa na Master studije PAHET<\/strong><\/p>\n<p style=\"text-align: justify;\">Stru\u010dno usavr\u0161avanje i pro\u0161irenje znanja, \u0161to sam na ovom Masteru i dobila, kao i razmena iskustva sa kolegama iz druge struke, \u0161to mi se posebno dopalo<\/p>\n<p style=\"text-align: justify;\"><\/div><\/div>\n<\/div>\n<p style=\"text-align: justify;\"><div class=\"su-column su-column-size-1-1\"><div class=\"su-column-inner su-u-clearfix su-u-trim\"><\/div><\/div>\n<p style=\"text-align: justify;\"><strong>Biografija:<\/strong><\/p>\n<p style=\"text-align: justify;\">Ro\u0111ena je 06.02.1979. god. Fakultet fizi\u010dke kulture, Univerziteta u Novom Sadu, upisala je 1998. god., a zavr\u0161ila 2004. god., sa prose\u010dnom ocenom 7,97 i ocenom 10 sa zavr\u0161nog ispita. Od 2005. god. je zaposlena u Osnovnoj \u0161koli \u201c Ivo Andri\u0107 \u201c,Osnovnoj \u0161koli \u201c Jovan Cviji\u0107 \u201c, Muzi\u010dkoj \u0161koli \u201cJosip Slavenski\u201c i Sportskom udru\u017eenju \u201cFit 100 posto\u201c. Diplomirani je organizator sportske rekreacije, personalni trener, trener aerobika, pilatesa, tae boa, \u201csporti\u0107\u201d za decu. Biv\u0161i reprezentativac Jugoslavije u karateu. Iza sebe ima preko 150 medalja sa doma\u0107ih i medjunarodnih takmi\u010denja (Vi\u0161egodi\u0161nji prvak Srbije, Jugoslavije i Balkana, Prvak otvorenog prvenstva Francuske, Kadetski i juniorski pobednik Svetskog kupa, \u010cetvrto mesto na seniorskom Prvenstvu Evrope, Sedmo mesto na seniorskom Prvenstvu sveta).<\/p>\n<div class=\"su-custom-gallery su-custom-gallery-title-never su-lightbox-gallery\"><div class=\"su-custom-gallery-slide\"><a href=\"http:\/\/www.medicinasporta.med.bg.ac.rs\/wp-content\/uploads\/2017\/05\/jelena_matijasevic1.jpg\" target=\"_blank\" title=\"jelena_matijasevic1\"><img src=\"http:\/\/www.medicinasporta.med.bg.ac.rs\/wp-content\/uploads\/2017\/05\/jelena_matijasevic1-230x130.jpg\" alt=\"jelena_matijasevic1\" width=\"230\" height=\"130\" \/><span class=\"su-custom-gallery-title\">jelena_matijasevic1<\/span><\/a><\/div><div class=\"su-custom-gallery-slide\"><a href=\"http:\/\/www.medicinasporta.med.bg.ac.rs\/wp-content\/uploads\/2017\/05\/jelena_matijasevic2.jpg\" target=\"_blank\" title=\"jelena_matijasevic2\"><img src=\"http:\/\/www.medicinasporta.med.bg.ac.rs\/wp-content\/uploads\/2017\/05\/jelena_matijasevic2-230x130.jpg\" alt=\"jelena_matijasevic2\" width=\"230\" height=\"130\" \/><span class=\"su-custom-gallery-title\">jelena_matijasevic2<\/span><\/a><\/div><div class=\"su-custom-gallery-slide\"><a href=\"http:\/\/www.medicinasporta.med.bg.ac.rs\/wp-content\/uploads\/2017\/05\/jelena_matijasevic3.jpg\" target=\"_blank\" title=\"jelena_matijasevic3\"><img src=\"http:\/\/www.medicinasporta.med.bg.ac.rs\/wp-content\/uploads\/2017\/05\/jelena_matijasevic3-230x130.jpg\" alt=\"jelena_matijasevic3\" width=\"230\" height=\"130\" \/><span class=\"su-custom-gallery-title\">jelena_matijasevic3<\/span><\/a><\/div><div class=\"su-custom-gallery-slide\"><a href=\"http:\/\/www.medicinasporta.med.bg.ac.rs\/wp-content\/uploads\/2017\/05\/jelena_matijasevic4.jpg\" target=\"_blank\" title=\"jelena_matijasevic4\"><img src=\"http:\/\/www.medicinasporta.med.bg.ac.rs\/wp-content\/uploads\/2017\/05\/jelena_matijasevic4-230x130.jpg\" alt=\"jelena_matijasevic4\" width=\"230\" height=\"130\" \/><span class=\"su-custom-gallery-title\">jelena_matijasevic4<\/span><\/a><\/div><div class=\"su-clear\"><\/div><\/div>\n","protected":false},"excerpt":{"rendered":"<p>Biografija: Ro\u0111ena je 06.02.1979. god. Fakultet fizi\u010dke kulture, Univerziteta u Novom Sadu, upisala je 1998. god., a zavr\u0161ila 2004. god., sa prose\u010dnom ocenom 7,97 i ocenom 10 sa zavr\u0161nog ispita. Od 2005. god. je zaposlena u Osnovnoj \u0161koli \u201c Ivo Andri\u0107 \u201c,Osnovnoj \u0161koli \u201c Jovan Cviji\u0107 \u201c, Muzi\u010dkoj \u0161koli \u201cJosip Slavenski\u201c i Sportskom udru\u017eenju \u201cFitContinue reading &rarr;<\/p>\n","protected":false},"author":1,"featured_media":0,"parent":3734,"menu_order":0,"comment_status":"closed","ping_status":"closed","template":"","meta":[],"_links":{"self":[{"href":"http:\/\/www.medicinasporta.med.bg.ac.rs\/index.php?rest_route=\/wp\/v2\/pages\/3794"}],"collection":[{"href":"http:\/\/www.medicinasporta.med.bg.ac.rs\/index.php?rest_route=\/wp\/v2\/pages"}],"about":[{"href":"http:\/\/www.medicinasporta.med.bg.ac.rs\/index.php?rest_route=\/wp\/v2\/types\/page"}],"author":[{"embeddable":true,"href":"http:\/\/www.medicinasporta.med.bg.ac.rs\/index.php?rest_route=\/wp\/v2\/users\/1"}],"replies":[{"embeddable":true,"href":"http:\/\/www.medicinasporta.med.bg.ac.rs\/index.php?rest_route=%2Fwp%2Fv2%2Fcomments&post=3794"}],"version-history":[{"count":2,"href":"http:\/\/www.medicinasporta.med.bg.ac.rs\/index.php?rest_route=\/wp\/v2\/pages\/3794\/revisions"}],"predecessor-version":[{"id":3839,"href":"http:\/\/www.medicinasporta.med.bg.ac.rs\/index.php?rest_route=\/wp\/v2\/pages\/3794\/revisions\/3839"}],"up":[{"embeddable":true,"href":"http:\/\/www.medicinasporta.med.bg.ac.rs\/index.php?rest_route=\/wp\/v2\/pages\/3734"}],"wp:attachment":[{"href":"http:\/\/www.medicinasporta.med.bg.ac.rs\/index.php?rest_route=%2Fwp%2Fv2%2Fmedia&parent=3794"}],"curies":[{"name":"wp","href":"https:\/\/api.w.org\/{rel}","templated":true}]}}