{"id":3808,"date":"2017-05-26T11:59:48","date_gmt":"2017-05-26T09:59:48","guid":{"rendered":"http:\/\/www.medicinasporta.med.bg.ac.rs\/?page_id=3808"},"modified":"2019-11-01T13:06:08","modified_gmt":"2019-11-01T12:06:08","slug":"milos-radovanovic-3","status":"publish","type":"page","link":"http:\/\/www.medicinasporta.med.bg.ac.rs\/?page_id=3808&lang=en","title":{"rendered":"Milo\u0161 Radovanovi\u0107"},"content":{"rendered":"<div class=\"su-row\">\n<div class=\"su-column su-column-size-1-5\"><div class=\"su-column-inner su-u-clearfix su-u-trim\"> <img src=\"http:\/\/www.medicinasporta.med.bg.ac.rs\/wp-content\/uploads\/2017\/04\/Milos-Radovanovic.jpg\" alt=\"Milo\u0161 Radovanovi\u0107\" \/> <\/div><\/div>\n<div class=\"su-column su-column-size-4-5\"><div class=\"su-column-inner su-u-clearfix su-u-trim\"><strong>Milo\u0161 Radovanovi\u0107<br \/>\n<\/strong><\/p>\n<p><strong>Razlog upisa na Master studije PAHET<\/strong><\/p>\n<p>Idealan spoj ljubavi prema sportu i medicini, \u0161to su i master studije PAHET maestralno objedinile.<\/p>\n<p style=\"text-align: justify;\"><\/div><\/div>\n<\/div>\n<p style=\"text-align: justify;\"><div class=\"su-column su-column-size-1-1\"><div class=\"su-column-inner su-u-clearfix su-u-trim\"><\/div><\/div>\n<p style=\"text-align: justify;\"><strong>Biografija:<\/strong><\/p>\n<p>Ro\u0111en je 06.10.1989. godine, u Beogradu. Medicinski fakultet Univerziteta u Beogradu upisao je 2008. godine, a zavr\u0161io 2016. godine, sa prose\u010dnom ocenom 7.71. Od je zaposlen kao trener indivualnih i grupnih treninga u Sportskom centru ,,NBG GYM\u201c Beograd. Oblast interesovanja: medicina sporta. Vi\u0161estruki je \u0161ampion Beograda i vice\u0161ampion Srbije u kick box-u.<\/p>\n<p><strong>Odbranjen Master rad pod nazivom: <\/strong>Fizi\u010dka aktivnost i ve\u017ebanje u prevenciji i terapiji depresije<br \/>\n<div class=\"su-custom-gallery su-custom-gallery-title-never su-lightbox-gallery\"><div class=\"su-custom-gallery-slide\"><a href=\"http:\/\/www.medicinasporta.med.bg.ac.rs\/wp-content\/uploads\/2017\/05\/Milos1.jpg\" target=\"_blank\" title=\"milos1\"><img src=\"http:\/\/www.medicinasporta.med.bg.ac.rs\/wp-content\/uploads\/2017\/05\/Milos1-230x130.jpg\" alt=\"milos1\" width=\"230\" height=\"130\" \/><span class=\"su-custom-gallery-title\">milos1<\/span><\/a><\/div><div class=\"su-custom-gallery-slide\"><a href=\"http:\/\/www.medicinasporta.med.bg.ac.rs\/wp-content\/uploads\/2017\/05\/Milos2.jpg\" target=\"_blank\" title=\"milos2\"><img src=\"http:\/\/www.medicinasporta.med.bg.ac.rs\/wp-content\/uploads\/2017\/05\/Milos2-230x130.jpg\" alt=\"milos2\" width=\"230\" height=\"130\" \/><span class=\"su-custom-gallery-title\">milos2<\/span><\/a><\/div><div class=\"su-custom-gallery-slide\"><a href=\"http:\/\/www.medicinasporta.med.bg.ac.rs\/wp-content\/uploads\/2017\/05\/Milos3.jpg\" target=\"_blank\" title=\"milos3\"><img src=\"http:\/\/www.medicinasporta.med.bg.ac.rs\/wp-content\/uploads\/2017\/05\/Milos3-230x130.jpg\" alt=\"milos3\" width=\"230\" height=\"130\" \/><span class=\"su-custom-gallery-title\">milos3<\/span><\/a><\/div><div class=\"su-custom-gallery-slide\"><a href=\"http:\/\/www.medicinasporta.med.bg.ac.rs\/wp-content\/uploads\/2017\/05\/Milos4.jpg\" target=\"_blank\" title=\"milos4\"><img src=\"http:\/\/www.medicinasporta.med.bg.ac.rs\/wp-content\/uploads\/2017\/05\/Milos4-230x130.jpg\" alt=\"milos4\" width=\"230\" height=\"130\" \/><span class=\"su-custom-gallery-title\">milos4<\/span><\/a><\/div><div class=\"su-custom-gallery-slide\"><a href=\"http:\/\/www.medicinasporta.med.bg.ac.rs\/wp-content\/uploads\/2017\/05\/Milos5.jpg\" target=\"_blank\" title=\"milos5\"><img src=\"http:\/\/www.medicinasporta.med.bg.ac.rs\/wp-content\/uploads\/2017\/05\/Milos5-230x130.jpg\" alt=\"milos5\" width=\"230\" height=\"130\" \/><span class=\"su-custom-gallery-title\">milos5<\/span><\/a><\/div><div class=\"su-custom-gallery-slide\"><a href=\"http:\/\/www.medicinasporta.med.bg.ac.rs\/wp-content\/uploads\/2017\/05\/Milos6.jpg\" target=\"_blank\" title=\"milos6\"><img src=\"http:\/\/www.medicinasporta.med.bg.ac.rs\/wp-content\/uploads\/2017\/05\/Milos6-230x130.jpg\" alt=\"milos6\" width=\"230\" height=\"130\" \/><span class=\"su-custom-gallery-title\">milos6<\/span><\/a><\/div><div class=\"su-custom-gallery-slide\"><a href=\"http:\/\/www.medicinasporta.med.bg.ac.rs\/wp-content\/uploads\/2017\/05\/Milos7.jpg\" target=\"_blank\" title=\"milos7\"><img src=\"http:\/\/www.medicinasporta.med.bg.ac.rs\/wp-content\/uploads\/2017\/05\/Milos7-230x130.jpg\" alt=\"milos7\" width=\"230\" height=\"130\" \/><span class=\"su-custom-gallery-title\">milos7<\/span><\/a><\/div><div class=\"su-custom-gallery-slide\"><a href=\"http:\/\/www.medicinasporta.med.bg.ac.rs\/wp-content\/uploads\/2017\/05\/Milos8.jpg\" target=\"_blank\" title=\"milos8\"><img src=\"http:\/\/www.medicinasporta.med.bg.ac.rs\/wp-content\/uploads\/2017\/05\/Milos8-230x130.jpg\" alt=\"milos8\" width=\"230\" height=\"130\" \/><span class=\"su-custom-gallery-title\">milos8<\/span><\/a><\/div><div class=\"su-custom-gallery-slide\"><a href=\"http:\/\/www.medicinasporta.med.bg.ac.rs\/wp-content\/uploads\/2017\/05\/Milos9.jpg\" target=\"_blank\" title=\"milos9\"><img src=\"http:\/\/www.medicinasporta.med.bg.ac.rs\/wp-content\/uploads\/2017\/05\/Milos9-230x130.jpg\" alt=\"milos9\" width=\"230\" height=\"130\" \/><span class=\"su-custom-gallery-title\">milos9<\/span><\/a><\/div><div class=\"su-custom-gallery-slide\"><a href=\"http:\/\/www.medicinasporta.med.bg.ac.rs\/wp-content\/uploads\/2017\/05\/Milos10.jpg\" target=\"_blank\" title=\"milos10\"><img src=\"http:\/\/www.medicinasporta.med.bg.ac.rs\/wp-content\/uploads\/2017\/05\/Milos10-230x130.jpg\" alt=\"milos10\" width=\"230\" height=\"130\" \/><span class=\"su-custom-gallery-title\">milos10<\/span><\/a><\/div><div class=\"su-clear\"><\/div><\/div>\n","protected":false},"excerpt":{"rendered":"<p>Biografija: Ro\u0111en je 06.10.1989. godine, u Beogradu. Medicinski fakultet Univerziteta u Beogradu upisao je 2008. godine, a zavr\u0161io 2016. godine, sa prose\u010dnom ocenom 7.71. Od je zaposlen kao trener indivualnih i grupnih treninga u Sportskom centru ,,NBG GYM\u201c Beograd. Oblast interesovanja: medicina sporta. Vi\u0161estruki je \u0161ampion Beograda i vice\u0161ampion Srbije u kick box-u. Odbranjen MasterContinue reading &rarr;<\/p>\n","protected":false},"author":1,"featured_media":0,"parent":3734,"menu_order":0,"comment_status":"closed","ping_status":"closed","template":"","meta":[],"_links":{"self":[{"href":"http:\/\/www.medicinasporta.med.bg.ac.rs\/index.php?rest_route=\/wp\/v2\/pages\/3808"}],"collection":[{"href":"http:\/\/www.medicinasporta.med.bg.ac.rs\/index.php?rest_route=\/wp\/v2\/pages"}],"about":[{"href":"http:\/\/www.medicinasporta.med.bg.ac.rs\/index.php?rest_route=\/wp\/v2\/types\/page"}],"author":[{"embeddable":true,"href":"http:\/\/www.medicinasporta.med.bg.ac.rs\/index.php?rest_route=\/wp\/v2\/users\/1"}],"replies":[{"embeddable":true,"href":"http:\/\/www.medicinasporta.med.bg.ac.rs\/index.php?rest_route=%2Fwp%2Fv2%2Fcomments&post=3808"}],"version-history":[{"count":4,"href":"http:\/\/www.medicinasporta.med.bg.ac.rs\/index.php?rest_route=\/wp\/v2\/pages\/3808\/revisions"}],"predecessor-version":[{"id":3850,"href":"http:\/\/www.medicinasporta.med.bg.ac.rs\/index.php?rest_route=\/wp\/v2\/pages\/3808\/revisions\/3850"}],"up":[{"embeddable":true,"href":"http:\/\/www.medicinasporta.med.bg.ac.rs\/index.php?rest_route=\/wp\/v2\/pages\/3734"}],"wp:attachment":[{"href":"http:\/\/www.medicinasporta.med.bg.ac.rs\/index.php?rest_route=%2Fwp%2Fv2%2Fmedia&parent=3808"}],"curies":[{"name":"wp","href":"https:\/\/api.w.org\/{rel}","templated":true}]}}