{"id":3810,"date":"2017-05-26T12:00:29","date_gmt":"2017-05-26T10:00:29","guid":{"rendered":"http:\/\/www.medicinasporta.med.bg.ac.rs\/?page_id=3810"},"modified":"2018-02-12T14:22:32","modified_gmt":"2018-02-12T13:22:32","slug":"nikola-topalovic-3","status":"publish","type":"page","link":"http:\/\/www.medicinasporta.med.bg.ac.rs\/?page_id=3810&lang=en","title":{"rendered":"Nikola Topalovi\u0107"},"content":{"rendered":"<div class=\"su-row\">\n<div class=\"su-column su-column-size-1-5\"><div class=\"su-column-inner su-u-clearfix su-u-trim\"> <img src=\"http:\/\/www.medicinasporta.med.bg.ac.rs\/wp-content\/uploads\/2017\/02\/Nikola-Topalovic.jpg\" alt=\"Nikola Topalovi\u0107\" \/> <\/div><\/div>\n<div class=\"su-column su-column-size-4-5\"><div class=\"su-column-inner su-u-clearfix su-u-trim\"><strong>Nikola Topalovi\u0107<br \/>\n<\/strong><\/p>\n<p style=\"text-align: justify;\"><strong>Razlog upisa na Master studije PAHET<\/strong><\/p>\n<p style=\"text-align: justify;\">Imajuc\u0301i u vidu da je u 21. veku potenciran zna\u010daj fizi\u010dke aktivnosti i ve\u017ebanja kao su\u0161tinskog elementa ljudskog zdravlja i postojanja, kao i prevencije i terapije niza bolesti, mi\u0161ljenja sam da fizi\u010dku aktivnost treba integrisati u svakodnevni \u017eivot kao prirodnu i neophodnu potrebu svih ljudi. Master studije su fenomenalnim i korisnim predavanjima, kursevima i prakti\u010dnim primerima niza najeminentnijijh stru\u010dnjaka na perfektan na\u010din pokazale da su medicina i sport tesno povezani i time opravdale moj razlog upisa na njih, a to je pre svega zna\u010daj modifikacije bihejvioralnih \u017eivotnih navika, prevashodno promenom sedentarnog na\u010dina \u017eivota, kao i zna\u010daj interdisciplinarne saradnje: lekara, fitnes instruktora, psihologa, a sve u cilju optimizacije koncepta pravilno dozirane fizi\u010dke aktivnosti u prevenciji i terapiji oboljenja<\/p>\n<p style=\"text-align: justify;\"><\/div><\/div>\n<\/div>\n<p style=\"text-align: justify;\"><div class=\"su-column su-column-size-1-1\"><div class=\"su-column-inner su-u-clearfix su-u-trim\"><\/div><\/div>\n<p style=\"text-align: justify;\"><strong>Biografija:<\/strong><\/p>\n<p style=\"text-align: justify;\">Ro\u0111en 21.4.1986. godine u \u0160apcu. Osnovnu \u0161kolu \u201eJanko Veselinovi\u0107\u201c, kao i srednju medicinsku \u0161kolu \u201eDr Andra Jovanovi\u0107\u201c zavr\u0161io u \u0160apcu. Dobitnik Vukove diplome i nagrade za \u0111aka generacije u srednjoj \u0161koli zbog ostvarenih izuzetnih rezultata u \u0161kolskim i van\u0161kolskim aktivnostima (4 godine me\u0111uop\u0161tinski prvak u krosu, bronzana medalja na dr\u017eavnom \u0161kolskom takmi\u010denju u sportu, pobednik dr\u017eavnog \u0161kolskog takmi\u010denja u znanju iz anatomije). Medicinski fakultet Univerziteta u Beogradu upisao je 2005. godine, a zavr\u0161io juna 2012. godine sa prose\u010dnom ocenom 8.81\/10.00 i stekao stru\u010dni naziv doktor medicine. Diplomirao na Katedri za Medicinsku fiziologiju sa zavr\u0161nom ocenom 10. Polo\u017eio stru\u010dni ispit 28.01.2013. godine. Od 2013. do 2015. godine radio kao specijalizant de\u010dije hirurgije na Institutu za zdravstvenu za\u0161titu majke i detete Srbije. Od 2015. godine zaposlen na Institutu za Medicinsku fiziologiju, Medicinski fakultet, Univerziteta u Beogradu. Specijalisti\u010dke akademske studije modul\u201c Eksperimentalna fiziologija i patolo\u0161ka fiziologija\u201c upisao 2015. godine. U toku je priprema i odbrana zavr\u0161nog specijalisti\u010dkog rada. Od aprila 2016. godine na specijalizaciji iz Sportske medicine. Doktorske akademske studije modul \u201cPrimenjena istra\u017eivanja u medicini sporta i motornim ve\u0161tinama\u201c upisao u oktobru 2016. godine. Zvani\u010dni je doktor Ragbi reprezentacije Srbije od 2013. godine sa kojima je u\u010destvovao u kvalifikacijama za Svetsko prvenstvo u ragbiju u Velsu. Anga\u017eovan kao lekar prvog tima rukometnog kluba \u201eCrvena Zvezda\u201c od sezone 2015\/2016 do danas. Pre toga radio sa mla\u0111im kategorijama istog kluba. Oblasti interesovanja: Sportska medicina, Prevencija povreda u sportu, Rana rehabilitacija povreda, Ultrazvu\u010dna dijagnostika mekih tkiva, Suplementacija i ishrana sportista.<\/p>\n<p style=\"text-align: justify;\"><strong>U\u010de\u0161\u0107e na stru\u010dnim simpozijumima i nau\u010dnim konferencijama:<\/strong><\/p>\n<ol style=\"text-align: justify;\">\n<li>Kinesio Taping Course KT1, April 2015<\/li>\n<li>Kurs za timskog doktora u oktobru 2016.godine ( Team physician development course\u2013FIMS2016, Ljubljana, Slovenija)<\/li>\n<li>IOC course on sport cardiology: current concepts in the evaluation of athlete\u2019s heart<\/li>\n<li>Kurs prve pomo\u0107i (Crveni krst Srbije)<\/li>\n<li>Kurs ultrazvu\u010dne dijagnostike Klini\u010dki centar Srbije<\/li>\n<li>Edukacija o prevenciji povreda u ragbiju u Londonu marta 2017. godine<\/li>\n<\/ol>\n<p style=\"text-align: justify;\"><strong>Spisak radova: <\/strong><\/p>\n<ol style=\"text-align: justify;\">\n<li><strong>Topalovi\u0107 N<\/strong>, Mazic S. The most common cause of sudden cardiac death in athletes. Medical Youth. 2016 Jun; 67 (2): 51-5.<\/li>\n<li>Mazis S, <strong>Topalovi\u0107 N<\/strong>. Dozirana fizi\u010dka aktivnost u prevenciji i terapiji oboljenja. Sport i biznis. 2016 April; 2: 75-9.<\/li>\n<li>Nesic D, Suzic Lazic J, Djuric B, <strong>Topalovic N<\/strong>, Mutavdzin S, Suzic S, Mazic S. 1199 Nutritional status better correlates with aminotransferase levels in female athletes. FIMS 2016 - 34th World Congress of Sports Medicine, Ljubljana, Slovenia, September 29th \u2013 October 02nd, 2016. Abstract book.<\/li>\n<li><strong>Topalovi\u0107 N<\/strong>, Curcic S. Sindrom sportskog srca. Nacionalna konferencija sa me\u0111unarodnim u\u010de\u0161\u0107em \u2013 Fizi\u010dka kultura i moderno dru\u0161tvo, Jagodina, Srbija 15. \u2013 16. Jun 2013. Zbornik radova 2014; 17: 165\u201372.<\/li>\n<\/ol>\n<p style=\"text-align: justify;\"><strong>Poglavlja u knjigama, ud\u017ebenicima i praktikumima:<\/strong><\/p>\n<ol>\n<li style=\"text-align: justify;\">Mazi\u0107 S, <strong>Topalovi\u0107 N<\/strong>. Fizi\u010dka aktivnost u trudno\u0107i. U: Priru\u010dnik za rad timova u \u0161kolama za roditeljstvo. Urednik: Matijevi\u0107 D., Gradski zavod za javno zdravlje Beograd, Beograd, 2016.<\/li>\n<\/ol>\n<div class=\"su-custom-gallery su-custom-gallery-title-never su-lightbox-gallery\"><div class=\"su-custom-gallery-slide\"><a href=\"http:\/\/www.medicinasporta.med.bg.ac.rs\/wp-content\/uploads\/2017\/04\/nikola_topalovic9.jpg\" target=\"_blank\" title=\"nikola_topalovic9\"><img src=\"http:\/\/www.medicinasporta.med.bg.ac.rs\/wp-content\/uploads\/2017\/04\/nikola_topalovic9-230x100.jpg\" alt=\"nikola_topalovic9\" width=\"230\" height=\"100\" \/><span class=\"su-custom-gallery-title\">nikola_topalovic9<\/span><\/a><\/div><div class=\"su-custom-gallery-slide\"><a href=\"http:\/\/www.medicinasporta.med.bg.ac.rs\/wp-content\/uploads\/2017\/04\/nikola_topalovic2.jpg\" target=\"_blank\" title=\"nikola_topalovic2\"><img src=\"http:\/\/www.medicinasporta.med.bg.ac.rs\/wp-content\/uploads\/2017\/04\/nikola_topalovic2-230x100.jpg\" alt=\"nikola_topalovic2\" width=\"230\" height=\"100\" \/><span class=\"su-custom-gallery-title\">nikola_topalovic2<\/span><\/a><\/div><div class=\"su-custom-gallery-slide\"><a href=\"http:\/\/www.medicinasporta.med.bg.ac.rs\/wp-content\/uploads\/2017\/04\/nikola_topalovic3.jpg\" target=\"_blank\" title=\"nikola_topalovic3\"><img src=\"http:\/\/www.medicinasporta.med.bg.ac.rs\/wp-content\/uploads\/2017\/04\/nikola_topalovic3-230x100.jpg\" alt=\"nikola_topalovic3\" width=\"230\" height=\"100\" \/><span class=\"su-custom-gallery-title\">nikola_topalovic3<\/span><\/a><\/div><div class=\"su-custom-gallery-slide\"><a href=\"http:\/\/www.medicinasporta.med.bg.ac.rs\/wp-content\/uploads\/2017\/04\/nikola_topalovic5.jpg\" target=\"_blank\" title=\"nikola_topalovic5\"><img src=\"http:\/\/www.medicinasporta.med.bg.ac.rs\/wp-content\/uploads\/2017\/04\/nikola_topalovic5-230x100.jpg\" alt=\"nikola_topalovic5\" width=\"230\" height=\"100\" \/><span class=\"su-custom-gallery-title\">nikola_topalovic5<\/span><\/a><\/div><div class=\"su-custom-gallery-slide\"><a href=\"http:\/\/www.medicinasporta.med.bg.ac.rs\/wp-content\/uploads\/2017\/04\/nikola_topalovic6.jpg\" target=\"_blank\" title=\"nikola_topalovic6\"><img src=\"http:\/\/www.medicinasporta.med.bg.ac.rs\/wp-content\/uploads\/2017\/04\/nikola_topalovic6-230x100.jpg\" alt=\"nikola_topalovic6\" width=\"230\" height=\"100\" \/><span class=\"su-custom-gallery-title\">nikola_topalovic6<\/span><\/a><\/div><div class=\"su-custom-gallery-slide\"><a href=\"http:\/\/www.medicinasporta.med.bg.ac.rs\/wp-content\/uploads\/2017\/04\/nikola_topalovic7.jpg\" target=\"_blank\" title=\"nikola_topalovic7\"><img src=\"http:\/\/www.medicinasporta.med.bg.ac.rs\/wp-content\/uploads\/2017\/04\/nikola_topalovic7-230x100.jpg\" alt=\"nikola_topalovic7\" width=\"230\" height=\"100\" \/><span class=\"su-custom-gallery-title\">nikola_topalovic7<\/span><\/a><\/div><div class=\"su-custom-gallery-slide\"><a href=\"http:\/\/www.medicinasporta.med.bg.ac.rs\/wp-content\/uploads\/2017\/04\/nikola_topalovic8.jpg\" target=\"_blank\" title=\"nikola_topalovic8\"><img src=\"http:\/\/www.medicinasporta.med.bg.ac.rs\/wp-content\/uploads\/2017\/04\/nikola_topalovic8-230x100.jpg\" alt=\"nikola_topalovic8\" width=\"230\" height=\"100\" \/><span class=\"su-custom-gallery-title\">nikola_topalovic8<\/span><\/a><\/div><div class=\"su-custom-gallery-slide\"><a href=\"http:\/\/www.medicinasporta.med.bg.ac.rs\/wp-content\/uploads\/2017\/04\/nikola_topalovic4.jpg\" target=\"_blank\" title=\"nikola_topalovic4\"><img src=\"http:\/\/www.medicinasporta.med.bg.ac.rs\/wp-content\/uploads\/2017\/04\/nikola_topalovic4-230x100.jpg\" alt=\"nikola_topalovic4\" width=\"230\" height=\"100\" \/><span class=\"su-custom-gallery-title\">nikola_topalovic4<\/span><\/a><\/div><div class=\"su-custom-gallery-slide\"><a href=\"http:\/\/www.medicinasporta.med.bg.ac.rs\/wp-content\/uploads\/2017\/04\/nikola_topalovic1.jpg\" target=\"_blank\" title=\"nikola_topalovic1\"><img src=\"http:\/\/www.medicinasporta.med.bg.ac.rs\/wp-content\/uploads\/2017\/04\/nikola_topalovic1-230x100.jpg\" alt=\"nikola_topalovic1\" width=\"230\" height=\"100\" \/><span class=\"su-custom-gallery-title\">nikola_topalovic1<\/span><\/a><\/div><div class=\"su-clear\"><\/div><\/div>\n","protected":false},"excerpt":{"rendered":"<p>Biografija: Ro\u0111en 21.4.1986. godine u \u0160apcu. Osnovnu \u0161kolu \u201eJanko Veselinovi\u0107\u201c, kao i srednju medicinsku \u0161kolu \u201eDr Andra Jovanovi\u0107\u201c zavr\u0161io u \u0160apcu. Dobitnik Vukove diplome i nagrade za \u0111aka generacije u srednjoj \u0161koli zbog ostvarenih izuzetnih rezultata u \u0161kolskim i van\u0161kolskim aktivnostima (4 godine me\u0111uop\u0161tinski prvak u krosu, bronzana medalja na dr\u017eavnom \u0161kolskom takmi\u010denju u sportu,Continue reading &rarr;<\/p>\n","protected":false},"author":1,"featured_media":0,"parent":3734,"menu_order":0,"comment_status":"closed","ping_status":"closed","template":"","meta":[],"_links":{"self":[{"href":"http:\/\/www.medicinasporta.med.bg.ac.rs\/index.php?rest_route=\/wp\/v2\/pages\/3810"}],"collection":[{"href":"http:\/\/www.medicinasporta.med.bg.ac.rs\/index.php?rest_route=\/wp\/v2\/pages"}],"about":[{"href":"http:\/\/www.medicinasporta.med.bg.ac.rs\/index.php?rest_route=\/wp\/v2\/types\/page"}],"author":[{"embeddable":true,"href":"http:\/\/www.medicinasporta.med.bg.ac.rs\/index.php?rest_route=\/wp\/v2\/users\/1"}],"replies":[{"embeddable":true,"href":"http:\/\/www.medicinasporta.med.bg.ac.rs\/index.php?rest_route=%2Fwp%2Fv2%2Fcomments&post=3810"}],"version-history":[{"count":2,"href":"http:\/\/www.medicinasporta.med.bg.ac.rs\/index.php?rest_route=\/wp\/v2\/pages\/3810\/revisions"}],"predecessor-version":[{"id":4202,"href":"http:\/\/www.medicinasporta.med.bg.ac.rs\/index.php?rest_route=\/wp\/v2\/pages\/3810\/revisions\/4202"}],"up":[{"embeddable":true,"href":"http:\/\/www.medicinasporta.med.bg.ac.rs\/index.php?rest_route=\/wp\/v2\/pages\/3734"}],"wp:attachment":[{"href":"http:\/\/www.medicinasporta.med.bg.ac.rs\/index.php?rest_route=%2Fwp%2Fv2%2Fmedia&parent=3810"}],"curies":[{"name":"wp","href":"https:\/\/api.w.org\/{rel}","templated":true}]}}