{"id":3812,"date":"2017-05-26T12:01:00","date_gmt":"2017-05-26T10:01:00","guid":{"rendered":"http:\/\/www.medicinasporta.med.bg.ac.rs\/?page_id=3812"},"modified":"2018-02-12T14:24:34","modified_gmt":"2018-02-12T13:24:34","slug":"sanjin-kovacevic-3","status":"publish","type":"page","link":"http:\/\/www.medicinasporta.med.bg.ac.rs\/?page_id=3812&lang=en","title":{"rendered":"Sanjin Kova\u010devi\u0107"},"content":{"rendered":"<div class=\"su-row\">\n<div class=\"su-column su-column-size-1-5\"><div class=\"su-column-inner su-u-clearfix su-u-trim\"> <img src=\"http:\/\/www.medicinasporta.med.bg.ac.rs\/wp-content\/uploads\/2017\/02\/Sanjin-Kovacevic.jpg\" alt=\"Sanjin Kova\u010devi\u0107\" \/> <\/div><\/div>\n<div class=\"su-column su-column-size-4-5\"><div class=\"su-column-inner su-u-clearfix su-u-trim\"><strong>Sanjin Kova\u010devi\u0107<br \/>\n<\/strong><\/p>\n<p><strong>Razlog upisa na Master studije PAHET<\/strong><\/p>\n<p>Master sam upisao zbog zainteresovanosti za oblasti predvi\u0111ene programom studija i sticanja novih saznanja iz istih. Studije su opravdale moja o\u010dekivanja. Interesantna predavanja, odli\u010dne kolege i mnogo pozitivne atmosfere.<\/p>\n<p style=\"text-align: justify;\"><\/div><\/div>\n<\/div>\n<p style=\"text-align: justify;\"><div class=\"su-column su-column-size-1-1\"><div class=\"su-column-inner su-u-clearfix su-u-trim\"><\/div><\/div>\n<p style=\"text-align: justify;\"><strong>Biografija:<\/strong><\/p>\n<p>Ro\u0111en je 03. 05 1989. god. u Sarajevu. Medicinski fakultet, Univeziteta u Beogradu upisao 2008. god., a zavr\u0161io 2014.god., sa prose\u010dnom 9,00. Od 2015. god. je zaposlen u Institutu za patolo\u0161ku fiziologiju, Medicinski fakultet, Univerzitet u Beogradu. Specijalisti\u010dke akademske studije, modul Nuklearna medicina upisao je 2014. god. U toku je pisanje zavr\u0161nog rada na temu: Pozitronska emisiona tomografija sa kompjuterizovanom tomografijom u dijagnostici neuroendokrinih tumora, mentor: Doc. dr Neboj\u0161a Petrovi\u0107. Doktorske akademske studije, modul Fiziolo\u0161ke nauke upisao je 2015. god. Oblasti interesovanja: Elektrofiziologija, Nefrologija, Sportska medicina, Ishrana.<\/p>\n<p><em>U\u010de\u0161\u0107e na stru\u010dnim simpozijumima i nau\u010dnim konferencijama:<\/em><\/p>\n<ol>\n<li>IOC course on sport cardiology: current concepts in the evaluation of athlete's heart<\/li>\n<li>Edukativna konferencija u okviru projekta \u201cHrana za \u017eivot \u201c<\/li>\n<li>Obuka prve pomo\u0107i (Crveni krst Srbije)<\/li>\n<li>Seminar: Primarni glomerulonefritisi \u2013 savremena shvatanja, u okviru kontinuirane medicinske edukacije<\/li>\n<\/ol>\n<p><em>Spisak nau\u010dnih radova:<\/em><\/p>\n<ol>\n<li>Nesovic-Ostojic J, Markovic-Lipkovski J, Todorovic J, Cirovic S, <strong>Kovacevic S<\/strong>, Paunovic A, Cemerikic D, Milovanovic A. Immunolocalization of the TASK2 potassium channel in frog kidney. Folia Biologica (Krakow). 2016; 64(3):183-188.<\/li>\n<\/ol>\n<ol>\n<li>Stanojevi\u0107 M, Spasic S, <strong>Kovacevic S<\/strong>, Lopicic S, Nesovic-Ostojic J, Nedeljkov V, Prostran M. The intensity of non-synaptic epileptiform activity on an invertebrate neuron model system is dose \u2013 dependently suppressed by magnesium. London Students\u2019 Neuroscience Conference. Abstract Proceedings, London, 2016, p.20<\/li>\n<li>Stanojevi\u0107 M, Lopicic S, Spasic S, Nesovic-Ostojic J, <strong>Kovacevic S<\/strong>, Nedeljkov V, Prostran M. The intensity of nonsynaptic epileptiform activity of leech Retzius neurons under different ionic conditions. Regional Biophysics Conference. Book of Abstracts. Trieste, 2016, p.68<\/li>\n<li><strong>Kova\u010devi\u0107 S<\/strong>, Kova\u010devi\u0107 D, Koko\u0161ar N. Otorinolaringolo\u0161ka simptomatologija kod starijih pacijenata u ambulanti tercijarne zdravstvene ustanove. Knjiga sa\u017eetaka sa 55. Kongresa studenata biomedicinskih nauka Srbije. Vrnja\u010dka Banja, 2014; str.322.<\/li>\n<li>Kova\u010devi\u0107 N, <strong>Kova\u010devi\u0107 S<\/strong>, Krsti\u0107 S. Iskustva pacijenata u kori\u0161\u0107enju slu\u0161nih aparata kod rehabilitacije o\u0161te\u0107enja sluha. Knjiga sa\u017eetaka sa 55. Kongresa studenata biomedicinskih nauka Srbije. Vrnja\u010dka Banja, 2014; str.378.<\/li>\n<li><strong>Kova\u010devi\u0107 S<\/strong>, Kova\u010devi\u0107 D. Sarkoidoza ko\u017ee: klini\u010dka slika, laboratorijski nalazi i zahvatanje ostalih organa. Knjiga sa\u017eetaka sa 54. Kongresa studnata biomedicinskih nauka Srbije sa internacionalnim u\u010de\u0161\u0107em. Kopaonik, 2013; str.87.<\/li>\n<li>Vu\u010devi\u0107 D, Radak \u0110, Kova\u010devi\u0107 D, Milovanovi\u0107 I, Radosavljevi\u0107 T, Mladenovi\u0107 D, <strong>Kova\u010devi\u0107 S<\/strong>. Korelacija izme\u0111u aktivnosti alfa naftil acetat esteraze i razli\u010ditog stepena su\u017eenja humane karotidne arterije. Medicinska istra\u017eivanja. 2013; 47(1):21-32.<\/li>\n<li>Kova\u010devi\u0107 N, <strong>Kova\u010devi\u0107 S<\/strong>, Kova\u010devi\u0107 D. Fly vaccination coverage among seniors in Belgrade, Serbia: Study of knowledge, attitudes and practices. Abstract book of 24th Europian student\u2019s conference. Berlin, 2013; p378.<\/li>\n<\/ol>\n<ol start=\"9\">\n<li><strong>Kova\u010devi\u0107 S<\/strong>, Kova\u010devi\u0107 D. Divertikularna bolest creva na autopsijama. Medicinski podmladak. 2012; 63(1-2):54-57.<\/li>\n<\/ol>\n<ol>\n<li>Vu\u010devi\u0107 D, Radak \u0110, Kova\u010devi\u0107 D, Milovanovi\u0107 I, Radosavljevi\u0107 T, Mladenovi\u0107 D, <strong>Kova\u010devi\u0107 S<\/strong>, Mascarell-Mari\u010di\u0107 L. Citohemijska analiza alfa naftil acetat esteraze u ateroskleroznim lezijama humane karotidne arterije. Medicinska istra\u017eivanja. 2012; 46(2):33-43.<\/li>\n<li>Kova\u010devi\u0107 D, <strong>Kova\u010devi\u0107 S<\/strong>. Aktivnost alfa naftil acetat esteraze u humanom karotidnom plaku razli\u010dite morfologije. Knjiga sa\u017eetaka sa 53. Kongresa studenata biomedicinskih nauka Srbije sa me\u0111unarodnim u\u010de\u0161\u0107em. Kopaonik, 2012; str.352.<\/li>\n<li>Lazi\u0107 M, D\u017eakula A, <strong>Kova\u010devi\u0107 S<\/strong>. Ispitivanje uloge apoptoze u virusnom miokarditisu. Knjiga sa\u017eetaka sa 53. Kongresa studenata biomedicinskih nauka Srbije sa me\u0111unarodnim u\u010de\u0161\u0107em. Kopaonik, 2012; str.340.<\/li>\n<\/ol>\n<p>&nbsp;<\/p>\n","protected":false},"excerpt":{"rendered":"<p>Biografija: Ro\u0111en je 03. 05 1989. god. u Sarajevu. Medicinski fakultet, Univeziteta u Beogradu upisao 2008. god., a zavr\u0161io 2014.god., sa prose\u010dnom 9,00. Od 2015. god. je zaposlen u Institutu za patolo\u0161ku fiziologiju, Medicinski fakultet, Univerzitet u Beogradu. Specijalisti\u010dke akademske studije, modul Nuklearna medicina upisao je 2014. god. U toku je pisanje zavr\u0161nog rada naContinue reading &rarr;<\/p>\n","protected":false},"author":1,"featured_media":0,"parent":3734,"menu_order":0,"comment_status":"closed","ping_status":"closed","template":"","meta":[],"_links":{"self":[{"href":"http:\/\/www.medicinasporta.med.bg.ac.rs\/index.php?rest_route=\/wp\/v2\/pages\/3812"}],"collection":[{"href":"http:\/\/www.medicinasporta.med.bg.ac.rs\/index.php?rest_route=\/wp\/v2\/pages"}],"about":[{"href":"http:\/\/www.medicinasporta.med.bg.ac.rs\/index.php?rest_route=\/wp\/v2\/types\/page"}],"author":[{"embeddable":true,"href":"http:\/\/www.medicinasporta.med.bg.ac.rs\/index.php?rest_route=\/wp\/v2\/users\/1"}],"replies":[{"embeddable":true,"href":"http:\/\/www.medicinasporta.med.bg.ac.rs\/index.php?rest_route=%2Fwp%2Fv2%2Fcomments&post=3812"}],"version-history":[{"count":1,"href":"http:\/\/www.medicinasporta.med.bg.ac.rs\/index.php?rest_route=\/wp\/v2\/pages\/3812\/revisions"}],"predecessor-version":[{"id":3813,"href":"http:\/\/www.medicinasporta.med.bg.ac.rs\/index.php?rest_route=\/wp\/v2\/pages\/3812\/revisions\/3813"}],"up":[{"embeddable":true,"href":"http:\/\/www.medicinasporta.med.bg.ac.rs\/index.php?rest_route=\/wp\/v2\/pages\/3734"}],"wp:attachment":[{"href":"http:\/\/www.medicinasporta.med.bg.ac.rs\/index.php?rest_route=%2Fwp%2Fv2%2Fmedia&parent=3812"}],"curies":[{"name":"wp","href":"https:\/\/api.w.org\/{rel}","templated":true}]}}