{"id":3817,"date":"2017-05-26T12:02:21","date_gmt":"2017-05-26T10:02:21","guid":{"rendered":"http:\/\/www.medicinasporta.med.bg.ac.rs\/?page_id=3817"},"modified":"2018-02-12T14:24:51","modified_gmt":"2018-02-12T13:24:51","slug":"slavica-mutavdzin-3","status":"publish","type":"page","link":"http:\/\/www.medicinasporta.med.bg.ac.rs\/?page_id=3817&lang=en","title":{"rendered":"Slavica Mutavd\u017ein"},"content":{"rendered":"<div class=\"su-row\">\n<div class=\"su-column su-column-size-1-5\"><div class=\"su-column-inner su-u-clearfix su-u-trim\"> <img src=\"http:\/\/www.medicinasporta.med.bg.ac.rs\/wp-content\/uploads\/2017\/02\/Slavica-Mutavdzin.jpg\" alt=\"Slavica Mutavd\u017ein\" \/> <\/div><\/div>\n<div class=\"su-column su-column-size-4-5\"><div class=\"su-column-inner su-u-clearfix su-u-trim\"><strong>Slavica Mutavd\u017ein<br \/>\n<\/strong><\/p>\n<p><strong>Razlog upisa na Master studije PAHET<\/strong><\/p>\n<p>Sticanje detaljnijeg znanja i ve\u0161tina o ulozi fizi\u010dke aktivnosti i ve\u017ebanja u o\u010duvanju i unapre\u0111enju kvaliteta \u017eivota i primeni fizi\u010dke aktivnosti u prevenciji i terapiji bolesti. Razvoj ve\u0161tina individualnog planiranja, doziranja i kontrole programa ve\u017ebanja.<\/p>\n<p style=\"text-align: justify;\"><\/div><\/div>\n<\/div>\n<p style=\"text-align: justify;\"><div class=\"su-column su-column-size-1-1\"><div class=\"su-column-inner su-u-clearfix su-u-trim\"><\/div><\/div>\n<p style=\"text-align: justify;\"><strong>Biografija:<\/strong><\/p>\n<p>Ro\u0111ena je 19.12.1988. godine u Pan\u010devu. Medicinski fakultet, Univeziteta u Beogradu upisala je 2007. god., a zavr\u0161ila u junu 2013.god., sa prose\u010dnom ocenom 9,81\/10,00. Od juna 2014. godine zaposlena je na Institutu za medicinsku fiziologiju \u201eRihard Burjan\u201c, Medicinski fakultet, Univerzitet u Beogradu. Specijalisti\u010dke akademske studije, modul Klini\u010dka farmakologija i terapija upisala je \u0161kolske 2013\/14. godine, a juna 2016. god odbranila zavr\u0161ni rad na temu: Interakcije antikoagulantnih i antitrombocitnih lekova sa supstancama biljnog porekla, mentor: doc. dr Dragana Proti\u0107. Doktorske akademske studije, modul Fiziolo\u0161ke nauke upisala je \u0161kolske 2013\/14. godine. Oblasti interesovanja: Fiziologija, interna medicina (kardiologija), sportska medicina.<\/p>\n<p><strong>Stru\u010dna usavr\u0161avanja<\/strong><strong>:<\/strong><\/p>\n<ul>\n<li>Obavezan lekarski sta\u017e, Klini\u010dki Centar Srbije, Beograd, septembar 2013 \u2013 mart 2014.<\/li>\n<li>Stru\u010dna praksa na \u201cTexas Heart Institute at St. Luke\u2019s Episcopal Hospital, Department of Cardiovascular Transplantation and Mechanical Circulatory Support\u201c, Hjuston, Teksas, 30.jul \u2013 28. septembar 2012.<\/li>\n<li>Profesionalno usavr\u0161avanje studenata na \u201cUniversity Hospital Bratislava, 2<sup>nd<\/sup> Department of Internal Medicine \u2013 Department of Cardiology\u201d, Bratislava, Slova\u010dka, 1-31. avgust 2011.<\/li>\n<li>Instruktor na kursu \u201eOsnove hirur\u0161kog \u0161ivenja\u201c u organizaciji Medicinskog fakulteta i IFMSA \u2013 Serbia od 2012.<\/li>\n<\/ul>\n<p><strong>Oobjavljeni originalni radovi in extenso u \u010dasopisima: <\/strong><\/p>\n<ul>\n<li>Proti\u0107 D, Vujasinovi\u0107-Stupar N, Bukumiri\u0107 Z, Pavlov-Dolijanovi\u0107 S, Balti\u0107 S, Mutavd\u017ein S, Markovi\u0107-Deni\u0107 L, Zdravkovi\u0107 M, Todorovi\u0107 Z. Profile of rheumatology patients willing to report adverse drug reactions: bias from selective reporting. Patient Prefer Adherence 2016;10:115-21. doi: 10.2147\/PPA.S96449.<\/li>\n<li>Kardum N, Milovanovi\u0107 B, \u0160avikin K, Zduni\u0107 G, Mutavd\u017ein S, Gligorijevi\u0107 T, Spasi\u0107 S. Beneficial Effects of Polyphenol-Rich Chokeberry Juice Consumption on Blood Pressure Level and Lipid Status in Hypertensive Subjects. J Med Food 2015; 18(11):1231-8. doi: 10.1089\/jmf.2014.0171.<\/li>\n<li>Milovanovic B, Filipovic B, Mutavdzin S, Zdravkovic M, Gligorijevic T, Paunovic J, Arsic M. Cardiac autonomic dysfunction in patients with gastroesophageal reflux disease. World J Gastroenterol 2015 14;21(22):6982-9. doi: 10.3748\/wjg.v21.i22.6982.<\/li>\n<li>Labudovi\u0107 Borovi\u0107 MM, Lali\u0107 MI, Borovi\u0107 DS, Zaletel VI, Mutavd\u017ein SS, Baj\u010deti\u0107 IM, Kosti\u0107 VJ, Trifunovi\u0107 \u017dZ. Structural features of arterial grafts important for surgical myocardial revascularization: part I \u2013 histology of the internal thoracic artery. Vojnosanit pregl 2015; 72(10): 914\u2013921. doi: 10.2298\/VSP140515079L.<\/li>\n<li>Gligorijevic T, Mutavdzin S, Djajic V, Miljkovic S, Paunovic J, Arsic M, Zdravkovic M, Milovanovic B. A novel approach in assessment of baroreflex sensitivity in syncope patients. The Seventh International Symposium on Neurocardiology and The Sixth International Symposium on Noninvasive Electrocardiology, Belgrade, Serbia, 16-17 Oktober 2015, Neurocard 2015:63-68.<\/li>\n<li>Milovanovic B, Mutavdzin S, Paunovic J, Milovanovic A. \"Personalni pristup u lecenju hipertenzije i simpato-vagalni balans. Prvi kongres kardionefrologije i hipertenzije Jugoisto\u010dne Evrope \"KARNEF 2013\" Ni\u0161, Serbia, 9-11 May 2013 Kardionefrologija \u2013 zbornik radova.<\/li>\n<li>Milovanovic B, Radivojevic V, Mutavdzin S, Simic M. The Heritability of Heart Rate and Personalized Medicine. \u0412\u0435\u0441\u0442\u043d\u0438\u043a \u0447\u0435\u043b\u044f\u0431\u0438\u043d\u0441\u043a\u043e\u0439 \u043e\u0431\u043b\u0430\u0441\u0442\u043d\u043e\u0439 \u043a\u043b\u0438\u043d\u0438\u0447\u0435\u0441\u043a\u043e\u0439 \u0431\u043e\u043b\u044c\u043d\u0438\u0446\u044b, \u201cK\u043b\u0438\u043d\u0438\u0447\u0435\u0441\u043a\u0430\u044f \u043d\u0435\u0439\u0440\u043e\u043a\u0430\u0440\u0434\u0438\u043e\u043b\u043e\u0433\u0438\u044f 2012\u201d, Celjabinsk, Russia, 29-30 Oktober 2012, \u0412\u0435\u0441\u0442\u043d\u0438\u043a: 17-22.<\/li>\n<li>Milovanovi\u0107 B, Radivojevi\u0107 V, Mutavd\u017ein S, Milovanovic B, Krajnovi\u0107 T. The Analysis of Biological Signals and Genetically Determined Function of Autonomic Nervous System. QIM 2011 Round Table Knowledge Federation Proceedings, Belgrade, Serbia, 2 September 2011, Zbornik radova: 245-248.<\/li>\n<\/ul>\n<p><strong>Najzna\u010dajnija u\u010de\u0161\u0107a na stru\u010dnim simpozijumima i nau\u010dnim konferencijama:<\/strong><\/p>\n<ul>\n<li>IOC Course on Sport Cardiology, Current Concepts in the Evaluation of Athlete\u2019s Heart. Beograd, Srbija, 28-29. novembar 2016<\/li>\n<li>The Eight International Symposium on Neurocardiology and The Seventh International Symposium on Noninvasive Electrocardiology, Beograd, 14-15. oktobar 2015.<\/li>\n<li>34<sup>th<\/sup> FIMS World Sports Medicine Congress. Ljubljana, Slovenia, 29 septembar \u2013 2 oktobar 2016. (jedan od autora prezentovanog nau\u010dno-istra\u017eiva\u010dkog rada)<\/li>\n<li>The Seventh International Symposium on Neurocardiology and The Sixth International Symposium on Noninvasive Electrocardiology, Beograd, 16-17. oktobar 2015. (autor prezentovanih nau\u010dno-istra\u017eiva\u010dkih radova)<\/li>\n<li>16th Congress of the International Society for Holter and Noninvasive Electrocardiology (ISHNE), Lion, Francuska, 4-6. jun 2015. (autor prezentovanih nau\u010dno-istra\u017eiva\u010dkih radova)<\/li>\n<li>The First Serbian International Sports Medicine Conference, Beograd, 21-23 maj 2015.<\/li>\n<li>16th Congress of the Russian Society for Holter Monitoring and Noninvasive Electrophysiology, the 8th All-Russian Congress \u201cClinical Electrocardiology\u201c, 22-23. april 2015, Kazan, Rusija (jedan od autora prezentovanih nau\u010dno-istra\u017eiva\u010dkih radova)<\/li>\n<li>World Hypertension Congress 2013, Istanbul, 27-30. jun 2013. (Jedan od autora prezentovanog nau\u010dno-istra\u017eiva\u010dkog rada)<\/li>\n<li>15<sup>th<\/sup> Congress of the International Society for Holter and Noninvasive Electrocardiology (ISHNE), Temi\u0161var, 30. maj \u2013 01. jun 2013. (Jedan od autora prezentovanih nau\u010dno-istra\u017eiva\u010dkih radova)<\/li>\n<li>Heart Failure 2012, Beograd, 19-22. maj 2012. (U\u010de\u0161\u0107e i jedan od autora prezentovanog postera)<\/li>\n<\/ul>\n<div class=\"su-custom-gallery su-custom-gallery-title-never su-lightbox-gallery\"><div class=\"su-custom-gallery-slide\"><a href=\"http:\/\/www.medicinasporta.med.bg.ac.rs\/wp-content\/uploads\/2017\/05\/slalvica-mutavdzin-1-1.jpg\" target=\"_blank\" title=\"slalvica-mutavdzin-1\"><img src=\"http:\/\/www.medicinasporta.med.bg.ac.rs\/wp-content\/uploads\/2017\/05\/slalvica-mutavdzin-1-1-230x130.jpg\" alt=\"slalvica-mutavdzin-1\" width=\"230\" height=\"130\" \/><span class=\"su-custom-gallery-title\">slalvica-mutavdzin-1<\/span><\/a><\/div><div class=\"su-custom-gallery-slide\"><a href=\"http:\/\/www.medicinasporta.med.bg.ac.rs\/wp-content\/uploads\/2017\/05\/slalvica-mutavdzin-2-1.jpg\" target=\"_blank\" title=\"slalvica-mutavdzin-2\"><img src=\"http:\/\/www.medicinasporta.med.bg.ac.rs\/wp-content\/uploads\/2017\/05\/slalvica-mutavdzin-2-1-230x130.jpg\" alt=\"slalvica-mutavdzin-2\" width=\"230\" height=\"130\" \/><span class=\"su-custom-gallery-title\">slalvica-mutavdzin-2<\/span><\/a><\/div><div class=\"su-custom-gallery-slide\"><a href=\"http:\/\/www.medicinasporta.med.bg.ac.rs\/wp-content\/uploads\/2017\/05\/slalvica-mutavdzin-3-1.jpg\" target=\"_blank\" title=\"slalvica-mutavdzin-3\"><img src=\"http:\/\/www.medicinasporta.med.bg.ac.rs\/wp-content\/uploads\/2017\/05\/slalvica-mutavdzin-3-1-230x130.jpg\" alt=\"slalvica-mutavdzin-3\" width=\"230\" height=\"130\" \/><span class=\"su-custom-gallery-title\">slalvica-mutavdzin-3<\/span><\/a><\/div><div class=\"su-clear\"><\/div><\/div>\n","protected":false},"excerpt":{"rendered":"<p>Biografija: Ro\u0111ena je 19.12.1988. godine u Pan\u010devu. Medicinski fakultet, Univeziteta u Beogradu upisala je 2007. god., a zavr\u0161ila u junu 2013.god., sa prose\u010dnom ocenom 9,81\/10,00. Od juna 2014. godine zaposlena je na Institutu za medicinsku fiziologiju \u201eRihard Burjan\u201c, Medicinski fakultet, Univerzitet u Beogradu. Specijalisti\u010dke akademske studije, modul Klini\u010dka farmakologija i terapija upisala je \u0161kolske 2013\/14.Continue reading &rarr;<\/p>\n","protected":false},"author":1,"featured_media":0,"parent":3734,"menu_order":0,"comment_status":"closed","ping_status":"closed","template":"","meta":[],"_links":{"self":[{"href":"http:\/\/www.medicinasporta.med.bg.ac.rs\/index.php?rest_route=\/wp\/v2\/pages\/3817"}],"collection":[{"href":"http:\/\/www.medicinasporta.med.bg.ac.rs\/index.php?rest_route=\/wp\/v2\/pages"}],"about":[{"href":"http:\/\/www.medicinasporta.med.bg.ac.rs\/index.php?rest_route=\/wp\/v2\/types\/page"}],"author":[{"embeddable":true,"href":"http:\/\/www.medicinasporta.med.bg.ac.rs\/index.php?rest_route=\/wp\/v2\/users\/1"}],"replies":[{"embeddable":true,"href":"http:\/\/www.medicinasporta.med.bg.ac.rs\/index.php?rest_route=%2Fwp%2Fv2%2Fcomments&post=3817"}],"version-history":[{"count":2,"href":"http:\/\/www.medicinasporta.med.bg.ac.rs\/index.php?rest_route=\/wp\/v2\/pages\/3817\/revisions"}],"predecessor-version":[{"id":3863,"href":"http:\/\/www.medicinasporta.med.bg.ac.rs\/index.php?rest_route=\/wp\/v2\/pages\/3817\/revisions\/3863"}],"up":[{"embeddable":true,"href":"http:\/\/www.medicinasporta.med.bg.ac.rs\/index.php?rest_route=\/wp\/v2\/pages\/3734"}],"wp:attachment":[{"href":"http:\/\/www.medicinasporta.med.bg.ac.rs\/index.php?rest_route=%2Fwp%2Fv2%2Fmedia&parent=3817"}],"curies":[{"name":"wp","href":"https:\/\/api.w.org\/{rel}","templated":true}]}}