{"id":4154,"date":"2018-02-08T14:36:13","date_gmt":"2018-02-08T13:36:13","guid":{"rendered":"http:\/\/www.medicinasporta.med.bg.ac.rs\/?page_id=4154"},"modified":"2018-02-12T14:12:38","modified_gmt":"2018-02-12T13:12:38","slug":"integrated-academic-studies","status":"publish","type":"page","link":"http:\/\/www.medicinasporta.med.bg.ac.rs\/?page_id=4154&lang=en","title":{"rendered":"Integrated academic studies &#8211; Elective courses"},"content":{"rendered":"<h2>Integrated academic studies &#8211; Elective courses<\/h2>\n<div class=\"su-box su-box-style-default\" id=\"\" style=\"border-color:#003580;border-radius:3px\"><div class=\"su-box-title\" style=\"background-color:#0068b3;color:#FFFFFF;border-top-left-radius:1px;border-top-right-radius:1px\">Physiology of physical activity (Physiology of exercise) - Second year<\/div><div class=\"su-box-content su-u-clearfix su-u-trim\" style=\"border-bottom-left-radius:1px;border-bottom-right-radius:1px\">\n<strong>Head of the course:<\/strong> Professor Sanja Mazic<br \/>\n<strong>Organizers: <\/strong>Medical Physiology<br \/>\n<strong>Time-table:<\/strong> 4<sup>th<\/sup> Semester<br \/>\n<strong>Number of hours:<\/strong> 15 theoretical + 4 practical + 11 individual students&#8217; work<br \/>\n<strong>Number of students: <\/strong>30-60<br \/>\n<strong>Aim of the subject: <\/strong>The influence of physical activity on the homeostatic control systems of the organism<br \/>\n<strong>Knowledge test methode:<\/strong> TEST<\/p>\n<p><strong>Programme &#8211; Topics and professors<br \/>\n<\/strong><\/p>\n<ol>\n<li>Oxidative stress in sports (2) Professors Ljiljana Scepanovic<\/li>\n<li>Specificity of nutrition of athletes (2) Professor Slavica Suzic<\/li>\n<li>Limiting factors for achieving maximum oxygen consumption (2) Professor Dusan Mitrovic<\/li>\n<li>The influence of the external environment on physical activity (3) Associate Professor Predrag Brkic<\/li>\n<li>Physiological adaptation to regular intensive physical activity (2) Associate Professor Marina Djelic<\/li>\n<li>Biological sources of energy &#8211; anaerobic and aerobic physical activity (2) Professor Sanja Mazic<\/li>\n<li>Physical activity that leads to health promotion (2) Professor Sanja Mazic<\/li>\n<li>Testing athletes Professor<\/li>\n<li>\u00a0Testing functional capabilities of the cardiovascular and respiratory system (2) Professor Sanja Mazic\n<ul>\n<li>Tests for strength estimation (1)<\/li>\n<li>Tests for speed estimation (1)<\/li>\n<\/ul>\n<\/li>\n<\/ol>\n<\/div><\/div>\n<div class=\"su-box su-box-style-default\" id=\"\" style=\"border-color:#002667;border-radius:3px\"><div class=\"su-box-title\" style=\"background-color:#00599a;color:#FFFFFF;border-top-left-radius:1px;border-top-right-radius:1px\">Application of physical activity in the treatment of chronic non-communicable diseases and in specific groups - Fifth year<\/div><div class=\"su-box-content su-u-clearfix su-u-trim\" style=\"border-bottom-left-radius:1px;border-bottom-right-radius:1px\">\n<p><strong>Head of the course:<\/strong> Professor Sanja Mazi\u0107<br \/>\n<strong>Organizers:<\/strong> Medical Physiology, Pediatrics, Internal Medicine, Psychiatry, Gynecology, Surgery<br \/>\n<strong>Time-table:<\/strong> 10<sup>th<\/sup> Semester<br \/>\n<strong>Number of hours:<\/strong> 24 theoretical + 6 practical<br \/>\n<strong>Number of students: <\/strong>30-60<br \/>\n<strong>Aim of the subject: <\/strong>Application of individually dosed, programmed and controlled physical activity in the treatment of chronic non-communicable diseases as well as the specificity of physical activity in special groups.<br \/>\n<strong>Knowledge test methode:<\/strong> TEST<\/p>\n<p><strong>Programme &#8211; Topics and professors<\/strong><\/p>\n<ol>\n<li>Physical activity in prevention and treatment of chronic non-communicable diseases (2) Professor Sanja Mazi\u0107<\/li>\n<li>Physical activity dosage principles, aerobic and anaerobic physical activity, exercise and endurance exercises (2) Associate Professor Predrag Brki\u0107<\/li>\n<li>Physical activity in therapy of obesity (2) Associate Professor Dejan Ne\u0161i\u0107<\/li>\n<li>Physical activity in therapy of diabetes mellitus 2 (2) Professor \u00a0Mirjana \u0160umarac &#8211; Dumanovi\u0107<\/li>\n<li>Place of physical activity in the treatment of cardiovascular diseases (2) Professor dr Milica Dekleva<\/li>\n<li>Place of physical activity in the treatment of respiratory diseases (2) Assistant Professor Vladimir \u017dugi\u0107<\/li>\n<li>Physical activity in elderly (2) Assistant Professor Igor Panti\u0107<\/li>\n<li>Physical activity in women at different ages (2) Professor Milan Terzi\u0107<\/li>\n<li>Physical activity in prevention and treatment of osteoporosis (2) Assistant Professor Marina \u0110eli\u0107<\/li>\n<li>Physical activity in children (2) Professor Vojislav Parezanovi\u0107<\/li>\n<li>The role of physical activity in mental health (2) Associate Professor Na\u0111a Mari\u0107<\/li>\n<li>The most common injuries and diseases in elite athletes &#8211; experience of the Olympic team of Serbia (2) Professor \u00a0Dragan Radovanovi\u0107<\/li>\n<li>Practical work: assembling programs of individually dosed and programmed exercise for different purposes (6) Associate Professor Sanja Mazi\u0107 (Teaching Assistant Biljana \u0110uri\u0107, Teaching Assistant Slavica Mutavd\u017ein, Teaching Assistant Nikola Topalovi\u0107)<\/li>\n<\/ol>\n<\/div><\/div>\n","protected":false},"excerpt":{"rendered":"<p>Integrated academic studies &#8211; Elective courses<\/p>\n","protected":false},"author":1,"featured_media":0,"parent":3669,"menu_order":0,"comment_status":"closed","ping_status":"closed","template":"","meta":[],"_links":{"self":[{"href":"http:\/\/www.medicinasporta.med.bg.ac.rs\/index.php?rest_route=\/wp\/v2\/pages\/4154"}],"collection":[{"href":"http:\/\/www.medicinasporta.med.bg.ac.rs\/index.php?rest_route=\/wp\/v2\/pages"}],"about":[{"href":"http:\/\/www.medicinasporta.med.bg.ac.rs\/index.php?rest_route=\/wp\/v2\/types\/page"}],"author":[{"embeddable":true,"href":"http:\/\/www.medicinasporta.med.bg.ac.rs\/index.php?rest_route=\/wp\/v2\/users\/1"}],"replies":[{"embeddable":true,"href":"http:\/\/www.medicinasporta.med.bg.ac.rs\/index.php?rest_route=%2Fwp%2Fv2%2Fcomments&post=4154"}],"version-history":[{"count":7,"href":"http:\/\/www.medicinasporta.med.bg.ac.rs\/index.php?rest_route=\/wp\/v2\/pages\/4154\/revisions"}],"predecessor-version":[{"id":4198,"href":"http:\/\/www.medicinasporta.med.bg.ac.rs\/index.php?rest_route=\/wp\/v2\/pages\/4154\/revisions\/4198"}],"up":[{"embeddable":true,"href":"http:\/\/www.medicinasporta.med.bg.ac.rs\/index.php?rest_route=\/wp\/v2\/pages\/3669"}],"wp:attachment":[{"href":"http:\/\/www.medicinasporta.med.bg.ac.rs\/index.php?rest_route=%2Fwp%2Fv2%2Fmedia&parent=4154"}],"curies":[{"name":"wp","href":"https:\/\/api.w.org\/{rel}","templated":true}]}}