{"id":4362,"date":"2018-02-22T12:50:11","date_gmt":"2018-02-22T11:50:11","guid":{"rendered":"http:\/\/www.medicinasporta.med.bg.ac.rs\/?page_id=4362"},"modified":"2019-11-01T14:39:10","modified_gmt":"2019-11-01T13:39:10","slug":"aleksandra-nikolic","status":"publish","type":"page","link":"http:\/\/www.medicinasporta.med.bg.ac.rs\/?page_id=4362&lang=sr","title":{"rendered":"Aleksandra Nikoli\u0107"},"content":{"rendered":"<div class=\"su-row\">\n<div class=\"su-column su-column-size-1-5\"><div class=\"su-column-inner su-u-clearfix su-u-trim\"> <img src=\"http:\/\/www.medicinasporta.med.bg.ac.rs\/wp-content\/uploads\/2018\/02\/aleksandra_nikolic.jpg\" alt=\"Aleksandra Nikoli\u0107\" \/> <\/div><\/div>\n<div class=\"su-column su-column-size-4-5\"><div class=\"su-column-inner su-u-clearfix su-u-trim\"><strong>Aleksandra Nikoli\u0107<br \/>\n<\/strong><\/p>\n<p><strong>Razlog upisa na Master studije PAHET<\/strong><\/p>\n<p>Za ovaj master program sam se opredelila iz razloga \u0161to \u017eelim da steknem i usavr\u0161im znanja iz oblasti sportske medicine, koja bih kasnije primenila u svojoj praksi. Konkretno, najvi\u0161e me zanimaju strategije planiranja i modeliranja rehabilitacionih programa kako bi se pacijenti u \u0161to br\u017eem roku oporavili nakon povrede, i \u0161to bezbednije vratili uobi\u010dajnim aktivnostima. Tako\u0111e, \u017eelim da steknem znanja po pitanju op\u0161tih, ali i usko-specifi\u010dnih\u00a0 fizilo\u0161kih stanja koja su karakteristi\u010dna za sportiste. Pored toga, interesuju me specifi\u010dni poreme\u0107aji zdravstvenog statusa kod sportista, sportska traumatologija i principi pravilne ishrane, koja bi zadovoljila individualne potrebe pojedinih sportista. \u0160to se ti\u010de javnog zdravlja, cilj mi je da ste\u010dena znanja i ve\u0161tine koristim u svrhu promocije fizi\u010dkih aktivnosti u \u0161iroj populaciji. Namera mi je da pobudim svest kod ljudi o kulturi ve\u017ebanja i time doprinesem pobolj\u0161anju njihovog kvaliteta \u017eivota.<\/p>\n<p style=\"text-align: justify;\"><\/div><\/div>\n<\/div>\n<p style=\"text-align: justify;\"><div class=\"su-column su-column-size-1-1\"><div class=\"su-column-inner su-u-clearfix su-u-trim\"><\/div><\/div>\n<p style=\"text-align: justify;\"><strong>Biografija:<\/strong><\/p>\n<p style=\"text-align: justify;\"><strong>Odbranjen Master rad pod nazivom:\u00a0<\/strong>Metode kineziterapije u rehabilitaciji povreda donjih ekstremiteta kod fudbalera<\/p>\n","protected":false},"excerpt":{"rendered":"<p>Biografija: Odbranjen Master rad pod nazivom:\u00a0Metode kineziterapije u rehabilitaciji povreda donjih ekstremiteta kod fudbalera<\/p>\n","protected":false},"author":1,"featured_media":0,"parent":2660,"menu_order":0,"comment_status":"closed","ping_status":"closed","template":"","meta":[],"_links":{"self":[{"href":"http:\/\/www.medicinasporta.med.bg.ac.rs\/index.php?rest_route=\/wp\/v2\/pages\/4362"}],"collection":[{"href":"http:\/\/www.medicinasporta.med.bg.ac.rs\/index.php?rest_route=\/wp\/v2\/pages"}],"about":[{"href":"http:\/\/www.medicinasporta.med.bg.ac.rs\/index.php?rest_route=\/wp\/v2\/types\/page"}],"author":[{"embeddable":true,"href":"http:\/\/www.medicinasporta.med.bg.ac.rs\/index.php?rest_route=\/wp\/v2\/users\/1"}],"replies":[{"embeddable":true,"href":"http:\/\/www.medicinasporta.med.bg.ac.rs\/index.php?rest_route=%2Fwp%2Fv2%2Fcomments&post=4362"}],"version-history":[{"count":3,"href":"http:\/\/www.medicinasporta.med.bg.ac.rs\/index.php?rest_route=\/wp\/v2\/pages\/4362\/revisions"}],"predecessor-version":[{"id":5395,"href":"http:\/\/www.medicinasporta.med.bg.ac.rs\/index.php?rest_route=\/wp\/v2\/pages\/4362\/revisions\/5395"}],"up":[{"embeddable":true,"href":"http:\/\/www.medicinasporta.med.bg.ac.rs\/index.php?rest_route=\/wp\/v2\/pages\/2660"}],"wp:attachment":[{"href":"http:\/\/www.medicinasporta.med.bg.ac.rs\/index.php?rest_route=%2Fwp%2Fv2%2Fmedia&parent=4362"}],"curies":[{"name":"wp","href":"https:\/\/api.w.org\/{rel}","templated":true}]}}