{"id":4374,"date":"2018-02-22T13:17:58","date_gmt":"2018-02-22T12:17:58","guid":{"rendered":"http:\/\/www.medicinasporta.med.bg.ac.rs\/?page_id=4374"},"modified":"2019-11-01T14:50:03","modified_gmt":"2019-11-01T13:50:03","slug":"dorde-milovanov","status":"publish","type":"page","link":"http:\/\/www.medicinasporta.med.bg.ac.rs\/?page_id=4374&lang=sr","title":{"rendered":"\u0110or\u0111e Milovanov"},"content":{"rendered":"<div class=\"su-row\">\n<div class=\"su-column su-column-size-1-5\"><div class=\"su-column-inner su-u-clearfix su-u-trim\"> <img src=\"http:\/\/www.medicinasporta.med.bg.ac.rs\/wp-content\/uploads\/2018\/02\/djordje_milovanov.jpg\" alt=\"\u0110or\u0111e Milovanov\" \/> <\/div><\/div>\n<div class=\"su-column su-column-size-4-5\"><div class=\"su-column-inner su-u-clearfix su-u-trim\"><strong>\u0110or\u0111e Milovanov<br \/>\n<\/strong><\/p>\n<p><strong>Razlog upisa na Master studije PAHET<\/strong><\/p>\n<p>Motiv za upis na master studije PAHET je stru\u010dno usavr\u0161avanje u oblasti rekreacije i sporta i njihova povezanost sa medicinskim i psiholo\u0161kim naukama. Kao neko kome je \u017eelja da se bavi nau\u010dno-istra\u017eiva\u010dkim radom u oblasti rekreacije i sporta, ovaj interdisciplinarni studijski program omogu\u0107uje upoznavanje srodnih segmenata prethodno spomenutih nauka i njihovu me\u0111usobnu povezanost i zna\u010daj. Tako\u0111e, stvara se \u010dvrsta baza za nastavak usavr\u0161avanja i specijalizaciju kao i osposobljenost za rad sa rekreativcima i sportistima, koji se bazira na nau\u010dnim dokazima i saznanjima. Master program \u201cFizi\u010dka aktivnost, zdravlje i terapija ve\u017ebanjem\u201c, osim \u0161to je ispunio moja o\u010dekivanja, kroz predavanja mi je pru\u017eio mogu\u0107nost za upoznavanje vrhunskih stru\u010dnjaka iz razli\u010ditih oblasti i otvorio vrata za mo\u017eda neku vrstu saradnje u nau\u010dno-istra\u017eiva\u010dkom polju u budu\u0107nosti.<\/p>\n<p style=\"text-align: justify;\"><\/div><\/div>\n<\/div>\n<p style=\"text-align: justify;\"><div class=\"su-column su-column-size-1-1\"><div class=\"su-column-inner su-u-clearfix su-u-trim\"><\/div><\/div>\n<p style=\"text-align: justify;\"><strong>Biografija:<\/strong><\/p>\n<p>Ro\u0111en 26.03.1984. godine u Kikindi. Osnovnu \u0161kolu i gimnaziju (op\u0161ti smer) je zavr\u0161io u Kikindi. Upisao Fakultet sporta i fizi\u010dkog vaspitanja, Univerzitet u Novom Sadu, 2003. godine i zavr\u0161io ga 2015. godine. Na Fakultetu sporta i fizi\u010dkog vaspitanja, Univerziteta u Novom Sadu, \u00a02007. godine upisuje i trogodi\u0161nji strukovni program (studije), smer \u201cSportska rekreacija\u201c, a zavr\u0161ava ga 2016. godine. Iste godine upisuje i master akademske studije pod nazivom Sportska medicina sa fizikoterapijom, koji je u sklopu Asocijacije centara za interdisciplinarne i multidisciplinarne studije i istra\u017eivanja (ACIMSI), Univerziteta u Novom Sadu. Odbrana master rada je planirana u toku 2018. godine. Tokom po\u010detnih godina studiranja, bavio se vi\u0161e poslovima van struke, da bi 2012. godine na\u0161ao veliko interesovanje u oblasti sportske rekreacije u vidu li\u010dnih (personalnih) treninga i u oblasti kineziterapije, konkretno u korektivnoj gimnastici. Krajem 2012. godine volontira 3 meseca u ustanovi Op\u0161ta bolnica Kikinda, u sali za kineziterapiju, u ulozi kineziterapeuta za korektivnu gimnastiku sa pacijentima svih uzrasta, kao deo stru\u010dnog usavr\u0161avanja. Tokom 2013. godine priklju\u010duje se letnjem kampu korektivne gimnastike za decu, kluba \u201cKorak\u201c iz Subotice, koji se odr\u017eavao u Sutomoru. U 2013. godini jos zavr\u0161ava i FISAF kurseve za fitnes instruktora i za personalnog trenera i poha\u0111a internacionalne studentske nedelje u Ilmenau (Nema\u010dka), u radnoj grupi pod nazivom \u201cZdravlje i zavisnost\u201c i u Temi\u0161varu (Rumunija), u radnoj grupi pod nazivom \u201cSamoodbrana\u201c. U 2014. godini nalazi interesovanje i u oblasti nauke u borila\u010dkim sportovima, a zatim iz te oblasti uzima teme za prvi diplomski i prvi master rad. Od 2012. godine u\u010desnik je mnogih seminara, konferencija, sajmova i kra\u0107ih kurseva iz oblasti interesovanja. Zala\u017eenjem u vi\u0161e oblasti, kao \u0161to su kineziterapija, personalni treninzi i borila\u010dki sportovi, koje me\u0111usobno imaju va\u017ene dodirne ta\u010dke, doprinelo je obuhvatnijem znanju, ve\u0107oj stru\u010dnosti i \u0161irem razumevanju nauka fizi\u010dke aktivnosti i sporta.<\/p>\n<p>Pored dobrog znanja engleskog jezika, ima polozen B1 nivo italijanskog jezika i tako\u0111e ima u planu da obnovi i unapredi znanje iz nema\u010dkog jezika.<\/p>\n<p>U mla\u0111em uzrastu \u017eivota se bavio mnogim sportovima (\u010desto je trenirao vi\u0161e sportova istovremeno), a najdu\u017ee karateom, fudbalom, ko\u0161arkom i kikboksom. U punoletstvu je nastavio rekreativno sa borila\u010dkim sportovima kao \u0161to su kikboks, sanda borbe, mma i boks, uz povremeni izlazak na nekoliko takmi\u010denja tokom godina.<\/p>\n<p><strong>Odbranjen Master rad pod nazivom:\u00a0<\/strong>Korelacija metoda antropometrije i bioelektri\u010dne impedance u proceni telesne kompozicije kod mu\u0161karaca i \u017eena iste starosne dobi<\/p>\n","protected":false},"excerpt":{"rendered":"<p>Biografija: Ro\u0111en 26.03.1984. godine u Kikindi. Osnovnu \u0161kolu i gimnaziju (op\u0161ti smer) je zavr\u0161io u Kikindi. Upisao Fakultet sporta i fizi\u010dkog vaspitanja, Univerzitet u Novom Sadu, 2003. godine i zavr\u0161io ga 2015. godine. Na Fakultetu sporta i fizi\u010dkog vaspitanja, Univerziteta u Novom Sadu, \u00a02007. godine upisuje i trogodi\u0161nji strukovni program (studije), smer \u201cSportska rekreacija\u201c, aContinue reading &rarr;<\/p>\n","protected":false},"author":1,"featured_media":0,"parent":2660,"menu_order":0,"comment_status":"closed","ping_status":"closed","template":"","meta":[],"_links":{"self":[{"href":"http:\/\/www.medicinasporta.med.bg.ac.rs\/index.php?rest_route=\/wp\/v2\/pages\/4374"}],"collection":[{"href":"http:\/\/www.medicinasporta.med.bg.ac.rs\/index.php?rest_route=\/wp\/v2\/pages"}],"about":[{"href":"http:\/\/www.medicinasporta.med.bg.ac.rs\/index.php?rest_route=\/wp\/v2\/types\/page"}],"author":[{"embeddable":true,"href":"http:\/\/www.medicinasporta.med.bg.ac.rs\/index.php?rest_route=\/wp\/v2\/users\/1"}],"replies":[{"embeddable":true,"href":"http:\/\/www.medicinasporta.med.bg.ac.rs\/index.php?rest_route=%2Fwp%2Fv2%2Fcomments&post=4374"}],"version-history":[{"count":3,"href":"http:\/\/www.medicinasporta.med.bg.ac.rs\/index.php?rest_route=\/wp\/v2\/pages\/4374\/revisions"}],"predecessor-version":[{"id":5402,"href":"http:\/\/www.medicinasporta.med.bg.ac.rs\/index.php?rest_route=\/wp\/v2\/pages\/4374\/revisions\/5402"}],"up":[{"embeddable":true,"href":"http:\/\/www.medicinasporta.med.bg.ac.rs\/index.php?rest_route=\/wp\/v2\/pages\/2660"}],"wp:attachment":[{"href":"http:\/\/www.medicinasporta.med.bg.ac.rs\/index.php?rest_route=%2Fwp%2Fv2%2Fmedia&parent=4374"}],"curies":[{"name":"wp","href":"https:\/\/api.w.org\/{rel}","templated":true}]}}