{"id":4394,"date":"2018-02-22T13:42:41","date_gmt":"2018-02-22T12:42:41","guid":{"rendered":"http:\/\/www.medicinasporta.med.bg.ac.rs\/?page_id=4394"},"modified":"2023-06-03T16:50:44","modified_gmt":"2023-06-03T14:50:44","slug":"nenad-pavlovic","status":"publish","type":"page","link":"http:\/\/www.medicinasporta.med.bg.ac.rs\/?page_id=4394&lang=sr","title":{"rendered":"Nenad Pavlovi\u0107"},"content":{"rendered":"<div class=\"su-row\">\n<div class=\"su-column su-column-size-1-5\"><div class=\"su-column-inner su-u-clearfix su-u-trim\"> <img loading=\"lazy\" class=\"alignnone size-medium wp-image-6919\" src=\"http:\/\/www.medicinasporta.med.bg.ac.rs\/wp-content\/uploads\/2023\/06\/Nenad-Pavlovic-profil-234x300.jpg\" alt=\"\" width=\"234\" height=\"300\" srcset=\"http:\/\/www.medicinasporta.med.bg.ac.rs\/wp-content\/uploads\/2023\/06\/Nenad-Pavlovic-profil-234x300.jpg 234w, http:\/\/www.medicinasporta.med.bg.ac.rs\/wp-content\/uploads\/2023\/06\/Nenad-Pavlovic-profil.jpg 312w\" sizes=\"(max-width: 234px) 100vw, 234px\" \/>\u00a0<\/div><\/div>\n<div class=\"su-column su-column-size-4-5\"><div class=\"su-column-inner su-u-clearfix su-u-trim\"><strong>Nenad Pavlovi\u0107<br \/>\n<\/strong><\/p>\n<p><strong>Razlog upisa na Master studije PAHET<\/strong><\/p>\n<p>Pogled na program modula, kao i referentna lista koordinatora-predava\u010da, bili su glavni motiv za upis na ovaj master program. Program se pokazao idealnim da nivo svog prakti\u010dnog znanja upotpunim vrhunskom teoretskom edukacijom.<\/p>\n<p style=\"text-align: justify;\"><\/div><\/div>\n<\/div>\n<p style=\"text-align: justify;\"><div class=\"su-column su-column-size-1-1\"><div class=\"su-column-inner su-u-clearfix su-u-trim\"><\/div><\/div>\n<p style=\"text-align: justify;\"><strong>Biografija:<\/strong><\/p>\n<p>Ro\u0111en 1974.godine u Beogradu. Zavr\u0161io je Vi\u0161u \u0161kolu za sportske trenere odsek-fudbal, kao i Fakultet za sport u Beogradu 2002.godine. Poseduje UEFA \u00a0licencu za fudbalskog trenera. Zavr\u0161io \u0161kolu za Futsal trenere i poseduje UEFA Futsal licencu br.011. Zavr\u0161io \u0161kolu za fitnes instruktora i personalnog trenera i poseduje licencu Udru\u017eenja sportskih trenera. Profesionalno se bavio fudbalom na Kipru, u Gr\u010dkoj, Nema\u010dkoj i na Malti. U mla\u0111im selekcijama nastupao za F.K.Crvena Zvezda i F.K.BSK Bor\u010da. Osniva\u010d i vlasnik \u0161kole fudbala Diplomatik, namenjenoj deci stranih dr\u017eavljana koji su na radu u Srbiji. Trenerskim poslom bavi se od 1998.godine. Promoter \u201cBeach soccer-a\u201d,\u00a0 na Kipru. Radi kao skaut i analiti\u010dar za nekoliko fudbalskih klubova koji nastupaju u UEFA ligi Evrope. U\u010destvovao kao autor rada na Me\u0111unarodnoj konferenciji \u201c Sport, zdravlje i \u017eivotna sredina 2017\u201d., u Beogradu.<\/p>\n<p><strong>Odbranjen Master rad pod nazivom:\u00a0<\/strong>Fizi\u010dka aktivnost me\u0111u zaposlenima na Medicinskom fakultetu u Beogradu<\/p>\n<div class=\"su-custom-gallery su-custom-gallery-title-never su-lightbox-gallery\"><div class=\"su-custom-gallery-slide\"><a href=\"http:\/\/www.medicinasporta.med.bg.ac.rs\/wp-content\/uploads\/2023\/06\/Nenad-Pavlovic-2.jpg\" target=\"_blank\" title=\"Nenad Pavlovic 2\"><img src=\"http:\/\/www.medicinasporta.med.bg.ac.rs\/wp-content\/uploads\/2023\/06\/Nenad-Pavlovic-2-230x130.jpg\" alt=\"Nenad Pavlovic 2\" width=\"230\" height=\"130\" \/><span class=\"su-custom-gallery-title\">Nenad Pavlovic 2<\/span><\/a><\/div><div class=\"su-custom-gallery-slide\"><a href=\"http:\/\/www.medicinasporta.med.bg.ac.rs\/wp-content\/uploads\/2023\/06\/Nenad-Pavlovic-3.jpg\" target=\"_blank\" title=\"Nenad Pavlovic 3\"><img src=\"http:\/\/www.medicinasporta.med.bg.ac.rs\/wp-content\/uploads\/2023\/06\/Nenad-Pavlovic-3-230x130.jpg\" alt=\"Nenad Pavlovic 3\" width=\"230\" height=\"130\" \/><span class=\"su-custom-gallery-title\">Nenad Pavlovic 3<\/span><\/a><\/div><div class=\"su-custom-gallery-slide\"><a href=\"http:\/\/www.medicinasporta.med.bg.ac.rs\/wp-content\/uploads\/2023\/06\/Nenad-Pavlovic-4.jpg\" target=\"_blank\" title=\"Nenad Pavlovic 4\"><img src=\"http:\/\/www.medicinasporta.med.bg.ac.rs\/wp-content\/uploads\/2023\/06\/Nenad-Pavlovic-4-230x130.jpg\" alt=\"Nenad Pavlovic 4\" width=\"230\" height=\"130\" \/><span class=\"su-custom-gallery-title\">Nenad Pavlovic 4<\/span><\/a><\/div><div class=\"su-custom-gallery-slide\"><a href=\"http:\/\/www.medicinasporta.med.bg.ac.rs\/wp-content\/uploads\/2023\/06\/Nenad-Pavlovic-5.jpg\" target=\"_blank\" title=\"Nenad Pavlovic 5\"><img src=\"http:\/\/www.medicinasporta.med.bg.ac.rs\/wp-content\/uploads\/2023\/06\/Nenad-Pavlovic-5-230x130.jpg\" alt=\"Nenad Pavlovic 5\" width=\"230\" height=\"130\" \/><span class=\"su-custom-gallery-title\">Nenad Pavlovic 5<\/span><\/a><\/div><div class=\"su-custom-gallery-slide\"><a href=\"http:\/\/www.medicinasporta.med.bg.ac.rs\/wp-content\/uploads\/2023\/06\/Nenad-Pavlovic-6.jpg\" target=\"_blank\" title=\"Nenad Pavlovic 6\"><img src=\"http:\/\/www.medicinasporta.med.bg.ac.rs\/wp-content\/uploads\/2023\/06\/Nenad-Pavlovic-6-230x130.jpg\" alt=\"Nenad Pavlovic 6\" width=\"230\" height=\"130\" \/><span class=\"su-custom-gallery-title\">Nenad Pavlovic 6<\/span><\/a><\/div><div class=\"su-custom-gallery-slide\"><a href=\"http:\/\/www.medicinasporta.med.bg.ac.rs\/wp-content\/uploads\/2023\/06\/Nenad-Pavlovic-7.jpg\" target=\"_blank\" title=\"Nenad Pavlovic 7\"><img src=\"http:\/\/www.medicinasporta.med.bg.ac.rs\/wp-content\/uploads\/2023\/06\/Nenad-Pavlovic-7-230x130.jpg\" alt=\"Nenad Pavlovic 7\" width=\"230\" height=\"130\" \/><span class=\"su-custom-gallery-title\">Nenad Pavlovic 7<\/span><\/a><\/div><div class=\"su-custom-gallery-slide\"><a href=\"http:\/\/www.medicinasporta.med.bg.ac.rs\/wp-content\/uploads\/2023\/06\/Nenad-Pavlovic-8.jpg\" target=\"_blank\" title=\"Nenad Pavlovic 8\"><img src=\"http:\/\/www.medicinasporta.med.bg.ac.rs\/wp-content\/uploads\/2023\/06\/Nenad-Pavlovic-8-230x130.jpg\" alt=\"Nenad Pavlovic 8\" width=\"230\" height=\"130\" \/><span class=\"su-custom-gallery-title\">Nenad Pavlovic 8<\/span><\/a><\/div><div class=\"su-custom-gallery-slide\"><a href=\"http:\/\/www.medicinasporta.med.bg.ac.rs\/wp-content\/uploads\/2023\/06\/Nenad-Pavlovic-9.jpg\" target=\"_blank\" title=\"Nenad Pavlovic 9\"><img src=\"http:\/\/www.medicinasporta.med.bg.ac.rs\/wp-content\/uploads\/2023\/06\/Nenad-Pavlovic-9-230x130.jpg\" alt=\"Nenad Pavlovic 9\" width=\"230\" height=\"130\" \/><span class=\"su-custom-gallery-title\">Nenad Pavlovic 9<\/span><\/a><\/div><div class=\"su-custom-gallery-slide\"><a href=\"http:\/\/www.medicinasporta.med.bg.ac.rs\/wp-content\/uploads\/2023\/06\/Nenad-Pavlovic-10.jpg\" target=\"_blank\" title=\"Nenad Pavlovic 10\"><img src=\"http:\/\/www.medicinasporta.med.bg.ac.rs\/wp-content\/uploads\/2023\/06\/Nenad-Pavlovic-10-230x130.jpg\" alt=\"Nenad Pavlovic 10\" width=\"230\" height=\"130\" \/><span class=\"su-custom-gallery-title\">Nenad Pavlovic 10<\/span><\/a><\/div><div class=\"su-custom-gallery-slide\"><a href=\"http:\/\/www.medicinasporta.med.bg.ac.rs\/wp-content\/uploads\/2023\/06\/Nenad-Pavlovic-11.jpg\" target=\"_blank\" title=\"Nenad Pavlovic 11\"><img src=\"http:\/\/www.medicinasporta.med.bg.ac.rs\/wp-content\/uploads\/2023\/06\/Nenad-Pavlovic-11-230x130.jpg\" alt=\"Nenad Pavlovic 11\" width=\"230\" height=\"130\" \/><span class=\"su-custom-gallery-title\">Nenad Pavlovic 11<\/span><\/a><\/div><div class=\"su-custom-gallery-slide\"><a href=\"http:\/\/www.medicinasporta.med.bg.ac.rs\/wp-content\/uploads\/2023\/06\/Nenad-Pavlovic-12.jpg\" target=\"_blank\" title=\"Nenad Pavlovic 12\"><img src=\"http:\/\/www.medicinasporta.med.bg.ac.rs\/wp-content\/uploads\/2023\/06\/Nenad-Pavlovic-12-230x130.jpg\" alt=\"Nenad Pavlovic 12\" width=\"230\" height=\"130\" \/><span class=\"su-custom-gallery-title\">Nenad Pavlovic 12<\/span><\/a><\/div><div class=\"su-custom-gallery-slide\"><a href=\"http:\/\/www.medicinasporta.med.bg.ac.rs\/wp-content\/uploads\/2023\/06\/Nenad-Pavlovic-13.jpg\" target=\"_blank\" title=\"Nenad Pavlovic 13\"><img src=\"http:\/\/www.medicinasporta.med.bg.ac.rs\/wp-content\/uploads\/2023\/06\/Nenad-Pavlovic-13-230x130.jpg\" alt=\"Nenad Pavlovic 13\" width=\"230\" height=\"130\" \/><span class=\"su-custom-gallery-title\">Nenad Pavlovic 13<\/span><\/a><\/div><div class=\"su-custom-gallery-slide\"><a href=\"http:\/\/www.medicinasporta.med.bg.ac.rs\/wp-content\/uploads\/2023\/06\/Nenad-Pavlovic-14.jpg\" target=\"_blank\" title=\"Nenad Pavlovic 14\"><img src=\"http:\/\/www.medicinasporta.med.bg.ac.rs\/wp-content\/uploads\/2023\/06\/Nenad-Pavlovic-14-230x130.jpg\" alt=\"Nenad Pavlovic 14\" width=\"230\" height=\"130\" \/><span class=\"su-custom-gallery-title\">Nenad Pavlovic 14<\/span><\/a><\/div><div class=\"su-custom-gallery-slide\"><a href=\"http:\/\/www.medicinasporta.med.bg.ac.rs\/wp-content\/uploads\/2023\/06\/Nenad-Pavlovic-15.jpg\" target=\"_blank\" title=\"Nenad Pavlovic 15\"><img src=\"http:\/\/www.medicinasporta.med.bg.ac.rs\/wp-content\/uploads\/2023\/06\/Nenad-Pavlovic-15-230x130.jpg\" alt=\"Nenad Pavlovic 15\" width=\"230\" height=\"130\" \/><span class=\"su-custom-gallery-title\">Nenad Pavlovic 15<\/span><\/a><\/div><div class=\"su-custom-gallery-slide\"><a href=\"http:\/\/www.medicinasporta.med.bg.ac.rs\/wp-content\/uploads\/2023\/06\/Nenad-Pavlovic-16.jpg\" target=\"_blank\" title=\"Nenad Pavlovic 16\"><img src=\"http:\/\/www.medicinasporta.med.bg.ac.rs\/wp-content\/uploads\/2023\/06\/Nenad-Pavlovic-16-230x130.jpg\" alt=\"Nenad Pavlovic 16\" width=\"230\" height=\"130\" \/><span class=\"su-custom-gallery-title\">Nenad Pavlovic 16<\/span><\/a><\/div><div class=\"su-custom-gallery-slide\"><a href=\"http:\/\/www.medicinasporta.med.bg.ac.rs\/wp-content\/uploads\/2023\/06\/Nenad-Pavlovic-17.jpg\" target=\"_blank\" title=\"Nenad Pavlovic 17\"><img src=\"http:\/\/www.medicinasporta.med.bg.ac.rs\/wp-content\/uploads\/2023\/06\/Nenad-Pavlovic-17-230x130.jpg\" alt=\"Nenad Pavlovic 17\" width=\"230\" height=\"130\" \/><span class=\"su-custom-gallery-title\">Nenad Pavlovic 17<\/span><\/a><\/div><div class=\"su-custom-gallery-slide\"><a href=\"http:\/\/www.medicinasporta.med.bg.ac.rs\/wp-content\/uploads\/2023\/06\/Nenad-Pavlovic-18.jpg\" target=\"_blank\" title=\"Nenad Pavlovic 18\"><img src=\"http:\/\/www.medicinasporta.med.bg.ac.rs\/wp-content\/uploads\/2023\/06\/Nenad-Pavlovic-18-230x130.jpg\" alt=\"Nenad Pavlovic 18\" width=\"230\" height=\"130\" \/><span class=\"su-custom-gallery-title\">Nenad Pavlovic 18<\/span><\/a><\/div><div class=\"su-custom-gallery-slide\"><a href=\"http:\/\/www.medicinasporta.med.bg.ac.rs\/wp-content\/uploads\/2023\/06\/Nenad-Pavlovic-19.jpg\" target=\"_blank\" title=\"Nenad Pavlovic 19\"><img src=\"http:\/\/www.medicinasporta.med.bg.ac.rs\/wp-content\/uploads\/2023\/06\/Nenad-Pavlovic-19-230x130.jpg\" alt=\"Nenad Pavlovic 19\" width=\"230\" height=\"130\" \/><span class=\"su-custom-gallery-title\">Nenad Pavlovic 19<\/span><\/a><\/div><div class=\"su-custom-gallery-slide\"><a href=\"http:\/\/www.medicinasporta.med.bg.ac.rs\/wp-content\/uploads\/2023\/06\/Nenad-Pavlovic-20.jpg\" target=\"_blank\" title=\"Nenad Pavlovic 20\"><img src=\"http:\/\/www.medicinasporta.med.bg.ac.rs\/wp-content\/uploads\/2023\/06\/Nenad-Pavlovic-20-230x130.jpg\" alt=\"Nenad Pavlovic 20\" width=\"230\" height=\"130\" \/><span class=\"su-custom-gallery-title\">Nenad Pavlovic 20<\/span><\/a><\/div><div class=\"su-custom-gallery-slide\"><a href=\"http:\/\/www.medicinasporta.med.bg.ac.rs\/wp-content\/uploads\/2023\/06\/Nenad-Pavlovic-21.jpg\" target=\"_blank\" title=\"Nenad Pavlovic 21\"><img src=\"http:\/\/www.medicinasporta.med.bg.ac.rs\/wp-content\/uploads\/2023\/06\/Nenad-Pavlovic-21-230x130.jpg\" alt=\"Nenad Pavlovic 21\" width=\"230\" height=\"130\" \/><span class=\"su-custom-gallery-title\">Nenad Pavlovic 21<\/span><\/a><\/div><div class=\"su-clear\"><\/div><\/div>\n","protected":false},"excerpt":{"rendered":"<p>Biografija: Ro\u0111en 1974.godine u Beogradu. Zavr\u0161io je Vi\u0161u \u0161kolu za sportske trenere odsek-fudbal, kao i Fakultet za sport u Beogradu 2002.godine. Poseduje UEFA \u00a0licencu za fudbalskog trenera. Zavr\u0161io \u0161kolu za Futsal trenere i poseduje UEFA Futsal licencu br.011. Zavr\u0161io \u0161kolu za fitnes instruktora i personalnog trenera i poseduje licencu Udru\u017eenja sportskih trenera. Profesionalno se bavioContinue reading &rarr;<\/p>\n","protected":false},"author":1,"featured_media":0,"parent":2660,"menu_order":0,"comment_status":"closed","ping_status":"closed","template":"","meta":[],"_links":{"self":[{"href":"http:\/\/www.medicinasporta.med.bg.ac.rs\/index.php?rest_route=\/wp\/v2\/pages\/4394"}],"collection":[{"href":"http:\/\/www.medicinasporta.med.bg.ac.rs\/index.php?rest_route=\/wp\/v2\/pages"}],"about":[{"href":"http:\/\/www.medicinasporta.med.bg.ac.rs\/index.php?rest_route=\/wp\/v2\/types\/page"}],"author":[{"embeddable":true,"href":"http:\/\/www.medicinasporta.med.bg.ac.rs\/index.php?rest_route=\/wp\/v2\/users\/1"}],"replies":[{"embeddable":true,"href":"http:\/\/www.medicinasporta.med.bg.ac.rs\/index.php?rest_route=%2Fwp%2Fv2%2Fcomments&post=4394"}],"version-history":[{"count":6,"href":"http:\/\/www.medicinasporta.med.bg.ac.rs\/index.php?rest_route=\/wp\/v2\/pages\/4394\/revisions"}],"predecessor-version":[{"id":5400,"href":"http:\/\/www.medicinasporta.med.bg.ac.rs\/index.php?rest_route=\/wp\/v2\/pages\/4394\/revisions\/5400"}],"up":[{"embeddable":true,"href":"http:\/\/www.medicinasporta.med.bg.ac.rs\/index.php?rest_route=\/wp\/v2\/pages\/2660"}],"wp:attachment":[{"href":"http:\/\/www.medicinasporta.med.bg.ac.rs\/index.php?rest_route=%2Fwp%2Fv2%2Fmedia&parent=4394"}],"curies":[{"name":"wp","href":"https:\/\/api.w.org\/{rel}","templated":true}]}}