{"id":4400,"date":"2018-02-22T15:40:50","date_gmt":"2018-02-22T14:40:50","guid":{"rendered":"http:\/\/www.medicinasporta.med.bg.ac.rs\/?page_id=4400"},"modified":"2018-02-22T15:40:50","modified_gmt":"2018-02-22T14:40:50","slug":"vanja-radanovic-2","status":"publish","type":"page","link":"http:\/\/www.medicinasporta.med.bg.ac.rs\/?page_id=4400&lang=sr","title":{"rendered":"Vanja Radanovi\u0107"},"content":{"rendered":"<div class=\"su-row\">\n<div class=\"su-column su-column-size-1-5\"><div class=\"su-column-inner su-u-clearfix su-u-trim\"> <img src=\"http:\/\/www.medicinasporta.med.bg.ac.rs\/wp-content\/uploads\/2018\/02\/avatar_zen.jpg\" alt=\"Vanja Radanovi\u0107\" \/> <\/div><\/div>\n<div class=\"su-column su-column-size-4-5\"><div class=\"su-column-inner su-u-clearfix su-u-trim\">\n<p><strong>Razlog upisa na Master studije PAHET<\/strong><\/p>\n<p>Master program Fizi\u010dka aktivnost, zdravlje i terapija ve\u017ebanjem upisala sam iz \u017eelje za novim saznanjima u toj oblasti i prakti\u010dnoj primeni teorije u praksi.<\/p>\n<p style=\"text-align: justify;\"><\/div><\/div>\n<\/div>\n<p style=\"text-align: justify;\"><div class=\"su-column su-column-size-1-1\"><div class=\"su-column-inner su-u-clearfix su-u-trim\"><\/div><\/div>\n<p style=\"text-align: justify;\"><strong>Biografija:<\/strong><\/p>\n<p>Rodjena je 09.01.1995.u Para\u0107inu i nakon zavr\u0161en srednje \u0161kole, Gimnazije u Para\u0107inu, 2013.godine upisuje Fakultet sporta i fizi\u010dkog vaspitanja u Beogradu. Ljubav prema struci rasla je svake godine tokom osnovnih akademskih studija, da bi se nakon diplomiranja 2017.godine na Fakultetu sporta i fizi\u010dkog vaspitanja odlu\u010dila za upisivanje dva mastera, jedan na Fakultetu sporta i drugi na Medicinskom fakultetu. Pored studiranja radi kao trener u \u0160koli sporta i profesor fizi\u010dkog vaspitanja je u vrti\u0107u. Cilj kojem te\u017ei nakon studija je da steknem dovoljnu kompetentnost u radu sa ljudima koji te\u017ee postizanju zdravih navika i zdravom na\u010dinu \u017eivota kroz pravilnu ishranu i bavljenje fizi\u010dkim ve\u017ebanjem, kao i\u00a0 radu sa decom kojima je na\u0161a stru\u010dnost neophodna za pravilan rast i razvoj i sticanje teorijskih i prakti\u010dnih znanja vezanih, ne samo za bavljenje fizi\u010dkim ve\u017ebanjem, ve\u0107 i za \u017eivot uop\u0161te.<\/p>\n<p>&nbsp;<\/p>\n","protected":false},"excerpt":{"rendered":"<p>Biografija: Rodjena je 09.01.1995.u Para\u0107inu i nakon zavr\u0161en srednje \u0161kole, Gimnazije u Para\u0107inu, 2013.godine upisuje Fakultet sporta i fizi\u010dkog vaspitanja u Beogradu. Ljubav prema struci rasla je svake godine tokom osnovnih akademskih studija, da bi se nakon diplomiranja 2017.godine na Fakultetu sporta i fizi\u010dkog vaspitanja odlu\u010dila za upisivanje dva mastera, jedan na Fakultetu sporta iContinue reading &rarr;<\/p>\n","protected":false},"author":1,"featured_media":0,"parent":2660,"menu_order":0,"comment_status":"closed","ping_status":"closed","template":"","meta":[],"_links":{"self":[{"href":"http:\/\/www.medicinasporta.med.bg.ac.rs\/index.php?rest_route=\/wp\/v2\/pages\/4400"}],"collection":[{"href":"http:\/\/www.medicinasporta.med.bg.ac.rs\/index.php?rest_route=\/wp\/v2\/pages"}],"about":[{"href":"http:\/\/www.medicinasporta.med.bg.ac.rs\/index.php?rest_route=\/wp\/v2\/types\/page"}],"author":[{"embeddable":true,"href":"http:\/\/www.medicinasporta.med.bg.ac.rs\/index.php?rest_route=\/wp\/v2\/users\/1"}],"replies":[{"embeddable":true,"href":"http:\/\/www.medicinasporta.med.bg.ac.rs\/index.php?rest_route=%2Fwp%2Fv2%2Fcomments&post=4400"}],"version-history":[{"count":2,"href":"http:\/\/www.medicinasporta.med.bg.ac.rs\/index.php?rest_route=\/wp\/v2\/pages\/4400\/revisions"}],"predecessor-version":[{"id":4404,"href":"http:\/\/www.medicinasporta.med.bg.ac.rs\/index.php?rest_route=\/wp\/v2\/pages\/4400\/revisions\/4404"}],"up":[{"embeddable":true,"href":"http:\/\/www.medicinasporta.med.bg.ac.rs\/index.php?rest_route=\/wp\/v2\/pages\/2660"}],"wp:attachment":[{"href":"http:\/\/www.medicinasporta.med.bg.ac.rs\/index.php?rest_route=%2Fwp%2Fv2%2Fmedia&parent=4400"}],"curies":[{"name":"wp","href":"https:\/\/api.w.org\/{rel}","templated":true}]}}