{"id":4468,"date":"2018-04-12T13:22:58","date_gmt":"2018-04-12T11:22:58","guid":{"rendered":"http:\/\/www.medicinasporta.med.bg.ac.rs\/?page_id=4468"},"modified":"2021-04-01T12:46:17","modified_gmt":"2021-04-01T10:46:17","slug":"biljana-duric","status":"publish","type":"page","link":"http:\/\/www.medicinasporta.med.bg.ac.rs\/?page_id=4468&lang=sr","title":{"rendered":"Asist. dr Biljana \u0110uri\u0107"},"content":{"rendered":"<div class=\"su-row\">\n<div class=\"su-column su-column-size-1-5\"><div class=\"su-column-inner su-u-clearfix su-u-trim\"> <img src=\"http:\/\/www.medicinasporta.med.bg.ac.rs\/wp-content\/uploads\/2018\/04\/BiljanaDjuric.jpg\" alt=\"Biljana \u0110uri\u0107\" \/> <\/div><\/div>\n<div class=\"su-column su-column-size-4-5\"><div class=\"su-column-inner su-u-clearfix su-u-trim\"><strong>Biografija:<br \/>\n<\/strong><\/p>\n<p>Dr Biljana \u0110uri\u0107 je asistent na Institutu za Medicinsku fiziologiju, Medicinskog fakulteta u Beogradu, zaposlena od 2014. god. Medicinski fakultet, Univeziteta u Beogradu zavr\u0161ila je 2013. god., Doktorske akademske studije, modul Fiziolo\u0161ke nauke upisala je 2013. god. Master akademske studije fizi\u010dka aktivnost, zdravlje i terapija ve\u017ebanjem na istom fakutetu upisala je u okviru Tempus projekta, \u0161kolske 2017\/18. godine. i u toku je izrada njenog zavr\u0161nog Master rada. \u00a0Na zavr\u0161noj godini je specijalizacije iz Medicine sporta.<\/p>\n<p><strong>Oblasti u\u017eeg interesovanja<\/strong>:<\/p>\n<p>Medicina sporta, Fiziologija fizi\u010dkog ve\u017ebanja, Fiziologija kardiovaskularnog sistema<\/p>\n<p style=\"text-align: justify;\"><\/div><\/div>\n<\/div>\n<p style=\"text-align: justify;\"><div class=\"su-column su-column-size-1-1\"><div class=\"su-column-inner su-u-clearfix su-u-trim\">\n<p><strong>U\u010de\u0161\u0107e na stru\u010dnim simpozijumima i nau\u010dnim konferencijama<\/strong>:<\/p>\n<ol>\n<li>Second international scientific conference \u201eSport, recreation, health\u201c, Belgrade, Serbia, 12-13 May, 2017<\/li>\n<li>IOC course on sport cardiology: current concepts in the evaluation of athlete&#8217;s heart November 28th and 29th, 2016 Zira Hotel, Belgrade, Serbia<\/li>\n<li>The Third Global Students\u2019 Conference of Biomedical Sciences. Beograd, Srbija, 20-23. oktobar 2016. (predava\u010d na radionici)<\/li>\n<li>1st Serbian International Sports Medicine Conference of Aspetar and Serbian Institute of Sport and Sports Medicine<\/li>\n<li>The Sixth International Symposium on Neurocardiology, Neurocard 2014. The Fifth International Symposium on Noninvasive Electrocardiology, October 16th-17th, 2014. Belgrade<\/li>\n<\/ol>\n<p><strong>\u010clanstva u stru\u010dnim i nau\u010dnoistra\u017eiva\u010dkim organizacijama<\/strong><\/p>\n<ul>\n<li>Editorial Contributor of GSC Belgrade Conference Abstract Book of the 1st Globas Students&#8217; Conference of Biomedical Sciences 2014<\/li>\n<\/ul>\n<p><strong>Spisak nau\u010dnih radova:<\/strong><\/p>\n<ul>\n<li><strong>Djuri\u0107 B<\/strong>, Suzi\u0107 S, Stojadinovi\u0107 B, Nestorovi\u0107 Z, Ivanovi\u0107 M, Suzi\u0107-Lazi\u0107 J, Ne\u0161i\u0107 D, Mazi\u0107 S, Tenne T, Zikich D, \u017diki\u0107 D. An improved design of optical sensor for long-term measurement of arterial blood flow waveform. Biomed Microdevices. 2017 Sep;19(3):48. doi: 10.1007\/s10544-017-0196-x.<\/li>\n<li>Dejan Nesic, Jelena Suzic-Lazic, <strong>Biljana Djuric<\/strong>, Nikola Topalovic, Slavica Mutavdzin, Slavica Suzic, Sanja Mazic. P-81 Nutritional status better correlates with aminotransferase levels in female athletes. British Journal of Sports Medicine 50(Suppl 1):A76.2-A77 \u00b7 November 2016 DOI: 10.1136\/bjsports-2016-097120.134.<\/li>\n<li>Suzic Lazic J, Dekleva M, Soldatovic I, Leischik R, Suzic S, Radovanovic D, <strong>Djuric B<\/strong>, Nesic D, Lazic M, Mazic S. Heart rate recovery in elite athletes: the impact of age and exercise capacity. Clin Physiol Funct Imaging. 2015 Jul 4.<\/li>\n<li>Bojana Stojadinovi\u0107, Zorica Nestorovi\u0107, <strong>Biljana Djuri\u0107<\/strong>, Tamar Tenne, Dragoslav Zikich and Dejan \u017diki\u0107. Laboratory model of the cardiovascular system for experimental demonstration of pulse wave propagation. Phys. Educ. 52 (2017) 025001<\/li>\n<li><strong>\u0110uri\u0107 B<\/strong>, Suzi\u0107 S. Oporavak sr\u010dane frekvencije \u2013 kratak pregled metodologije\/. Heart rate recovery \u2013 short review of methodology. Medicinski podmladak 2016; 48-50.<\/li>\n<li>An\u0111i\u0107 R, <strong>\u0110uri\u0107 B<\/strong>, Suzi\u0107 S. Uticaj razli\u010ditih karakterisitka treninga na oporavak sr\u010dane frekvencije kod vrhunskih sportista\/ Influence of different characteristics of sport on heart rate recovery in elite athletes. Medicinski podmladak 2016; 96-101.<\/li>\n<\/ul>\n<p><strong>\u00a0<\/strong><\/p>\n<p><strong>Nagrade i priznanja:<\/strong><\/p>\n<ul>\n<li>2014. Nagrada za stvarala\u0161tvo mladih za najuspe\u0161nije rezultate i ostvarenja u toku \u0161kolske 2012\/2013. Grad Smederevo povodom Dvadeset petih smederevskih Svetosavskih sve\u010danosti<\/li>\n<li>2013. Nagrada za naj-studente prirodnih nauka Fondacije Hemofarm<\/li>\n<li>2012. Nagrada najboljem studentu pete godine u \u0161kolskoj 2011\/2012 godini; Zadu\u017ebina Nikole Spasi\u0107a<\/li>\n<li>2012. Pohvalnica najboljem studentu pete godine u \u0161kolskoj 2011\/2012. godini; Medicinski fakultet Univerzitet u\u00a0 Beogradu<\/li>\n<li>2011. Pohvalnica najboljem studentu \u010detvrte godine u \u0161kolskoj 2010\/2011. godini; Medicinski fakultet Univerzitet u Beogradu<\/li>\n<li>2010. Pohvalnica najboljem studentu tre\u0107e godine u \u0161kolskoj 2009\/2010. godini; Medicinski fakultet Univerzitet u\u00a0\u00a0\u00a0 Beogradu<\/li>\n<\/ul>\n<p>&nbsp;<\/p>\n<p>&nbsp;<\/p>\n<\/div><\/div>\n","protected":false},"excerpt":{"rendered":"","protected":false},"author":1,"featured_media":0,"parent":4628,"menu_order":0,"comment_status":"closed","ping_status":"closed","template":"","meta":[],"_links":{"self":[{"href":"http:\/\/www.medicinasporta.med.bg.ac.rs\/index.php?rest_route=\/wp\/v2\/pages\/4468"}],"collection":[{"href":"http:\/\/www.medicinasporta.med.bg.ac.rs\/index.php?rest_route=\/wp\/v2\/pages"}],"about":[{"href":"http:\/\/www.medicinasporta.med.bg.ac.rs\/index.php?rest_route=\/wp\/v2\/types\/page"}],"author":[{"embeddable":true,"href":"http:\/\/www.medicinasporta.med.bg.ac.rs\/index.php?rest_route=\/wp\/v2\/users\/1"}],"replies":[{"embeddable":true,"href":"http:\/\/www.medicinasporta.med.bg.ac.rs\/index.php?rest_route=%2Fwp%2Fv2%2Fcomments&post=4468"}],"version-history":[{"count":14,"href":"http:\/\/www.medicinasporta.med.bg.ac.rs\/index.php?rest_route=\/wp\/v2\/pages\/4468\/revisions"}],"predecessor-version":[{"id":6292,"href":"http:\/\/www.medicinasporta.med.bg.ac.rs\/index.php?rest_route=\/wp\/v2\/pages\/4468\/revisions\/6292"}],"up":[{"embeddable":true,"href":"http:\/\/www.medicinasporta.med.bg.ac.rs\/index.php?rest_route=\/wp\/v2\/pages\/4628"}],"wp:attachment":[{"href":"http:\/\/www.medicinasporta.med.bg.ac.rs\/index.php?rest_route=%2Fwp%2Fv2%2Fmedia&parent=4468"}],"curies":[{"name":"wp","href":"https:\/\/api.w.org\/{rel}","templated":true}]}}