{"id":4517,"date":"2018-04-12T14:19:37","date_gmt":"2018-04-12T12:19:37","guid":{"rendered":"http:\/\/www.medicinasporta.med.bg.ac.rs\/?page_id=4517"},"modified":"2021-04-01T12:43:51","modified_gmt":"2021-04-01T10:43:51","slug":"nikola-topalovic-3","status":"publish","type":"page","link":"http:\/\/www.medicinasporta.med.bg.ac.rs\/?page_id=4517&lang=sr","title":{"rendered":"Asist. dr Nikola Topalovi\u0107"},"content":{"rendered":"<div class=\"su-row\">\n<div class=\"su-column su-column-size-1-5\"><div class=\"su-column-inner su-u-clearfix su-u-trim\"> <img src=\"http:\/\/www.medicinasporta.med.bg.ac.rs\/wp-content\/uploads\/2018\/04\/NikolaTopalovic.jpg\" alt=\"Nikola Topalovi\u0107\" \/> <\/div><\/div>\n<div class=\"su-column su-column-size-4-5\"><div class=\"su-column-inner su-u-clearfix su-u-trim\"><strong>Biografija:<br \/>\n<\/strong><\/p>\n<p>Asistent dr Nikola Topalovi\u0107 je zaposlen na Katedri za Medicinsku\u00a0 fiziologiju Univerziteta \u00a0u Beogradu\u00a0 od oktobra 2015. godine. Od 2013. do 2015. godine radio kao specijalizant \u00a0de\u010dije hirurgije\u00a0 na Institutu\u00a0 za zdravstvenu \u00a0za\u0161titu majke i detete Srbije. Trenutno \u00a0je na 2oj godini specijalizacije \u00a0iz\u00a0 sportske \u00a0medicine. \u00a0Upisao \u00a0je\u00a0 doktorske \u00a0studije \u00a02016. \u00a0godine \u00a0na \u00a0smeru\u201c Primenjena istra\u017eivanja u medicini sporta i motornim ve\u0161tinama\u201c, kao i master studije na smeru\u201c Fizi\u010dka \u00a0aktivnost, \u00a0zdravlje \u00a0i terapija \u00a0ve\u017ebanjem\u201c. \u00a0Od 2013.\u00a0 godine \u00a0je anga\u017eovan \u00a0kao doktor Ragbi \u00a0reprezentacije \u00a0Srbije \u00a0i\u00a0 svih \u00a0nacionalnih \u00a0ragbi \u00a0klubova, \u00a0a \u00a0od \u00a02015. \u00a0godine \u00a0je \u00a0doktor seniorskog tima rukometnog kluba Crvene Zvezde.\u00a0 Od 2017. saradnik tima za transplantaciju srca Instituta za kardiovaskularne bolesti \u201cDedinje\u201d. Obavlja osnovne i specifi\u010dne sportsko- medicinske preglede.<\/p>\n<p style=\"text-align: justify;\"><\/div><\/div>\n<\/div>\n<p style=\"text-align: justify;\"><div class=\"su-column su-column-size-1-1\"><div class=\"su-column-inner su-u-clearfix su-u-trim\">\n<p><strong>Oblasti u\u017eeg interesovanja<\/strong>:<\/p>\n<p>Sportska suplementacija i ishrana, prevencija i rehabilitacija povreda u sportu, ergospirometrija, dozirana fizi\u010dka aktivnost.<\/p>\n<p><strong>U\u010de\u0161\u0107e na stru\u010dnim simpozijumima i nau\u010dnim konferencijama:<\/strong><\/p>\n<ul>\n<li>Kinesio Taping Course KT1, April 2015.<\/li>\n<li>Kurs ultrazvu\u010dne dijagnostike Klini\u010dki centar Srbije 2015.<\/li>\n<li>Me\u0111unarodno \u00a0udru\u017eenje \u00a0lekara sportske\u00a0 medicine, \u00a0kurs za timskog doktora u oktobru 2016.godine ( Team physician development course\u2013FIMS2016, Ljubljana, Slovenija)<\/li>\n<li>Me\u0111unarodni Olimpijski komitet, Novi stavovi u proceni sportskog srca (IOC course on sport cardiology: current concepts in the evaluation of athlete\u2019s heart) Beograd, Srbija 2017.<\/li>\n<li>Kurs prve pomo\u0107i (Crveni krst Srbije) 2017.<\/li>\n<li>Evropska ragbi asocijacija, Prevencija povreda u ragbiju, London, Velika Britanija 2017.<\/li>\n<li>Novi pravci u istra\u017eivanju fiziolo\u0161ke osnove procesa starenja, Beograd, Srbija 2017.<\/li>\n<\/ul>\n<p><strong>Spisak radova:<\/strong><\/p>\n<ul>\n<li><strong>Topalovi\u0107 \u00a0N, \u00a0<\/strong>Curcic \u00a0S. \u00a0Sindrom \u00a0sportskog \u00a0srca. \u00a0Nacionalna \u00a0konferencija \u00a0sa me\u0111unarodnim \u00a0u\u010de\u0161\u0107em \u00a0\u2013 Fizi\u010dka kultura i moderno \u00a0dru\u0161tvo, \u00a0Jagodina, \u00a0Srbija 15. \u2013 16. Jun 2013 Zbornik radova 2014; 17: 165\u201372.<\/li>\n<\/ul>\n<ul>\n<li>Mazic S,\u00a0<strong>Topalovi\u0107 N.\u00a0<\/strong>Dozirana fizi\u010dka aktivnost u prevenciji i terapiji oboljenja. Sport i biznis. 2016 April; 2: 75-9.<\/li>\n<\/ul>\n<ul>\n<li><strong>Topalovi\u0107 \u00a0N,\u00a0<\/strong>Mazic S. The most common \u00a0cause of sudden cardiac death in athletes. Medical Youth. 2016 Jun; 67 (2): 51-5.<\/li>\n<\/ul>\n<ul>\n<li>Nesic D, Suzic Lazic J, Djuric B,\u00a0<strong>Topalovic N,\u00a0<\/strong>Mutavdzin S, Suzic S, Mazic S. 1199 ,Nutritional status better correlates with aminotransferase levels in female athletes. FIMS 2016 \u2013 34th World Congress of Sports Medicine, Ljubljana, Slovenia, September 29th \u2013 October 02nd, 2016. Abstract book.<\/li>\n<\/ul>\n<ul>\n<li>\u0110uri\u0107 B, Mutavd\u017ein S,\u00a0<strong>Topalovi\u0107 \u00a0N<\/strong>. The influence of different types of excercise on autonomic tone in elite athletes. Second international scientific conference \u201eSport, recreation, health\u201c, Belgrade, Serbia, 12-13 May, 2017, Apstract book 2017: 74.<\/li>\n<\/ul>\n<ul>\n<li>Jankovi\u0107 G, Stanojevi\u0107 \u00a0\u017d, Mazi\u0107 \u00a0S,\u00a0<strong>Topalovi\u0107 \u00a0N<\/strong>, \u0110ur\u0111evi\u0107 \u00a0D, Isakovi\u0107 A. Physical activity and dietary habits among second year students in School of Medicine, University of \u00a0Belgrade. \u00a0Facta \u00a0Universitatis, \u00a0Series \u00a0Physical \u00a0Education \u00a0and \u00a0Sport. \u00a02017; \u00a015 \u00a0(2): ,239-248.<\/li>\n<\/ul>\n<ul>\n<li><strong>Topalovic \u00a0N.\u00a0\u00a0 \u00a0<\/strong>PGC-1 \u0391 u biogenezi \u00a0mitohondrija \u00a0i starenju. \u00a0Nacionalni \u00a0simpozijum \u201cNovi \u00a0pravci \u00a0u \u00a0istra\u017eivanju\u00a0 \u00a0fiziolo\u0161ke\u00a0 \u00a0osnove \u00a0procesa \u00a0starenja\u201c,\u00a0 \u00a0Beograd,\u00a0 \u00a0Srbija, 02.07.2017. \u00a0Zbornik sa\u017eetaka, p10.<\/li>\n<\/ul>\n<p>&nbsp;<\/p>\n<p><strong>Poglavlja u knjigama, ud\u017ebenicima i praktikumima:<\/strong><\/p>\n<ul>\n<li>Mazi\u0107 S, <strong>Topalovi\u0107 N<\/strong>. Fizi\u010dka aktivnost u trudno\u0107i. U: Priru\u010dnik za rad timova u \u0161kolama za roditeljstvo. \u00a0Urednik: \u00a0Matijevi\u0107 \u00a0D., \u00a0Gradski \u00a0zavod \u00a0za\u00a0 javno \u00a0zdravlje \u00a0Beograd, Beograd, 2016.<\/li>\n<\/ul>\n<\/div><\/div>\n","protected":false},"excerpt":{"rendered":"","protected":false},"author":1,"featured_media":0,"parent":4410,"menu_order":0,"comment_status":"closed","ping_status":"closed","template":"","meta":[],"_links":{"self":[{"href":"http:\/\/www.medicinasporta.med.bg.ac.rs\/index.php?rest_route=\/wp\/v2\/pages\/4517"}],"collection":[{"href":"http:\/\/www.medicinasporta.med.bg.ac.rs\/index.php?rest_route=\/wp\/v2\/pages"}],"about":[{"href":"http:\/\/www.medicinasporta.med.bg.ac.rs\/index.php?rest_route=\/wp\/v2\/types\/page"}],"author":[{"embeddable":true,"href":"http:\/\/www.medicinasporta.med.bg.ac.rs\/index.php?rest_route=\/wp\/v2\/users\/1"}],"replies":[{"embeddable":true,"href":"http:\/\/www.medicinasporta.med.bg.ac.rs\/index.php?rest_route=%2Fwp%2Fv2%2Fcomments&post=4517"}],"version-history":[{"count":7,"href":"http:\/\/www.medicinasporta.med.bg.ac.rs\/index.php?rest_route=\/wp\/v2\/pages\/4517\/revisions"}],"predecessor-version":[{"id":6286,"href":"http:\/\/www.medicinasporta.med.bg.ac.rs\/index.php?rest_route=\/wp\/v2\/pages\/4517\/revisions\/6286"}],"up":[{"embeddable":true,"href":"http:\/\/www.medicinasporta.med.bg.ac.rs\/index.php?rest_route=\/wp\/v2\/pages\/4410"}],"wp:attachment":[{"href":"http:\/\/www.medicinasporta.med.bg.ac.rs\/index.php?rest_route=%2Fwp%2Fv2%2Fmedia&parent=4517"}],"curies":[{"name":"wp","href":"https:\/\/api.w.org\/{rel}","templated":true}]}}