{"id":4522,"date":"2018-04-12T14:28:30","date_gmt":"2018-04-12T12:28:30","guid":{"rendered":"http:\/\/www.medicinasporta.med.bg.ac.rs\/?page_id=4522"},"modified":"2021-04-01T12:45:05","modified_gmt":"2021-04-01T10:45:05","slug":"rada-jeremic","status":"publish","type":"page","link":"http:\/\/www.medicinasporta.med.bg.ac.rs\/?page_id=4522&lang=sr","title":{"rendered":"Asist. dr Rada Jeremi\u0107"},"content":{"rendered":"<div class=\"su-row\">\n<div class=\"su-column su-column-size-1-5\"><div class=\"su-column-inner su-u-clearfix su-u-trim\"> <img src=\"http:\/\/www.medicinasporta.med.bg.ac.rs\/wp-content\/uploads\/2018\/04\/RadaJeremic.jpg\" alt=\"Rada Jeremi\u0107\" \/> <\/div><\/div>\n<div class=\"su-column su-column-size-4-5\"><div class=\"su-column-inner su-u-clearfix su-u-trim\"><strong>Biografija:<br \/>\n<\/strong><\/p>\n<p>dr Rada Jeremi\u0107 je saradnik u nastavi zaposlena od 2017. godine na Institutu za Medicinsku fiziologiju, Medicinskog fakulteta, Univerziteta u Beogradu. Medicinski fakultet, Univeziteta u Beogradu zavr\u0161ila je 2015. godine. Doktorske akademske studije, modul Fiziolo\u0161ke nauke upisala je 2015. godine. Na osnovnoj specijalizaciji je iz Interne medicine.<\/p>\n<p><strong>Oblasti u\u017eeg interesovanja<\/strong>:<\/p>\n<p>Interna medicina, Hiperbari\u010dna medicina<\/p>\n<p>&nbsp;<\/p>\n<p style=\"text-align: justify;\"><\/div><\/div>\n<\/div>\n<p style=\"text-align: justify;\"><div class=\"su-column su-column-size-1-1\"><div class=\"su-column-inner su-u-clearfix su-u-trim\">\n<p><strong>U\u010de\u0161\u0107e na stru\u010dnim simpozijumima i nau\u010dnim konferencijama<\/strong>:<\/p>\n<ol>\n<li>7th Congress of Serbian Neuroscience with international participation{\/ConferenceProceedingsTitle PT}; {PT DateOfConference}October 25<sup>th<\/sup> \u2013 27<sup>th{\/DateOfConference PT}<\/sup>; {PT PlaceOfConference}Belgrade, Serbia.{\/PlaceOfConference PT} {PT PlaceOfPub}{PT Year}<\/li>\n<li>IX International Congress on Hyperbaric Medicine{\/ConferenceProceedingsTitle PT}; {PT DateOfConference} May 11<sup>th<\/sup> \u2013 14<sup>th{\/DateOfConference PT}<\/sup>; {PT PlaceOfPub}Belgrade, Serbia{\/PlaceOfPub PT}. {\/Publisher PT}{PT Year}<\/li>\n<li>19th European Congress of Endocrinology. May 20 \u2013 23; Lisabon, Portugal. 2017.<\/li>\n<li>18th European Congress of Endocrinology. May 28 \u2013 31; Munich, Germany. 2016.<\/li>\n<li>2nd International Student Congress. June 4 \u2013 6; Graz, Austria. 2015.<\/li>\n<li>Kongres studenata biomedicinskih nauka Srbije sa internacionalnim u\u010de\u0161\u0107em. 24 \u2013 28. april; Vrnja\u010dka Banja, Srbija. 2015.<\/li>\n<li>1st Global Students\u2019 Conference of Biomedical Sciences. October 2 \u2013 5; Belgrade, Serbia. 2014.<\/li>\n<li>9th Young European Scientist Meeting. September 18 \u2013 21; Porto, Portugal. 2014.<\/li>\n<li>XIII International Congress of Medical Sciences. May 8 \u2013 11; Sofia, Bulgaria. 2014.<\/li>\n<li>Kongres studenata biomedicinskih nauka Srbije sa internacionalnim u\u010de\u0161\u0107em. 26 \u2013 30. april; Vrnja\u010dka Banja, Srbija. 2014.<\/li>\n<li>24th European Students&#8217; Conference. September 4 \u2013 7; Berlin, Germany. 2013.<\/li>\n<li>Kongres studenata biomedicinskih nauka Srbije sa internacionalnim u\u010de\u0161\u0107em. 28. april \u2013 02. maj; Kopaonik, Srbija. 2013.<\/li>\n<li>Kongres studenata biomedicinskih nauka Srbije sa internacionalnim u\u010de\u0161\u0107em. 26 \u2013 30. april; Kopaonik, Srbija. 2012.<\/li>\n<\/ol>\n<p><strong>Poglavlje IN PRESS<\/strong><\/p>\n<ol>\n<li>Pekovic S, Dacic S, Krstic D, <strong>Jeremic R<\/strong>, Djelic M, Brkic P. <em>Hyperbaric oxygen therapy in traumatic brain injury: cellular and molecular mechanisms<\/em>. IN: Hyperbaric Oxygen Treatment in Research and Clinical Practice &#8211; Mechanisms of Action in Focus. 2017.<strong><br \/>\n<\/strong><\/li>\n<\/ol>\n<p><strong>Spisak nau\u010dnih radova:<\/strong><\/p>\n<ol>\n<li><strong>Jeremic R<\/strong>, Dacic S, Brkic P, Djelic M, Jovanovic T, Pekovic S{\/Authors PT}. {PT Editors} <em>Hyperbaric oxygenation enhances neurogenesis after injury to adult rat brain. <\/em>{\/Editors PT}{PT ConferenceProceedingsTitle}7th Congress of Serbian Neuroscience with international participation{\/ConferenceProceedingsTitle PT}. {PT DateOfConference}Belgrade, Serbia.{\/PlaceOfConference PT} 2017 October 25<sup>th<\/sup> \u2013 27<sup>th<\/sup>{\/DateOfConference PT}{PT PlaceOfConference}{PT PlaceOfPub}{PT PaperPageRange}. Abstract book, p. {\/PaperPageRange PT}<\/li>\n<\/ol>\n<ol start=\"2\">\n<li>Brkic P, Dacic S, <strong>Jeremic R<\/strong>, Jovanovic T, Pekovic S.{\/Authors PT}{PT ConferenceProceedingsTitle} <em>The efect of hyperbaric oxygenation on neurogenesis after brain injury in adult rats. <\/em>IX International Congress on Hyperbaric Medicine{\/ConferenceProceedingsTitle PT}. {PT DateOfConference} Belgrade, Serbia{\/PlaceOfPub PT}. 2017 May 11<sup>th<\/sup> \u2013 14<sup>th{\/DateOfConference PT}<\/sup>.{PT PlaceOfPub} {PT Publisher} {PT Year}{\/Year PT}{PT PaperPageRange}{\/PaperPageRange PT}Abstract book, p. 45<\/li>\n<\/ol>\n<ol start=\"3\">\n<li>Djelic M, Mazic S, Sumarac Dumanovic M, <strong>Jeremic R<\/strong>, Vujovic A, Durmic T, Cvetkovic S, Micic D. <em>Impact of exercise training on insulin sensitivity estimated by HOMA model in elite athletes: association with body composition.<\/em> 19th European Congress of Endocrinology. Lisabon, Portugal. 2017 May 20 \u2013 23. doi: 10.1530\/endoabs.49.EP470.<\/li>\n<\/ol>\n<ol start=\"4\">\n<li>Djelic M, Trajkovic V, Sumarac Dumanovic M, Mazic S, Durmic T, <strong>Jeremic R<\/strong>, Bjelic A, Micic D. <em>Pro-inflammatory cytokines responses to acute exercise in athletes and sedentary controls: association with body composition and insulin.<\/em> 18th European Congress of Endocrinology. Munich, Germany. 2016 May 28 \u2013 31. Abstract book, p. 378.<\/li>\n<\/ol>\n<ol start=\"5\">\n<li><strong>Jeremi\u0107 R, <\/strong>Jeremi\u0107 M, Bjeli\u0107 A, \u0110eli\u0107 M. <em>The relationship between body fat percentage and resting blood pressure in elite athletes.<\/em> 2nd International Student Congress. Graz, Austria. 2015 June 4 \u2013 Abstract book, p. 66.<\/li>\n<\/ol>\n<ol start=\"6\">\n<li>Bjeli\u0107 A, <strong>Jeremi\u0107 R, <\/strong>\u0110eli\u0107 M. <em>Growth hormone response to acute exercise in elite male volleyball players<\/em>. 2nd International Student Congress. Graz, Austria. 2015 June 4 \u2013 Abstract book, p. 105.<\/li>\n<\/ol>\n<ol start=\"7\">\n<li><strong>Jeremi\u0107 R<\/strong>, Bjeli\u0107 A, Ad\u017ei\u0107 N. <em>Nivo proinflamatornih citokina kod fizi\u010dki aktivnih ispitanika i sedentarne kontrole: povezanost sa telesnom kompozicijom i insulinskom senzitivno\u0161\u0107u.<\/em> Kongres studenata biomedicinskih nauka Srbije sa internacionalnim u\u010de\u0161\u0107em. Vrnja\u010dka Banja, 24 \u2013 28. april 2015. godine. Knjiga sa\u017eetaka, CD, str. 674.<\/li>\n<\/ol>\n<ol start=\"8\">\n<li>Bjeli\u0107 A,<strong> Jeremi\u0107 R<\/strong>. <em>Nivo leptina kod fizi\u010dki aktivnih i neaktivnih osoba sa razli\u010ditim procentom telesnih masti. <\/em> Kongres studenata biomedicinskih nauka Srbije sa internacionalnim u\u010de\u0161\u0107em. Vrnja\u010dka Banja, 24 \u2013 28. april 2015. godine. Knjiga sa\u017eetaka, CD, str. 662.<\/li>\n<\/ol>\n<ol start=\"9\">\n<li>Bjeli\u0107 A, Jeremi\u0107 R. <em>Free fatty acid level response to high-intensity acute exercise in athletes with different body composition<\/em>. 1st Global Students\u2019 Conference of Biomedical Sciences. Belgrade, Serbia. 2014 October 2 \u2013 Abstract book, p. 62.<\/li>\n<\/ol>\n<ol start=\"10\">\n<li>Jeremi\u0107 R, Bjeli\u0107 A, Jeremi\u0107 M. <em>Leptin response to high-intensity acute exercise in athletes with different body composition.<\/em> 1st Global Students\u2019 Conference of Biomedical Sciences. Belgrade, Serbia. 2014 October 2 \u2013 5. Abstract book, p. 63.<\/li>\n<li>Jeremi\u0107 R, Jeremi\u0107 M, Bjeli\u0107 A, Roga\u010d \u017d. <em>Growth hormone and fatty acid response to acute exercise in elite male athletes.<\/em> XIII International Congress of Medical Sciences. Sofia, Bulgaria. 2014 May 8 \u2013 11. Abstract book, p. 118. Supplement to issue I\/2014, Tribuna mediva LXVI.<\/li>\n<\/ol>\n<ol start=\"12\">\n<li>Jeremi\u0107 R, Jeremi\u0107 M, Bjeli\u0107 A. <em>Effects of acute high-intensity exercise on plasma IL-17 concentration in elite athletes<\/em>. 9th Young European Scientist Meeting. Porto, Portugal. 2014 September 18 \u2013 21. Abstract book, CD, p. 56<\/li>\n<li><strong>Jeremi\u0107 R<\/strong>, Bjeli\u0107 A. <em>Pozitivan uticaj nivoa adiponektina na remodulaciju srca kod vrhunskih sportista.<\/em> Kongres studenata biomedicinskih nauka Srbije sa internacionalnim u\u010de\u0161\u0107em. Vrnja\u010dka Banja, 26 \u2013 30. april 2014. godine. Knjiga sa\u017eetaka, CD, str. 720.<\/li>\n<\/ol>\n<ol start=\"14\">\n<li>Bjeli\u0107 A,<strong> Jeremi\u0107 R<\/strong>. <em>Povezanost nivoa adipocitokina i telesne kompozicije kod vrhunskih sportista.<\/em> Kongres studenata biomedicinskih nauka Srbije sa internacionalnim u\u010de\u0161\u0107em. Vrnja\u010dka Banja, 26 \u2013 30. april 2014. godine. Knjiga sa\u017eetaka, CD, str. 708.<\/li>\n<\/ol>\n<ol start=\"15\">\n<li>Jeremi\u0107 R, Bjeli\u0107 A. <em>Adipocytokines profile in elite athletes with different body composition: a comparison of volleyball players, water polo players and controls. <\/em>24th European Students&#8217; Conference. Berlin, Germany. 2013 September 4 \u2013 7. Abstract book, p. 117.<\/li>\n<\/ol>\n<ol start=\"16\">\n<li><strong>Jeremi\u0107 R<\/strong>, Bjeli\u0107 A. <em>U\u010destalost elektofiziolo\u0161kih promena karakteristi\u010dnih za sportsko srce kod vrhunskih sportista.<\/em> Kongres studenata biomedicinskih nauka Srbije sa internacionalnim u\u010de\u0161\u0107em. Kopaonik, 28. april \u2013 02. maj 2013. godine. Knjiga sa\u017eetaka, str. 421.<\/li>\n<\/ol>\n<ol start=\"17\">\n<li>Bjeli\u0107 A, <strong>Jeremi\u0107 R<\/strong>. <em>Odgovor proinflamatornih citokina<\/em><em> na test fizi\u010dkog optere\u0107enja kod fizi\u010dki aktivnih i neaktivnih ispitanika.<\/em> Kongres studenata biomedicinskih nauka Srbije sa internacionalnim u\u010de\u0161\u0107em. Kopaonik, 28. april \u2013 02. maj 2013. godine. Knjiga sa\u017eetaka, str. 406.<\/li>\n<\/ol>\n<ol start=\"18\">\n<li><strong>Jeremi\u0107 R<\/strong>, Bjeli\u0107 A, Skorupan N. <em>Metaboli\u010dki odgovor na test fizi\u010dkog optere\u0107enja kod fizi\u010dki aktivnih i neaktivnih ispitanika.<\/em> Kongres studenata biomedicinskih nauka Srbije sa internacionalnim u\u010de\u0161\u0107em. Kopaonik, 26 \u2013 30. april 2012. godine. Knjiga sa\u017eetaka, str. 136. (izborom Uredni\u0161tva Medicinskog podmlatka rad publikovan u celosti)<\/li>\n<\/ol>\n<ol start=\"19\">\n<li>Bjeli\u0107 A, Berisavac J,<strong> Jeremi\u0107 R<\/strong>. <em>Odgovor hipotalamus-hipofiza-nadbubreg <\/em><strong><em>osovine na test fizi\u010dkog optere\u0107enja kod fizi\u010dki aktivnih i neaktivnih ispitanika.<\/em> Kongres studenata biomedicinskih nauka Srbije sa internacionalnim u\u010de\u0161\u0107em. Kopaonik, <\/strong>26 \u2013 30. april 2012. godine. Knjiga sa\u017eetaka, str. 124.<\/li>\n<\/ol>\n<p><strong>Nagrade i priznanja: <\/strong><\/p>\n<ul>\n<li>2015. Jednomese\u010dna stipendija za usavr\u0161avanje studenata na Univerzitetu u Hamburgu<\/li>\n<li>2014 \u2013 2015. Stipendija Fonda za mlade talente \u2013 stipendija zavr\u0161ne godine studija u Republici Srbiji<\/li>\n<li>2014. Third Place, Preclinic Poster Session with research <em>\u201c<\/em><em>Growth hormone and fatty acid response to acute exercise in elite male athletes\u201c, <\/em>XIII International Congress of Medical Sciences. Sofia, Bulgaria. 2014 May 8 \u2013 11.<\/li>\n<li>2013 \u2013 2014. Stipendija Zadu\u017ebine Dragoljuba Marinkovi\u0107a<\/li>\n<li>2011. Pohvalnica Dekana Medicinskog fakulteta Univerziteta u Beogradu za najboljeg studenta druge godine u \u0161kolskoj 2010\/11. godini<\/li>\n<li>2010 \u2013 2013. Stipendija i kredit Ministarstva prosvete Republike Srbije<\/li>\n<\/ul>\n<\/div><\/div>\n","protected":false},"excerpt":{"rendered":"","protected":false},"author":1,"featured_media":0,"parent":4628,"menu_order":0,"comment_status":"closed","ping_status":"closed","template":"","meta":[],"_links":{"self":[{"href":"http:\/\/www.medicinasporta.med.bg.ac.rs\/index.php?rest_route=\/wp\/v2\/pages\/4522"}],"collection":[{"href":"http:\/\/www.medicinasporta.med.bg.ac.rs\/index.php?rest_route=\/wp\/v2\/pages"}],"about":[{"href":"http:\/\/www.medicinasporta.med.bg.ac.rs\/index.php?rest_route=\/wp\/v2\/types\/page"}],"author":[{"embeddable":true,"href":"http:\/\/www.medicinasporta.med.bg.ac.rs\/index.php?rest_route=\/wp\/v2\/users\/1"}],"replies":[{"embeddable":true,"href":"http:\/\/www.medicinasporta.med.bg.ac.rs\/index.php?rest_route=%2Fwp%2Fv2%2Fcomments&post=4522"}],"version-history":[{"count":6,"href":"http:\/\/www.medicinasporta.med.bg.ac.rs\/index.php?rest_route=\/wp\/v2\/pages\/4522\/revisions"}],"predecessor-version":[{"id":6289,"href":"http:\/\/www.medicinasporta.med.bg.ac.rs\/index.php?rest_route=\/wp\/v2\/pages\/4522\/revisions\/6289"}],"up":[{"embeddable":true,"href":"http:\/\/www.medicinasporta.med.bg.ac.rs\/index.php?rest_route=\/wp\/v2\/pages\/4628"}],"wp:attachment":[{"href":"http:\/\/www.medicinasporta.med.bg.ac.rs\/index.php?rest_route=%2Fwp%2Fv2%2Fmedia&parent=4522"}],"curies":[{"name":"wp","href":"https:\/\/api.w.org\/{rel}","templated":true}]}}