{"id":4529,"date":"2018-04-12T14:37:53","date_gmt":"2018-04-12T12:37:53","guid":{"rendered":"http:\/\/www.medicinasporta.med.bg.ac.rs\/?page_id=4529"},"modified":"2021-04-01T12:45:19","modified_gmt":"2021-04-01T10:45:19","slug":"4529-2","status":"publish","type":"page","link":"http:\/\/www.medicinasporta.med.bg.ac.rs\/?page_id=4529&lang=sr","title":{"rendered":"Asist. dr Slavica Mutavd\u017ein"},"content":{"rendered":"<div class=\"su-row\">\n<div class=\"su-column su-column-size-1-5\"><div class=\"su-column-inner su-u-clearfix su-u-trim\"> <img src=\"http:\/\/www.medicinasporta.med.bg.ac.rs\/wp-content\/uploads\/2018\/04\/SlavicaMutavdzin.jpg\" alt=\"Slavica Mutavd\u017ein\" \/> <\/div><\/div>\n<div class=\"su-column su-column-size-4-5\"><div class=\"su-column-inner su-u-clearfix su-u-trim\"><strong>Biografija:<br \/>\n<\/strong><\/p>\n<p>dr Slavica Mutavd\u017ein je asistent zaposlena od 2014. godine na Institutu za Medicinsku fiziologiju, Medicinskog fakulteta u Beogradu. Medicinski fakultet, Univeziteta u Beogradu zavr\u0161ila je 2013. god., Specijalisti\u010dke akademske studije, modul Klini\u010dka farmakologija i terapija upisala je \u0161kolske 2013\/14. godine, a juna 2016. god. odbranila zavr\u0161ni rad na temu: Interakcije antikoagulantnih i antitrombocitnih lekova sa supstancama biljnog porekla, mentor: doc. dr Dragana Proti\u0107. Doktorske akademske studije, modul Fiziolo\u0161ke nauke upisala je \u0161kolske 2013\/14. godine. Tema doktorske disertacije \u201eEfekti vitamina B6 i folne kiseline na kardiovaskularni sistem pacova sa dijabetes melitusom indukovanim streptozotocinom\u201c odobrena je na Ve\u0107u nau\u010dnih oblasti medicinskih nauka Univerziteta u Beogradu, a za mentora je imenovan profesor dr Dragan \u0110uri\u0107. Slavica Mutavd\u017ein je \u010dlan Laboratorije za kardiovaskularnu fiziologiju u kojoj se sprovode istra\u017eivanja na projektu Ministarstva prosvete, nauke i tehnolo\u0161kog razvoja Republike Srbije pod nazivom \u201eEfekti homocisteina i homocisteinu-srodnih supstanci na kardiovaskularni sistem: uloga gasnih transmitera NO, H<sub>2<\/sub>S i CO\u201c \u010diji je rukovodilac profesor dr Dragan \u0110uri\u0107. Od 2018. godine anga\u017eovana je na istom projektu. Master akademske studije fizi\u010dka aktivnost, zdravlje i terapija ve\u017ebanjem na Medicinskom fakutetu upisala je u okviru Tempus projekta, \u0161kolske 2017\/18. godine. i u toku je izrada njenog zavr\u0161nog Master rada.<\/p>\n<p><strong>Oblasti u\u017eeg interesovanja<\/strong>:<\/p>\n<p>kardiovaskularna fiziologija, kardiologija, endokrinologija, kardiovaskularne promene indukovane dijabetes melitusom<\/p>\n<p>&nbsp;<\/p>\n<p style=\"text-align: justify;\"><\/div><\/div>\n<\/div>\n<p style=\"text-align: justify;\"><div class=\"su-column su-column-size-1-1\"><div class=\"su-column-inner su-u-clearfix su-u-trim\">\n<p><strong>U\u010de\u0161\u0107e na stru\u010dnim simpozijumima i nau\u010dnim konferencijama<\/strong>:<\/p>\n<ul>\n<li>IV European Section Meeting of IACS (International Academy of Cardiovascular Sciences). P\u00e9cs,Hungary 28-30 September, 2017. (jedan od autora prezentovanog nau\u010dno-istra\u017eiva\u010dkog rada)<\/li>\n<li>IOC Course on Sport Cardiology, Current Concepts in the Evaluation of Athlete\u2019s Heart. Beograd, Srbija, 28-29. novembar 2016<\/li>\n<li>The Third Global Students\u2019 Conference of Biomedical Sciences. Beograd, Srbija, 20-23. oktobar 2016. (predava\u010d na radionici)<\/li>\n<li>34th FIMS World Sports Medicine Congress. Ljubljana, Slovenia, 29 septembar \u2013 2 oktobar 2016. (jedan od autora prezentovanog nau\u010dno-istra\u017eiva\u010dkog rada)<\/li>\n<li>The Seventh International Symposium on Neurocardiology and The Sixth International Symposium on Noninvasive Electrocardiology, Beograd, 16-17. oktobar 2015. (autor prezentovanih nau\u010dno-istra\u017eiva\u010dkih radova)<\/li>\n<li>16th Congress of the International Society for Holter and Noninvasive Electrocardiology (ISHNE), Lion, Francuska, 4-6. jun 2015. (autor prezentovanih nau\u010dno-istra\u017eiva\u010dkih radova)<\/li>\n<li>V \u041c\u0435\u0436\u0434\u0443\u043d\u0430\u0440\u043e\u0434\u043d\u0430\u044f \u043d\u0430\u0443\u0447\u043d\u043e-\u043f\u0440\u0430\u043a\u0442\u0438\u0447\u0435\u0441\u043a\u0430\u044f \u043a\u043e\u043d\u0444\u0435\u0440\u0435\u043d\u0446\u0438\u044f \u00ab\u0424\u0438\u0437\u043a\u0443\u043b\u044c\u0442\u0443\u0440\u0430 \u0438 \u0437\u0434\u043e\u0440\u043e\u0432\u044c\u0435: \u043c\u043e\u043b\u043e\u0434\u0435\u0436\u043d\u0430\u044f \u043d\u0430\u0443\u043a\u0430 \u0438 \u0438\u043d\u043d\u043e\u0432\u0430\u0446\u0438\u0438\u00bb, Tula, Rusija., 22. maj 2015. (jedan od autora prezentovanih nau\u010dno-istra\u017eiva\u010dkih radova)<\/li>\n<li>The First Serbian International Sports Medicine Conference, Beograd, 21-23 maj 2015.<\/li>\n<li>16th Congress of the Russian Society for Holter Monitoring and Noninvasive Electrophysiology, the 8th All-Russian Congress \u201cClinical Electrocardiology\u201c, 22-23. april 2015, Kazan, Rusija (jedan od autora prezentovanih nau\u010dno-istra\u017eiva\u010dkih radova)<\/li>\n<li>3rd Congress of Physiological Sciences of Serbia with international participation, Beograd 29-31. oktobar 2014 (Jedan od autora prezentovanih nau\u010dno-istra\u017eiva\u010dkih radova)<\/li>\n<li>The Sixth International Symposium on Neurocardiology and The Fifth International Symposium on Noninvasive Electrocardiology, Beograd, 16-17. oktobar 2014. (autor prezentovanih nau\u010dno-istra\u017eiva\u010dkih radova)<\/li>\n<li>15th Congress of the Russian Society for Holter Monitoring and Noninvasive Electrophysiology, the 7th All-Russian Congress \u201cClinical Electrocardiology\u201c, 23-24. april 2014, Belgorod, Russia (Jedan od autora prezentovanih nau\u010dno-istra\u017eiva\u010dkih radova)<\/li>\n<li>The Fifth International Symposium on Neurocardiology and The Fourtth International Symposium on Noninvasive Electrocardiology, Beograd, 17-18. oktobar 2013. (Jedan od autora prezentovanih nau\u010dno-istra\u017eiva\u010dkih radova)<\/li>\n<\/ul>\n<p><strong>Spisak nau\u010dnih radova:<\/strong><\/p>\n<p><strong>Radovi \u0161tampani <em>in extenso<\/em>:<\/strong><\/p>\n<ul>\n<li>Proti\u0107 D, Vujasinovi\u0107-Stupar N, Bukumiri\u0107 Z, Pavlov-Dolijanovi\u0107 S, Balti\u0107 S, Mutavd\u017ein S, Markovi\u0107-Deni\u0107 L, Zdravkovi\u0107 M, Todorovi\u0107 Z. Profile of rheumatology patients willing to report adverse drug reactions: bias from selective reporting. Patient Prefer Adherence 2016 ;10:115-21. doi: 10.2147\/PPA.S96449. (IF 1,997, M22)<\/li>\n<li>Kardum N, Milovanovi\u0107 B, \u0160avikin K, Zduni\u0107 G, Mutavd\u017ein S, Gligorijevi\u0107 T, Spasi\u0107 S. Beneficial Effects of Polyphenol-Rich Chokeberry Juice Consumption on Blood Pressure Level and Lipid Status in Hypertensive Subjects. J Med Food 2015; 18(11):1231-8. doi: 10.1089\/jmf.2014.0171 (IF 1,864, M22)<\/li>\n<li>Milovanovic B, Filipovic B, Mutavdzin S, Zdravkovic M, Gligorijevic T, Paunovic J, Arsic M. Cardiac autonomic dysfunction in patients with gastroesophageal reflux disease. World J Gastroenterol 2015 14;21(22):6982-9. doi: 10.3748\/wjg.v21.i22.6982 (IF 2,848, M22)<\/li>\n<li>Labudovi\u0107 Borovi\u0107 MM, Lali\u0107 MI, Borovi\u0107 DS, Zaletel VI, Mutavd\u017ein SS, Baj\u010deti\u0107 IM, Kosti\u0107 VJ, Trifunovi\u0107 \u017dZ. Structural features of arterial grafts important for surgical myocardial revascularization: part I \u2013 histology of the internal thoracic artery. Vojnosanit pregl 2015; 72(10): 914\u2013921. doi: 10.2298\/VSP140515079L (IF 0,310, M23)<\/li>\n<li>xs Gligorijevic T, Mutavdzin S, Djajic V, Miljkovic S, Paunovic J, Arsic M, Zdravkovic M, Milovanovic B. A novel approach in assessment of baroreflex sensitivity in syncope patients. The Seventh International Symposium on Neurocardiology and The Sixth International Symposium on Noninvasive Electrocardiology, Belgrade, Serbia, 16-17 Oktober 2015, Neurocard 2015:63-68.<\/li>\n<li>Milovanovic B, Mutavdzin S, Paunovic J, Milovanovic A. \u201cPersonalni pristup u lecenju hipertenzije i simpato-vagalni balans. Prvi kongres kardionefrologije i hipertenzije Jugoisto\u010dne Evrope \u201cKARNEF 2013\u201d Ni\u0161, Serbia, 9-11 May 2013 Kardionefrologija \u2013 zbornik radova<\/li>\n<li>Milovanovic B, Radivojevic V, Mutavdzin S, Simic M. The Heritability of Heart Rate and Personalized Medicine. \u0412\u0435\u0441\u0442\u043d\u0438\u043a \u0447\u0435\u043b\u044f\u0431\u0438\u043d\u0441\u043a\u043e\u0439 \u043e\u0431\u043b\u0430\u0441\u0442\u043d\u043e\u0439 \u043a\u043b\u0438\u043d\u0438\u0447\u0435\u0441\u043a\u043e\u0439 \u0431\u043e\u043b\u044c\u043d\u0438\u0446\u044b, \u201cK\u043b\u0438\u043d\u0438\u0447\u0435\u0441\u043a\u0430\u044f \u043d\u0435\u0439\u0440\u043e\u043a\u0430\u0440\u0434\u0438\u043e\u043b\u043e\u0433\u0438\u044f 2012\u201d, Celjabinsk, Russia, 29-30 Oktober 2012, \u0412\u0435\u0441\u0442\u043d\u0438\u043a: 17-22<\/li>\n<li>Milovanovi\u0107 B, Radivojevi\u0107 V, Mutavd\u017ein S, Milovanovic B, Krajnovi\u0107 T. The Analysis of Biological Signals and Genetically Determined Function of Autonomic Nervous System. QIM 2011 Round Table Knowledge Federation Proceedings, Belgrade, Serbia, 2 September 2011, Zbornik radova: 245-248<\/li>\n<\/ul>\n<p><strong>Nagrade i priznanja:<\/strong><\/p>\n<ul>\n<li>April \u2013 jun 2014: Stipendija Ministarstva prosvete, nauke i tehnolo\u0161kog razvoja Republike Srbije studentima doktorskih akademskih studija<\/li>\n<li>Oktobar 2013 \u2013 mart 2014: Stipendija Ministarstva prosvete, nauke i tehnolo\u0161kog razvoja Republike Srbije izuzetno nadarenim studentima<\/li>\n<li>2012-2014: Stipendija Zadu\u017ebine Studenica<\/li>\n<li>2012-2013: Stipendija Dositeja Fonda za mlade talente Republike Srbije, Ministarstvo omladine i sporta Republike Srbije<\/li>\n<li>2012: Stipendija Medicinskog fakulteta u Beogradu i Srpsko-ameri\u010dke privredne komore Hjuston u saradnji sa \u201dTexas Heart Institute\u201c Hjuston<\/li>\n<li>2012: Pohvalnica studentu \u0161este godine, dobitniku stipendije iz Fonda \u201eProf. Dr \u017divojin Sudarov\u201c za postignut uspeh u toku studija na Medicinskom fakultetu<\/li>\n<li>2010-2012: Stipendija republi\u010dke fondacije za razvoj nau\u010dnog i umetni\u010dkog podmlatka, Ministarstvo prosvete, nauke i tehnolo\u0161kog razvoja Republike Srbije<\/li>\n<li>2008: Nagrada Zadu\u017ebine Nikole Spasi\u0107a najboljem studentu Medicinskog fakulteta za postignut uspeh u u\u010denju za vreme prve godine studija<\/li>\n<li>2008, 2009, 2010, 2011: Pohvalnice i nagrade Medicinskog fakulteta najboljem studentu prve, druge, tre\u0107e i \u010detvrte godine studija<\/li>\n<li>2008-2010: Stipendija Republike Srbije<\/li>\n<\/ul>\n<\/div><\/div>\n","protected":false},"excerpt":{"rendered":"","protected":false},"author":1,"featured_media":0,"parent":4628,"menu_order":0,"comment_status":"closed","ping_status":"closed","template":"","meta":[],"_links":{"self":[{"href":"http:\/\/www.medicinasporta.med.bg.ac.rs\/index.php?rest_route=\/wp\/v2\/pages\/4529"}],"collection":[{"href":"http:\/\/www.medicinasporta.med.bg.ac.rs\/index.php?rest_route=\/wp\/v2\/pages"}],"about":[{"href":"http:\/\/www.medicinasporta.med.bg.ac.rs\/index.php?rest_route=\/wp\/v2\/types\/page"}],"author":[{"embeddable":true,"href":"http:\/\/www.medicinasporta.med.bg.ac.rs\/index.php?rest_route=\/wp\/v2\/users\/1"}],"replies":[{"embeddable":true,"href":"http:\/\/www.medicinasporta.med.bg.ac.rs\/index.php?rest_route=%2Fwp%2Fv2%2Fcomments&post=4529"}],"version-history":[{"count":4,"href":"http:\/\/www.medicinasporta.med.bg.ac.rs\/index.php?rest_route=\/wp\/v2\/pages\/4529\/revisions"}],"predecessor-version":[{"id":6290,"href":"http:\/\/www.medicinasporta.med.bg.ac.rs\/index.php?rest_route=\/wp\/v2\/pages\/4529\/revisions\/6290"}],"up":[{"embeddable":true,"href":"http:\/\/www.medicinasporta.med.bg.ac.rs\/index.php?rest_route=\/wp\/v2\/pages\/4628"}],"wp:attachment":[{"href":"http:\/\/www.medicinasporta.med.bg.ac.rs\/index.php?rest_route=%2Fwp%2Fv2%2Fmedia&parent=4529"}],"curies":[{"name":"wp","href":"https:\/\/api.w.org\/{rel}","templated":true}]}}