{"id":4628,"date":"2018-04-18T12:21:17","date_gmt":"2018-04-18T10:21:17","guid":{"rendered":"http:\/\/www.medicinasporta.med.bg.ac.rs\/?page_id=4628"},"modified":"2026-02-28T21:48:50","modified_gmt":"2026-02-28T20:48:50","slug":"nas-tim","status":"publish","type":"page","link":"http:\/\/www.medicinasporta.med.bg.ac.rs\/?page_id=4628&lang=sr","title":{"rendered":"Na\u0161 tim"},"content":{"rendered":"<table border=\"0\" width=\"1000\">\n<tbody>\n<tr>\n<td><img loading=\"lazy\" class=\"aligncenter\" style=\"text-align: center;\" src=\"http:\/\/www.medicinasporta.med.bg.ac.rs\/wp-content\/uploads\/2018\/04\/DraganHrncic-200x300.jpg\" alt=\"Dragan Hrn\u010di\u0107\" width=\"200\" height=\"300\" \/><\/td>\n<td><img loading=\"lazy\" class=\"aligncenter size-medium wp-image-4664\" src=\"http:\/\/www.medicinasporta.med.bg.ac.rs\/wp-content\/uploads\/2018\/04\/Igor-Pantic-200x300.jpg\" alt=\"igor-pantic\" width=\"200\" height=\"300\" srcset=\"http:\/\/www.medicinasporta.med.bg.ac.rs\/wp-content\/uploads\/2018\/04\/Igor-Pantic-200x300.jpg 200w, http:\/\/www.medicinasporta.med.bg.ac.rs\/wp-content\/uploads\/2018\/04\/Igor-Pantic.jpg 300w\" sizes=\"(max-width: 200px) 100vw, 200px\" \/><\/td>\n<td><img loading=\"lazy\" class=\"wp-image-4507 size-medium aligncenter\" style=\"text-align: center;\" src=\"http:\/\/www.medicinasporta.med.bg.ac.rs\/wp-content\/uploads\/2018\/04\/MarijaStojanovic-200x300.jpg\" alt=\"marijastojanovic\" width=\"200\" height=\"300\" srcset=\"http:\/\/www.medicinasporta.med.bg.ac.rs\/wp-content\/uploads\/2018\/04\/MarijaStojanovic-200x300.jpg 200w, http:\/\/www.medicinasporta.med.bg.ac.rs\/wp-content\/uploads\/2018\/04\/MarijaStojanovic.jpg 300w\" sizes=\"(max-width: 200px) 100vw, 200px\" \/><\/td>\n<td style=\"text-align: center;\"><img loading=\"lazy\" class=\"size-medium wp-image-4500 aligncenter\" style=\"text-align: start;\" src=\"http:\/\/www.medicinasporta.med.bg.ac.rs\/wp-content\/uploads\/2018\/04\/JovanaJakovljevicUzelac-200x300.jpg\" alt=\"jovanajakovljevicuzelac\" width=\"200\" height=\"300\" srcset=\"http:\/\/www.medicinasporta.med.bg.ac.rs\/wp-content\/uploads\/2018\/04\/JovanaJakovljevicUzelac-200x300.jpg 200w, http:\/\/www.medicinasporta.med.bg.ac.rs\/wp-content\/uploads\/2018\/04\/JovanaJakovljevicUzelac.jpg 300w\" sizes=\"(max-width: 200px) 100vw, 200px\" \/><\/td>\n<td><img loading=\"lazy\" class=\"wp-image-4469 size-medium aligncenter\" src=\"http:\/\/www.medicinasporta.med.bg.ac.rs\/wp-content\/uploads\/2018\/04\/BiljanaDjuric-200x300.jpg\" alt=\"Biljana \u0110uri\u0107\" width=\"200\" height=\"300\" srcset=\"http:\/\/www.medicinasporta.med.bg.ac.rs\/wp-content\/uploads\/2018\/04\/BiljanaDjuric-200x300.jpg 200w, http:\/\/www.medicinasporta.med.bg.ac.rs\/wp-content\/uploads\/2018\/04\/BiljanaDjuric.jpg 300w\" sizes=\"(max-width: 200px) 100vw, 200px\" \/><\/td>\n<\/tr>\n<tr>\n<td style=\"text-align: center;\"><strong><a href=\"http:\/\/www.medicinasporta.med.bg.ac.rs\/?page_id=4483&amp;lang=sr\">Dragan Hrn\u010di\u0107<\/a><\/strong><\/td>\n<td style=\"text-align: center;\"><strong><a href=\"http:\/\/www.medicinasporta.med.bg.ac.rs\/?page_id=4494&amp;lang=sr\">Igor Panti\u0107<\/a><\/strong><\/td>\n<td style=\"text-align: center;\"><strong><a href=\"http:\/\/www.medicinasporta.med.bg.ac.rs\/?page_id=4506&amp;lang=sr\">Marija Stojanovi\u0107<\/a><\/strong><\/td>\n<td style=\"text-align: center;\"><strong><a href=\"http:\/\/www.medicinasporta.med.bg.ac.rs\/?page_id=4498&amp;lang=sr\">Jovana Jakovljevi\u0107 Uzelac<\/a><\/strong><\/td>\n<td style=\"text-align: center;\"><strong><a href=\"http:\/\/www.medicinasporta.med.bg.ac.rs\/?page_id=4468&amp;lang=sr\">Biljana \u0110uri\u0107<\/a><\/strong><\/td>\n<\/tr>\n<tr>\n<td><img loading=\"lazy\" class=\"aligncenter wp-image-4530 size-medium\" src=\"http:\/\/www.medicinasporta.med.bg.ac.rs\/wp-content\/uploads\/2018\/04\/SlavicaMutavdzin-200x300.jpg\" alt=\"slavicamutavdzin\" width=\"200\" height=\"300\" srcset=\"http:\/\/www.medicinasporta.med.bg.ac.rs\/wp-content\/uploads\/2018\/04\/SlavicaMutavdzin-200x300.jpg 200w, http:\/\/www.medicinasporta.med.bg.ac.rs\/wp-content\/uploads\/2018\/04\/SlavicaMutavdzin.jpg 300w\" sizes=\"(max-width: 200px) 100vw, 200px\" \/><\/td>\n<td><img loading=\"lazy\" class=\"wp-image-4518 size-medium aligncenter\" src=\"http:\/\/www.medicinasporta.med.bg.ac.rs\/wp-content\/uploads\/2018\/04\/NikolaTopalovic-200x300.jpg\" alt=\"nikolatopalovic\" width=\"200\" height=\"300\" srcset=\"http:\/\/www.medicinasporta.med.bg.ac.rs\/wp-content\/uploads\/2018\/04\/NikolaTopalovic-200x300.jpg 200w, http:\/\/www.medicinasporta.med.bg.ac.rs\/wp-content\/uploads\/2018\/04\/NikolaTopalovic.jpg 300w\" sizes=\"(max-width: 200px) 100vw, 200px\" \/><\/td>\n<td><img loading=\"lazy\" class=\"aligncenter wp-image-4523 size-medium\" src=\"http:\/\/www.medicinasporta.med.bg.ac.rs\/wp-content\/uploads\/2018\/04\/RadaJeremic-200x300.jpg\" alt=\"radajeremic\" width=\"200\" height=\"300\" srcset=\"http:\/\/www.medicinasporta.med.bg.ac.rs\/wp-content\/uploads\/2018\/04\/RadaJeremic-200x300.jpg 200w, http:\/\/www.medicinasporta.med.bg.ac.rs\/wp-content\/uploads\/2018\/04\/RadaJeremic.jpg 300w\" sizes=\"(max-width: 200px) 100vw, 200px\" \/><\/td>\n<td><img loading=\"lazy\" class=\"aligncenter size-medium wp-image-4490\" src=\"http:\/\/www.medicinasporta.med.bg.ac.rs\/wp-content\/uploads\/2018\/04\/DusanTodorovic-200x300.jpg\" alt=\"dusantodorovic\" width=\"200\" height=\"300\" srcset=\"http:\/\/www.medicinasporta.med.bg.ac.rs\/wp-content\/uploads\/2018\/04\/DusanTodorovic-200x300.jpg 200w, http:\/\/www.medicinasporta.med.bg.ac.rs\/wp-content\/uploads\/2018\/04\/DusanTodorovic.jpg 300w\" sizes=\"(max-width: 200px) 100vw, 200px\" \/><\/td>\n<td><img loading=\"lazy\" class=\"alignnone size-medium wp-image-6956\" src=\"http:\/\/www.medicinasporta.med.bg.ac.rs\/wp-content\/uploads\/2024\/04\/Nikola-Sutulovic-1-225x300.jpg\" alt=\"\" width=\"225\" height=\"300\" srcset=\"http:\/\/www.medicinasporta.med.bg.ac.rs\/wp-content\/uploads\/2024\/04\/Nikola-Sutulovic-1-225x300.jpg 225w, http:\/\/www.medicinasporta.med.bg.ac.rs\/wp-content\/uploads\/2024\/04\/Nikola-Sutulovic-1-768x1024.jpg 768w, http:\/\/www.medicinasporta.med.bg.ac.rs\/wp-content\/uploads\/2024\/04\/Nikola-Sutulovic-1-1152x1536.jpg 1152w, http:\/\/www.medicinasporta.med.bg.ac.rs\/wp-content\/uploads\/2024\/04\/Nikola-Sutulovic-1.jpg 1512w\" sizes=\"(max-width: 225px) 100vw, 225px\" \/><\/td>\n<\/tr>\n<tr>\n<td style=\"text-align: center;\"><strong><a href=\"http:\/\/www.medicinasporta.med.bg.ac.rs\/?page_id=4529&amp;lang=sr\">Slavica Mutavd\u017ein<\/a><\/strong><\/td>\n<td style=\"text-align: center;\"><strong><a href=\"http:\/\/www.medicinasporta.med.bg.ac.rs\/?page_id=4517&amp;lang=sr\">Nikola Topalovi\u0107<\/a><\/strong><\/td>\n<td style=\"text-align: center;\"><strong><a href=\"http:\/\/www.medicinasporta.med.bg.ac.rs\/?page_id=4522&amp;lang=sr\">Rada Jeremi\u0107<\/a><\/strong><\/td>\n<td style=\"text-align: center;\"><strong><a href=\"http:\/\/www.medicinasporta.med.bg.ac.rs\/?page_id=4489&amp;lang=sr\">Du\u0161an Todorovi\u0107<\/a><\/strong><\/td>\n<td style=\"text-align: center;\"><\/td>\n<\/tr>\n<tr>\n<td><\/td>\n<td><\/td>\n<td style=\"text-align: center;\"><\/td>\n<td><\/td>\n<td style=\"text-align: center;\"><\/td>\n<\/tr>\n<tr>\n<td style=\"text-align: center;\"><strong><a href=\"http:\/\/www.medicinasporta.med.bg.ac.rs\/?page_id=4511&amp;lang=sr\">Nikola \u0160utulovi\u0107<\/a><\/strong><\/td>\n<td style=\"text-align: center;\"><\/td>\n<td style=\"text-align: center;\"><\/td>\n<td style=\"text-align: center;\"><\/td>\n<td style=\"text-align: center;\"><\/td>\n<\/tr>\n<\/tbody>\n<\/table>\n","protected":false},"excerpt":{"rendered":"<p>Dragan Hrn\u010di\u0107 Igor Panti\u0107 Marija Stojanovi\u0107 Jovana Jakovljevi\u0107 Uzelac Biljana \u0110uri\u0107 Slavica Mutavd\u017ein Nikola Topalovi\u0107 Rada Jeremi\u0107 Du\u0161an Todorovi\u0107 Nikola \u0160utulovi\u0107<\/p>\n","protected":false},"author":1,"featured_media":0,"parent":4410,"menu_order":0,"comment_status":"closed","ping_status":"closed","template":"","meta":[],"_links":{"self":[{"href":"http:\/\/www.medicinasporta.med.bg.ac.rs\/index.php?rest_route=\/wp\/v2\/pages\/4628"}],"collection":[{"href":"http:\/\/www.medicinasporta.med.bg.ac.rs\/index.php?rest_route=\/wp\/v2\/pages"}],"about":[{"href":"http:\/\/www.medicinasporta.med.bg.ac.rs\/index.php?rest_route=\/wp\/v2\/types\/page"}],"author":[{"embeddable":true,"href":"http:\/\/www.medicinasporta.med.bg.ac.rs\/index.php?rest_route=\/wp\/v2\/users\/1"}],"replies":[{"embeddable":true,"href":"http:\/\/www.medicinasporta.med.bg.ac.rs\/index.php?rest_route=%2Fwp%2Fv2%2Fcomments&post=4628"}],"version-history":[{"count":21,"href":"http:\/\/www.medicinasporta.med.bg.ac.rs\/index.php?rest_route=\/wp\/v2\/pages\/4628\/revisions"}],"predecessor-version":[{"id":6972,"href":"http:\/\/www.medicinasporta.med.bg.ac.rs\/index.php?rest_route=\/wp\/v2\/pages\/4628\/revisions\/6972"}],"up":[{"embeddable":true,"href":"http:\/\/www.medicinasporta.med.bg.ac.rs\/index.php?rest_route=\/wp\/v2\/pages\/4410"}],"wp:attachment":[{"href":"http:\/\/www.medicinasporta.med.bg.ac.rs\/index.php?rest_route=%2Fwp%2Fv2%2Fmedia&parent=4628"}],"curies":[{"name":"wp","href":"https:\/\/api.w.org\/{rel}","templated":true}]}}