{"id":4868,"date":"2018-07-23T13:28:39","date_gmt":"2018-07-23T11:28:39","guid":{"rendered":"http:\/\/www.medicinasporta.med.bg.ac.rs\/?page_id=4868"},"modified":"2025-08-30T22:25:36","modified_gmt":"2025-08-30T20:25:36","slug":"our-team","status":"publish","type":"page","link":"http:\/\/www.medicinasporta.med.bg.ac.rs\/?page_id=4868&lang=en","title":{"rendered":"Our team"},"content":{"rendered":"<table border=\"0\" width=\"1000\">\n<tbody>\n<tr>\n<td><img loading=\"lazy\" class=\"size-medium wp-image-4484 aligncenter\" src=\"http:\/\/www.medicinasporta.med.bg.ac.rs\/wp-content\/uploads\/2018\/04\/DraganHrncic-200x300.jpg\" alt=\"draganhrncic\" width=\"200\" height=\"300\" srcset=\"http:\/\/www.medicinasporta.med.bg.ac.rs\/wp-content\/uploads\/2018\/04\/DraganHrncic-200x300.jpg 200w, http:\/\/www.medicinasporta.med.bg.ac.rs\/wp-content\/uploads\/2018\/04\/DraganHrncic.jpg 300w\" sizes=\"(max-width: 200px) 100vw, 200px\" \/><\/td>\n<td><img loading=\"lazy\" class=\"aligncenter size-medium wp-image-4664\" src=\"http:\/\/www.medicinasporta.med.bg.ac.rs\/wp-content\/uploads\/2018\/04\/Igor-Pantic-200x300.jpg\" alt=\"igor-pantic\" width=\"200\" height=\"300\" srcset=\"http:\/\/www.medicinasporta.med.bg.ac.rs\/wp-content\/uploads\/2018\/04\/Igor-Pantic-200x300.jpg 200w, http:\/\/www.medicinasporta.med.bg.ac.rs\/wp-content\/uploads\/2018\/04\/Igor-Pantic.jpg 300w\" sizes=\"(max-width: 200px) 100vw, 200px\" \/><\/td>\n<td><img loading=\"lazy\" class=\"wp-image-4507 size-medium aligncenter\" style=\"text-align: center;\" src=\"http:\/\/www.medicinasporta.med.bg.ac.rs\/wp-content\/uploads\/2018\/04\/MarijaStojanovic-200x300.jpg\" alt=\"marijastojanovic\" width=\"200\" height=\"300\" srcset=\"http:\/\/www.medicinasporta.med.bg.ac.rs\/wp-content\/uploads\/2018\/04\/MarijaStojanovic-200x300.jpg 200w, http:\/\/www.medicinasporta.med.bg.ac.rs\/wp-content\/uploads\/2018\/04\/MarijaStojanovic.jpg 300w\" sizes=\"(max-width: 200px) 100vw, 200px\" \/><\/td>\n<td style=\"text-align: center;\"><img loading=\"lazy\" class=\"aligncenter wp-image-4500 size-medium\" style=\"text-align: start;\" src=\"http:\/\/www.medicinasporta.med.bg.ac.rs\/wp-content\/uploads\/2018\/04\/JovanaJakovljevicUzelac-200x300.jpg\" alt=\"jovanajakovljevicuzelac\" width=\"200\" height=\"300\" srcset=\"http:\/\/www.medicinasporta.med.bg.ac.rs\/wp-content\/uploads\/2018\/04\/JovanaJakovljevicUzelac-200x300.jpg 200w, http:\/\/www.medicinasporta.med.bg.ac.rs\/wp-content\/uploads\/2018\/04\/JovanaJakovljevicUzelac.jpg 300w\" sizes=\"(max-width: 200px) 100vw, 200px\" \/><\/td>\n<td><img loading=\"lazy\" class=\"wp-image-4469 size-medium aligncenter\" src=\"http:\/\/www.medicinasporta.med.bg.ac.rs\/wp-content\/uploads\/2018\/04\/BiljanaDjuric-200x300.jpg\" alt=\"Biljana \u0110uri\u0107\" width=\"200\" height=\"300\" srcset=\"http:\/\/www.medicinasporta.med.bg.ac.rs\/wp-content\/uploads\/2018\/04\/BiljanaDjuric-200x300.jpg 200w, http:\/\/www.medicinasporta.med.bg.ac.rs\/wp-content\/uploads\/2018\/04\/BiljanaDjuric.jpg 300w\" sizes=\"(max-width: 200px) 100vw, 200px\" \/><\/td>\n<\/tr>\n<tr>\n<td style=\"text-align: center;\"><a href=\"http:\/\/www.medicinasporta.med.bg.ac.rs\/?page_id=6251&amp;lang=en\"><strong>Dragan Hrn\u010di\u0107<\/strong><\/a><\/td>\n<td style=\"text-align: center;\"><strong><a href=\"http:\/\/www.medicinasporta.med.bg.ac.rs\/?page_id=4889&amp;lang=en\">Igor Panti\u0107<\/a><\/strong><\/td>\n<td style=\"text-align: center;\"><a href=\"http:\/\/www.medicinasporta.med.bg.ac.rs\/?page_id=4896&amp;lang=en\"><strong>Marija Stojanovi\u0107<\/strong><\/a><\/td>\n<td style=\"text-align: center;\"><a href=\"http:\/\/www.medicinasporta.med.bg.ac.rs\/?page_id=4893&amp;lang=en\"><strong>Jovana Jakovljevi\u0107 Uzelac<\/strong><\/a><\/td>\n<td style=\"text-align: center;\"><a href=\"http:\/\/www.medicinasporta.med.bg.ac.rs\/?page_id=4873&amp;lang=en\"><strong>Biljana \u0110uri\u0107<\/strong><\/a><\/td>\n<\/tr>\n<tr>\n<td><img loading=\"lazy\" class=\"aligncenter wp-image-4530 size-medium\" src=\"http:\/\/www.medicinasporta.med.bg.ac.rs\/wp-content\/uploads\/2018\/04\/SlavicaMutavdzin-200x300.jpg\" alt=\"slavicamutavdzin\" width=\"200\" height=\"300\" srcset=\"http:\/\/www.medicinasporta.med.bg.ac.rs\/wp-content\/uploads\/2018\/04\/SlavicaMutavdzin-200x300.jpg 200w, http:\/\/www.medicinasporta.med.bg.ac.rs\/wp-content\/uploads\/2018\/04\/SlavicaMutavdzin.jpg 300w\" sizes=\"(max-width: 200px) 100vw, 200px\" \/><\/td>\n<td><img loading=\"lazy\" class=\"wp-image-4518 size-medium aligncenter\" src=\"http:\/\/www.medicinasporta.med.bg.ac.rs\/wp-content\/uploads\/2018\/04\/NikolaTopalovic-200x300.jpg\" alt=\"nikolatopalovic\" width=\"200\" height=\"300\" srcset=\"http:\/\/www.medicinasporta.med.bg.ac.rs\/wp-content\/uploads\/2018\/04\/NikolaTopalovic-200x300.jpg 200w, http:\/\/www.medicinasporta.med.bg.ac.rs\/wp-content\/uploads\/2018\/04\/NikolaTopalovic.jpg 300w\" sizes=\"(max-width: 200px) 100vw, 200px\" \/><\/td>\n<td><img loading=\"lazy\" class=\"aligncenter wp-image-4523 size-medium\" src=\"http:\/\/www.medicinasporta.med.bg.ac.rs\/wp-content\/uploads\/2018\/04\/RadaJeremic-200x300.jpg\" alt=\"radajeremic\" width=\"200\" height=\"300\" srcset=\"http:\/\/www.medicinasporta.med.bg.ac.rs\/wp-content\/uploads\/2018\/04\/RadaJeremic-200x300.jpg 200w, http:\/\/www.medicinasporta.med.bg.ac.rs\/wp-content\/uploads\/2018\/04\/RadaJeremic.jpg 300w\" sizes=\"(max-width: 200px) 100vw, 200px\" \/><\/td>\n<td><img loading=\"lazy\" class=\"aligncenter size-medium wp-image-4490\" src=\"http:\/\/www.medicinasporta.med.bg.ac.rs\/wp-content\/uploads\/2018\/04\/DusanTodorovic-200x300.jpg\" alt=\"dusantodorovic\" width=\"200\" height=\"300\" srcset=\"http:\/\/www.medicinasporta.med.bg.ac.rs\/wp-content\/uploads\/2018\/04\/DusanTodorovic-200x300.jpg 200w, http:\/\/www.medicinasporta.med.bg.ac.rs\/wp-content\/uploads\/2018\/04\/DusanTodorovic.jpg 300w\" sizes=\"(max-width: 200px) 100vw, 200px\" \/><\/td>\n<td><img loading=\"lazy\" class=\"wp-image-6966 size-medium aligncenter\" src=\"http:\/\/www.medicinasporta.med.bg.ac.rs\/wp-content\/uploads\/2025\/08\/Nikola-Sutulovic-2-200x300.jpg\" alt=\"\" width=\"200\" height=\"300\" srcset=\"http:\/\/www.medicinasporta.med.bg.ac.rs\/wp-content\/uploads\/2025\/08\/Nikola-Sutulovic-2-200x300.jpg 200w, http:\/\/www.medicinasporta.med.bg.ac.rs\/wp-content\/uploads\/2025\/08\/Nikola-Sutulovic-2.jpg 300w\" sizes=\"(max-width: 200px) 100vw, 200px\" \/><\/td>\n<\/tr>\n<tr>\n<td style=\"text-align: center;\"><a href=\"http:\/\/www.medicinasporta.med.bg.ac.rs\/?page_id=4911&amp;lang=en\"><strong>Slavica Mutavd\u017ein<\/strong><\/a><\/td>\n<td style=\"text-align: center;\"><a href=\"http:\/\/www.medicinasporta.med.bg.ac.rs\/?page_id=4904&amp;lang=en\"><strong>Nikola Topalovi\u0107<\/strong><\/a><\/td>\n<td style=\"text-align: center;\"><a href=\"http:\/\/www.medicinasporta.med.bg.ac.rs\/?page_id=4908&amp;lang=en\"><strong>Rada Jeremi\u0107<\/strong><\/a><\/td>\n<td style=\"text-align: center;\"><a href=\"http:\/\/www.medicinasporta.med.bg.ac.rs\/?page_id=4881&amp;lang=en\"><strong>Du\u0161an Todorovi\u0107<\/strong><\/a><\/td>\n<td style=\"text-align: center;\"><a href=\"http:\/\/www.medicinasporta.med.bg.ac.rs\/?page_id=4900&amp;lang=en\"><strong>Nikola \u0160utulovi\u0107<\/strong><\/a><\/td>\n<\/tr>\n<tr>\n<td><\/td>\n<td><\/td>\n<td><\/td>\n<td style=\"text-align: center;\"><\/td>\n<td style=\"text-align: center;\"><\/td>\n<\/tr>\n<tr>\n<td style=\"text-align: center;\"><\/td>\n<td style=\"text-align: center;\"><\/td>\n<td style=\"text-align: center;\"><\/td>\n<td style=\"text-align: center;\"><\/td>\n<td style=\"text-align: center;\"><\/td>\n<\/tr>\n<\/tbody>\n<\/table>\n","protected":false},"excerpt":{"rendered":"<p>Dragan Hrn\u010di\u0107 Igor Panti\u0107 Marija Stojanovi\u0107 Jovana Jakovljevi\u0107 Uzelac Biljana \u0110uri\u0107 Slavica Mutavd\u017ein Nikola Topalovi\u0107 Rada Jeremi\u0107 Du\u0161an Todorovi\u0107 Nikola \u0160utulovi\u0107<\/p>\n","protected":false},"author":1,"featured_media":0,"parent":4863,"menu_order":0,"comment_status":"closed","ping_status":"closed","template":"","meta":[],"_links":{"self":[{"href":"http:\/\/www.medicinasporta.med.bg.ac.rs\/index.php?rest_route=\/wp\/v2\/pages\/4868"}],"collection":[{"href":"http:\/\/www.medicinasporta.med.bg.ac.rs\/index.php?rest_route=\/wp\/v2\/pages"}],"about":[{"href":"http:\/\/www.medicinasporta.med.bg.ac.rs\/index.php?rest_route=\/wp\/v2\/types\/page"}],"author":[{"embeddable":true,"href":"http:\/\/www.medicinasporta.med.bg.ac.rs\/index.php?rest_route=\/wp\/v2\/users\/1"}],"replies":[{"embeddable":true,"href":"http:\/\/www.medicinasporta.med.bg.ac.rs\/index.php?rest_route=%2Fwp%2Fv2%2Fcomments&post=4868"}],"version-history":[{"count":18,"href":"http:\/\/www.medicinasporta.med.bg.ac.rs\/index.php?rest_route=\/wp\/v2\/pages\/4868\/revisions"}],"predecessor-version":[{"id":6964,"href":"http:\/\/www.medicinasporta.med.bg.ac.rs\/index.php?rest_route=\/wp\/v2\/pages\/4868\/revisions\/6964"}],"up":[{"embeddable":true,"href":"http:\/\/www.medicinasporta.med.bg.ac.rs\/index.php?rest_route=\/wp\/v2\/pages\/4863"}],"wp:attachment":[{"href":"http:\/\/www.medicinasporta.med.bg.ac.rs\/index.php?rest_route=%2Fwp%2Fv2%2Fmedia&parent=4868"}],"curies":[{"name":"wp","href":"https:\/\/api.w.org\/{rel}","templated":true}]}}