{"id":4896,"date":"2018-07-30T10:32:49","date_gmt":"2018-07-30T08:32:49","guid":{"rendered":"http:\/\/www.medicinasporta.med.bg.ac.rs\/?page_id=4896"},"modified":"2021-04-01T12:41:53","modified_gmt":"2021-04-01T10:41:53","slug":"marija-stojanovic","status":"publish","type":"page","link":"http:\/\/www.medicinasporta.med.bg.ac.rs\/?page_id=4896&lang=en","title":{"rendered":"Doc. dr Marija Stojanovi\u0107"},"content":{"rendered":"<div class=\"su-row\">\n<div class=\"su-column su-column-size-1-5\"><div class=\"su-column-inner su-u-clearfix su-u-trim\"> <img src=\"http:\/\/www.medicinasporta.med.bg.ac.rs\/wp-content\/uploads\/2018\/04\/MarijaStojanovic.jpg\" alt=\"Marija Stojanovi\u0107\" \/> <\/div><\/div>\n<div class=\"su-column su-column-size-4-5\"><div class=\"su-column-inner su-u-clearfix su-u-trim\"><strong>Biography:<br \/>\n<\/strong><\/p>\n<p>Dr. Marija Stojanovi\u0107 is a teaching assistant at the Faculty of Medicine in Belgrade, employed at the Institute of Medical Physiology since 2011. She graduated at The Faculty of Medicine, University of Belgrade in 2010. The academic specialization entitled &#8220;Effects of D,L-homocysteine thiolactone on the spontaneous motility of isolated rat duodenum and neurotransmission mediated by nitric oxide&#8221; in the field of Experimental Physiology and Pathological Physiology was defended in 2012. in front of the Commission: Prof. dr Dragan \u0110uri\u0107, Prof. dr Vesna La\u010dkovi\u0107 and Prof. dr Ljiljana \u0160\u0107epanovi\u0107, mentor. Dr Stojanovi\u0107 finished PhD studies in the field of Physiological Science in 2016. defending doctoral dissertation at the Medical Faculty in Belgrade. The doctoral thesis titled &#8220;Functional, biochemical and histological changes in the rat digestive tract under conditions of acute hyperhomocysteinaemia or subchronic stimulation with methionine&#8221; was defended in front of the Commission: Prof. dr Dragan \u0110uri\u0107, Prof. dr Vesna Dragutinovi\u0107, Prof. dr Gvozden Rosi\u0107, Prof. dr Ljiljana \u0160\u0107epanovi\u0107, mentor and Prof. dr Neboj\u0161a Radovanovi\u0107, commentor. She is a clinical biochemistry specialist since april 2018.<\/p>\n<p style=\"text-align: justify;\"><\/div><\/div>\n<\/div>\n<p style=\"text-align: justify;\"><div class=\"su-column su-column-size-1-1\"><div class=\"su-column-inner su-u-clearfix su-u-trim\">\n<p><strong>Fields of interests<\/strong>: physiology of gastrointestinal system, assessment of oxidative status, interpretation of laboratory analysis<\/p>\n<p><strong>Participation in symposiums and scientific conferences:<\/strong><\/p>\n<ol>\n<li>Joint meeting of national physiological societies \u201eNew perspectives in physiological research \u2013 young investigator forum\u201c. Subotica, Serbia. 2017 May 25-27.<\/li>\n<li>2nd joint meeting of slovak and serbian physiological societies \u201cphysiology without frontier\u201d. Smolenice Castle, Slovakia. 2016 May 15-18.<\/li>\n<li>Third congress of Serbian society for mitochondrial and free radical physiology. Belgrade, Serbia. 2015 September 25-26.<\/li>\n<li>3rd congress of physiological sciences of Serbia with international participation. Belgrade, Serbia. 2014 October 29-31.<\/li>\n<li>Joint meeting of national physiological societies. Kovacica, Serbia. 2013 June 20-22.<\/li>\n<\/ol>\n<p><strong>List of scientific papers:<\/strong><\/p>\n<ol>\n<li><strong>Stojanovi\u0107 M,<\/strong> Todorovi\u0107 D, \u0160\u0107epanovi\u0107 Lj, Mitrovi\u0107 D, Borozan S, Dragutinovi\u0107 V, Borovi\u0107 ML, Krsti\u0107 D, \u010colovi\u0107 M, Djuric D. Subchronic methionine load induces oxidative stress and provokes biochemical and histological changes in the rat liver tissue. Mol Cell Biochem. 2018; doi: 10.1007\/s11010-018-3311-2. [Epub ahead of print]. (M23, IF=2,669)<\/li>\n<li><strong>Stojanovi\u0107 M,<\/strong> \u0160\u0107epanovi\u0107 L, Todorovi\u0107 D, Mitrovi\u0107 D, \u0160\u0107epanovi\u0107 V, \u0160\u0107epanovi\u0107 R, Ili\u0107 S, \u0160\u0107epanovi\u0107 T, Borovi\u0107 ML, Mili\u0107evi\u0107 \u017d, Dragutinovi\u0107 V, Borozan S, Lali\u0107 I, Despotovi\u0107 S, Djuric D. Suppression of methionine-induced colon injury of young rats by cysteine and N-acetyl-L-cysteine. Mol Cell Biochem. 2018; 440(1-2): 53-64. doi: 10.1007\/s11010-017-3155-1. (M23, IF=2,669)<\/li>\n<li><strong>Stojanovi\u0107 M, <\/strong>\u0160\u0107epanovi\u0107 Lj, Mitrovi\u0107 D, \u0160\u0107epanovi\u0107 V, \u0160\u0107epanovi\u0107 R, Djuric M, Ili\u0107 S, \u0160\u0107epanovi\u0107 T, Djuric D. Different pathways involved in stimulatory effects of homocysteine on rat duodenal smooth muscle. Acta Vet-Beograd. 2017; 67 (2): 254-270. DOI:10.1515\/acve-2017-0021 (M22, IF=0,741)<\/li>\n<li>Stojkovic Lalosevic M, Stojkovic M, Naumovic T, Culafic Dj, <strong>Stojanovic M,<\/strong> Stulic M, Alempijevic T, Pavlovic Markovic A. Clinical scores for the prediction of esophageal varices in patients with liver cirrhosis. Acta Gastroenterol Belg. 2016; 79(1): 14-7. (M23, IF=0,912)<\/li>\n<li><strong>Stojanovic M,<\/strong> \u0160\u0107epanovi\u0107 Lj, Bosni\u0107 O , Mitrovi\u0107 D, Jozanov-Stankov O, \u0160\u0107epanovi\u0107 V, \u0160\u0107epanovi\u0107 R, Stojanovi\u0107 T, Ili\u0107 S, Djuric D. The effects of the acute administration of D,L-homocysteine thiolactone on antioxidative status of rat intestine and liver. Acta Vet-Beograd. 2016; 66(1): 26-36. DOI: 10.1515\/acve-2016-0002 (M23, IF= 0,375)<\/li>\n<li><strong>Stojanovi\u0107 M,<\/strong> \u0160\u0107epanovi\u0107 Lj, Hrn\u010di\u0107 D, Ra\u0161i\u0107-Markovi\u0107 A, Djuri\u0107 D, Stanojlovi\u0107 O. Multidisciplinary approach to nitric oxide signaling: focus on gastrointestinal and central nervous system. Vojnosanit Pregl. 2015; 72(7): 619-624. DOI: 10.2298\/VSP131025051S (M23, IF=0,292)<\/li>\n<li><strong>Stojanovi\u0107 M, <\/strong>\u0160\u0107epanovi\u0107 Lj, Mitrovi\u0107 D, \u0160\u0107epanovi\u0107 V, Stojanovi\u0107 T, Stojkovi\u0107 M, Ili\u0107 S, \u0110uri\u0107 D. Rat duodenal motility <em>in vitro<\/em>: procinetic effects of D,L-homocysteine thiolactone and modulation of nitric oxide mediated inhibition. Arch Biol Sci. 2013; 65 (4): 1323-1330. DOI:10.2298\/ABS1304323S (M23, IF= 0,791)<\/li>\n<\/ol>\n<p>&nbsp;<\/p>\n<\/div><\/div>\n","protected":false},"excerpt":{"rendered":"","protected":false},"author":1,"featured_media":0,"parent":4863,"menu_order":0,"comment_status":"closed","ping_status":"closed","template":"","meta":[],"_links":{"self":[{"href":"http:\/\/www.medicinasporta.med.bg.ac.rs\/index.php?rest_route=\/wp\/v2\/pages\/4896"}],"collection":[{"href":"http:\/\/www.medicinasporta.med.bg.ac.rs\/index.php?rest_route=\/wp\/v2\/pages"}],"about":[{"href":"http:\/\/www.medicinasporta.med.bg.ac.rs\/index.php?rest_route=\/wp\/v2\/types\/page"}],"author":[{"embeddable":true,"href":"http:\/\/www.medicinasporta.med.bg.ac.rs\/index.php?rest_route=\/wp\/v2\/users\/1"}],"replies":[{"embeddable":true,"href":"http:\/\/www.medicinasporta.med.bg.ac.rs\/index.php?rest_route=%2Fwp%2Fv2%2Fcomments&post=4896"}],"version-history":[{"count":4,"href":"http:\/\/www.medicinasporta.med.bg.ac.rs\/index.php?rest_route=\/wp\/v2\/pages\/4896\/revisions"}],"predecessor-version":[{"id":6279,"href":"http:\/\/www.medicinasporta.med.bg.ac.rs\/index.php?rest_route=\/wp\/v2\/pages\/4896\/revisions\/6279"}],"up":[{"embeddable":true,"href":"http:\/\/www.medicinasporta.med.bg.ac.rs\/index.php?rest_route=\/wp\/v2\/pages\/4863"}],"wp:attachment":[{"href":"http:\/\/www.medicinasporta.med.bg.ac.rs\/index.php?rest_route=%2Fwp%2Fv2%2Fmedia&parent=4896"}],"curies":[{"name":"wp","href":"https:\/\/api.w.org\/{rel}","templated":true}]}}