{"id":5156,"date":"2019-04-03T10:13:53","date_gmt":"2019-04-03T08:13:53","guid":{"rendered":"http:\/\/www.medicinasporta.med.bg.ac.rs\/?page_id=5156"},"modified":"2019-04-03T13:44:07","modified_gmt":"2019-04-03T11:44:07","slug":"5156-2","status":"publish","type":"page","link":"http:\/\/www.medicinasporta.med.bg.ac.rs\/?page_id=5156&lang=sr","title":{"rendered":"Aleksa Grbovi\u0107"},"content":{"rendered":"<div class=\"su-row\">\n<div class=\"su-column su-column-size-1-5\"><div class=\"su-column-inner su-u-clearfix su-u-trim\"><img loading=\"lazy\" class=\"aligncenter size-medium wp-image-5148\" src=\"http:\/\/www.medicinasporta.med.bg.ac.rs\/wp-content\/uploads\/2019\/04\/Aleksa-Grbovic-235x300.jpg\" alt=\"aleksa-grbovic\" width=\"235\" height=\"300\" srcset=\"http:\/\/www.medicinasporta.med.bg.ac.rs\/wp-content\/uploads\/2019\/04\/Aleksa-Grbovic-235x300.jpg 235w, http:\/\/www.medicinasporta.med.bg.ac.rs\/wp-content\/uploads\/2019\/04\/Aleksa-Grbovic.jpg 313w\" sizes=\"(max-width: 235px) 100vw, 235px\" \/>\u00a0<\/div><\/div>\n<div class=\"su-column su-column-size-4-5\"><div class=\"su-column-inner su-u-clearfix su-u-trim\"><strong>Aleksa<\/strong><strong> Grbovi\u0107<\/strong><\/p>\n<p style=\"text-align: justify;\"><strong>Razlog upisa na Master studije PAHET<\/strong><\/p>\n<p>Na master studije Fizi\u010dka aktivnost, zdravlje i terapija ve\u017ebanjem uputila me je \u017eelja za povezivanjem dosada\u0161njih znanja na polju sporta i sticanjem novih znanja iz prevencije bolesti, pobolj\u0161anja zdravlja i rehabilitacije putem fizi\u010dkog ve\u017ebanja. Verujem da je ovo polje rada veomo perspektivno, je su savremen na\u010din \u017eivota, nedovoljno kretanja, brza hrana i stres najve\u0107i neprijatelji \u010dovekovoj dobrobiti. Fizi\u010dko ve\u017ebanje i pravilna ishrana i nisu vi\u0161e samo trend, ve\u0107 postaju neophodna potreba ljudi radi odr\u017eanja i pobolj\u0161anja zdravlja i funkcionalnih sposobnosti. Za adekvatno izla\u017eenje u susret individualnom potrebama klijenata, fitness i welness industrija zahteva specijlizovana znanja, \u0161to smatram da \u0107u dobiti ovim studijama.<\/p>\n<p style=\"text-align: justify;\"><\/div><\/div>\n<\/div>\n<p style=\"text-align: justify;\"><div class=\"su-column su-column-size-1-1\"><div class=\"su-column-inner su-u-clearfix su-u-trim\"><\/div><\/div>\n<p style=\"text-align: justify;\"><strong>Biografija:<\/strong><\/p>\n<p>Ro\u0111en je 6.3.1995. u Beogradu. Fakultet sporta i fizi\u010dkog vaspitanja Univerziteta u Beogradu, upisao je 2014. Diplomski rad na temu \u201eNutrutivne potrebe d\u017eudista\u201c odbranio je 2018.god. sa ocenom 10 i stekao zvanje diplomiranog profesora fizi\u010dkog vaspitanja i sporta. Nakon diplomiranja, \u0161kolske 2018\/19 upisao Visoku sportsku i zdravstvenu \u0161kolu u Beogradu, smer strukovni fizioterapeut, gde trenutno poha\u0111am 4 semestar studija. Oblast interesovanja: ishrana rekreativaca i sportista, personalni fitness i welness, kondicioni trening i rehabilitacija elitnih sportista.<\/p>\n<p style=\"text-align: justify;\"><strong>Spisak radova: <\/strong><\/p>\n<ol>\n<li><strong>Grbovi\u0107, A. <\/strong>(2018). Body composition of boys and girls with moderate visual impairment - Pilot study, <em>6<sup>th<\/sup><\/em> <em>International Student Congress Connecting health sciences. <\/em> May-2. June, Austria: Medical University of Graz. Digital abstract book (pp.137-138). ISBN 978-3-9504088-1-2<\/li>\n<li><strong>Grbovi\u0107, A.,<\/strong> \u0110or\u0111evi\u0107-Niki\u0107,, Mudri\u0107, M. (2018). Specific nutritional demands of Judo athletes. In D. Suzovi\u0107. N. Jankovi\u0107, G.Prebeg (Eds.) Book of Abstracts from <em>International scientific conference, Effects of applying physical activity on antropological status of children, adolescent and adults. <\/em>(pp. 39-40) 12. December, Belgrade: University of Belgrade - Faculty of Sport and Physical Education. ISBN 978-86-89773-38-5<\/li>\n<\/ol>\n<p style=\"text-align: justify;\"><strong>Stru\u010dna usavr\u0161avanja:<\/strong><\/p>\n<ul>\n<li>Sertifikovan kurs stru\u010dnog usavr\u0161avanja za rad na poslovima manuelnog terapeuta \u2013 masera, u Centaru za obrazovanje \u0110uro Salaj, 2016.<\/li>\n<li>Seminar <em>Fizi\u010dko ve\u017ebanje dece sa o\u0161te\u0107enjem vida - primeri dobre prakse, <\/em>Asocijacija adaptivnog plivanja Srbije- ADAPTS i Fakultet sporta i fizi\u010dkog vaspitanja Univerziteta u Ni\u0161u \u2013 FSFV<em>. <\/em>Ni\u0161, 15.12.2017.<\/li>\n<li>U\u010destvovanje na nau\u010dnoj konferenciji <em>Efekti primene fizi\u010dke aktivnosti na antropolo\u0161ki status dece omladine i odraslih, <\/em>Fakultet sporta i fizi\u010dkog vaspitanja, 2018.g. (registrovana u ZUOV kao\u00a0seminar stru\u010dnog usavr\u0161avanja, odluka br. 1988\/4-2018).<\/li>\n<\/ul>\n<p><strong>Ostalo: <\/strong><\/p>\n<ul>\n<li>First Certificate in English \u2013 FCE, Council of Europe level B2.<\/li>\n<li>Nosilac crnog pojasa u d\u017eudou i plavog pojasa u brazilskoj D\u017eu- d\u017eitsi.<\/li>\n<li>Voza\u010dka dozvola B kategorije.<\/li>\n<\/ul>\n","protected":false},"excerpt":{"rendered":"<p>Biografija: Ro\u0111en je 6.3.1995. u Beogradu. Fakultet sporta i fizi\u010dkog vaspitanja Univerziteta u Beogradu, upisao je 2014. Diplomski rad na temu \u201eNutrutivne potrebe d\u017eudista\u201c odbranio je 2018.god. sa ocenom 10 i stekao zvanje diplomiranog profesora fizi\u010dkog vaspitanja i sporta. Nakon diplomiranja, \u0161kolske 2018\/19 upisao Visoku sportsku i zdravstvenu \u0161kolu u Beogradu, smer strukovni fizioterapeut, gdeContinue reading &rarr;<\/p>\n","protected":false},"author":1,"featured_media":0,"parent":2660,"menu_order":0,"comment_status":"closed","ping_status":"closed","template":"","meta":[],"_links":{"self":[{"href":"http:\/\/www.medicinasporta.med.bg.ac.rs\/index.php?rest_route=\/wp\/v2\/pages\/5156"}],"collection":[{"href":"http:\/\/www.medicinasporta.med.bg.ac.rs\/index.php?rest_route=\/wp\/v2\/pages"}],"about":[{"href":"http:\/\/www.medicinasporta.med.bg.ac.rs\/index.php?rest_route=\/wp\/v2\/types\/page"}],"author":[{"embeddable":true,"href":"http:\/\/www.medicinasporta.med.bg.ac.rs\/index.php?rest_route=\/wp\/v2\/users\/1"}],"replies":[{"embeddable":true,"href":"http:\/\/www.medicinasporta.med.bg.ac.rs\/index.php?rest_route=%2Fwp%2Fv2%2Fcomments&post=5156"}],"version-history":[{"count":5,"href":"http:\/\/www.medicinasporta.med.bg.ac.rs\/index.php?rest_route=\/wp\/v2\/pages\/5156\/revisions"}],"predecessor-version":[{"id":5158,"href":"http:\/\/www.medicinasporta.med.bg.ac.rs\/index.php?rest_route=\/wp\/v2\/pages\/5156\/revisions\/5158"}],"up":[{"embeddable":true,"href":"http:\/\/www.medicinasporta.med.bg.ac.rs\/index.php?rest_route=\/wp\/v2\/pages\/2660"}],"wp:attachment":[{"href":"http:\/\/www.medicinasporta.med.bg.ac.rs\/index.php?rest_route=%2Fwp%2Fv2%2Fmedia&parent=5156"}],"curies":[{"name":"wp","href":"https:\/\/api.w.org\/{rel}","templated":true}]}}