{"id":5189,"date":"2019-04-03T12:29:24","date_gmt":"2019-04-03T10:29:24","guid":{"rendered":"http:\/\/www.medicinasporta.med.bg.ac.rs\/?page_id=5189"},"modified":"2019-04-10T14:51:45","modified_gmt":"2019-04-10T12:51:45","slug":"ljubica-papic","status":"publish","type":"page","link":"http:\/\/www.medicinasporta.med.bg.ac.rs\/?page_id=5189&lang=sr","title":{"rendered":"Ljubica Papi\u0107"},"content":{"rendered":"<div class=\"su-row\">\n<div class=\"su-column su-column-size-1-5\"><div class=\"su-column-inner su-u-clearfix su-u-trim\"><img loading=\"lazy\" class=\"aligncenter size-medium wp-image-5255\" src=\"http:\/\/www.medicinasporta.med.bg.ac.rs\/wp-content\/uploads\/2019\/04\/ljubica-papic-235x300.jpg\" alt=\"ljubica-papic\" width=\"235\" height=\"300\" srcset=\"http:\/\/www.medicinasporta.med.bg.ac.rs\/wp-content\/uploads\/2019\/04\/ljubica-papic-235x300.jpg 235w, http:\/\/www.medicinasporta.med.bg.ac.rs\/wp-content\/uploads\/2019\/04\/ljubica-papic.jpg 313w\" sizes=\"(max-width: 235px) 100vw, 235px\" \/><\/p>\n<\/div><\/div>\n<div class=\"su-column su-column-size-4-5\"><div class=\"su-column-inner su-u-clearfix su-u-trim\"><strong>Ljubica Papi\u0107<\/strong><\/p>\n<p style=\"text-align: justify;\"><strong>Razlog upisa na Master studije PAHET<\/strong><\/p>\n<p><span lang=\"EN-US\" style=\"color: black;\">Ovaj master sam upisala kao odli\u010dnu, mozda nerazdvojnu, kombinaciju medicine i sporta. Isklju\u010divo sa \u017eeljom da \u010dujem i nau\u010dim ne\u0161to o svojoj struci iz malo druga\u010dijeg, a jednako va\u017enog ugla.<\/span><\/p>\n<p style=\"text-align: justify;\"><strong>Biografija:<\/strong><\/p>\n<p>Rodjena 08.09.1995. u Smederevu. Osnovnu \u0161kolu je zavr\u0161ila u Kova\u010devcu, a srednju (Gimnaziju) u Mladenovcu. Ima titulu djaka generacije u osnovnoj \u0161koli, kao i studenta generacije na Fakultetu sporta i fizi\u010dkog vaspitanja koji je upisala 2014. godine, a zavrsila 2018. godine. Iste godine upisuje Master na svom i na Medicinskom fakultetu. Pored vaspitanja od strane roditelja, veliku ulogu je imao karate koji je trenirala deset godina u KK Mladenovac. U istom klubu je 2011. godine polo\u017eila ispit za crni pojas 1. Dan. U me\u0111uvremenu je izuzetno zavolela tr\u010danje, kao na\u010din rekreacije. Najve\u0107e radno iskustvo u struci je izgradila u rekreativnom trka\u010dkom klubu (Belgrade Running Club) , gde ve\u0107 dve godine samostalno vodi grupe odraslih ljudi kroz trena\u017eni proces, do ciljanih trka. Bavi se i individualnim treninzima, u kojima pristup najvi\u0161e korelira sa vaznos\u0107u medicine u ovoj oblasti. Takodje, od septembra 2018. godine radi sa decom uzrasta od 3 do 5 godina u Karate \u0161kolici i takmi\u010darima do 13 godina u Karate Klubu Sunce.<\/p>\n<p style=\"text-align: justify;\"><\/div><\/div>\n<\/div>\n<p style=\"text-align: justify;\"><div class=\"su-column su-column-size-1-1\"><div class=\"su-column-inner su-u-clearfix su-u-trim\"><\/div><\/div>\n","protected":false},"excerpt":{"rendered":"","protected":false},"author":1,"featured_media":0,"parent":2660,"menu_order":0,"comment_status":"closed","ping_status":"closed","template":"","meta":[],"_links":{"self":[{"href":"http:\/\/www.medicinasporta.med.bg.ac.rs\/index.php?rest_route=\/wp\/v2\/pages\/5189"}],"collection":[{"href":"http:\/\/www.medicinasporta.med.bg.ac.rs\/index.php?rest_route=\/wp\/v2\/pages"}],"about":[{"href":"http:\/\/www.medicinasporta.med.bg.ac.rs\/index.php?rest_route=\/wp\/v2\/types\/page"}],"author":[{"embeddable":true,"href":"http:\/\/www.medicinasporta.med.bg.ac.rs\/index.php?rest_route=\/wp\/v2\/users\/1"}],"replies":[{"embeddable":true,"href":"http:\/\/www.medicinasporta.med.bg.ac.rs\/index.php?rest_route=%2Fwp%2Fv2%2Fcomments&post=5189"}],"version-history":[{"count":5,"href":"http:\/\/www.medicinasporta.med.bg.ac.rs\/index.php?rest_route=\/wp\/v2\/pages\/5189\/revisions"}],"predecessor-version":[{"id":5256,"href":"http:\/\/www.medicinasporta.med.bg.ac.rs\/index.php?rest_route=\/wp\/v2\/pages\/5189\/revisions\/5256"}],"up":[{"embeddable":true,"href":"http:\/\/www.medicinasporta.med.bg.ac.rs\/index.php?rest_route=\/wp\/v2\/pages\/2660"}],"wp:attachment":[{"href":"http:\/\/www.medicinasporta.med.bg.ac.rs\/index.php?rest_route=%2Fwp%2Fv2%2Fmedia&parent=5189"}],"curies":[{"name":"wp","href":"https:\/\/api.w.org\/{rel}","templated":true}]}}