{"id":5205,"date":"2019-04-03T13:17:58","date_gmt":"2019-04-03T11:17:58","guid":{"rendered":"http:\/\/www.medicinasporta.med.bg.ac.rs\/?page_id=5205"},"modified":"2019-04-10T14:52:50","modified_gmt":"2019-04-10T12:52:50","slug":"tamara-karalic","status":"publish","type":"page","link":"http:\/\/www.medicinasporta.med.bg.ac.rs\/?page_id=5205&lang=sr","title":{"rendered":"Tamara Karali\u0107"},"content":{"rendered":"<div class=\"su-row\">\n<div class=\"su-column su-column-size-1-5\"><div class=\"su-column-inner su-u-clearfix su-u-trim\"><img loading=\"lazy\" class=\"aligncenter size-medium wp-image-5154\" src=\"http:\/\/www.medicinasporta.med.bg.ac.rs\/wp-content\/uploads\/2019\/04\/Tamara-Karalic-235x300.jpg\" alt=\"tamara-karalic\" width=\"235\" height=\"300\" srcset=\"http:\/\/www.medicinasporta.med.bg.ac.rs\/wp-content\/uploads\/2019\/04\/Tamara-Karalic-235x300.jpg 235w, http:\/\/www.medicinasporta.med.bg.ac.rs\/wp-content\/uploads\/2019\/04\/Tamara-Karalic.jpg 313w\" sizes=\"(max-width: 235px) 100vw, 235px\" \/><\/div><\/div>\n<div class=\"su-column su-column-size-4-5\"><div class=\"su-column-inner su-u-clearfix su-u-trim\"><strong>Tamara Karali\u0107<br \/>\n<\/strong><\/p>\n<p><strong>Razlog upisa na Master studije PAHET:<\/strong><\/p>\n<div><span style=\"font-family: arial, helvetica, sans-serif;\">Smatram da poenta obrazovanja nije samo dobiti par\u010de papira sa ne\u010dijim potpisom, nego sticanje funkcionalnog znanja koje \u0107e mi konkretno pomo\u0107i da zadovoljim pre svega li\u010dna interesovanja, pa onda ambicije i potrebe. U tom smislu, mislim da je ba\u0161 ovaj master iz oblasti zdravlja, fizi\u010dke aktivnosti, prevencije i terapije, moja prilika da se dodatno anga\u017eujem i usavr\u0161im svoja znanja u teorijskom, naro\u010dito u prakti\u010dnom smislu,s posebnim akcentom na\u00a0<\/span>planiranje, predloge i provo\u0111enje mjera za o\u010duvanje i unapre\u0111enje zdravlja sportista &#8211; profesionalaca, amatera i rekreativaca.<\/div>\n<p style=\"text-align: justify;\"><\/div><\/div>\n<\/div>\n<p style=\"text-align: justify;\"><div class=\"su-column su-column-size-1-1\"><div class=\"su-column-inner su-u-clearfix su-u-trim\"><\/div><\/div>\n<p style=\"text-align: justify;\"><strong>Biografija:<\/strong><\/p>\n<p>Ro\u0111ena je u Banja Luci. Osnovnu \u0161kolu i srednju Gimnaziju zavr\u0161ila u Banja Luci. Fakultet fizi\u010dkog vaspitanja i sporta zavr\u0161ava 2002. godine. Afinitet prema odbojci pokazala je u osnovnoj \u0161koli i od tada odbojka postaje njeno trajno opredjeljenje. 1991. godine postaje takmi\u010dar, \u010dlan pionirki OK ''Gimnazijalac'', Banja Luka u kojem sti\u010de osnovna znanja i vje\u0161tine, a kao igra\u010d ostaje do 1994. godine. U periodu od 1994 \u2013 1997. kao igra\u010d anga\u017eovana u OK ''Vrbas'', Banja Luka. Zvanje odbojka\u0161ki sudija sti\u010de 1998. godine. Bila je anga\u017eovana kao trener pionirki, a kasnije i kadetkinja u OK ''Sporting'', Banja Luka (1999-2002). Od 2003. godine do danas zaposlena je na Fakultetu fizi\u010dkog vaspitanja i sporta Univerziteta u Banja Luci, najprije u zvanju asistent (2003-2007), potom u zvanju vi\u0161i asistent (2007-2011) na predmetu Odbojka. Godine 2010. sa uspjehom brani doktorsku disertaciju iz oblasti odbojka\u0161kog sporta, a 20011. sti\u010de zvanje docent (2011\u20132017) na predmetima Odbojka, Tehnika i taktika odbojke i Teorija i metodika u odbojci. 2017. godine sti\u010de zvanje vanredni profesor na Fakultetu fizi\u010dkog vaspitanja i sporta Univerziteta u Banja Luci. Anga\u017eovana je kao nastavnik na katedri Kolektivni sportovi, na oba Studijska programa. Autor i koautor je zna\u010dajnog broja stru\u010dnih i nau\u010dnih radova iz oblasti odbojka\u0161kog sporta u zemlji i inostranstvu. U\u010desnik na nekoliko nacionalnih i me\u0111unarodnih nau\u010dnih kongresa. Autor i koautor je dvije monografije, te jednog univerzitetskog ud\u017ebenika iz oblasti odbojka\u0161kog sporta. Koordinator je projekta ''Zepter Beach Volley'' (2003-2008). Kao predstavnik Fakulteta fizi\u010dkog vaspitanja i sporta Univerziteta u Banja Luci imenovana je za Koordinatora projekta ''Fizi\u010dkom aktivno\u0161\u0107u do zdravlja'' (2016) u organizaciji Grada Banja Luka. \u010clan Savjeta za sport Grada Banja Luka (2014-2017).<\/p>\n<p style=\"text-align: justify;\"><strong>Spisak radova:<\/strong><\/p>\n<p>Originalni nau\u010dni radovi u nau\u010dnom \u010dasopisu nacionalnog zna\u010daja:<\/p>\n<ol>\n<li>\u041aarali\u0107, T. (2005). ''Uticaj dvomjese\u010dnog trena\u017enog tretmana odbijanja lopte podlakticamama na brzinu odbojka\u0161ica pionirskog uzrasta''. Banja Luka: Glasnik fakulteta fizi\u010dkog vaspitanja i sporta. br. 1, str. 117-127.<\/li>\n<li>Stojanovi\u0107, T., <u>\u041aarali\u0107, T<\/u>. (2006). ''Uticaj nekih kognitivnih sposobnosti na situaciono \u2013 motori\u010dku sposobnost odbijanja lopte podlakticama kod odbojka\u0161a Prve makedonske lige''. Savremeni sport. br. 7-8, str. 13-16. Banja Luka: Centar za sport.<\/li>\n<li>Stojanovi\u0107, T., Ne\u0161i\u0107, G., <u>\u041aarali\u0107, T.<\/u> (2008). ''\u041aomparativna analiza motori\u010dkih modela odbojka\u0161kih pionirskih selekcija Srbije u periodu od 1996. do 2004. godine''. Beograd: Glasnik Antropolo\u0161kog dru\u0161tva Srbije. sv. 43, 229 \u2013 237.<\/li>\n<li>Stojanovi\u0107, T., Milenkoski, J., <u>\u041aarali\u0107, T<\/u>. (2008). ''\u041aomparativna analiza aerobne sposobnosti odbojka\u0161kih pionirskih selekcija Srbije u periodu od 2000. do 2004. godine''. Beograd: Glasnik Antropolo\u0161kog dru\u0161tva Srbije. sv. 43, 238 \u2013 244.<\/li>\n<li><u>\u041aarali\u0107, T.,<\/u> Vujmilovi\u0107, A. (2009). ''Takmi\u010darska efikasnost prijema servisa kao tehni\u010dko \u2013 takti\u010dkog elementa odbrane u vrhunskoj odbojci''. Banja Luka: Glasnik fakulteta fizi\u010dkog vaspitanja i sporta. br. 4. str. 52- 61.<\/li>\n<li><u>\u041aarali\u0107, T.,<\/u> Stojanovi\u0107, T., Vujmilovi\u0107, A., Jovanovi\u0107, N. (2009). ''Analiza dizanja lopte kao varijable tehni\u010dko - takti\u010dke dimenzije odbojka\u0161ke igre''. <em>Savremeni sport.<\/em> 9\u201310. str. 16\u201322. Banja Luka: Centar za sport.<\/li>\n<li>Stojanovi\u0107, T., <u>\u041aarali\u0107, T.,<\/u> Jovanovi\u0107, N. (2009). ''Uspje\u0161nost realizacije odbrambenih tehni\u010dko \u2013 takti\u010dkih elemenata kod odbojka\u0161a''. <em>Savremeni sport.<\/em> 9 \u2013 10. str. 23 \u2013 27. Banja Luka: Centar za sport.<\/li>\n<li><u>\u041aarali\u0107, T.,<\/u> Stojanovi\u0107, T., Milenkoski, J., Stojanovi\u0107, N. (2009). ''\u041aomparativna analiza efikasnosti napada vrhunskih odbojka\u0161kih timova''. <em>Fizi\u010dka kultura<\/em>. br. 1. 91 \u2013 96. Skopje: Fakultet za fizi\u010dka kultura. Univerzitet ''Sv. \u041airil i Metodij''. Makedonija.<\/li>\n<li><u>\u041aarali\u0107, T<\/u>., Vujmilovi\u0107, A. i Savi\u0107, V. (2012). \u041aomparativna analiza preciznosti kao specifi\u010dne motori\u010dke sposobnosti u odbojci. <em>Sportske nauke i zdravlje<\/em>. Nau\u010dno-stru\u010dni \u010dasopis iz oblasti sportskih i medicinsko-rehabilitacionih nauka. Vol. 2, No. 1. 41-50. (Ur.: Loli\u0107, V.). Banja Luka: Panevropski Univerzitet Apeiron.<\/li>\n<li><u>\u041aarali\u0107, T<\/u>. i Vujmilovi\u0107, A. (2012). Razlike u efikasnosti napada na odbojka\u0161kim utakmicama vrhunskog nivoa takmi\u010denja. <em>Sport i zdravlje<\/em>. Godina VII. No.3. 19-29. (Ur.:Trivun, M.). Pale: Fakultet fizi\u010dkog vaspitanja i sporta.<\/li>\n<\/ol>\n<p>Originalni nau\u010dni radovi u nau\u010dnom \u010dasopisu me\u0111unarodnog zna\u010daja:<\/p>\n<ol>\n<li><u>\u041aarali\u0107, T<\/u>., Mareli\u0107, N. i Vujmilovi\u0107, A. (2012). Struktura izolovanih faktora preciznosti kod odbojka\u0161a. Vol. 8, No. 1. 65-73. (Ur.: Simovi\u0107, S.). Banja Luka: Fakultet fizi\u010dkog vaspitanja i sporta.<\/li>\n<li>Vujmilovi\u0107, A. i <u>Karali\u0107, T.<\/u> (2014). Differences of body dimensions in female volleyball players (cadets) in relation to volleyball playing position (<u>Published online<\/u>). Refereed Sports J\u043eurnal. ISSN: 1543-9518. United Sports Academy. One Academy Drive Daphne, Alabama 36526, USA. <a href=\"http:\/\/thesportjournal.org\">http:\/\/thesportjournal.org<\/a>.<\/li>\n<li>Jakovljevi\u0107, V., Ljubojevi\u0107, A., <u>\u041aarali\u0107, T.,<\/u> Gerdijan, N., Vuki\u0107, \u017d. (2014). Relacije morfolo\u0161kih karakteristika i maksimalne potro\u0161nje kiseonika u\u010denika \u010detvrtog razreda osnovne \u0161kole u odnosu na pol., <em>Fizi\u010dka kultura,<\/em> Jakovljevi\u0107 (Ur.). ISSN: 0350-3828, Beograd, Vol. 68, br 1. str. 63-74.<\/li>\n<\/ol>\n<p>Nau\u010dni radovi na nau\u010dnom skupu me\u0111unarodnog zna\u010daja:<\/p>\n<ol>\n<li>Stojanovi\u0107, T., Nikoli\u0107, M., Milenkoski, J., Stojanovi\u0107, N., <u>\u041aarali\u0107, T<\/u>. (2009). ''Efekti rekreativne nastave sa sadr\u017eajima odbojke na motori\u010dke sposobnosti studenata''. II Me\u0111unarodni nau\u010dni kongres ''Antropolo\u0161ki aspekti sporta, fizi\u010dkog vaspitanja i rekreacije''. Zbornik radova, str. 291 \u2013 296.<\/li>\n<li>Jakovljevi\u0107, V., Ljubojevi\u0107, A., <u>\u041aarali\u0107, T.,<\/u> Gerdijan, N., Vuki\u0107, \u017d., Pa\u0161i\u0107, G. (2014). Sprinting speed of prepubertal girls and boys. Nau\u010dni \u010dasopis \u201eExcercise and Quality of Life\u201c. Ur. \u0110or\u0111i\u0107, V. Fakultet sporta i fizi\u010dkog vaspitanja. Univerzitet u Novom Sadu.<\/li>\n<\/ol>\n<p>Radovi u zborniku radova sa me\u0111unarodnog stru\u010dnog skupa:<\/p>\n<ol>\n<li>Luki\u0107, A., <u>\u041aarali\u0107, T<\/u>. i Dobra\u0161, R. (2011). ''Zna\u010daj fizi\u010dke aktivnosti za zdravlje djece i omladine''. (Ur.: Diki\u0107, S., Diki\u0107, B.) Zbornik radova. IV Me\u0111unarodni kongres ''Ekologija, zdravlje, rad, sport''. 119-124. Banja Luka: Udru\u017eenja ''Zdravlje za sve''.<\/li>\n<li>Luki\u0107, A., Gerdijan, N., <u>\u041aarali\u0107, T<\/u>. i Ponorac, N. (2012). ''Tehnike istezanja u kondicione pripremi plesa\u010da''. 10. godi\u0161nja me\u0111unarodna konferencija ''\u041aondicijska priprema sporta\u0161a 2012. \u2013 specifi\u010dna kondicijska priprema''. (Ur.: Juki\u0107, I., Gregor, C., \u0160alaj, S., Milanovi\u0107, L. i Wertheimer, V.) 472-477. Zagreb: \u041aineziolo\u0161ki fakultet; Udruga kondicionih trenera Hrvatske.<\/li>\n<\/ol>\n<p>Recenzirani univerzitetski ud\u017ebenik koji se koristi u zemlji:<\/p>\n<ol>\n<li>\u041aarali\u0107, T. (2015). ''ODBOJ\u041aA \u2013 <em>Tehni\u010dki elementi igre''<\/em>. Banja Luka: Fakultet fizi\u010dkog vaspitanja i sporta Univeziteta u Banjoj Luci. 239 str. ISDN: 987-99938-38-40-1.<\/li>\n<\/ol>\n<p>Nau\u010dna monografije sa recenzijom:<\/p>\n<ol>\n<li><em>Efikasnost takmi\u010darske aktivnosti odbojka\u0161ica i odbojka\u0161a na vrhunskim takmi\u010denjima<\/em> \/ Toplica Stojanovi\u0107, Goran Ne\u0161i\u0107, <u>Tamara \u041aarali\u0107<\/u>. Banja Luka: Fakultet fizi\u010dkog vaspitanja i sporta, 2010. ISBN 978-99938-38-15-9 UD\u041a 796.325.093 COBISS.RS-ID 1803288.<\/li>\n<li><em>Modelne karakteristike odbojka\u0161ica prema kriterijumu igra\u010dkih pozicija<\/em> \/ <u>Tamara \u041aarali\u0107<\/u>, Aleksandra Vujmilovi\u0107. Banja Luka: Univerzitet u Banjoj Luci, Fakultet fizi\u010dkog vaspitanja i sporta, 2018. ISBN 978-99938-38-47-0 UDK 796.325.012.1.055.2 COBISS.RS-ID 7509784.<\/li>\n<\/ol>\n","protected":false},"excerpt":{"rendered":"<p>Biografija: Ro\u0111ena je u Banja Luci. Osnovnu \u0161kolu i srednju Gimnaziju zavr\u0161ila u Banja Luci. Fakultet fizi\u010dkog vaspitanja i sporta zavr\u0161ava 2002. godine. Afinitet prema odbojci pokazala je u osnovnoj \u0161koli i od tada odbojka postaje njeno trajno opredjeljenje. 1991. godine postaje takmi\u010dar, \u010dlan pionirki OK &#8221;Gimnazijalac&#8221;, Banja Luka u kojem sti\u010de osnovna znanja iContinue reading &rarr;<\/p>\n","protected":false},"author":1,"featured_media":0,"parent":2660,"menu_order":0,"comment_status":"closed","ping_status":"closed","template":"","meta":[],"_links":{"self":[{"href":"http:\/\/www.medicinasporta.med.bg.ac.rs\/index.php?rest_route=\/wp\/v2\/pages\/5205"}],"collection":[{"href":"http:\/\/www.medicinasporta.med.bg.ac.rs\/index.php?rest_route=\/wp\/v2\/pages"}],"about":[{"href":"http:\/\/www.medicinasporta.med.bg.ac.rs\/index.php?rest_route=\/wp\/v2\/types\/page"}],"author":[{"embeddable":true,"href":"http:\/\/www.medicinasporta.med.bg.ac.rs\/index.php?rest_route=\/wp\/v2\/users\/1"}],"replies":[{"embeddable":true,"href":"http:\/\/www.medicinasporta.med.bg.ac.rs\/index.php?rest_route=%2Fwp%2Fv2%2Fcomments&post=5205"}],"version-history":[{"count":4,"href":"http:\/\/www.medicinasporta.med.bg.ac.rs\/index.php?rest_route=\/wp\/v2\/pages\/5205\/revisions"}],"predecessor-version":[{"id":5259,"href":"http:\/\/www.medicinasporta.med.bg.ac.rs\/index.php?rest_route=\/wp\/v2\/pages\/5205\/revisions\/5259"}],"up":[{"embeddable":true,"href":"http:\/\/www.medicinasporta.med.bg.ac.rs\/index.php?rest_route=\/wp\/v2\/pages\/2660"}],"wp:attachment":[{"href":"http:\/\/www.medicinasporta.med.bg.ac.rs\/index.php?rest_route=%2Fwp%2Fv2%2Fmedia&parent=5205"}],"curies":[{"name":"wp","href":"https:\/\/api.w.org\/{rel}","templated":true}]}}