{"id":5234,"date":"2019-04-05T10:32:34","date_gmt":"2019-04-05T08:32:34","guid":{"rendered":"http:\/\/www.medicinasporta.med.bg.ac.rs\/?page_id=5234"},"modified":"2019-04-05T10:32:34","modified_gmt":"2019-04-05T08:32:34","slug":"nikola-uscumlic","status":"publish","type":"page","link":"http:\/\/www.medicinasporta.med.bg.ac.rs\/?page_id=5234&lang=sr","title":{"rendered":"Nikola U\u0161\u0107umli\u0107"},"content":{"rendered":"<div class=\"su-row\">\n<div class=\"su-column su-column-size-1-5\"><div class=\"su-column-inner su-u-clearfix su-u-trim\"><img loading=\"lazy\" class=\"aligncenter size-medium wp-image-5223\" src=\"http:\/\/www.medicinasporta.med.bg.ac.rs\/wp-content\/uploads\/2019\/04\/Nikola-Uscumlic-235x300.jpg\" alt=\"nikola-uscumlic\" width=\"235\" height=\"300\" srcset=\"http:\/\/www.medicinasporta.med.bg.ac.rs\/wp-content\/uploads\/2019\/04\/Nikola-Uscumlic-235x300.jpg 235w, http:\/\/www.medicinasporta.med.bg.ac.rs\/wp-content\/uploads\/2019\/04\/Nikola-Uscumlic.jpg 313w\" sizes=\"(max-width: 235px) 100vw, 235px\" \/><\/p>\n<\/div><\/div>\n<div class=\"su-column su-column-size-4-5\"><div class=\"su-column-inner su-u-clearfix su-u-trim\"><strong>Nikola U\u0161\u0107umli\u0107<br \/>\n<\/strong><\/p>\n<p><strong>Razlog upisa na Master studije PAHET<\/strong><\/p>\n<p>\u017delja za usavr\u0161avanjem, i sticanjem novih znanja, direktno primenljivih u praksi. Master studije (PAHET) predstavljaju ideal spoj sportskih i medicinskih nauka, \u0161to je i bio glavni razlog za upis na iste.<\/p>\n<p style=\"text-align: justify;\"><\/div><\/div>\n<\/div>\n<p style=\"text-align: justify;\"><div class=\"su-column su-column-size-1-1\"><div class=\"su-column-inner su-u-clearfix su-u-trim\"><\/div><\/div>\n<p style=\"text-align: justify;\"><strong>Biografija:<\/strong><\/p>\n<p>Ro\u0111en 06.10.1994. godine u Novom Sadu. Nakon zavr\u0161ene srednje ekonomske \u0161kole \u201eSvetozar Mileti\u0107\u201c 2013. godine upisujem fakultet sporta i fizi\u010dkog vaspitanja, Univerzitet u Novom Sadu, i diplomiram 2018. godine. Dosta dugo sam aktivno igrao fudbal, i to je sport za koji imam velika interesovanja. Dodatna interesovanja odnose se na: vrhunsku kondicionu pripremu sportista, sportske aktivnosti u prirodi, i promociju zdravog na\u010dina \u017eivota. Pored engleskog jezika koji svakodnevno koristim, slu\u017eim se i ruskim jezikom.<\/p>\n","protected":false},"excerpt":{"rendered":"<p>Biografija: Ro\u0111en 06.10.1994. godine u Novom Sadu. Nakon zavr\u0161ene srednje ekonomske \u0161kole \u201eSvetozar Mileti\u0107\u201c 2013. godine upisujem fakultet sporta i fizi\u010dkog vaspitanja, Univerzitet u Novom Sadu, i diplomiram 2018. godine. Dosta dugo sam aktivno igrao fudbal, i to je sport za koji imam velika interesovanja. Dodatna interesovanja odnose se na: vrhunsku kondicionu pripremu sportista, sportskeContinue reading &rarr;<\/p>\n","protected":false},"author":1,"featured_media":0,"parent":2660,"menu_order":0,"comment_status":"closed","ping_status":"closed","template":"","meta":[],"_links":{"self":[{"href":"http:\/\/www.medicinasporta.med.bg.ac.rs\/index.php?rest_route=\/wp\/v2\/pages\/5234"}],"collection":[{"href":"http:\/\/www.medicinasporta.med.bg.ac.rs\/index.php?rest_route=\/wp\/v2\/pages"}],"about":[{"href":"http:\/\/www.medicinasporta.med.bg.ac.rs\/index.php?rest_route=\/wp\/v2\/types\/page"}],"author":[{"embeddable":true,"href":"http:\/\/www.medicinasporta.med.bg.ac.rs\/index.php?rest_route=\/wp\/v2\/users\/1"}],"replies":[{"embeddable":true,"href":"http:\/\/www.medicinasporta.med.bg.ac.rs\/index.php?rest_route=%2Fwp%2Fv2%2Fcomments&post=5234"}],"version-history":[{"count":2,"href":"http:\/\/www.medicinasporta.med.bg.ac.rs\/index.php?rest_route=\/wp\/v2\/pages\/5234\/revisions"}],"predecessor-version":[{"id":5236,"href":"http:\/\/www.medicinasporta.med.bg.ac.rs\/index.php?rest_route=\/wp\/v2\/pages\/5234\/revisions\/5236"}],"up":[{"embeddable":true,"href":"http:\/\/www.medicinasporta.med.bg.ac.rs\/index.php?rest_route=\/wp\/v2\/pages\/2660"}],"wp:attachment":[{"href":"http:\/\/www.medicinasporta.med.bg.ac.rs\/index.php?rest_route=%2Fwp%2Fv2%2Fmedia&parent=5234"}],"curies":[{"name":"wp","href":"https:\/\/api.w.org\/{rel}","templated":true}]}}