{"id":5314,"date":"2019-08-12T10:53:11","date_gmt":"2019-08-12T08:53:11","guid":{"rendered":"http:\/\/www.medicinasporta.med.bg.ac.rs\/?page_id=5314"},"modified":"2019-08-12T10:58:38","modified_gmt":"2019-08-12T08:58:38","slug":"ana-nikolic","status":"publish","type":"page","link":"http:\/\/www.medicinasporta.med.bg.ac.rs\/?page_id=5314&lang=sr","title":{"rendered":"Ana Nikoli\u0107"},"content":{"rendered":"<div class=\"su-row\">\n<div class=\"su-column su-column-size-1-5\"><div class=\"su-column-inner su-u-clearfix su-u-trim\"> <img src=\"http:\/\/www.medicinasporta.med.bg.ac.rs\/wp-content\/uploads\/2019\/08\/Ana-Nikolic.jpg\" alt=\"Ana Nikoli\u0107\" \/> <\/div><\/div>\n<div class=\"su-column su-column-size-4-5\"><div class=\"su-column-inner su-u-clearfix su-u-trim\"><strong>Ana Nikoli\u0107<br \/>\n<\/strong><\/p>\n<p><strong>Razlog upisa na Master studije PAHET<\/strong>Na master studije Fizi\u010dka aktivnost, zdravlje i terapija ve\u017ebanjem upisala sam se iz \u017eelje za pro\u0161irenjem znanja iz oblasti prevencije i pobolj\u0161anja zdravlja pomo\u0107u redovne i adekvatne fizi\u010dke aktivnosti. Volela bih da se u budu\u0107em nau\u010dnoistra\u017eiva\u010dkom radu bavim ispitivanjem uticaja fizi\u010dke aktivnosti i ishrane na zdravlje, sa akcentom na prevenciju hroni\u010dnih nezaraznih bolesti i smatram da \u0107u najbolje znanje iz ove oblasti dobiti upravo na PAHET Master studijama.<\/p>\n<p style=\"text-align: justify;\"><\/div><\/div>\n<\/div>\n<p style=\"text-align: justify;\"><div class=\"su-column su-column-size-1-1\"><div class=\"su-column-inner su-u-clearfix su-u-trim\"><\/div><\/div>\n<p style=\"text-align: justify;\"><strong>Biografija:<\/strong><\/p>\n<p>Aleksandra Nikoli\u0107 je ro\u0111ena 25. maja 1989. godine u U\u017eicu. U Arilju je zavr\u0161ila osnovnu \u0161kolu, kao nosilac Vukove diplome, i gimnaziju u kojoj je stekla diplomu \u0111aka generacije. Medicinski fakultet Univerziteta u Beogradu upisala je \u0161kolske 2008\/2009. godine, i diplomirala marta 2015. godine. \u0160kolske 2015\/2016. godine upisala je doktorske studije iz epidemiologije na Medicinskom fakultetu Univerziteta u Beogradu. Od marta do novembra 2016. bila je zaposlena na Institutu za epidemiologiju kao istra\u017eiva\u010d pripravnik na projektu Ministarstva nauke i tehnolo\u0161kog razvoja RS \u201eEpidemiolo\u0161ka istra\u017eivanja\u201d, broj 175042, \u010diji je rukovodilac prof. dr. Sandra \u0160ipeti\u0107 Gruji\u010di\u0107. Novembra 2016. godine izabrana je za saradnika u nastavi za u\u017eu nau\u010dnu oblast epidemiologija, a novembra 2017. ponovo je izabrana za saradnika. Decembra 2018. izabrana je za asistenta za u\u017eu nau\u010dnu oblast epidemiologija. Od novembra 2016. \u010dlan je projekta br. 175042.<\/p>\n<div align=\"justify\">\n<p style=\"text-align: justify;\"><strong>Spisak radova:<\/strong><\/p>\n<p><strong><em>Originalni radovi in extenso u \u010dasopisima sa JCR liste<\/em><\/strong><\/p>\n<ol>\n<li>\u0160ipeti\u0107 Gruji\u010di\u0107 S, Milju\u0161 D, Soldatovi\u0107 I, <u>Nikolic A<\/u>, Vuj\u010di\u0107 I. Prehypertension and hypertension prevalence and risk factors among adult population in Republic of Serbia: a cross-sectional study. Vojnosanit Pregl. 2018, in press. doi: https:\/\/doi.org\/10.2298\/VSP180330114S<\/li>\n<li>Bjekic MD,\u00a0<a href=\"https:\/\/www.ncbi.nlm.nih.gov\/pubmed\/?term=Sipetic-Grujicic%20SB%5BAuthor%5D&amp;cauthor=true&amp;cauthor_uid=29735814\">Sipetic-Grujicic SB<\/a>,\u00a0<a href=\"https:\/\/www.ncbi.nlm.nih.gov\/pubmed\/?term=Vlajinac%20HD%5BAuthor%5D&amp;cauthor=true&amp;cauthor_uid=29735814\">Vlajinac HD<\/a>,\u00a0<u><a href=\"https:\/\/www.ncbi.nlm.nih.gov\/pubmed\/?term=Nikolic%20AM%5BAuthor%5D&amp;cauthor=true&amp;cauthor_uid=29735814\">Nikolic AM<\/a><\/u>. Oral sex related knowledge and oral sex behavior among homosexual and heterosexual men in Belgrade: A cross-sectional study. <a href=\"https:\/\/www.ncbi.nlm.nih.gov\/pubmed\/29735814\">Indian J Dermatol Venereol Leprol.<\/a>2018;84(5):563-568.<\/li>\n<li>Djurasinovi\u0107 VT, Mihaljevi\u0107 BS, \u0160ipeti\u0107 Gruji\u010di\u0107 SB, Ignjatovi\u0107 SD, Trajkovi\u0107 G, Todorovi\u0107-Balint MR, Anti\u0107 DA, Bila JS, Andjeli\u0107 BM, Jeli\u010di\u0107 JJ, Vukovi\u0107 VM, <u>Nikolic AM<\/u>, Klek S. 25(OH) vitamin D deficiency in lymphoid malignancies, its prevalence and significance. Are we fully aware of it? Support Care Cancer 2018;26(8):2825-2832.<\/li>\n<li>Vuj\u010di\u0107 I, Pavlovi\u0107 A, Dubljanin E, Maksimovi\u0107 J, <u>Nikoli\u0107 A<\/u>, Gruji\u010di\u0107 S. Attitudes toward medical cannabis legalization among serbian medical students. Subst Use Misuse. 2017; 52 (9):1225 \u2013 1231.<\/li>\n<\/ol>\n<p><strong><em>Ostali radovi u \u010dasopisima sa JCR liste<\/em><\/strong><\/p>\n<ol>\n<li>Bjeki\u0107 M,\u00a0Sipeti\u0107-Gruji\u010di\u0107 S,\u00a0Vlajinac H,\u00a0<u>Nikoli\u0107 A<\/u>. Reasons for not using condoms among heterosexual men in Belgrade, Serbia. Acta Dermatovenerol Croat. 2018; 26(1):58-60.<\/li>\n<\/ol>\n<p><strong><em>Izvod sa me\u0111unarodnog skupa<\/em><\/strong><\/p>\n<ol>\n<li><u>Nikoli\u0107 A<\/u>, Pislar A, Vuj\u010di\u0107 I, \u0160uljagic V, \u0160ipeti\u0107 Gruji\u010di\u0107 S. Kretanje oblevanja od raka debelog creva u Centralnoj Srbiji u periodu 1999-2014. godine- joinpoint regresiona analiza. In: Santra\u010d N, urednik. Anali kancerolo\u0161ke sekcije SLD, Zbornik apstrakta, 54. Kancerolo\u0161ka nedelja \"Savremena onkologija\"; 2017 novembar 8-11; Beograd; Srbija. Beograd: Kancerolo\u0161ka sekcija Srpskog lekarskog dru\u0161tva; 2017. p. 175-177.<\/li>\n<li><u>Nikoli\u0107 A<\/u>, \u0160ipeti\u0107 Gruji\u010di\u0107 S, \u0160uljagi\u0107 V. Trends in incidence and mortality rates of bladder cancer in Central Serbia in the period from 1999 to 2014. In: Koci\u0107 B, editor. Book of abstracts, 51<sup>st<\/sup> Days of preventive medicine; 2017 Sept 26-29; Ni\u0161, Serbia. Ni\u0161: Public Health Institute; 2017. p 207.<\/li>\n<li>Begovi\u0107 B, \u0160ipeti\u0107-Gruji\u010di\u0107 S, <u>Nikoli\u0107 A<\/u>, Pavlovi\u0107 N. Karakteristike i motivacija \u017eena i mu\u0161karaca testiranih na HIV infekciju u Savetovali\u0161tu za dobrovoljno i poverljivo savetovanje u Beogradu, Srbija. U: Kora\u0107 M, Jevtovi\u0107 \u0110, urednici. Zbornik apstrakta IV Kongres infektologa sa me\u0111unarodnim u\u010de\u0161\u0107em; 2017 Oktobar 5-8; Kopaonik, Srbija. Beograd: Udru\u017eenje infektologa Srbije; 2017. p. 68-9.<\/li>\n<\/ol>\n<p><strong><em>Izvod sa nacionalnog skupa<\/em><\/strong><\/p>\n<ol>\n<li><u>Nikoli\u0107 A<\/u>, Odanovi\u0107 N. Faktori rizika za nastanak dijabetesa tip 2 me\u0111u studentima Medicinskog fakulteta u Beogradu. 53. Kongres studenata biomedicinskih nauka, Kopaonik; 2012. (studentski rad)<\/li>\n<li>Odanovi\u0107 N, <u>Nikoli\u0107 A<\/u>. Povezanost markera inflamacije sa stepenom te\u017eine hroni\u010dne sr\u010dane insuficijencije. 53. Kongres studenata biomedicinskih nauka, Kopaonik; 2012. (studentski rad)<\/li>\n<li><u>Nikoli\u0107 A<\/u>. Faktori rizika za nastanak primarne arterijske hipertenzije. 52. Kongres studenata biomedicinskih nauka, Budva; 2011. (studentski rad)<\/li>\n<li>Tegeltija S, <u>Nikoli\u0107 A<\/u>. Uticaj homocistein tiolaktona na aktivnost Na+\/K+-ATP-aze sinapti\u010dkih plazma membrana mozga pacova. 52. Kongres studenata biomedicinskih nauka, Budva; 2011. (studentski rad)<\/li>\n<\/ol>\n<p><strong><em>Ud\u017ebenici, praktikumi, poglavlja u ud\u017ebenicima i praktikumima, monografije, knjige, poglavlja u monografijama i knjigama<\/em><\/strong><\/p>\n<ol>\n<li>\u0160ipeti\u0107 Gruji\u010di\u0107 S, <u>Nikoli\u0107 A<\/u>. Kako napisati tradicionalni pregled, sistematski pregled i meta-analizu. U: Lali\u0107 N, \u0160ipeti\u0107 Gruji\u010di\u0107 S, urednici. Napisati, objaviti, prezentovati i vrednovati nau\u010dno delo. Beograd: Medicinski fakultet; 2016. p. 47 \u2013 57.<\/li>\n<li>Gruji\u010di\u0107 S, <u>Nikoli\u0107 A<\/u>. Epidemiolo\u0161ke karakteristike oboljenja \u0161titaste \u017elezde. U: \u0110eri\u0107 BJ, urednik. Hirurgija \u0161titaste \u017elezde. Beograd: Zavod za ud\u017ebenike; 2017. p. 77 \u2013 100.<\/li>\n<li>\u0160ipeti\u0107 Gruji\u010di\u0107 S, Krivokapi\u0107 Z, <u>Nikoli\u0107 A<\/u>, Epidemiolo\u0161ki trendovi raka kolorektuma u Srbiji i svetu. U: \u0110eri\u0107 B, Krivokapi\u0107 Z, urednici. Karcinom debelog creva. Beograd: Zavod za ud\u017ebenike i Srpska akademija nauka i umetnosti; 2018. p. 1 \u2013 21.<\/li>\n<\/ol>\n<\/div>\n","protected":false},"excerpt":{"rendered":"<p>Biografija: Aleksandra Nikoli\u0107 je ro\u0111ena 25. maja 1989. godine u U\u017eicu. U Arilju je zavr\u0161ila osnovnu \u0161kolu, kao nosilac Vukove diplome, i gimnaziju u kojoj je stekla diplomu \u0111aka generacije. Medicinski fakultet Univerziteta u Beogradu upisala je \u0161kolske 2008\/2009. godine, i diplomirala marta 2015. godine. \u0160kolske 2015\/2016. godine upisala je doktorske studije iz epidemiologije naContinue reading &rarr;<\/p>\n","protected":false},"author":1,"featured_media":0,"parent":2660,"menu_order":0,"comment_status":"closed","ping_status":"closed","template":"","meta":[],"_links":{"self":[{"href":"http:\/\/www.medicinasporta.med.bg.ac.rs\/index.php?rest_route=\/wp\/v2\/pages\/5314"}],"collection":[{"href":"http:\/\/www.medicinasporta.med.bg.ac.rs\/index.php?rest_route=\/wp\/v2\/pages"}],"about":[{"href":"http:\/\/www.medicinasporta.med.bg.ac.rs\/index.php?rest_route=\/wp\/v2\/types\/page"}],"author":[{"embeddable":true,"href":"http:\/\/www.medicinasporta.med.bg.ac.rs\/index.php?rest_route=\/wp\/v2\/users\/1"}],"replies":[{"embeddable":true,"href":"http:\/\/www.medicinasporta.med.bg.ac.rs\/index.php?rest_route=%2Fwp%2Fv2%2Fcomments&post=5314"}],"version-history":[{"count":6,"href":"http:\/\/www.medicinasporta.med.bg.ac.rs\/index.php?rest_route=\/wp\/v2\/pages\/5314\/revisions"}],"predecessor-version":[{"id":5322,"href":"http:\/\/www.medicinasporta.med.bg.ac.rs\/index.php?rest_route=\/wp\/v2\/pages\/5314\/revisions\/5322"}],"up":[{"embeddable":true,"href":"http:\/\/www.medicinasporta.med.bg.ac.rs\/index.php?rest_route=\/wp\/v2\/pages\/2660"}],"wp:attachment":[{"href":"http:\/\/www.medicinasporta.med.bg.ac.rs\/index.php?rest_route=%2Fwp%2Fv2%2Fmedia&parent=5314"}],"curies":[{"name":"wp","href":"https:\/\/api.w.org\/{rel}","templated":true}]}}