{"id":5551,"date":"2020-05-28T00:37:31","date_gmt":"2020-05-27T22:37:31","guid":{"rendered":"http:\/\/www.medicinasporta.med.bg.ac.rs\/?page_id=5551"},"modified":"2020-06-25T09:22:41","modified_gmt":"2020-06-25T07:22:41","slug":"zarko-vuckovic","status":"publish","type":"page","link":"http:\/\/www.medicinasporta.med.bg.ac.rs\/?page_id=5551&lang=sr","title":{"rendered":"Dr \u017darko Vu\u010dkovi\u0107"},"content":{"rendered":"<p style=\"text-align: justify;\">Dr \u017darko Vu\u010dkovi\u0107 je op\u0161ti hirurg i specijalista za bol u preponama. Uporedo sa hirur\u0161kim radom, zbog izra\u017eene naklonosti futbalu, sara\u0111ivao je tokom karijere sa nizom zna\u010dajnih sportskih organizacija, u\u010destvuju\u0107i kao timski lekar na razli\u010ditim me\u0111unarodnim i nacionalnim takmi\u010denjima. Bio je \u010dlan Medicinskog organizacionog odbora EYOF 2007 Beograd, Srbija kao i medicinski savetnik\u00a0 Bore Milutinovi\u0107a tokom priprema FIFA-inog Kupa konfederacija 2009. za ira\u010dki nacionalni tim. Od 2010. godine dr Vu\u010dkovi\u0107 je \u010dlan Centra za bol u preponama Aspetar klinike, gde je u potpunosti posve\u0107en dijagnostici i le\u010denju bolova u preponama uzrokovanih sportskim aktivnostima, na \u0161ta ukazuje uspe\u0161nost u le\u010denju vi\u0161e od 400 pacijenata. Trenutno radi kao Direktor centra za bol u preponama Aspetar klinike, Doha, Katar.<\/p>\n<p style=\"text-align: justify;\">Dr Vu\u010dkovi\u0107 je diplomirao na Medicinskom fakultetu Univerziteta u Beogradu, dok je specijalizaciju op\u0161te hirurgije zavr\u0161io u KBC Be\u017eanijska kosa. Od 2003. godine radi i kao stru\u010dni konsultatn Medicinskog fakulteta u Beogradu u oblasti op\u0161te hirurgije.<\/p>\n<h3 style=\"text-align: justify;\"><strong>Predavanje dr \u017darka Vu\u010dkovi\u0107a<\/strong><\/h3>\n<p style=\"text-align: justify;\">Dr \u017darko Vu\u010dkovi\u0107, Direktor centra za bol u preponama klinike Aspetar (Doha, Katar) op\u0161ti hirurg i specijalista za bol u preponama, odr\u017eao je u okviru akrivnosti Belgrade Sports Medicine E Foruma predavanje na temu \u201eSurgical treatment of groin pain in athletes\u201c, 14. maja 2020.<\/p>\n<p style=\"text-align: justify;\">Dr \u017darko Vu\u010dkovi\u0107 je svetski priznati stru\u010dnjak u oblasti prevencije, dijagnostike i tretmana bola u preponama koji je uporedo sa hirur\u0161kim radom, zbog izra\u017eene naklonosti futbalu, sara\u0111ivao sa nizom zna\u010dajnih sportskih organizacija, u\u010destvuju\u0107i kao timski lekar na razli\u010ditim me\u0111unarodnim i nacionalnim takmi\u010denjima.<\/p>\n<p style=\"text-align: justify;\">Predavanje je bilo zaokru\u017eeno veoma aktivnom online diskusijom u kojoj su doma\u0107i stru\u010dnjaci iz oblasti sportske medicine i op\u0161te hirurgije podelili sopstvena iskustva i kroz mnogobrojna pitanja uporedili protokole\u00a0 pregleda sportista sa bolom u preponama koje samostalno primenjuju, sa protokolima preporu\u010denim od strane evropskih i svetskih stru\u010dnjaka.<\/p>\n<p><iframe loading=\"lazy\" title=\"Dr \u017darko Vu\u010dkovi\u0107 - Surgical treatment of groin pain in athletes\" width=\"1440\" height=\"810\" src=\"https:\/\/www.youtube.com\/embed\/10q2lQaGaz8?feature=oembed\" frameborder=\"0\" allow=\"accelerometer; autoplay; clipboard-write; encrypted-media; gyroscope; picture-in-picture\" allowfullscreen><\/iframe><\/p>\n","protected":false},"excerpt":{"rendered":"<p>Dr \u017darko Vu\u010dkovi\u0107 je op\u0161ti hirurg i specijalista za bol u preponama. Uporedo sa hirur\u0161kim radom, zbog izra\u017eene naklonosti futbalu, sara\u0111ivao je tokom karijere sa nizom zna\u010dajnih sportskih organizacija, u\u010destvuju\u0107i kao timski lekar na razli\u010ditim me\u0111unarodnim i nacionalnim takmi\u010denjima. Bio je \u010dlan Medicinskog organizacionog odbora EYOF 2007 Beograd, Srbija kao i medicinski savetnik\u00a0 Bore Milutinovi\u0107aContinue reading &rarr;<\/p>\n","protected":false},"author":1,"featured_media":0,"parent":0,"menu_order":0,"comment_status":"closed","ping_status":"closed","template":"","meta":[],"_links":{"self":[{"href":"http:\/\/www.medicinasporta.med.bg.ac.rs\/index.php?rest_route=\/wp\/v2\/pages\/5551"}],"collection":[{"href":"http:\/\/www.medicinasporta.med.bg.ac.rs\/index.php?rest_route=\/wp\/v2\/pages"}],"about":[{"href":"http:\/\/www.medicinasporta.med.bg.ac.rs\/index.php?rest_route=\/wp\/v2\/types\/page"}],"author":[{"embeddable":true,"href":"http:\/\/www.medicinasporta.med.bg.ac.rs\/index.php?rest_route=\/wp\/v2\/users\/1"}],"replies":[{"embeddable":true,"href":"http:\/\/www.medicinasporta.med.bg.ac.rs\/index.php?rest_route=%2Fwp%2Fv2%2Fcomments&post=5551"}],"version-history":[{"count":6,"href":"http:\/\/www.medicinasporta.med.bg.ac.rs\/index.php?rest_route=\/wp\/v2\/pages\/5551\/revisions"}],"predecessor-version":[{"id":5718,"href":"http:\/\/www.medicinasporta.med.bg.ac.rs\/index.php?rest_route=\/wp\/v2\/pages\/5551\/revisions\/5718"}],"wp:attachment":[{"href":"http:\/\/www.medicinasporta.med.bg.ac.rs\/index.php?rest_route=%2Fwp%2Fv2%2Fmedia&parent=5551"}],"curies":[{"name":"wp","href":"https:\/\/api.w.org\/{rel}","templated":true}]}}