{"id":5646,"date":"2020-05-29T01:41:55","date_gmt":"2020-05-28T23:41:55","guid":{"rendered":"http:\/\/www.medicinasporta.med.bg.ac.rs\/?page_id=5646"},"modified":"2020-06-25T15:07:05","modified_gmt":"2020-06-25T13:07:05","slug":"prof-dr-marco-cardinale","status":"publish","type":"page","link":"http:\/\/www.medicinasporta.med.bg.ac.rs\/?page_id=5646&lang=sr","title":{"rendered":"Prof. dr. Marco Cardinale"},"content":{"rendered":"<h3 style=\"text-align: justify;\"><strong>Predavanje prof. dr Marco Cardinale<\/strong><\/h3>\n<p style=\"text-align: justify;\">Prof. dr Marco Cardinale, izvr\u0161ni direktor istra\u017eiva\u010dkog i nau\u010dnog centra u Aspetaru, sportski nau\u010dnik sa bogatim iskustvom u razli\u010ditim oblastima i nekada\u0161nji rukovodilac odseka sportske fiziologije i istra\u017eivanja Akademije Aspire u Dohi, \u00a0odr\u017eao je u okviru aktivnosti Belgrade Sports Medicine E Foruma predavanje na temu \u201eSports Science in High Performance sport: Doing 100 things 1% better\u201c, 28. maja 2020.<\/p>\n<p style=\"text-align: justify;\">Prof. dr Marco Cardinale je nekada\u0161nji koordinator nau\u010dnih aktivnosti sportskih priprema tima Velike Britanije i Severne Irske na vi\u0161e Olimpijskih igrara, a tako\u0111e i nekada\u0161nji rukometa\u0161 i trener, koji je bio uklju\u010den u edukaciju trenera u oblasti snage, kondicije i fiziologije ve\u017ebanja.<\/p>\n<p style=\"text-align: justify;\">U okviru svog izlaganja, prof. Cardinale je predstavio preporuke i smernice o eventualnim pobol\u0161anjima koja se mogu u\u010diniti na nivou morfolo\u0161kih i funkcionalnih sposobnosti sportista, posebno isti\u010du\u0107i zna\u010daj koji pra\u0107enje razvoja ima na samom po\u010detku sportske karijere za svakog pojedinca.Tako\u0111e je veoma aktivno razmatrana i pomalo kontraverzna tema rane specijalizacije u sportu sa pore\u0111enjem mi\u0161lljenja koje imaju klini\u010dari i nau\u010dnici u oblasti sportsle medicine. Predavanje je bilo zaokru\u017eeno veoma aktivnom online diskusijom u kojoj su doma\u0107i i strani stru\u010dnjaci iz oblasti sportske medicine i ortopedije kroz mnogobrojna pitanja razre\u0161ili nedoumice koje imaju u svojoj praksi. Struktura u\u010desnika je bila veoma raznovrsna kako prema zanimanju, tako i prema lokaciji sa koje su se uklju\u010divali, od Osla, Rige, preko Beograda, Ni\u0161a, Skoplja i Soluna, do Dohe i Dubajia.<\/p>\n<p><iframe loading=\"lazy\" title=\"Marco Cardinale - Sports Science in High-Performance sport: Doing 100 things 1% better\" width=\"1440\" height=\"810\" src=\"https:\/\/www.youtube.com\/embed\/X7IT_g5Ka-s?feature=oembed\" frameborder=\"0\" allow=\"accelerometer; autoplay; clipboard-write; encrypted-media; gyroscope; picture-in-picture\" allowfullscreen><\/iframe><\/p>\n","protected":false},"excerpt":{"rendered":"<p>Predavanje prof. dr Marco Cardinale Prof. dr Marco Cardinale, izvr\u0161ni direktor istra\u017eiva\u010dkog i nau\u010dnog centra u Aspetaru, sportski nau\u010dnik sa bogatim iskustvom u razli\u010ditim oblastima i nekada\u0161nji rukovodilac odseka sportske fiziologije i istra\u017eivanja Akademije Aspire u Dohi, \u00a0odr\u017eao je u okviru aktivnosti Belgrade Sports Medicine E Foruma predavanje na temu \u201eSports Science in High PerformanceContinue reading &rarr;<\/p>\n","protected":false},"author":1,"featured_media":0,"parent":0,"menu_order":0,"comment_status":"closed","ping_status":"closed","template":"","meta":[],"_links":{"self":[{"href":"http:\/\/www.medicinasporta.med.bg.ac.rs\/index.php?rest_route=\/wp\/v2\/pages\/5646"}],"collection":[{"href":"http:\/\/www.medicinasporta.med.bg.ac.rs\/index.php?rest_route=\/wp\/v2\/pages"}],"about":[{"href":"http:\/\/www.medicinasporta.med.bg.ac.rs\/index.php?rest_route=\/wp\/v2\/types\/page"}],"author":[{"embeddable":true,"href":"http:\/\/www.medicinasporta.med.bg.ac.rs\/index.php?rest_route=\/wp\/v2\/users\/1"}],"replies":[{"embeddable":true,"href":"http:\/\/www.medicinasporta.med.bg.ac.rs\/index.php?rest_route=%2Fwp%2Fv2%2Fcomments&post=5646"}],"version-history":[{"count":10,"href":"http:\/\/www.medicinasporta.med.bg.ac.rs\/index.php?rest_route=\/wp\/v2\/pages\/5646\/revisions"}],"predecessor-version":[{"id":5915,"href":"http:\/\/www.medicinasporta.med.bg.ac.rs\/index.php?rest_route=\/wp\/v2\/pages\/5646\/revisions\/5915"}],"wp:attachment":[{"href":"http:\/\/www.medicinasporta.med.bg.ac.rs\/index.php?rest_route=%2Fwp%2Fv2%2Fmedia&parent=5646"}],"curies":[{"name":"wp","href":"https:\/\/api.w.org\/{rel}","templated":true}]}}