{"id":5690,"date":"2020-06-08T23:55:59","date_gmt":"2020-06-08T21:55:59","guid":{"rendered":"http:\/\/www.medicinasporta.med.bg.ac.rs\/?page_id=5690"},"modified":"2020-06-25T09:19:20","modified_gmt":"2020-06-25T07:19:20","slug":"prof-dr-johannes-tol-2","status":"publish","type":"page","link":"http:\/\/www.medicinasporta.med.bg.ac.rs\/?page_id=5690&lang=sr","title":{"rendered":"Prof. dr Johannes Tol"},"content":{"rendered":"<p style=\"text-align: justify;\">Prof. dr Johannes Tol je iskusni lekar sportske medicine, ali i nau\u010dnik, koji je istra\u017eivanja za svoju doktorsku diertaciju sproveo u oblasti izu\u010davanja sko\u010dnog zgloba i svoj dalji rad nastavlja da mentorisnjem budu\u0107ih doktorata u ovoj oblasti. Ugledni je lekar i istra\u017eiva\u010d, sa bogatim iskustvom kao koordinator za klini\u010dka istra\u017eivanja u Aspetaru (Doha, Katar), ali i stariji pomo\u0107ni urednik u \u010dasopisu British Journal of Sports Medicine i glavni lekar za mlade fudbalere u FK Ajaks.<\/p>\n<h3 style=\"text-align: justify;\"><strong>Predavanje prof. dr Johannes Tol<\/strong><\/h3>\n<p style=\"text-align: justify;\">Prof. dr Johannes Tol, specijalista sportske medicine koji je prvi specijalista obe oblasti koji je unapre\u0111en u zvanje prfeosra na Amsterdam UMC, (Amsterdam, Holandija), specijalizovan u oblasti prevencije, dijagnostike i tretmana povreda potkolenice odr\u017eao je u okviru akrivnosti Belgrade Sports Medicine E Foruma predavanje na temu \u201eAcute hamstring injuries\u201c, 04. juna 2020.<\/p>\n<p style=\"text-align: justify;\">Kao koordinator nau\u010dnoitra\u017eiva\u010dkog centra klinike Aspetar u Dohi (Katar), ali i pomo\u0107ni urednuik jednog od najpresti\u017enijih \u010dasopisa u oblasti sportske medicine \u201eBritish Journal of Sports Medicine\u201c i glavni lekar juniorskog tima fudbalskog kluba Ajak, prof. dr Tol je predstavio najnovije smernice u oblasti dijagnostike i tretmana naj\u010de\u0161\u0107ih povreda potkolenice u populaciji vrhunskih fudbalera, kao i preporuke o adekvatnoj proceni o povratku povre\u0111enih futbalera na teren nakon procesa rehabilitacije.<\/p>\n<p style=\"text-align: justify;\">Predavanje je bilo zaokru\u017eeno veoma aktivnom online diskusijom u kojoj su doma\u0107i stru\u010dnjaci iz oblasti sportske medicine, radiologije i ortopedije podelili sopstvena iskustva i kroz mnogobrojna pitanja uporedili protokole\u00a0 koje samostalno primenjuju, sa protokolima preporu\u010denim od strane evropskih stru\u010dnjaka. U\u010desnici webinara su se uklju\u010dili sa mnogobrojnih lokacija od Londona, Amsterdama, Osla, Rige, preko Beograda, Ni\u0161a, Soluna, do Dohe i Dubajia, omogu\u0107iv\u0161i na taj na\u010din veoma \u017eivopisnu razmenu iskustava.<\/p>\n<p><iframe loading=\"lazy\" title=\"Prof  dr Johannes Tol - Acute hamstring injuries\" width=\"1440\" height=\"810\" src=\"https:\/\/www.youtube.com\/embed\/fKWtmbQgYRQ?feature=oembed\" frameborder=\"0\" allow=\"accelerometer; autoplay; clipboard-write; encrypted-media; gyroscope; picture-in-picture\" allowfullscreen><\/iframe><\/p>\n","protected":false},"excerpt":{"rendered":"<p>Prof. dr Johannes Tol je iskusni lekar sportske medicine, ali i nau\u010dnik, koji je istra\u017eivanja za svoju doktorsku diertaciju sproveo u oblasti izu\u010davanja sko\u010dnog zgloba i svoj dalji rad nastavlja da mentorisnjem budu\u0107ih doktorata u ovoj oblasti. Ugledni je lekar i istra\u017eiva\u010d, sa bogatim iskustvom kao koordinator za klini\u010dka istra\u017eivanja u Aspetaru (Doha, Katar), aliContinue reading &rarr;<\/p>\n","protected":false},"author":1,"featured_media":0,"parent":0,"menu_order":0,"comment_status":"closed","ping_status":"closed","template":"","meta":[],"_links":{"self":[{"href":"http:\/\/www.medicinasporta.med.bg.ac.rs\/index.php?rest_route=\/wp\/v2\/pages\/5690"}],"collection":[{"href":"http:\/\/www.medicinasporta.med.bg.ac.rs\/index.php?rest_route=\/wp\/v2\/pages"}],"about":[{"href":"http:\/\/www.medicinasporta.med.bg.ac.rs\/index.php?rest_route=\/wp\/v2\/types\/page"}],"author":[{"embeddable":true,"href":"http:\/\/www.medicinasporta.med.bg.ac.rs\/index.php?rest_route=\/wp\/v2\/users\/1"}],"replies":[{"embeddable":true,"href":"http:\/\/www.medicinasporta.med.bg.ac.rs\/index.php?rest_route=%2Fwp%2Fv2%2Fcomments&post=5690"}],"version-history":[{"count":3,"href":"http:\/\/www.medicinasporta.med.bg.ac.rs\/index.php?rest_route=\/wp\/v2\/pages\/5690\/revisions"}],"predecessor-version":[{"id":5853,"href":"http:\/\/www.medicinasporta.med.bg.ac.rs\/index.php?rest_route=\/wp\/v2\/pages\/5690\/revisions\/5853"}],"wp:attachment":[{"href":"http:\/\/www.medicinasporta.med.bg.ac.rs\/index.php?rest_route=%2Fwp%2Fv2%2Fmedia&parent=5690"}],"curies":[{"name":"wp","href":"https:\/\/api.w.org\/{rel}","templated":true}]}}