{"id":6001,"date":"2021-02-09T09:40:59","date_gmt":"2021-02-09T08:40:59","guid":{"rendered":"http:\/\/www.medicinasporta.med.bg.ac.rs\/?page_id=6001"},"modified":"2021-02-09T09:45:47","modified_gmt":"2021-02-09T08:45:47","slug":"aleksa-bijelic","status":"publish","type":"page","link":"http:\/\/www.medicinasporta.med.bg.ac.rs\/?page_id=6001&lang=sr","title":{"rendered":"Aleksa Bijeli\u0107"},"content":{"rendered":"<div class=\"su-row\">\n<div class=\"su-column su-column-size-1-5\"><div class=\"su-column-inner su-u-clearfix su-u-trim\"> <img loading=\"lazy\" class=\"alignleft size-full wp-image-6000\" src=\"http:\/\/www.medicinasporta.med.bg.ac.rs\/wp-content\/uploads\/2021\/02\/Aleksa-Bjelic.jpg\" alt=\"\" width=\"235\" height=\"300\" \/>\u00a0<\/div><\/div>\n<div class=\"su-column su-column-size-4-5\"><div class=\"su-column-inner su-u-clearfix su-u-trim\">\n<h1><strong>Aleksa Bijeli\u0107<br \/>\n<\/strong><\/h1>\n<p><strong>Razlog upisa na Master studije PAHET<\/strong><\/p>\n<p>&nbsp;<\/p>\n<p style=\"text-align: justify;\"><\/div><\/div>\n<\/div>\n<p style=\"text-align: justify;\"><div class=\"su-column su-column-size-1-1\"><div class=\"su-column-inner su-u-clearfix su-u-trim\"><\/div><\/div>\n<p style=\"text-align: justify;\"><strong>Biografija:<\/strong><\/p>\n<div align=\"justify\">Aleksa Bijeli\u0107 je ro\u0111en 16.06.1992. godine u Beogradu. Osnovnu \u0161kolu ,,Prvu osnovnu \u0161kolu\u201d u Br\u010dko Distriktu zavr\u0161ava 2008. godine i ujedno zavr\u0161ava osnovnu muzi\u010dku \u0161kolu za klavir, nakon \u010dega upisuje Gimnaziju ,,Vaso Pelagi\u0107\u201d. 2010. godine ostvaruje sportski uspeh te postaje stariji\u00a0 juniorski \u00a0prvak Bosne i Hercegovine u atletici, disciplina: bacanje kladiva. Medicinski fakultet u Novom Sadu, studijski program Specijalne edukacije i rehabilitacije, modul vi\u0161estruka ometenost, upisuje 2011. godine i isti zavr\u0161ava 2016. godine. Aktivni je takmi\u010dar u Powerlifting-u i vice \u0161ampion Vojvodine u kategoriji do 93kg. Od 2019. je zaposlen u JU Tre\u0107a O\u0160 Br\u010dko Distrikt kao stru\u010dni saradnik tiflopedagog.<\/div>\n","protected":false},"excerpt":{"rendered":"<p>Biografija: Aleksa Bijeli\u0107 je ro\u0111en 16.06.1992. godine u Beogradu. Osnovnu \u0161kolu ,,Prvu osnovnu \u0161kolu\u201d u Br\u010dko Distriktu zavr\u0161ava 2008. godine i ujedno zavr\u0161ava osnovnu muzi\u010dku \u0161kolu za klavir, nakon \u010dega upisuje Gimnaziju ,,Vaso Pelagi\u0107\u201d. 2010. godine ostvaruje sportski uspeh te postaje stariji\u00a0 juniorski \u00a0prvak Bosne i Hercegovine u atletici, disciplina: bacanje kladiva. Medicinski fakultet uContinue reading &rarr;<\/p>\n","protected":false},"author":1,"featured_media":0,"parent":2660,"menu_order":0,"comment_status":"closed","ping_status":"closed","template":"","meta":[],"_links":{"self":[{"href":"http:\/\/www.medicinasporta.med.bg.ac.rs\/index.php?rest_route=\/wp\/v2\/pages\/6001"}],"collection":[{"href":"http:\/\/www.medicinasporta.med.bg.ac.rs\/index.php?rest_route=\/wp\/v2\/pages"}],"about":[{"href":"http:\/\/www.medicinasporta.med.bg.ac.rs\/index.php?rest_route=\/wp\/v2\/types\/page"}],"author":[{"embeddable":true,"href":"http:\/\/www.medicinasporta.med.bg.ac.rs\/index.php?rest_route=\/wp\/v2\/users\/1"}],"replies":[{"embeddable":true,"href":"http:\/\/www.medicinasporta.med.bg.ac.rs\/index.php?rest_route=%2Fwp%2Fv2%2Fcomments&post=6001"}],"version-history":[{"count":2,"href":"http:\/\/www.medicinasporta.med.bg.ac.rs\/index.php?rest_route=\/wp\/v2\/pages\/6001\/revisions"}],"predecessor-version":[{"id":6003,"href":"http:\/\/www.medicinasporta.med.bg.ac.rs\/index.php?rest_route=\/wp\/v2\/pages\/6001\/revisions\/6003"}],"up":[{"embeddable":true,"href":"http:\/\/www.medicinasporta.med.bg.ac.rs\/index.php?rest_route=\/wp\/v2\/pages\/2660"}],"wp:attachment":[{"href":"http:\/\/www.medicinasporta.med.bg.ac.rs\/index.php?rest_route=%2Fwp%2Fv2%2Fmedia&parent=6001"}],"curies":[{"name":"wp","href":"https:\/\/api.w.org\/{rel}","templated":true}]}}