{"id":6004,"date":"2021-02-09T09:43:25","date_gmt":"2021-02-09T08:43:25","guid":{"rendered":"http:\/\/www.medicinasporta.med.bg.ac.rs\/?page_id=6004"},"modified":"2021-02-09T09:43:25","modified_gmt":"2021-02-09T08:43:25","slug":"aleksandra-maricic","status":"publish","type":"page","link":"http:\/\/www.medicinasporta.med.bg.ac.rs\/?page_id=6004&lang=sr","title":{"rendered":"Aleksandra Mari\u010di\u0107"},"content":{"rendered":"<div class=\"su-row\">\n<div class=\"su-column su-column-size-1-5\"><div class=\"su-column-inner su-u-clearfix su-u-trim\"><img loading=\"lazy\" class=\"alignleft size-full wp-image-6005\" src=\"http:\/\/www.medicinasporta.med.bg.ac.rs\/wp-content\/uploads\/2021\/02\/Aleksandra-Maricic.jpg\" alt=\"\" width=\"235\" height=\"300\" \/> \u00a0<\/div><\/div>\n<div class=\"su-column su-column-size-4-5\"><div class=\"su-column-inner su-u-clearfix su-u-trim\">\n<h1><strong>Aleksandra Mari\u010di\u0107<br \/>\n<\/strong><\/h1>\n<p><strong>Razlog upisa na Master studije PAHET<\/strong><\/p>\n<p>Podstcanje starijih lica u Srbiji na redovnu fizi\u010dku aktivnost, sticanje\u00a0 teorijskih i prakti\u010dnih znanja\u00a0 o medicinskim i psiholo\u0161kim efektima fizi\u010dke aktivnosti.<\/p>\n<p style=\"text-align: justify;\"><\/div><\/div>\n<\/div>\n<p style=\"text-align: justify;\"><div class=\"su-column su-column-size-1-1\"><div class=\"su-column-inner su-u-clearfix su-u-trim\"><\/div><\/div>\n<p style=\"text-align: justify;\"><strong>Biografija:<\/strong><\/p>\n<div align=\"justify\">Ro\u0111ena 28. 07. 1992. u Beogradu. Zavr\u0161ila Prvu beogradsku gimnaziju 2011. godine nakon \u010dega upisuje Visoku medicinsku \u0161kolu strukovnih studija Milutin Milankovi\u0107 koju zavr\u0161ava 2014 godine sa diplomskim radom na temu Multiple skleroze. U toku studiranja zanima se za psihologiju, po zavr\u0161etku studija na Visokoj medicinskoj \u0161koli upisuje Psihologiju na Fakultetu za medije i komunikacije Univerziteta Singidunum koju zadvr\u0161ava 2020. godine .U\u010desnik Work and travel programa studentske razmene u Americi 2017, 2018 i 2019. godine u NY, NJ, Massachusettsu -Bostonu i Coloradu. Sportom se bavi od \u0161este godine, umetni\u010dkim plivanjem, karateom takmi\u010darski sa osvojene dve medalje na me\u0111unarodnim takmi\u010denjima, aikidom, yogom, tenisom , savremenim i jazz baletom. Trenutno \u010dlan napredne grupe baletskog kluba Pirouette. Te\u010dno govori Engleski, Francuski i \u0160panski jezik.<\/div>\n","protected":false},"excerpt":{"rendered":"<p>Biografija: Ro\u0111ena 28. 07. 1992. u Beogradu. Zavr\u0161ila Prvu beogradsku gimnaziju 2011. godine nakon \u010dega upisuje Visoku medicinsku \u0161kolu strukovnih studija Milutin Milankovi\u0107 koju zavr\u0161ava 2014 godine sa diplomskim radom na temu Multiple skleroze. U toku studiranja zanima se za psihologiju, po zavr\u0161etku studija na Visokoj medicinskoj \u0161koli upisuje Psihologiju na Fakultetu za medije iContinue reading &rarr;<\/p>\n","protected":false},"author":1,"featured_media":0,"parent":2660,"menu_order":0,"comment_status":"closed","ping_status":"closed","template":"","meta":[],"_links":{"self":[{"href":"http:\/\/www.medicinasporta.med.bg.ac.rs\/index.php?rest_route=\/wp\/v2\/pages\/6004"}],"collection":[{"href":"http:\/\/www.medicinasporta.med.bg.ac.rs\/index.php?rest_route=\/wp\/v2\/pages"}],"about":[{"href":"http:\/\/www.medicinasporta.med.bg.ac.rs\/index.php?rest_route=\/wp\/v2\/types\/page"}],"author":[{"embeddable":true,"href":"http:\/\/www.medicinasporta.med.bg.ac.rs\/index.php?rest_route=\/wp\/v2\/users\/1"}],"replies":[{"embeddable":true,"href":"http:\/\/www.medicinasporta.med.bg.ac.rs\/index.php?rest_route=%2Fwp%2Fv2%2Fcomments&post=6004"}],"version-history":[{"count":1,"href":"http:\/\/www.medicinasporta.med.bg.ac.rs\/index.php?rest_route=\/wp\/v2\/pages\/6004\/revisions"}],"predecessor-version":[{"id":6006,"href":"http:\/\/www.medicinasporta.med.bg.ac.rs\/index.php?rest_route=\/wp\/v2\/pages\/6004\/revisions\/6006"}],"up":[{"embeddable":true,"href":"http:\/\/www.medicinasporta.med.bg.ac.rs\/index.php?rest_route=\/wp\/v2\/pages\/2660"}],"wp:attachment":[{"href":"http:\/\/www.medicinasporta.med.bg.ac.rs\/index.php?rest_route=%2Fwp%2Fv2%2Fmedia&parent=6004"}],"curies":[{"name":"wp","href":"https:\/\/api.w.org\/{rel}","templated":true}]}}