{"id":6020,"date":"2021-02-09T11:21:47","date_gmt":"2021-02-09T10:21:47","guid":{"rendered":"http:\/\/www.medicinasporta.med.bg.ac.rs\/?page_id=6020"},"modified":"2021-02-09T11:21:47","modified_gmt":"2021-02-09T10:21:47","slug":"nikola-knezevic","status":"publish","type":"page","link":"http:\/\/www.medicinasporta.med.bg.ac.rs\/?page_id=6020&lang=sr","title":{"rendered":"Nikola Kne\u017eevi\u0107"},"content":{"rendered":"<div class=\"su-row\">\n<div class=\"su-column su-column-size-1-5\"><div class=\"su-column-inner su-u-clearfix su-u-trim\"> <img loading=\"lazy\" class=\"alignleft size-full wp-image-6021\" src=\"http:\/\/www.medicinasporta.med.bg.ac.rs\/wp-content\/uploads\/2021\/02\/Nikola-Knezevic.jpg\" alt=\"\" width=\"235\" height=\"300\" \/>\u00a0<\/div><\/div>\n<div class=\"su-column su-column-size-4-5\"><div class=\"su-column-inner su-u-clearfix su-u-trim\">\n<h1><strong>Nikola Kne\u017eevi\u0107<br \/>\n<\/strong><\/h1>\n<p><strong>Razlog upisa na Master studije PAHET<\/strong><\/p>\n<div align=\"justify\">Kroz studije se sre\u0107e sa usko povezanim sportskim granama medicine koje mu bude nova interesovanja i daju motiv za izu\u010davanje i dalje usavr\u0161avanje u sektoru sportske medicine. Master program fizi\u010dka aktivnost, zdravlje i terapija ve\u017ebanjem upisuje kako bi stekao kompetentno znanje i diplomu za budu\u0107i rad u sferi interesovanja prevencije i rehabilitacije povreda kod sportista.<\/div>\n<p style=\"text-align: justify;\"><\/div><\/div>\n<\/div>\n<p style=\"text-align: justify;\"><div class=\"su-column su-column-size-1-1\"><div class=\"su-column-inner su-u-clearfix su-u-trim\"><\/div><\/div>\n<p style=\"text-align: justify;\"><strong>Biografija:<\/strong><\/p>\n<div align=\"justify\">Nikola Kne\u017eevi\u0107,rodjen 11.04.1995. u Vukovaru. Osnovno obrazovanje sti\u010de u Osnovnoj \u0161koli Trpinja. Dalje \u0161kolovanje nastavlja u Srednjoj Ekonomskoj \u0161koli u Vukovaru,sa primerenim vladanjem i odli\u010dnim uspehom. Zatim 2014. upisuje Fakultet sporta i fizi\u010dkog vaspitanja u Novom Sadu koji uspe\u0161no zavr\u0161ava 2020.godine. U toku studija sti\u010de licencu Sportskog operativnog trenera fudbala na istoimenom fakultetu. Fudbal je Nikolino najve\u0107e interesovanje jo\u0161 od davne 2002. godine kada po\u010dinje da trenira u FK Sin\u0111eli\u0107 gde ostaje sve do danas. Uporedo sa obrazovanjem, aktivno se bavi fudbalom kao igra\u010d, a tako\u0111e i kao trener mla\u0111ih kategorija. Svoje znanje ima je priliku i da poka\u017ee u Cirihu (\u0160vajcarska) gde je radio odre\u0111eni period 2018. godine kao personalni trener.<\/div>\n","protected":false},"excerpt":{"rendered":"<p>Biografija: Nikola Kne\u017eevi\u0107,rodjen 11.04.1995. u Vukovaru. Osnovno obrazovanje sti\u010de u Osnovnoj \u0161koli Trpinja. Dalje \u0161kolovanje nastavlja u Srednjoj Ekonomskoj \u0161koli u Vukovaru,sa primerenim vladanjem i odli\u010dnim uspehom. Zatim 2014. upisuje Fakultet sporta i fizi\u010dkog vaspitanja u Novom Sadu koji uspe\u0161no zavr\u0161ava 2020.godine. U toku studija sti\u010de licencu Sportskog operativnog trenera fudbala na istoimenom fakultetu. FudbalContinue reading &rarr;<\/p>\n","protected":false},"author":1,"featured_media":0,"parent":2660,"menu_order":0,"comment_status":"closed","ping_status":"closed","template":"","meta":[],"_links":{"self":[{"href":"http:\/\/www.medicinasporta.med.bg.ac.rs\/index.php?rest_route=\/wp\/v2\/pages\/6020"}],"collection":[{"href":"http:\/\/www.medicinasporta.med.bg.ac.rs\/index.php?rest_route=\/wp\/v2\/pages"}],"about":[{"href":"http:\/\/www.medicinasporta.med.bg.ac.rs\/index.php?rest_route=\/wp\/v2\/types\/page"}],"author":[{"embeddable":true,"href":"http:\/\/www.medicinasporta.med.bg.ac.rs\/index.php?rest_route=\/wp\/v2\/users\/1"}],"replies":[{"embeddable":true,"href":"http:\/\/www.medicinasporta.med.bg.ac.rs\/index.php?rest_route=%2Fwp%2Fv2%2Fcomments&post=6020"}],"version-history":[{"count":2,"href":"http:\/\/www.medicinasporta.med.bg.ac.rs\/index.php?rest_route=\/wp\/v2\/pages\/6020\/revisions"}],"predecessor-version":[{"id":6023,"href":"http:\/\/www.medicinasporta.med.bg.ac.rs\/index.php?rest_route=\/wp\/v2\/pages\/6020\/revisions\/6023"}],"up":[{"embeddable":true,"href":"http:\/\/www.medicinasporta.med.bg.ac.rs\/index.php?rest_route=\/wp\/v2\/pages\/2660"}],"wp:attachment":[{"href":"http:\/\/www.medicinasporta.med.bg.ac.rs\/index.php?rest_route=%2Fwp%2Fv2%2Fmedia&parent=6020"}],"curies":[{"name":"wp","href":"https:\/\/api.w.org\/{rel}","templated":true}]}}