{"id":6045,"date":"2021-02-09T12:14:08","date_gmt":"2021-02-09T11:14:08","guid":{"rendered":"http:\/\/www.medicinasporta.med.bg.ac.rs\/?page_id=6045"},"modified":"2021-02-09T12:14:08","modified_gmt":"2021-02-09T11:14:08","slug":"rada-jeremic","status":"publish","type":"page","link":"http:\/\/www.medicinasporta.med.bg.ac.rs\/?page_id=6045&lang=sr","title":{"rendered":"Rada Jeremi\u0107"},"content":{"rendered":"<div class=\"su-row\">\n<div class=\"su-column su-column-size-1-5\"><div class=\"su-column-inner su-u-clearfix su-u-trim\"><img loading=\"lazy\" class=\"alignleft size-full wp-image-6049\" src=\"http:\/\/www.medicinasporta.med.bg.ac.rs\/wp-content\/uploads\/2021\/02\/Rada-Jeremic.jpg\" alt=\"\" width=\"235\" height=\"300\" \/>\u00a0 <\/div><\/div>\n<div class=\"su-column su-column-size-4-5\"><div class=\"su-column-inner su-u-clearfix su-u-trim\">\n<h1><strong>Rada Jeremi\u0107<br \/>\n<\/strong><\/h1>\n<p><strong>Razlog upisa na Master studije PAHET<\/strong><\/p>\n<div align=\"justify\">Unapre\u0111enje prethodno ste\u010denog znanja i ve\u0161tina iz oblasti Fiziologije fizi\u010dke aktivnosti. Implementacija znanja i ve\u0161tina ste\u010denih tokom ovog mastera u svakodnevnom radu sa studentima.<\/div>\n<\/div><\/div>\n<\/div>\n<p style=\"text-align: justify;\"><div class=\"su-column su-column-size-1-1\"><div class=\"su-column-inner su-u-clearfix su-u-trim\"><\/div><\/div>\n<p style=\"text-align: justify;\"><strong>Biografija:<\/strong><\/p>\n<div align=\"justify\">\n<p>Ro\u0111ena 13. 09. 1990. god. u Priboju. Medicinski fakultet, Univeziteta u Beogradu upisala 2009. god., a zavr\u0161ila 2015.god., sa prose\u010dnom ocenom 9,61. Od 2017. god. je zaposlena na Institutu za Medicinsku fiziologiju, Medicinski fakultet, Univerzitet u Beogradu. Doktorske akademske studije, modul Fiziolo\u0161ke nauke upisala je 2015. god. Specijalizaciju iz Interne medicine upisala je aprila 2017. god. Oblasti interesovanja: Medicinska Fiziologija, Interna medicina, Hiperbari\u010dna medicina.<\/p>\n<p><strong>1. Originalni radovi <em>in extenso<\/em> u \u010dasopisima sa JCR (journal citation reports) liste<\/strong><\/p>\n<ul>\n<li style=\"list-style-type: none;\">\n<ul>\n<li>PanticI,\u00a0<strong>Jeremic<\/strong><strong> R<\/strong>,\u00a0Dacic\u00a0S,\u00a0Pekovic\u00a0S,\u00a0Pantic\u00a0S,\u00a0Djelic\u00a0M0,\u00a0Vitic\u00a0Z,\u00a0Brkic\u00a0P,\u00a0Brodski Gray-Level Co-Occurrence Matrix Analysis of Granule Neurons of the Hippocampal Dentate Gyrus Following Cortical Injury. Microsc Microanal. 2020 Feb;26(1):166-172. \u00a0doi: 10.1017\/S143192762000001X.<\/li>\n<li>Kovacevic S, Ivanov M, Miloradovic Z, Brkic P, Vaji\u0107 UJ, Zivotic M, Mihailovic Stanojevic N, Jovovic Dj, Karanovic D, <strong>Jeremic R, <\/strong>Nesovic Ostojic J. Hyperbaric oxygen preconditioning and the role of NADPH oxidase inhibition in postischemic acute kidney injury induced in spontaneously hypertensive rats. PLoS ONE. 2020;\u00a015(1): DOI:\u00a010.1371\/journal.pone.0226974<\/li>\n<li>Ivanov M, Brkic P, Vajic UJ, Mihailovic Stanojevic N, Milacic D, Jovovic Dj, Karanovic D, Djelic M, <strong>Jeremic R<\/strong>, Miloradovic Z. Hyperbaric oxygenation protects the kidney against ischemia-reperfusion injury. Undersea Hyperbaric Med. 2020;\u00a047(1):21-30<\/li>\n<li>Durmic T, Djelic M, Gavrilovic T, Antic M,<strong> Jeremic R<\/strong>, Vujovic A, Mihailovic Z, Zdravkovic M. Usefulness of heart rate recovery parameters to monitor cardiovacular adaptation in elite athletes: the impact of the type of sport. Physiol Int.2019; 106(1): 81-94. doi: 10.1556\/2060.106.2019.03<\/li>\n<\/ul>\n<\/li>\n<\/ul>\n<p><strong>2. Radovi u \u010dasopisima indeksiranim u SCIENCE CITATION INDEX Expanded (SCIe), bez IF<\/strong><\/p>\n<ul>\n<li style=\"list-style-type: none;\">\n<ul>\n<li><strong>Jeremi\u0107 R<\/strong>, Bjeli\u0107 A, Skorupan N. Metaboli\u010dki odgovor na test fizi\u010dkog optere\u0107enja kod fizi\u010dki aktivnih i neaktivnih ispitanika. Medicinski podmladak. 2012; 63(1-2): 74-77.<\/li>\n<\/ul>\n<\/li>\n<\/ul>\n<p><strong>3. Ceo rad u zborniku sa nacionalnog skupa<\/strong><\/p>\n<ul>\n<li style=\"list-style-type: none;\">\n<ul>\n<li><strong>Jeremi\u0107 R. <\/strong>Ispitivanje reakcije kompleksa [AuCl<sub>4<\/sub>]<sup>-<\/sup> sa aminokiselinama L-metioninom, L-cisteinom, S-karboksimetil-L-cisteinom i glutationom. Petni\u010dke sveske. IS Petnica, Valjevo, Srbija. 2008; 64: 237-247.<\/li>\n<li><strong>Jeremi\u0107 R<\/strong>, Slijep\u010devi\u0107 I. Ispitivanje inhibitornog efekta formaldehida na koroziju gvo\u017e\u0111a. Petni\u010dke sveske. IS Petnica, Valjevo, Srbija. 2007; 63: 233-236.<\/li>\n<\/ul>\n<\/li>\n<\/ul>\n<p><strong>4. Izvod sa me\u0111unarodnog skupa<\/strong><\/p>\n<ul>\n<li style=\"list-style-type: none;\">\n<ul>\n<li>Ivanov M, Miloradovic Z, Mihailovic Stanojevic N, Jovovic Dj, Karanovic D, Vajic UJ, <strong>Jeremic R<\/strong>, Djelic M, Brkic P. Hyperbaric oxygen preconditioning increases heme oxygenase 1 expression in kidney tissue and improves kidney function in spontaneously hypertensive rats with ischemic acute kidney injury. 2020; Nephrology Dialysis Transplantation\u00a035(Supplement_3) doi:\u00a01093\/ndt\/gfaa142.P0557<\/li>\n<li>Kovacevic S, Ivanov M, Miloradovic Z, Brkic P, Vaji\u0107 UJ, Zivotic M, <strong>Jeremic R, <\/strong>Mihailovic Stanojevic N, Jovovic Dj, Karanovic D, Nesovic Ostojic J. The effects of hyperbaric oxygen preconditioning and apocynin treatment in postischemic acute kidney injury induced in spontaneously hypertensive rats. Nephrology Dialysis Transplantation\u00a035(Supplement_3). 2020. doi:\u00a01093\/ndt\/gfaa142.P0551<\/li>\n<li>Dacic S, Bozic I, <strong>Jeremic R<\/strong>, Bjelobaba I, Lavrnja I, Savic D, Rakic Lj, Stojiljkovic M, Pekovic S. L-type calcium channels involvement in the regulation of neuroinflamation and neuroregeneration after brain injury. FENS Regional Meeting. Belgrade, Serbia. 2019 July 10<sup>th<\/sup>-13<sup>th<\/sup>. Abstract book, p. 487.<\/li>\n<li>Jeremic R, Brkic P, Dacic S, Djelic M, Pekovic S. Application of hyperbaric oxygen after experimental brain injury promotes macrophages transition from pro\/inflamatory M1 to anti\/inflammatory M2 phenotype. FENS Regional Meeting. Belgrade, Serbia. 2019 July 10<sup>th<\/sup>-13<sup>th<\/sup>. Abstract book, p. 368.<\/li>\n<li>Kova\u010devi\u0107 S, Ivanov M, Miloradovi\u0107 Z, Brki\u0107 P, Vaji\u0107 UJ, Mihailovi\u0107 Stanojevi\u0107 N, Jovovi\u0107 \u0110, Karanovi\u0107 D, Gruji\u0107 Milanovi\u0107 J, <strong>Jeremi\u0107 R<\/strong>, Ne\u0161ovi\u0107 Ostoji\u0107 J. Effects of NADPH oxidase inhibition and hyperbaric oxygen preconditioning on renal haemodynamics and kidney function in experimental model of ischemic acute kidney injury in spontaneously hypertensive rats. 4<sup>th<\/sup> congress of physiological sciences of Serbia with international participation. Ni\u0161, Serbia. 2018 September 19<sup>th<\/sup>-23<sup>rd<\/sup>. Abstract book, p. 96.<\/li>\n<li>Ivanov M, Brki\u0107 P, Vaji\u0107 UJ, Karanovi\u0107 D, Jovovi\u0107 \u0110, Mihailovi\u0107 Stanojevi\u0107 N, Mila\u010di\u0107 D, \u0110elic M, Gruji\u0107 Milanovi\u0107 J, <strong>Jeremi\u0107 R<\/strong>, Miloradovi\u0107 Z. Hyperbaric oxygen preconditioning improves renal haemodynamics and kidney function in experimental model of ischemic acute kidney injury. 4<sup>th<\/sup> congress of physiological sciences of Serbia with international participation. Ni\u0161, Serbia. 2018 September 19<sup>th<\/sup>-23<sup>rd<\/sup>. Abstract book, p. 95.<\/li>\n<li><strong>Jeremi\u0107 R<\/strong>, Brki\u0107 P, Daci\u0107 S, \u0110eli\u0107 M, Pekovi\u0107 S: Hyperbaric oxygen enhances neuroprotection and stimulates neurogenesis after brain injury in rats: an intermediary role of interleukin-10. 4<sup>th<\/sup> congress of physiological sciences of Serbia with international participation. Ni\u0161, Serbia. 2018 September 19<sup>th<\/sup>-23<sup>rd<\/sup>. Abstract book, p. 94.<\/li>\n<li>Brki\u0107 P, <strong>Jeremi\u0107 R<\/strong>, Daci\u0107 S, \u0110eli\u0107 M, Pekovi\u0107 S. The underlying therapeutic mechanisms of hyperbaric oxygenation in the recovery after experimental cerebral injury. 4<sup>th<\/sup> congress of physiological sciences of Serbia with international participation. Ni\u0161, Serbia. 2018 September 19<sup>th<\/sup>-23<sup>rd<\/sup>. Abstract book, p. 67.<\/li>\n<li>Ivanov M, Brkic P, Mihajlovic-Stanojevic N, Jovovic D, Vajic UJ, Karanovic D, Grujic-Milanovic J, <strong>Jeremic R<\/strong>, Djelic M, Milacic D, Miloradovic Z. hyperbaric oxygen preconditioning improves renal heamodynamic and kidneyfuncion in spontaneously hypertensive rats with ischemic acute kidney injury. 28<sup>th <\/sup>European meeting on hypertension and cardiovascular protection. Barcelona, Spain. 2018 June 8<sup>th<\/sup>-11<sup>th<\/sup>. Abstract book, e77.<\/li>\n<li>Ivanov M, Brkic P, Mihajlovic-Stanojevic N, Jovovic D, Vajic UJ, Karanovic D, Grujic-Milanovic J, <strong>Jeremic R<\/strong>, Djelic M, Milacic D, Miloradovic Z. The effects of hyperbaric oxygen preconditioning on renal heamodynamic, kidney funcion and oxidative stress in experimental model of ischemic acute kidney injury: hypertensice vs. Normotensive rats. 5<sup>th<\/sup> European Section meeting of the International Academu of Cardiovascular Sciences (IACS-ES), Advances in cardiovascular research: From basic mechanisms to therapeutic strategies. Smolenice, Slovakia. 2018 May 23<sup>rd<\/sup>-26<sup>th<\/sup>. Abstract Book, p. 27.<\/li>\n<li>Brkic P, Koletic V, Isquierdo D, Ivkovic D, Djelic M, <strong>Jeremic R<\/strong>. Hyperbaric oxygenation as an adjuvant therapy for peripheral vascular complications of diabetes. X International Gerontological Congress. Belgrade, Serbia. 2018 May 18<sup>th<\/sup>-19<sup>th<\/sup>. Abstract Book, p. 43.<\/li>\n<li><strong>Jeremic R<\/strong>, Dacic S, Brkic P, Djelic M, Jovanovic T, Pekovic S. Hyperbaric oxygenation enhances neurogenesis after injury to adult rat brain. 7<sup>th<\/sup> Congress of Serbian Neuroscience with international participation. Belgrade, Serbia. 2017 October 25<sup>th<\/sup>-27<sup>th<\/sup>. Abstract book, p. 84.<\/li>\n<li>Djelic M, Mazic S, Sumarac Dumanovic M, <strong>Jeremic R<\/strong>, Vujovic A, Durmic T, Cvetkovic S, Micic D. Impact of exercise training on insulin sensitivity estimated by HOMA model in elite athletes: association with body composition. 19<sup>th<\/sup> European Congress of Endocrinology. Lisabon, Portugal. 2017 May 20<sup>th<\/sup>-23<sup>rd<\/sup>. doi: 10.1530\/endoabs.49.EP470.<\/li>\n<li>Brkic P, Dacic S, <strong>Jeremic R<\/strong>, Jovanovic T, Pekovic S. The effect of hyperbaric oxygenation on neurogenesis after brain injury in adult rats. IX International Congress on Hyperbaric Medicine. Belgrade, Serbia. 2017 May 11<sup>th <\/sup>-14<sup>th<\/sup>. Abstract book, p. 26.<\/li>\n<li>Djelic M, Trajkovic V, Sumarac Dumanovic M, Mazic S, Durmic T, <strong>Jeremic R<\/strong>, Bjelic A, Micic D. Pro-inflammatory cytokines responses to acute exercise in athletes and sedentary controls: association with body composition and insulin. 18t<sup>h<\/sup> European Congress of Endocrinology. Munich, Germany. 2016 May 28<sup>th<\/sup>-31<sup>st<\/sup>. Abstract book, p. 378.<\/li>\n<li><strong>Jeremi\u0107 R, <\/strong>Jeremi\u0107 M, Bjeli\u0107 A, \u0110eli\u0107 M. The relationship between body fat percentage and resting blood pressure in elite athletes. 2<sup>nd<\/sup> International Student Congress. Graz, Austria. 2015 June 4<sup>th<\/sup>-6<sup>th<\/sup>. Abstract book, p. 66.<\/li>\n<li>Jeremi\u0107 M, <strong>Jeremi\u0107 R<\/strong>, Markovi\u0107 I. The cytotoxic effects of novel synthesized Pd3 Complex to human promyelocytic leukemia cell line in vitro. 2<sup>nd<\/sup> International Student Congress. Graz, Austria. 2015 June 4<sup>th<\/sup>-6<sup>th<\/sup>. Abstract book, p. 73.<\/li>\n<li>Bjeli\u0107 A, <strong>Jeremi\u0107 R, <\/strong>\u0110eli\u0107 M. Growth hormone response to acute exercise in elite male volleyball players. 2<sup>nd<\/sup> International Student Congress. Graz, Austria. 2015 June 4<sup>th<\/sup>-6<sup>th<\/sup>. Abstract book, p. 105.<\/li>\n<li>Jeremi\u0107 M, <strong>Jeremi\u0107 R<\/strong>, Had\u017eibegovi\u0107 A. Ultrastructural analysis of the myocardial tissue of rats treated with novel, composite fullerenol\/Fe2+ nanoparticles. 14<sup>th<\/sup> Zagreb International Medical Summite for students and young doctors. Zagreb, Croatia. 2014 November 20<sup>th<\/sup>-23<sup>rd<\/sup>. Abstract book, p. 42. (Suplement Lije\u010d Vjesn 136)<\/li>\n<li>Jeremi\u0107 M. Maru\u0161i\u0107 V,<strong> Jeremi\u0107 R. <\/strong>Internet use among medical students in Belgrade, Serbia. 1<sup>st<\/sup> Global Students\u2019 Conference of Biomedical Sciences. Belgrade, Serbia. 2014 October 2<sup>nd<\/sup>-5<sup>th<\/sup>. Abstract book, p. 42.<\/li>\n<li>Bjeli\u0107 A,<strong> Jeremi\u0107 R. <\/strong>Free fatty acid level response to high-intensity acute exercise in athletes with different body composition. 1<sup>st<\/sup> Global Students\u2019 Conference of Biomedical Sciences. Belgrade, Serbia. 2014 October 2<sup>nd<\/sup>-5<sup>th<\/sup>. Abstract book, p. 62<\/li>\n<li><strong>Jeremi\u0107 R, <\/strong>Bjeli\u0107 A, Jeremi\u0107 M. Leptin response to high-intensity acute exercise in athletes with different body composition. 1<sup>st<\/sup> Global Students\u2019 Conference of Biomedical Sciences. Belgrade, Serbia. 2014 October 2<sup>nd<\/sup>-5<sup>th<\/sup>. Abstract book, p. 63.<\/li>\n<li><strong>Jeremi\u0107 R, <\/strong>Jeremi\u0107 M, Bjeli\u0107 A. Effects of acute high-intensity exercise on plasma IL-17 concentration in elite athletes. 9<sup>th<\/sup> Young European Scientist Meeting. Porto, Portugal. 2014 September 18<sup>th<\/sup>-21<sup>st<\/sup>. Abstract book, CD, p. 56.<\/li>\n<li>Jeremi\u0107 M, Barovi\u0107 M,<strong> Jeremi\u0107 R. <\/strong>Investigation of anti-tumor activity of novel synthesized palladium complex to human promyelocytic leukemia cell line in vitro. 9<sup>th<\/sup> Young European Scientist Meeting. Porto, Portugal. 2014 September 18<sup>th<\/sup>-21<sup>st<\/sup>. Abstract book, CD, p. 80.<\/li>\n<li>Jeremi\u0107 M, <strong>Jeremi\u0107 R<\/strong>, Jovanovi\u0107 \u0110. A comprehensive morphometric analysis of the internal thoracic artery with emphasis on age and gender. 9<sup>th<\/sup> International medical students congress. Novi Sad, Serbia. 2014 July 16<sup>th<\/sup>-20<sup>th<\/sup>. Abstract book, p. 39.<\/li>\n<li><strong>Jeremi\u0107 R, <\/strong>Jeremi\u0107 M, Bjeli\u0107 A, Roga\u010d \u017d. Growth hormone and fatty acid response to acute exercise in elite male athletes. XIII International Congress of Medical Sciences. Sofia, Bulgaria. 2014 May 8<sup>th<\/sup>-11<sup>th<\/sup>. Abstract book, p. 118. (Supplement to issue I\/2014, Tribuna mediva LXVI)<\/li>\n<li>Roga\u010d \u017d, <strong>Jeremi\u0107 R, <\/strong>Kova\u010devi\u0107 A, Drin\u010di\u0107 T, Vujisi\u0107 S. Risk factors for recurrent febrile seizures. XIII International Congress of Medical Sciences. Sofia, Bulgaria. 2014 May 8<sup>th<\/sup>-11<sup>th<\/sup>. Abstract book, p. 216. (Supplement to issue I\/2014, Tribuna mediva LXVI)<\/li>\n<li><strong>Jeremi\u0107 R, <\/strong>Bjeli\u0107 A<strong>. <\/strong>Adipocytokines profile in elite athletes with different body composition: a comparison of volleyball players, water polo players and controls. 24<sup>th<\/sup> European Students' Conference. Berlin, Germany. 2013 September 4<sup>th<\/sup>-7<sup>th<\/sup>. Abstract book, p. 117.<\/li>\n<\/ul>\n<\/li>\n<\/ul>\n<p><strong>5. Izvod sa nacionalnog skupa<\/strong><\/p>\n<ul>\n<li style=\"list-style-type: none;\">\n<ul>\n<li>Daci\u0107 S, <strong>Jeremi\u0107 R<\/strong>, Panti\u0107 I, \u0110eli\u0107 M, Jakovljevi\u0107 M, Brki\u0107 P, Pekovi\u0107 S. Povreda senzomotorne kore mozga pacova dovodi do smrti nezrelih neurona u dentatnom girusu hipokampusa. II kongres biologa Srbije, Srpsko biolo\u0161ko dru\u0161tvo. Kladovo, Srbija. 25-30 septembar 2018. Zbornik radova, str. 167.<\/li>\n<li><strong>Jeremi\u0107 R,<\/strong> Bjeli\u0107 A, Ad\u017ei\u0107 N. Nivo proinflamatornih citokina kod fizi\u010dki aktivnih ispitanika i sedentarne kontrole: povezanost sa telesnom kompozicijom i insulinskom senzitivno\u0161\u0107u. 56. Kongres studenata biomedicinskih nauka Srbije sa internacionalnim u\u010de\u0161\u0107em. Vrnja\u010dka Banja, Srbija. 24 - 28. april 2015. Knjiga sa\u017eetaka, CD, str. 674.<\/li>\n<li>Bjeli\u0107 A, <strong>Jeremi\u0107 R.<\/strong> Nivo leptina kod fizi\u010dki aktivnih i neaktivnih osoba sa razli\u010ditim procentom telesnih masti. 56. Kongres studenata biomedicinskih nauka Srbije sa internacionalnim u\u010de\u0161\u0107em. Vrnja\u010dka Banja, Srbija. 24 - 28. april 2015. Knjiga sa\u017eetaka, CD, str. 662.<\/li>\n<li><strong>Jeremi\u0107 R<\/strong>, Bjeli\u0107 A. Pozitivan uticaj nivoa adiponektina na remodulaciju srca kod vrhunskih sportista. 55. Kongres studenata biomedicinskih nauka Srbije sa internacionalnim u\u010de\u0161\u0107em. Vrnja\u010dka Banja, Srbija. 26 - 30. april 2014. Knjiga sa\u017eetaka, CD, str. 720.<\/li>\n<li>Bjeli\u0107 A, <strong>Jeremi\u0107 R.<\/strong> Povezanost nivoa adipocitokina i telesne kompozicije kod vrhunskih sportista. 55. Kongres studenata biomedicinskih nauka Srbije sa internacionalnim u\u010de\u0161\u0107em. Vrnja\u010dka Banja, Srbija. 26 - 30. april 2014. Knjiga sa\u017eetaka, CD, str. 708.<\/li>\n<li><strong>Jeremi\u0107 R,<\/strong> Bjeli\u0107 A. U\u010destalost elektofiziolo\u0161kih promena karakteristi\u010dnih za sportsko srce kod vrhunskih sportista. 54. Kongres studenata biomedicinskih nauka Srbije sa internacionalnim u\u010de\u0161\u0107em. Kopaonik, Srbija. 28. april - 02. maj 2013. Knjiga sa\u017eetaka, str. 421.<\/li>\n<li>Bjeli\u0107 A, <strong>Jeremi\u0107 R.<\/strong> Odgovor proinflamatornih citokinana test fizi\u010dkog optere\u0107enja kod fizi\u010dki aktivnih i neaktivnih ispitanika. 54. Kongres studenata biomedicinskih nauka Srbije sa internacionalnim u\u010de\u0161\u0107em. Kopaonik<strong>, <\/strong> 28. april - 02. maj 2013. Knjiga sa\u017eetaka, str. 406.<\/li>\n<li><strong>Jeremi\u0107 R,<\/strong> Bjeli\u0107 A, Skorupan N. Metaboli\u010dki odgovor na test fizi\u010dkog optere\u0107enja kod fizi\u010dki aktivnih i neaktivnih ispitanika. 53. Kongres studenata biomedicinskih nauka Srbije sa internacionalnim u\u010de\u0161\u0107em. Kopaonik, Srbija. 26 - 30. april 2012. Knjiga sa\u017eetaka, str. 136. (izborom Uredni\u0161tva Medicinskog podmlatka rad publikovan u celosti)<\/li>\n<li>Bjeli\u0107 A, Berisavac J,<strong>Jeremi\u0107 R<\/strong>. Odgovor hipotalamus-hipofiza-nadbubreg osovinena test fizi\u010dkog optere\u0107enja kod fizi\u010dki aktivnih i neaktivnih ispitanika. 53. Kongres studenata biomedicinskih nauka Srbije sa internacionalnim u\u010de\u0161\u0107em. Kopaonik, Srbija. 26 - 30. april 2012. Knjiga sa\u017eetaka, str. 124.<\/li>\n<\/ul>\n<\/li>\n<\/ul>\n<p><strong>6. Poglavlja u ud\u017ebenicima, praktikumima<\/strong><\/p>\n<ul>\n<li style=\"list-style-type: none;\">\n<ul>\n<li><strong>Jeremi\u0107 R.<\/strong> Fiziolo\u0161ke promene na EKG zapisu kod \u010doveka. Praktikum za medicinsku fiziologiju sa radnom sveskom prvi deo (III semestar). Medicinski fakultet Univerziteta u Beogradu, CIBID \u2013 Centar za izdava\u010dku, bibliote\u010dku i informativnu delatnost. Beograd, Srbija. 2018: 160-162.<\/li>\n<\/ul>\n<\/li>\n<\/ul>\n<p><strong>7. Poglavlja u monografijama, knjigama<\/strong><\/p>\n<ul>\n<li style=\"list-style-type: none;\">\n<ul>\n<li>Pekovi\u0107 S, Daci\u0107 S, Krsti\u0107 D, <strong>Jeremi\u0107 R<\/strong>, \u0110eli\u0107 M, Brki\u0107 P. Hyperbaric oxygen therapy in traumatic brain injury: cellular and molecular mechanisms. In Hyperbaric Oxygen Treatment in Research and Clinical Practice<em>-<\/em>Mechanisms of Action in Focus. Editor: Drenjan\u010devi\u0107 I. InTechOpen, Rijeka 2018: 25-46. ISBN 978-953-51- 5916-2. doi.org\/10.5772\/intechopen75025: 25-46<\/li>\n<\/ul>\n<\/li>\n<\/ul>\n<\/div>\n","protected":false},"excerpt":{"rendered":"<p>Biografija: Ro\u0111ena 13. 09. 1990. god. u Priboju. Medicinski fakultet, Univeziteta u Beogradu upisala 2009. god., a zavr\u0161ila 2015.god., sa prose\u010dnom ocenom 9,61. Od 2017. god. je zaposlena na Institutu za Medicinsku fiziologiju, Medicinski fakultet, Univerzitet u Beogradu. Doktorske akademske studije, modul Fiziolo\u0161ke nauke upisala je 2015. god. Specijalizaciju iz Interne medicine upisala je aprilaContinue reading &rarr;<\/p>\n","protected":false},"author":1,"featured_media":0,"parent":2660,"menu_order":0,"comment_status":"closed","ping_status":"closed","template":"","meta":[],"_links":{"self":[{"href":"http:\/\/www.medicinasporta.med.bg.ac.rs\/index.php?rest_route=\/wp\/v2\/pages\/6045"}],"collection":[{"href":"http:\/\/www.medicinasporta.med.bg.ac.rs\/index.php?rest_route=\/wp\/v2\/pages"}],"about":[{"href":"http:\/\/www.medicinasporta.med.bg.ac.rs\/index.php?rest_route=\/wp\/v2\/types\/page"}],"author":[{"embeddable":true,"href":"http:\/\/www.medicinasporta.med.bg.ac.rs\/index.php?rest_route=\/wp\/v2\/users\/1"}],"replies":[{"embeddable":true,"href":"http:\/\/www.medicinasporta.med.bg.ac.rs\/index.php?rest_route=%2Fwp%2Fv2%2Fcomments&post=6045"}],"version-history":[{"count":5,"href":"http:\/\/www.medicinasporta.med.bg.ac.rs\/index.php?rest_route=\/wp\/v2\/pages\/6045\/revisions"}],"predecessor-version":[{"id":6051,"href":"http:\/\/www.medicinasporta.med.bg.ac.rs\/index.php?rest_route=\/wp\/v2\/pages\/6045\/revisions\/6051"}],"up":[{"embeddable":true,"href":"http:\/\/www.medicinasporta.med.bg.ac.rs\/index.php?rest_route=\/wp\/v2\/pages\/2660"}],"wp:attachment":[{"href":"http:\/\/www.medicinasporta.med.bg.ac.rs\/index.php?rest_route=%2Fwp%2Fv2%2Fmedia&parent=6045"}],"curies":[{"name":"wp","href":"https:\/\/api.w.org\/{rel}","templated":true}]}}