{"id":6303,"date":"2021-07-08T11:09:38","date_gmt":"2021-07-08T09:09:38","guid":{"rendered":"http:\/\/www.medicinasporta.med.bg.ac.rs\/?page_id=6303"},"modified":"2021-07-08T11:09:38","modified_gmt":"2021-07-08T09:09:38","slug":"ognjen-ivkovic","status":"publish","type":"page","link":"http:\/\/www.medicinasporta.med.bg.ac.rs\/?page_id=6303&lang=sr","title":{"rendered":"Ognjen Ivkovi\u0107"},"content":{"rendered":"<div class=\"su-row\">\n<div class=\"su-column su-column-size-1-5\"><div class=\"su-column-inner su-u-clearfix su-u-trim\"> <img loading=\"lazy\" class=\"alignleft size-full wp-image-6304\" src=\"http:\/\/www.medicinasporta.med.bg.ac.rs\/wp-content\/uploads\/2021\/07\/Ognjen-Ivkovic.jpg\" alt=\"\" width=\"200\" height=\"300\" \/> <\/div><\/div>\n<div class=\"su-column su-column-size-4-5\"><div class=\"su-column-inner su-u-clearfix su-u-trim\">\n<h1><strong>Ognjen Ivkovi\u0107<br \/>\n<\/strong><\/h1>\n<p><strong>Razlog upisa na Master studije PAHET<\/strong><\/p>\n<p>Prethodno ste\u010deno iskustvo u okviru sportske dijagnostike i zainteresovanost za rad sa ljudima sa hroni\u010dnim nezaraznim bolestima je bio glavni razlog upisa master akademskih studija \u201eFizi\u010dka aktivnost, zdravlje i terapija ve\u017ebanjem\u201c.<\/p>\n<p style=\"text-align: justify;\"><\/div><\/div>\n<\/div>\n<p style=\"text-align: justify;\"><div class=\"su-column su-column-size-1-1\"><div class=\"su-column-inner su-u-clearfix su-u-trim\"><\/div><\/div>\n<p style=\"text-align: justify;\"><strong>Biografija:<\/strong><\/p>\n<div align=\"justify\">\n<p>Ro\u0111en \u00a020.02.1995. godine u Subotici. Osnovnu \u0161kolu \u201eMiroslav Anti\u0107\u201c i srednju Politehni\u010dku \u0161kolu je zavr\u0161io u Subotici.<\/p>\n<p>2015. godine upisuje Fakultet sporta i fizi\u010dkog vaspitanja Univerziteta u Novom Sadu, koji zavr\u0161ava 2019. godine sa prose\u010dnom ocenom 9,54. Iste godine upisuje master akademske studije na Fakultetu sporta i fizi\u010dkog vaspitanja Univerziteta u Beogradu, kao i master akademske studije \u201eFizi\u010dka aktivnost, zdravlje i terapija ve\u017ebanjem\u201c na Medicinskom fakultetu Univerziteta u Beogradu.<\/p>\n<p>Ognjen je bio stipendista Ministarsta prosvete, nauke i tehnolo\u0161kog razvoja, stipendista grada Subotice i stipendista fonda za stipendiranje i podsticanje napredovanja darovitih studenata i mladih nau\u010dnih radnika i umetnika Univerziteta u Novom Sadu.<\/p>\n<p>Svoja prva prakti\u010dna znanja je stekao kao volonter dijagnosti\u010dkog tima Fakulteta sporta i fizi\u010dkog vaspitanja u Novom Sadu. Ognjen je trenutno zaposlen kao personalni trener u Beogradu.<\/p>\n<p>Odbranjen master rad pod nazivom: Uticaj hidriranosti na maksimalnu potro\u0161nju kiseonika kod sportista.<\/p><\/div>\n","protected":false},"excerpt":{"rendered":"<p>Biografija: Ro\u0111en \u00a020.02.1995. godine u Subotici. Osnovnu \u0161kolu \u201eMiroslav Anti\u0107\u201c i srednju Politehni\u010dku \u0161kolu je zavr\u0161io u Subotici. 2015. godine upisuje Fakultet sporta i fizi\u010dkog vaspitanja Univerziteta u Novom Sadu, koji zavr\u0161ava 2019. godine sa prose\u010dnom ocenom 9,54. Iste godine upisuje master akademske studije na Fakultetu sporta i fizi\u010dkog vaspitanja Univerziteta u Beogradu, kao iContinue reading &rarr;<\/p>\n","protected":false},"author":1,"featured_media":0,"parent":2660,"menu_order":0,"comment_status":"closed","ping_status":"closed","template":"","meta":[],"_links":{"self":[{"href":"http:\/\/www.medicinasporta.med.bg.ac.rs\/index.php?rest_route=\/wp\/v2\/pages\/6303"}],"collection":[{"href":"http:\/\/www.medicinasporta.med.bg.ac.rs\/index.php?rest_route=\/wp\/v2\/pages"}],"about":[{"href":"http:\/\/www.medicinasporta.med.bg.ac.rs\/index.php?rest_route=\/wp\/v2\/types\/page"}],"author":[{"embeddable":true,"href":"http:\/\/www.medicinasporta.med.bg.ac.rs\/index.php?rest_route=\/wp\/v2\/users\/1"}],"replies":[{"embeddable":true,"href":"http:\/\/www.medicinasporta.med.bg.ac.rs\/index.php?rest_route=%2Fwp%2Fv2%2Fcomments&post=6303"}],"version-history":[{"count":1,"href":"http:\/\/www.medicinasporta.med.bg.ac.rs\/index.php?rest_route=\/wp\/v2\/pages\/6303\/revisions"}],"predecessor-version":[{"id":6305,"href":"http:\/\/www.medicinasporta.med.bg.ac.rs\/index.php?rest_route=\/wp\/v2\/pages\/6303\/revisions\/6305"}],"up":[{"embeddable":true,"href":"http:\/\/www.medicinasporta.med.bg.ac.rs\/index.php?rest_route=\/wp\/v2\/pages\/2660"}],"wp:attachment":[{"href":"http:\/\/www.medicinasporta.med.bg.ac.rs\/index.php?rest_route=%2Fwp%2Fv2%2Fmedia&parent=6303"}],"curies":[{"name":"wp","href":"https:\/\/api.w.org\/{rel}","templated":true}]}}